{"id":7925,"date":"2026-04-24T13:45:55","date_gmt":"2026-04-24T13:45:55","guid":{"rendered":"https:\/\/www.markergroupe.com\/?page_id=7925"},"modified":"2026-04-24T14:22:49","modified_gmt":"2026-04-24T14:22:49","slug":"shopify-e-ticaret-sitesinde-ux-odakli-deneyim-ve-performans-iyilestirmeleri","status":"publish","type":"page","link":"https:\/\/www.markergroupe.com\/tr\/shopify-e-ticaret-sitesinde-ux-odakli-deneyim-ve-performans-iyilestirmeleri\/","title":{"rendered":"Shopify E-Ticaret Sitesinde UX Odakl\u0131 Deneyim ve Performans \u0130yile\u015ftirmeleri"},"content":{"rendered":"<style>#gspb_row-id-gsbp-38de82c{justify-content:space-between;margin-top:0px;margin-bottom:0px;display:flex;flex-wrap:wrap;}#gspb_row-id-gsbp-38de82c > .gspb_row__content{display:flex;justify-content:space-between;margin:0 auto;width:100%;flex-wrap:wrap;}.gspb_row{position:relative;}div[id^=gspb_col-id]{box-sizing:border-box;position:relative;}div[id^=gspb_col-id]{padding:var(--gs-row-column-padding,15px min(3vw,20px));}body.gspb-bodyfront #gspb_row-id-gsbp-38de82c > .gspb_row__content{width:var(--theme-container-width,1200px);}body.gspb-bodyfront #gspb_row-id-gsbp-38de82c > .gspb_row__content{max-width:var(--theme-normal-container-max-width,1200px);}#gspb_row-id-gsbp-38de82c{margin-bottom:60px;padding-top:80px;padding-bottom:80px;}@media (max-width:689.98px){#gspb_row-id-gsbp-38de82c{margin-bottom:30px;padding-top:50px;padding-bottom:50px;}}#gspb_row-id-gsbp-38de82c{background-color:var(--wp--preset--color--palette-color-1,var(--theme-palette-color-1,#F4CE0B));}@media (max-width:999.98px){#gspb_row-id-gsbp-38de82c{background-color:var(--wp--preset--color--palette-color-1,var(--theme-palette-color-1,#F4CE0B));}}@media (max-width:689.98px){#gspb_row-id-gsbp-38de82c{background-color:var(--wp--preset--color--palette-color-1,var(--theme-palette-color-1,#F4CE0B));}}@media (max-width:689.98px){#gspb_row-id-gsbp-38de82c{background-color:var(--wp--preset--color--palette-color-1,var(--theme-palette-color-1,#F4CE0B));}}<\/style>\n<div class=\"wp-block-greenshift-blocks-row alignfull gspb_row gspb_row-id-gsbp-38de82c\" id=\"gspb_row-id-gsbp-38de82c\"><div class=\"gspb_row__content\"> <style>#gspb_col-id-gsbp-099db26.gspb_row__col--12{width:100%;}@media (max-width:689.98px){#gspb_col-id-gsbp-099db26.gspb_row__col--12{width:100%;}}<\/style>\n<div class=\"wp-block-greenshift-blocks-row-column gspb_row__col--12 gspb_col-id-gsbp-099db26\" id=\"gspb_col-id-gsbp-099db26\"><style>@media (max-width:689.98px){#gspb_heading-id-gsbp-d8ae530{font-size:18px;}}#gspb_heading-id-gsbp-d8ae530,#gspb_heading-id-gsbp-d8ae530 .gsap-g-line{text-align:center!important;}#gspb_heading-id-gsbp-d8ae530{margin-bottom:0px;}<\/style>\n<h1 id=\"gspb_heading-id-gsbp-d8ae530\" class=\"gspb_heading gspb_heading-id-gsbp-d8ae530 \"><strong>\u00a0Shopify E-Ticaret Sitesinde UX Odakl\u0131 Deneyim ve Performans \u0130yile\u015ftirmeleri<\/strong><\/h1>\n<\/div>\n <\/div><\/div>\n\n\n\n<p>OOLAI Tea, premium \u00e7ay deneyimini modern bir marka diliyle sunan ve kullan\u0131c\u0131 deneyimini \u00f6n planda tutan bir markad\u0131r. Web sitesinde yap\u0131lan iyile\u015ftirme \u00e7al\u0131\u015fmalar\u0131yla, kullan\u0131c\u0131lar\u0131n site i\u00e7erisindeki hareketlerini kolayla\u015ft\u0131rmak, sayfa performans\u0131n\u0131 art\u0131rmak ve daha ak\u0131c\u0131 bir al\u0131\u015fveri\u015f deneyimi sunmak hedeflenmi\u015ftir.<\/p>\n\n\n\n<h2 class=\"wp-block-heading\" id=\"stratejimiz\"><strong>Stratejimiz<\/strong><\/h2>\n\n\n\n<p>Web sitesinde yap\u0131lan \u00e7al\u0131\u015fmalar, kullan\u0131c\u0131lar\u0131n siteyle daha h\u0131zl\u0131 etkile\u015fime ge\u00e7mesini sa\u011flayacak teknik d\u00fczenlemeler \u00fczerine kurguland\u0131:<\/p>\n\n\n\n<ul class=\"wp-block-list\">\n<li>Site yap\u0131s\u0131n\u0131n <strong>kullan\u0131c\u0131 davran\u0131\u015flar\u0131na g\u00f6re yeniden d\u00fczenlenmesi<\/strong><\/li>\n\n\n\n<li>Navigasyon ve sayfa ak\u0131\u015flar\u0131n\u0131n <strong>daha sade ve anla\u015f\u0131l\u0131r hale getirilmesi<\/strong><\/li>\n\n\n\n<li>Sayfa a\u00e7\u0131l\u0131\u015f h\u0131z\u0131n\u0131 etkileyen unsurlar\u0131n <strong>optimize edilmesi<\/strong><\/li>\n\n\n\n<li>Mobil kullan\u0131m senaryolar\u0131na g\u00f6re <strong>deneyimin yeniden ele al\u0131nmas\u0131<\/strong><\/li>\n\n\n\n<li>\u00dcr\u00fcn sayfalar\u0131n\u0131n <strong>kullan\u0131m kolayl\u0131\u011f\u0131na g\u00f6re d\u00fczenlenmesi<\/strong><\/li>\n<\/ul>\n\n\n\n<h2 class=\"wp-block-heading\" id=\"marka-icin-gerceklestirilen-faaliyetler\"><strong>Marka \u0130\u00e7in Ger\u00e7ekle\u015ftirilen Faaliyetler<\/strong><\/h2>\n\n\n\n<ul class=\"wp-block-list\">\n<li>Web sitesinin <strong>aray\u00fcz (UI) yap\u0131s\u0131<\/strong> modern ve kullan\u0131c\u0131 dostu olacak \u015fekilde yeniden tasarland\u0131.<\/li>\n\n\n\n<li><strong>Men\u00fc yap\u0131s\u0131<\/strong> sadele\u015ftirilerek kullan\u0131c\u0131lar\u0131n istedikleri sayfalara daha h\u0131zl\u0131 ula\u015fmas\u0131 sa\u011fland\u0131.<\/li>\n\n\n\n<li><strong>Footer alan\u0131<\/strong> yeniden d\u00fczenlenerek \u00f6nemli sayfalara eri\u015fim kolayla\u015ft\u0131r\u0131ld\u0131.<\/li>\n\n\n\n<li><strong>Kategori yap\u0131s\u0131<\/strong> yeniden organize edilerek \u00fcr\u00fcnlere ula\u015f\u0131m s\u00fcreci basitle\u015ftirildi.<\/li>\n\n\n\n<li><strong>Ana sayfa ak\u0131\u015f\u0131<\/strong>, kullan\u0131c\u0131lar\u0131n dikkatini y\u00f6nlendirecek \u015fekilde yeniden kurguland\u0131.<\/li>\n\n\n\n<li><strong>Navigasyon yap\u0131s\u0131<\/strong> optimize edilerek site i\u00e7i ge\u00e7i\u015fler h\u0131zland\u0131r\u0131ld\u0131.<\/li>\n\n\n\n<li>\u00dcr\u00fcn sayfalar\u0131nda <strong>varyasyon se\u00e7imleri<\/strong> daha anla\u015f\u0131l\u0131r hale getirildi.<\/li>\n\n\n\n<li><strong>\u00dcr\u00fcn detay sayfalar\u0131<\/strong>, kullan\u0131c\u0131lar\u0131n \u00fcr\u00fcn\u00fc daha h\u0131zl\u0131 inceleyebilece\u011fi \u015fekilde yeniden d\u00fczenlendi.<\/li>\n\n\n\n<li>\u00dcr\u00fcn a\u00e7\u0131klamalar\u0131 <strong>daha okunabilir ve d\u00fczenli bir formata d\u00f6n\u00fc\u015ft\u00fcr\u00fcld\u00fc<\/strong> <em>(SEO uyumlulu\u011fu destekleyecek \u015fekilde)<\/em><\/li>\n\n\n\n<li><strong>\u00dcr\u00fcn g\u00f6rselleri yeniden boyutland\u0131r\u0131larak<\/strong> sayfa y\u00fcklenme s\u00fcreleri iyile\u015ftirildi.<\/li>\n\n\n\n<li>Web sitesi <strong>mobil cihazlara uyumlu hale getirildi<\/strong> ve t\u00fcm ekranlarda sorunsuz \u00e7al\u0131\u015facak \u015fekilde optimize edildi.<\/li>\n<\/ul>\n\n\n<style>#gspb_image-id-gsbp-26718f4 img{vertical-align:top;}#gspb_image-id-gsbp-26718f4 img{display:inline-block;box-sizing:border-box;max-width:100%;height:auto;}<\/style>\n<div class=\"wp-block-greenshift-blocks-image gspb_image gspb_image-id-gsbp-26718f4\" id=\"gspb_image-id-gsbp-26718f4\"><img decoding=\"async\" src=\"https:\/\/www.markergroupe.com\/wp-content\/uploads\/2026\/04\/web-gelistirme-case-1.webp\" data-src=\"\" alt=\"\" loading=\"lazy\" width=\"1534\" height=\"620\" title=\"\"><\/div>\n\n\n\n<h2 class=\"wp-block-heading\" id=\"sonuclar\"><strong>Sonu\u00e7lar<\/strong><\/h2>\n\n\n\n<ul class=\"wp-block-list\">\n<li>Ger\u00e7ekle\u015ftirilen deneyim ve performans odakl\u0131 iyile\u015ftirmeler, kullan\u0131c\u0131 davran\u0131\u015flar\u0131na do\u011frudan ve \u00f6l\u00e7\u00fclebilir \u015fekilde yans\u0131m\u0131\u015ft\u0131r. Yap\u0131lan optimizasyonlar sayesinde kullan\u0131c\u0131lar\u0131n site i\u00e7erisinde daha h\u0131zl\u0131 ve kolay gezinmesi sa\u011flanm\u0131\u015f, bu da genel deneyimi belirgin bi\u00e7imde g\u00fc\u00e7lendirmi\u015ftir.<\/li>\n\n\n\n<li>Ortalama oturum s\u00fcresi <strong>%53,5 oran\u0131nda art\u0131r\u0131larak<\/strong>, kullan\u0131c\u0131lar\u0131n i\u00e7erikle kurdu\u011fu ba\u011f\u0131n derinle\u015fti\u011fi a\u00e7\u0131k\u00e7a g\u00f6zlemlenmi\u015ftir. Ayn\u0131 \u015fekilde, hemen \u00e7\u0131kma oran\u0131n\u0131n <strong>%78 oran\u0131nda azalt\u0131lmas\u0131<\/strong>, kullan\u0131c\u0131lar\u0131n siteyi terk etme e\u011filiminde ciddi bir iyile\u015fme oldu\u011funu ortaya koymaktad\u0131r.<\/li>\n\n\n\n<li>Teknik tarafta yap\u0131lan iyile\u015ftirmelerle birlikte sayfa y\u00fcklenme s\u00fcrelerinde <strong>%35\u2019e varan performans art\u0131\u015f\u0131<\/strong> elde edilmi\u015f; bu geli\u015fme, kullan\u0131c\u0131 deneyiminin kesintisiz ve ak\u0131c\u0131 hale gelmesine \u00f6nemli katk\u0131 sa\u011flam\u0131\u015ft\u0131r.<\/li>\n\n\n\n<li>Men\u00fc ve kategori yap\u0131s\u0131nda ger\u00e7ekle\u015ftirilen d\u00fczenlemeler sayesinde kullan\u0131c\u0131lar\u0131n arad\u0131klar\u0131 i\u00e7eriklere ula\u015fma s\u00fcresi k\u0131salm\u0131\u015f, bu da site i\u00e7i etkile\u015fimi daha verimli bir noktaya ta\u015f\u0131m\u0131\u015ft\u0131r. Mobil tarafta yap\u0131lan geli\u015ftirmeler ise do\u011frudan etkile\u015fime yans\u0131m\u0131\u015f ve mobil kullan\u0131c\u0131 etkile\u015fim oran\u0131 <strong>%30\u2019un \u00fczerinde art\u0131r\u0131lm\u0131\u015ft\u0131r<\/strong>.<\/li>\n\n\n\n<li>\u00d6zellikle \u00fcr\u00fcn sayfalar\u0131nda ge\u00e7irilen s\u00fcrenin <strong>%40 oran\u0131nda artmas\u0131<\/strong>, kullan\u0131c\u0131lar\u0131n i\u00e7erikle daha fazla vakit ge\u00e7irdi\u011fini ve sat\u0131n alma yolculu\u011funa daha g\u00fc\u00e7l\u00fc \u015fekilde dahil oldu\u011funu g\u00f6stermektedir.<\/li>\n\n\n\n<li>T\u00fcm bu veriler birlikte de\u011ferlendirildi\u011finde, yap\u0131lan \u00e7al\u0131\u015fmalar\u0131n yaln\u0131zca teknik bir iyile\u015ftirme de\u011fil; ayn\u0131 zamanda kullan\u0131c\u0131 odakl\u0131, stratejik ve y\u00fcksek etkili bir d\u00f6n\u00fc\u015f\u00fcm s\u00fcreci sundu\u011fu net bir \u015fekilde ortaya \u00e7\u0131kmaktad\u0131r.<\/li>\n<\/ul>\n\n\n\n<h3 class=\"wp-block-heading\" id=\"genel-degerlendirme\"><strong>Genel De\u011ferlendirme<\/strong><\/h3>\n\n\n\n<p>Ger\u00e7ekle\u015ftirilen iyile\u015ftirme \u00e7al\u0131\u015fmalar\u0131yla OOLAI Tea web sitesi, kullan\u0131c\u0131 deneyimi a\u00e7\u0131s\u0131ndan daha sade, daha h\u0131zl\u0131 ve daha anla\u015f\u0131l\u0131r bir yap\u0131ya kavu\u015fmu\u015ftur. Yap\u0131lan teknik d\u00fczenlemeler sayesinde kullan\u0131c\u0131lar\u0131n site ile etkile\u015fimi g\u00fc\u00e7lenmi\u015f, marka dijitalde daha sa\u011flam ve s\u00fcrd\u00fcr\u00fclebilir bir deneyim altyap\u0131s\u0131 olu\u015fturmu\u015ftur.<\/p>\n\n\n\n<p><\/p>\n","protected":false},"excerpt":{"rendered":"<p>OOLAI Tea, premium \u00e7ay deneyimini modern bir marka diliyle sunan ve kullan\u0131c\u0131 deneyimini \u00f6n planda tutan bir markad\u0131r. Web sitesinde yap\u0131lan iyile\u015ftirme \u00e7al\u0131\u015fmalar\u0131yla, kullan\u0131c\u0131lar\u0131n site i\u00e7erisindeki hareketlerini kolayla\u015ft\u0131rmak, sayfa performans\u0131n\u0131 art\u0131rmak ve daha ak\u0131c\u0131 bir al\u0131\u015fveri\u015f deneyimi sunmak hedeflenmi\u015ftir. Stratejimiz Web sitesinde yap\u0131lan \u00e7al\u0131\u015fmalar, kullan\u0131c\u0131lar\u0131n siteyle daha h\u0131zl\u0131 etkile\u015fime ge\u00e7mesini sa\u011flayacak teknik d\u00fczenlemeler \u00fczerine kurguland\u0131: [&hellip;]<\/p>\n","protected":false},"author":4,"featured_media":7857,"parent":0,"menu_order":0,"comment_status":"closed","ping_status":"closed","template":"","meta":{"_gspb_post_css":"","content-type":"","footnotes":""},"class_list":["post-7925","page","type-page","status-publish","has-post-thumbnail","hentry"],"blocksy_meta":[],"_links":{"self":[{"href":"https:\/\/www.markergroupe.com\/tr\/wp-json\/wp\/v2\/pages\/7925","targetHints":{"allow":["GET"]}}],"collection":[{"href":"https:\/\/www.markergroupe.com\/tr\/wp-json\/wp\/v2\/pages"}],"about":[{"href":"https:\/\/www.markergroupe.com\/tr\/wp-json\/wp\/v2\/types\/page"}],"author":[{"embeddable":true,"href":"https:\/\/www.markergroupe.com\/tr\/wp-json\/wp\/v2\/users\/4"}],"replies":[{"embeddable":true,"href":"https:\/\/www.markergroupe.com\/tr\/wp-json\/wp\/v2\/comments?post=7925"}],"version-history":[{"count":2,"href":"https:\/\/www.markergroupe.com\/tr\/wp-json\/wp\/v2\/pages\/7925\/revisions"}],"predecessor-version":[{"id":7934,"href":"https:\/\/www.markergroupe.com\/tr\/wp-json\/wp\/v2\/pages\/7925\/revisions\/7934"}],"wp:featuredmedia":[{"embeddable":true,"href":"https:\/\/www.markergroupe.com\/tr\/wp-json\/wp\/v2\/media\/7857"}],"wp:attachment":[{"href":"https:\/\/www.markergroupe.com\/tr\/wp-json\/wp\/v2\/media?parent=7925"}],"curies":[{"name":"wp","href":"https:\/\/api.w.org\/{rel}","templated":true}]}}