{"id":7461,"date":"2026-03-18T09:41:02","date_gmt":"2026-03-18T09:41:02","guid":{"rendered":"https:\/\/www.markergroupe.com\/?page_id=7461"},"modified":"2026-03-18T13:44:13","modified_gmt":"2026-03-18T13:44:13","slug":"dijital-icerik-tasarimi","status":"publish","type":"page","link":"https:\/\/www.markergroupe.com\/tr\/marker-creative\/dijital-icerik-tasarimi\/","title":{"rendered":"Dijital \u0130\u00e7erik Tasar\u0131m\u0131"},"content":{"rendered":"<style>#gspb_row-id-gsbp-2377592{justify-content:space-between;margin-top:0px;margin-bottom:0px;display:flex;flex-wrap:wrap;}#gspb_row-id-gsbp-2377592 > .gspb_row__content{display:flex;justify-content:space-between;margin:0 auto;width:100%;flex-wrap:wrap;}.gspb_row{position:relative;}div[id^=gspb_col-id]{box-sizing:border-box;position:relative;}div[id^=gspb_col-id]{padding:var(--gs-row-column-padding,15px min(3vw,20px));}@media (max-width:689.98px){#gspb_row-id-gsbp-2377592 > .gspb_row__content{row-gap:21px;}}body.gspb-bodyfront #gspb_row-id-gsbp-2377592 > .gspb_row__content{width:var(--theme-container-width,1200px);}body.gspb-bodyfront #gspb_row-id-gsbp-2377592 > .gspb_row__content{max-width:var(--theme-normal-container-max-width,1200px);}#gspb_row-id-gsbp-2377592{margin-top:60px;margin-bottom:30px;}@media (max-width:999.98px){#gspb_row-id-gsbp-2377592{margin-top:50px;margin-bottom:50px;}}@media (max-width:689.98px){#gspb_row-id-gsbp-2377592{margin-top:20px;margin-bottom:40px;}}<\/style>\n<div class=\"wp-block-greenshift-blocks-row gspb_row gspb_row-id-gsbp-2377592 gspb_row--gutter-custom-0\" id=\"gspb_row-id-gsbp-2377592\"><div class=\"gspb_row__content\"> <style>#gspb_col-id-gsbp-4532281.gspb_row__col--3{width:calc(25% - 14px);}@media (max-width:999.98px){#gspb_col-id-gsbp-4532281.gspb_row__col--3{width:calc(25% - 8.5px);}}@media (max-width:689.98px){#gspb_col-id-gsbp-4532281.gspb_row__col--3{width:calc(25% - 8.5px);}}@media (max-width:689.98px){#gspb_col-id-gsbp-4532281.gspb_row__col--3{width:100%;}}@media (min-width:1000px){body.gspb-bodyfront #gspb_col-id-gsbp-4532281.gspb_row__col--3{width:calc(100% - 0px - 14px)}}@media (min-width:690px) and (max-width:999.98px){body.gspb-bodyfront #gspb_col-id-gsbp-4532281.gspb_row__col--3{width:calc(100% - 0px - 8.5px)}}@media (max-width:689.98px){.gspb_row #gspb_col-id-gsbp-4532281.gspb_row__col--3{padding-right:0px;padding-left:0px;}}body #gspb_col-id-gsbp-4532281.gspb_row__col--3{display:flex;flex-direction:column;align-content:center;align-items:center;}<\/style>\n<div class=\"wp-block-greenshift-blocks-row-column gspb_row__col--3 gspb_col-id-gsbp-4532281\" id=\"gspb_col-id-gsbp-4532281\"><style>.gspb_container-id-gsbp-b1c0cf4{flex-direction:column;box-sizing:border-box;}#gspb_container-id-gsbp-b1c0cf4.gspb_container > p:last-of-type{margin-bottom:0}#gspb_container-id-gsbp-b1c0cf4.gspb_container{position:relative;}#gspb_container-id-gsbp-b1c0cf4.gspb_container{box-sizing:border-box;}body.gspb-bodyfront #gspb_container-id-gsbp-b1c0cf4.gspb_container{max-width:191px;}<\/style>\n<div class=\"wp-block-greenshift-blocks-container gspb_container gspb_container-gsbp-b1c0cf4\" id=\"gspb_container-id-gsbp-b1c0cf4\"><style>#gspb_heading-id-gsbp-5775886{font-size:19px;}#gspb_heading-id-gsbp-5775886,#gspb_heading-id-gsbp-5775886 .gsap-g-line{text-align:center!important;}#gspb_heading-id-gsbp-5775886{font-weight:500!important;}@media (max-width:999.98px){#gspb_heading-id-gsbp-5775886{font-weight:500!important;}}@media (max-width:689.98px){#gspb_heading-id-gsbp-5775886{font-weight:500!important;}}@media (max-width:689.98px){#gspb_heading-id-gsbp-5775886{font-weight:500!important;}}#gspb_heading-id-gsbp-5775886{padding-top:6px;padding-right:25px;padding-bottom:6px;padding-left:25px;}#gspb_heading-id-gsbp-5775886{border-top-left-radius:20px;border-top-right-radius:20px;border-bottom-right-radius:20px;border-bottom-left-radius:20px;}#gspb_heading-id-gsbp-5775886{background-color:var(--wp--preset--color--palette-color-1,var(--theme-palette-color-1,#F4CE0B));}@media (max-width:999.98px){#gspb_heading-id-gsbp-5775886{background-color:var(--wp--preset--color--palette-color-1,var(--theme-palette-color-1,#F4CE0B));}}@media (max-width:689.98px){#gspb_heading-id-gsbp-5775886{background-color:var(--wp--preset--color--palette-color-1,var(--theme-palette-color-1,#F4CE0B));}}@media (max-width:689.98px){#gspb_heading-id-gsbp-5775886{background-color:var(--wp--preset--color--palette-color-1,var(--theme-palette-color-1,#F4CE0B));}}<\/style>\n<p id=\"gspb_heading-id-gsbp-5775886\" class=\"gspb_heading gspb_heading-id-gsbp-5775886 \">Hizmetlerimiz<\/p>\n<\/div>\n\n\n<style>#gspb_heading-id-gsbp-d274f09{font-size:56px;}@media (max-width:689.98px){#gspb_heading-id-gsbp-d274f09{font-size:32px;}}#gspb_heading-id-gsbp-d274f09,#gspb_heading-id-gsbp-d274f09 .gsap-g-line{text-align:center!important;}#gspb_heading-id-gsbp-d274f09{margin-top:0px;margin-bottom:0px;}<\/style>\n<h1 id=\"gspb_heading-id-gsbp-d274f09\" class=\"gspb_heading gspb_heading-id-gsbp-d274f09 \"><strong><strong><strong>Dijital \u0130\u00e7erik Tasar\u0131m\u0131<\/strong><\/strong><\/strong><\/h1>\n\n\n<style>.gspb_text-id-gsbp-3abb9bc,.gspb_text-id-gsbp-3abb9bc .gsap-g-line{text-align:center!important;}.gspb_text-id-gsbp-3abb9bc{margin-top:20px!important;}@media (max-width:999.98px){.gspb_text-id-gsbp-3abb9bc{margin-top:20px!important;}}@media (max-width:689.98px){.gspb_text-id-gsbp-3abb9bc{margin-top:20px!important;}}body.gspb-bodyfront .gspb_text-id-gsbp-3abb9bc{right:0;left:0;}<\/style>\n<div id=\"gspb_text-id-gsbp-3abb9bc\" class=\"gspb_text gspb_text-id-gsbp-3abb9bc \">Dijital d\u00fcnyada markalar\u0131n g\u00f6r\u00fcn\u00fcrl\u00fc\u011f\u00fc, \u00fcretti\u011fi i\u00e7eriklerin kalitesi ve s\u00fcreklili\u011fi ile do\u011fru orant\u0131l\u0131d\u0131r. Marker Creative\u2019in <strong>Dijital \u0130\u00e7erik Tasar\u0131m\u0131<\/strong> hizmeti; markalar\u0131n sosyal medya, dijital platformlar ve kampanya ileti\u015fimleri i\u00e7in dikkat \u00e7ekici, stratejik ve platforma uygun i\u00e7erikler \u00fcretmesini sa\u011flar.<br><br>Sosyal medya g\u00f6rsellerinden dijital kampanya kreatiflerine, i\u00e7erik serilerinden platforma \u00f6zel tasar\u0131m formatlar\u0131na kadar t\u00fcm i\u00e7erikler markan\u0131n ileti\u015fim dili ve hedef kitlesi do\u011frultusunda tasarlan\u0131r. B\u00f6ylece markalar dijital d\u00fcnyada yaln\u0131zca i\u00e7erik \u00fcretmez; <strong>tutarl\u0131, g\u00fc\u00e7l\u00fc ve etkile\u015fim yaratan bir i\u00e7erik ekosistemi olu\u015fturur.<\/strong><br><\/div>\n<\/div>\n <\/div><\/div>\n\n\n<style>#gspb_row-id-gsbp-607a6fb{justify-content:space-between;margin-top:0px;margin-bottom:0px;display:flex;flex-wrap:wrap;}#gspb_row-id-gsbp-607a6fb > .gspb_row__content{display:flex;justify-content:space-between;margin:0 auto;width:100%;flex-wrap:wrap;}.gspb_row{position:relative;}div[id^=gspb_col-id]{box-sizing:border-box;position:relative;}div[id^=gspb_col-id]{padding:var(--gs-row-column-padding,15px min(3vw,20px));}#gspb_row-id-gsbp-607a6fb > .gspb_row__content{row-gap:40px;}body.gspb-bodyfront #gspb_row-id-gsbp-607a6fb > .gspb_row__content{width:var(--theme-container-width,1200px);}body.gspb-bodyfront #gspb_row-id-gsbp-607a6fb > .gspb_row__content{max-width:var(--theme-normal-container-max-width,1200px);}#gspb_row-id-gsbp-607a6fb{margin-bottom:50px;}<\/style>\n<div class=\"wp-block-greenshift-blocks-row gspb_row gspb_row-id-gsbp-607a6fb gspb_row--gutter-custom-0\" id=\"gspb_row-id-gsbp-607a6fb\"><div class=\"gspb_row__content\"> <style>#gspb_col-id-gsbp-aeae188.gspb_row__col--6{width:50%;}@media (max-width:689.98px){#gspb_col-id-gsbp-aeae188.gspb_row__col--6{width:100%;}}@media (min-width:1000px){body.gspb-bodyfront #gspb_col-id-gsbp-aeae188.gspb_row__col--6{width:calc(48% - 0px - 0px)}}.gspb_row #gspb_col-id-gsbp-aeae188.gspb_row__col--6{padding-top:30px;padding-right:30px;padding-bottom:30px;padding-left:30px;}@media (max-width:689.98px){.gspb_row #gspb_col-id-gsbp-aeae188.gspb_row__col--6{padding-top:15px;padding-right:15px;padding-bottom:15px;padding-left:15px;}}#gspb_col-id-gsbp-aeae188.gspb_row__col--6{box-shadow:0 15px 25px 0 rgba(0,0,0,0.1);}#gspb_col-id-gsbp-aeae188.gspb_row__col--6{border-top-left-radius:20px;border-top-right-radius:20px;border-bottom-right-radius:20px;border-bottom-left-radius:20px;}#gspb_col-id-gsbp-aeae188.gspb_row__col--6{border-bottom-style:solid;border-bottom-width:1px;border-bottom-color:var(--wp--preset--color--palette-color-1,var(--theme-palette-color-1,#F4CE0B));}#gspb_col-id-gsbp-aeae188.gspb_row__col--6 > .gspb_backgroundOverlay{border-top-left-radius:20px;border-top-right-radius:20px;border-bottom-right-radius:20px;border-bottom-left-radius:20px;}<\/style>\n<div class=\"wp-block-greenshift-blocks-row-column gspb_row__col--6 gspb_col-id-gsbp-aeae188\" id=\"gspb_col-id-gsbp-aeae188\"><style>#gspb_image-id-gsbp-557529f img{object-fit:cover;}#gspb_image-id-gsbp-557529f img{vertical-align:top;}#gspb_image-id-gsbp-557529f img{display:inline-block;box-sizing:border-box;max-width:100%;height:auto;}#gspb_image-id-gsbp-557529f img{border-top-left-radius:20px;border-top-right-radius:20px;border-bottom-right-radius:20px;border-bottom-left-radius:20px;}#gspb_image-id-gsbp-557529f img{width:100%;}#gspb_image-id-gsbp-557529f,#gspb_image-id-gsbp-557529f img{height:350px;}@media (max-width:999.98px){#gspb_image-id-gsbp-557529f,#gspb_image-id-gsbp-557529f img{height:2px;}}@media (max-width:689.98px){#gspb_image-id-gsbp-557529f,#gspb_image-id-gsbp-557529f img{height:200px;}}<\/style>\n<div class=\"wp-block-greenshift-blocks-image gspb_image gspb_image-id-gsbp-557529f\" id=\"gspb_image-id-gsbp-557529f\"><img decoding=\"async\" src=\"https:\/\/www.markergroupe.com\/wp-content\/uploads\/2026\/03\/modern-creative-office-media-agency-with-multi-monitor-computer-setup-used-image-retouching-professional-post-processing-photography-studio-with-editing-software-interface-pc-screens.webp\" data-src=\"\" alt=\"\" loading=\"lazy\" width=\"100%\" height=\"350\" title=\"\"><\/div>\n\n\n<style>#gspb_heading-id-gsbp-e22baaa{font-size:30px;}@media (max-width:689.98px){#gspb_heading-id-gsbp-e22baaa{font-size:22px;}}#gspb_heading-id-gsbp-e22baaa{margin-top:30px;}@media (max-width:689.98px){#gspb_heading-id-gsbp-e22baaa{margin-top:20px;}}<\/style>\n<h2 id=\"gspb_heading-id-gsbp-e22baaa\" class=\"gspb_heading gspb_heading-id-gsbp-e22baaa \"><strong><strong><strong>Kreatif \u0130\u00e7erik Konsept Geli\u015ftirme<\/strong><\/strong><\/strong><\/h2>\n\n\n\n<div id=\"gspb_text-id-gsbp-fec7c8c\" class=\"gspb_text gspb_text-id-gsbp-fec7c8c \"><strong>Stratejik \u0130\u00e7erik Fikirleri:<br><\/strong>Markalar\u0131n dijital ileti\u015fimi i\u00e7in yarat\u0131c\u0131 ve stratejik i\u00e7erik fikirleri geli\u015ftirilir. B\u00f6ylece \u00fcretilen i\u00e7erikler yaln\u0131zca g\u00f6rsel de\u011fil, g\u00fc\u00e7l\u00fc bir ileti\u015fim fikrine dayan\u0131r.<br><br><strong>Markaya \u00d6zg\u00fc Anlat\u0131m Dili:<br><\/strong>Her marka i\u00e7in \u00f6zg\u00fcn bir i\u00e7erik dili olu\u015fturularak dijital platformlarda ay\u0131rt edilebilir bir ileti\u015fim tarz\u0131 geli\u015ftirilir.<br><br><strong>S\u00fcrd\u00fcr\u00fclebilir \u0130\u00e7erik Kurgusu:<br><\/strong>Tekil i\u00e7erikler yerine uzun vadede \u00fcretilebilecek i\u00e7erik konseptleri ve i\u00e7erik serileri tasarlan\u0131r.<\/div>\n<\/div>\n\n\n<style>#gspb_col-id-gsbp-b7ae22f.gspb_row__col--6{width:50%;}@media (max-width:689.98px){#gspb_col-id-gsbp-b7ae22f.gspb_row__col--6{width:100%;}}@media (min-width:1000px){body.gspb-bodyfront #gspb_col-id-gsbp-b7ae22f.gspb_row__col--6{width:calc(48% - 0px - 0px)}}.gspb_row #gspb_col-id-gsbp-b7ae22f.gspb_row__col--6{padding-top:30px;padding-right:30px;padding-bottom:30px;padding-left:30px;}@media (max-width:689.98px){.gspb_row #gspb_col-id-gsbp-b7ae22f.gspb_row__col--6{padding-top:15px;padding-right:15px;padding-bottom:15px;padding-left:15px;}}#gspb_col-id-gsbp-b7ae22f.gspb_row__col--6{box-shadow:0 15px 25px 0 rgba(0,0,0,0.1);}#gspb_col-id-gsbp-b7ae22f.gspb_row__col--6{border-top-left-radius:20px;border-top-right-radius:20px;border-bottom-right-radius:20px;border-bottom-left-radius:20px;}#gspb_col-id-gsbp-b7ae22f.gspb_row__col--6{border-bottom-style:solid;border-bottom-width:1px;border-bottom-color:var(--wp--preset--color--palette-color-1,var(--theme-palette-color-1,#F4CE0B));}#gspb_col-id-gsbp-b7ae22f.gspb_row__col--6 > .gspb_backgroundOverlay{border-top-left-radius:20px;border-top-right-radius:20px;border-bottom-right-radius:20px;border-bottom-left-radius:20px;}<\/style>\n<div class=\"wp-block-greenshift-blocks-row-column gspb_row__col--6 gspb_col-id-gsbp-b7ae22f\" id=\"gspb_col-id-gsbp-b7ae22f\"><style>#gspb_image-id-gsbp-ad1da77 img{object-fit:cover;}#gspb_image-id-gsbp-ad1da77 img{vertical-align:top;}#gspb_image-id-gsbp-ad1da77 img{display:inline-block;box-sizing:border-box;max-width:100%;height:auto;}#gspb_image-id-gsbp-ad1da77 img{border-top-left-radius:20px;border-top-right-radius:20px;border-bottom-right-radius:20px;border-bottom-left-radius:20px;}#gspb_image-id-gsbp-ad1da77 img{width:100%;}#gspb_image-id-gsbp-ad1da77,#gspb_image-id-gsbp-ad1da77 img{height:350px;}@media (max-width:689.98px){#gspb_image-id-gsbp-ad1da77,#gspb_image-id-gsbp-ad1da77 img{height:200px;}}<\/style>\n<div class=\"wp-block-greenshift-blocks-image gspb_image gspb_image-id-gsbp-ad1da77\" id=\"gspb_image-id-gsbp-ad1da77\"><img decoding=\"async\" src=\"https:\/\/www.markergroupe.com\/wp-content\/uploads\/2026\/03\/social-media-marketing-concept-marketing-with-applications.webp\" data-src=\"\" alt=\"\" loading=\"lazy\" width=\"100%\" height=\"350\" title=\"\"><\/div>\n\n\n<style>#gspb_heading-id-gsbp-fd8f296{font-size:30px;}@media (max-width:689.98px){#gspb_heading-id-gsbp-fd8f296{font-size:22px;}}#gspb_heading-id-gsbp-fd8f296{margin-top:30px;}@media (max-width:689.98px){#gspb_heading-id-gsbp-fd8f296{margin-top:20px;}}<\/style>\n<h2 id=\"gspb_heading-id-gsbp-fd8f296\" class=\"gspb_heading gspb_heading-id-gsbp-fd8f296 \"><strong><strong><strong>Kampanya \u0130\u00e7erik Serileri<\/strong><\/strong><\/strong><\/h2>\n\n\n\n<div id=\"gspb_text-id-gsbp-cde13e4\" class=\"gspb_text gspb_text-id-gsbp-cde13e4 \"><strong>Stratejik \u0130\u00e7erik Kurgusu:<br><\/strong>Kampanya d\u00f6nemleri i\u00e7in birbirini tamamlayan ve marka mesaj\u0131n\u0131 g\u00fc\u00e7l\u00fc \u015fekilde anlatan i\u00e7erik serileri tasarlan\u0131r.<br><br><strong>Hik\u00e2ye Anlat\u0131m\u0131:<br><\/strong>Tekil i\u00e7erikler yerine birbirini destekleyen kreatifler ile kampanyan\u0131n hik\u00e2yesi dijital platformlarda g\u00fc\u00e7l\u00fc \u015fekilde aktar\u0131l\u0131r.<br><br><strong>\u00c7oklu Format Kullan\u0131m\u0131:<br><\/strong>Ayn\u0131 kampanya i\u00e7in farkl\u0131 i\u00e7erik formatlar\u0131 \u00fcretilerek farkl\u0131 platformlarda maksimum etki sa\u011flan\u0131r.<\/div>\n<\/div>\n\n\n<style>#gspb_col-id-gsbp-84572f4.gspb_row__col--6{width:50%;}@media (max-width:689.98px){#gspb_col-id-gsbp-84572f4.gspb_row__col--6{width:100%;}}@media (min-width:1000px){body.gspb-bodyfront #gspb_col-id-gsbp-84572f4.gspb_row__col--6{width:calc(48% - 0px - 0px)}}.gspb_row #gspb_col-id-gsbp-84572f4.gspb_row__col--6{padding-top:30px;padding-right:30px;padding-bottom:30px;padding-left:30px;}@media (max-width:689.98px){.gspb_row #gspb_col-id-gsbp-84572f4.gspb_row__col--6{padding-top:15px;padding-right:15px;padding-bottom:15px;padding-left:15px;}}#gspb_col-id-gsbp-84572f4.gspb_row__col--6{box-shadow:0 15px 25px 0 rgba(0,0,0,0.1);}#gspb_col-id-gsbp-84572f4.gspb_row__col--6{border-top-left-radius:20px;border-top-right-radius:20px;border-bottom-right-radius:20px;border-bottom-left-radius:20px;}#gspb_col-id-gsbp-84572f4.gspb_row__col--6{border-bottom-style:solid;border-bottom-width:1px;border-bottom-color:var(--wp--preset--color--palette-color-1,var(--theme-palette-color-1,#F4CE0B));}#gspb_col-id-gsbp-84572f4.gspb_row__col--6 > .gspb_backgroundOverlay{border-top-left-radius:20px;border-top-right-radius:20px;border-bottom-right-radius:20px;border-bottom-left-radius:20px;}<\/style>\n<div class=\"wp-block-greenshift-blocks-row-column gspb_row__col--6 gspb_col-id-gsbp-84572f4\" id=\"gspb_col-id-gsbp-84572f4\"><style>#gspb_image-id-gsbp-ecb4c7e img{object-fit:cover;}#gspb_image-id-gsbp-ecb4c7e img{vertical-align:top;}#gspb_image-id-gsbp-ecb4c7e img{display:inline-block;box-sizing:border-box;max-width:100%;height:auto;}#gspb_image-id-gsbp-ecb4c7e img{border-top-left-radius:20px;border-top-right-radius:20px;border-bottom-right-radius:20px;border-bottom-left-radius:20px;}#gspb_image-id-gsbp-ecb4c7e img{width:100%;}#gspb_image-id-gsbp-ecb4c7e,#gspb_image-id-gsbp-ecb4c7e img{height:350px;}@media (max-width:689.98px){#gspb_image-id-gsbp-ecb4c7e,#gspb_image-id-gsbp-ecb4c7e img{height:200px;}}<\/style>\n<div class=\"wp-block-greenshift-blocks-image gspb_image gspb_image-id-gsbp-ecb4c7e\" id=\"gspb_image-id-gsbp-ecb4c7e\"><img decoding=\"async\" src=\"https:\/\/www.markergroupe.com\/wp-content\/uploads\/2026\/03\/content-specialist-working-graphic-design-media-company-selecting-best-editorial-pictures-social-media-post-expert-editing-photos-advertising-agency-office-close-up-shot.webp\" data-src=\"\" alt=\"\" loading=\"lazy\" width=\"100%\" height=\"350\" title=\"\"><\/div>\n\n\n<style>#gspb_heading-id-gsbp-86c2705{font-size:30px;}@media (max-width:689.98px){#gspb_heading-id-gsbp-86c2705{font-size:22px;}}#gspb_heading-id-gsbp-86c2705{margin-top:30px;}@media (max-width:689.98px){#gspb_heading-id-gsbp-86c2705{margin-top:20px;}}<\/style>\n<h2 id=\"gspb_heading-id-gsbp-86c2705\" class=\"gspb_heading gspb_heading-id-gsbp-86c2705 \"><strong><strong><strong>Dijital Reklam \u0130\u00e7erikleri<\/strong><\/strong><\/strong><\/h2>\n\n\n\n<div id=\"gspb_text-id-gsbp-d0dd9b7\" class=\"gspb_text gspb_text-id-gsbp-d0dd9b7 \"><strong>Reklam Performans\u0131na Uygun Tasar\u0131m:<br><\/strong>Google, Meta, TikTok ve di\u011fer reklam platformlar\u0131n\u0131n formatlar\u0131na uygun kreatif i\u00e7erikler haz\u0131rlan\u0131r.<br><br><strong>Dikkat \u00c7ekici Kreatif Dil:<br><\/strong>Reklam alanlar\u0131nda h\u0131zl\u0131 \u015fekilde dikkat \u00e7eken ve mesaj\u0131 net \u015fekilde ileten tasar\u0131m yakla\u015f\u0131m\u0131 uygulan\u0131r.<br><br><strong>Kreatif Varyasyonlar:<br><\/strong>Farkl\u0131 tasar\u0131m alternatifleri haz\u0131rlanarak kampanyalarda test ve optimizasyon imk\u00e2n\u0131 sa\u011flan\u0131r.<\/div>\n<\/div>\n\n\n<style>#gspb_col-id-gsbp-b93a826.gspb_row__col--6{width:50%;}@media (max-width:689.98px){#gspb_col-id-gsbp-b93a826.gspb_row__col--6{width:100%;}}@media (min-width:1000px){body.gspb-bodyfront #gspb_col-id-gsbp-b93a826.gspb_row__col--6{width:calc(48% - 0px - 0px)}}.gspb_row #gspb_col-id-gsbp-b93a826.gspb_row__col--6{padding-top:30px;padding-right:30px;padding-bottom:30px;padding-left:30px;}@media (max-width:689.98px){.gspb_row #gspb_col-id-gsbp-b93a826.gspb_row__col--6{padding-top:15px;padding-right:15px;padding-bottom:15px;padding-left:15px;}}#gspb_col-id-gsbp-b93a826.gspb_row__col--6{box-shadow:0 15px 25px 0 rgba(0,0,0,0.1);}#gspb_col-id-gsbp-b93a826.gspb_row__col--6{border-top-left-radius:20px;border-top-right-radius:20px;border-bottom-right-radius:20px;border-bottom-left-radius:20px;}#gspb_col-id-gsbp-b93a826.gspb_row__col--6{border-bottom-style:solid;border-bottom-width:1px;border-bottom-color:var(--wp--preset--color--palette-color-1,var(--theme-palette-color-1,#F4CE0B));}#gspb_col-id-gsbp-b93a826.gspb_row__col--6 > .gspb_backgroundOverlay{border-top-left-radius:20px;border-top-right-radius:20px;border-bottom-right-radius:20px;border-bottom-left-radius:20px;}<\/style>\n<div class=\"wp-block-greenshift-blocks-row-column gspb_row__col--6 gspb_col-id-gsbp-b93a826\" id=\"gspb_col-id-gsbp-b93a826\"><style>#gspb_image-id-gsbp-02db528 img{object-fit:cover;}#gspb_image-id-gsbp-02db528 img{vertical-align:top;}#gspb_image-id-gsbp-02db528 img{display:inline-block;box-sizing:border-box;max-width:100%;height:auto;}#gspb_image-id-gsbp-02db528 img{border-top-left-radius:20px;border-top-right-radius:20px;border-bottom-right-radius:20px;border-bottom-left-radius:20px;}#gspb_image-id-gsbp-02db528 img{width:100%;}#gspb_image-id-gsbp-02db528,#gspb_image-id-gsbp-02db528 img{height:350px;}@media (max-width:689.98px){#gspb_image-id-gsbp-02db528,#gspb_image-id-gsbp-02db528 img{height:200px;}}<\/style>\n<div class=\"wp-block-greenshift-blocks-image gspb_image gspb_image-id-gsbp-02db528\" id=\"gspb_image-id-gsbp-02db528\"><img decoding=\"async\" src=\"https:\/\/www.markergroupe.com\/wp-content\/uploads\/2026\/03\/computer-home-office-uses-artificial-intelligence-generating-images-from-text.webp\" data-src=\"\" alt=\"\" loading=\"lazy\" width=\"100%\" height=\"350\" title=\"\"><\/div>\n\n\n<style>#gspb_heading-id-gsbp-0285508{font-size:30px;}@media (max-width:689.98px){#gspb_heading-id-gsbp-0285508{font-size:22px;}}#gspb_heading-id-gsbp-0285508{margin-top:30px;}@media (max-width:689.98px){#gspb_heading-id-gsbp-0285508{margin-top:20px;}}<\/style>\n<h2 id=\"gspb_heading-id-gsbp-0285508\" class=\"gspb_heading gspb_heading-id-gsbp-0285508 \"><strong><strong><strong><strong>\u0130\u00e7erik Formatlar\u0131 ve Kreatif Seriler<\/strong><\/strong><\/strong><\/strong><\/h2>\n\n\n\n<div id=\"gspb_text-id-gsbp-097f242\" class=\"gspb_text gspb_text-id-gsbp-097f242 \"><strong>Platforma \u00d6zel Formatlar:<br><\/strong>Carousel, reels cover, story setleri, highlight kapaklar\u0131 ve i\u00e7erik serileri gibi farkl\u0131 formatlarda tasar\u0131mlar haz\u0131rlan\u0131r.<br><br><strong>Markaya \u00d6zel Tasar\u0131m Dili:<br><\/strong>Her i\u00e7erik, markan\u0131n g\u00f6rsel kimli\u011fi ile uyumlu olacak \u015fekilde tasarlan\u0131r ve marka alg\u0131s\u0131 g\u00fc\u00e7lendirilir.<br><br><strong>S\u00fcrd\u00fcr\u00fclebilir \u0130\u00e7erik Yap\u0131s\u0131:<br><\/strong>Markan\u0131n uzun vadeli i\u00e7erik \u00fcretimini destekleyen kreatif sistemler olu\u015fturulur.<\/div>\n<\/div>\n <\/div><\/div>\n\n\n<style>#gspb_row-id-gsbp-ced57e4{justify-content:space-between;margin-top:0px;margin-bottom:0px;display:flex;flex-wrap:wrap;}#gspb_row-id-gsbp-ced57e4 > .gspb_row__content{display:flex;justify-content:space-between;margin:0 auto;width:100%;flex-wrap:wrap;}.gspb_row{position:relative;}div[id^=gspb_col-id]{box-sizing:border-box;position:relative;}div[id^=gspb_col-id]{padding:var(--gs-row-column-padding,15px min(3vw,20px));}body.gspb-bodyfront #gspb_row-id-gsbp-ced57e4 > .gspb_row__content{width:var(--theme-container-width,1200px);}body.gspb-bodyfront #gspb_row-id-gsbp-ced57e4 > .gspb_row__content{max-width:var(--theme-normal-container-max-width,1200px);}#gspb_row-id-gsbp-ced57e4{margin-bottom:100px;}@media (max-width:689.98px){#gspb_row-id-gsbp-ced57e4{margin-bottom:50px;}}<\/style>\n<div class=\"wp-block-greenshift-blocks-row gspb_row gspb_row-id-gsbp-ced57e4\" id=\"gspb_row-id-gsbp-ced57e4\"><div class=\"gspb_row__content\"> <style>#gspb_col-id-gsbp-5844278.gspb_row__col--12{width:100%;}@media (max-width:689.98px){#gspb_col-id-gsbp-5844278.gspb_row__col--12{width:100%;}}<\/style>\n<div class=\"wp-block-greenshift-blocks-row-column gspb_row__col--12 gspb_col-id-gsbp-5844278\" id=\"gspb_col-id-gsbp-5844278\"><style>#gspb_heading-id-gsbp-f3220b3{font-size:20px;}@media (max-width:689.98px){#gspb_heading-id-gsbp-f3220b3{font-size:20px;}}#gspb_heading-id-gsbp-f3220b3,#gspb_heading-id-gsbp-f3220b3 .gsap-g-line{text-align:center!important;}#gspb_heading-id-gsbp-f3220b3{font-weight:normal!important;}@media (max-width:999.98px){#gspb_heading-id-gsbp-f3220b3{font-weight:normal!important;}}@media (max-width:689.98px){#gspb_heading-id-gsbp-f3220b3{font-weight:normal!important;}}@media (max-width:689.98px){#gspb_heading-id-gsbp-f3220b3{font-weight:normal!important;}}#gspb_heading-id-gsbp-f3220b3 .gspb_heading_subtitle,#gspb_subheading-id-gsbp-f3220b3{display:block;font-size:17px;line-height:22px;margin-top:5px}#gspb_heading-id-gsbp-f3220b3 .gspb_heading_subtitle,#gspb_subheading-id-gsbp-f3220b3{font-weight:normal!important;}@media (max-width:999.98px){#gspb_heading-id-gsbp-f3220b3 .gspb_heading_subtitle,#gspb_subheading-id-gsbp-f3220b3{font-weight:normal!important;}}@media (max-width:689.98px){#gspb_heading-id-gsbp-f3220b3 .gspb_heading_subtitle,#gspb_subheading-id-gsbp-f3220b3{font-weight:normal!important;}}@media (max-width:689.98px){#gspb_heading-id-gsbp-f3220b3 .gspb_heading_subtitle,#gspb_subheading-id-gsbp-f3220b3{font-weight:normal!important;}}<\/style>\n<p id=\"gspb_heading-id-gsbp-f3220b3\" class=\"gspb_heading gspb_heading-id-gsbp-f3220b3 \">Dijital i\u00e7erik tasar\u0131m\u0131, markalar\u0131n hedef kitleleriyle kurdu\u011fu ileti\u015fimin en g\u00f6r\u00fcn\u00fcr ve en dinamik alanlar\u0131ndan biridir. Do\u011fru kurgulanm\u0131\u015f i\u00e7erikler yaln\u0131zca estetik bir g\u00f6r\u00fcn\u00fcm sunmaz; ayn\u0131 zamanda markan\u0131n mesaj\u0131n\u0131 daha etkili iletir ve kullan\u0131c\u0131 etkile\u015fimini art\u0131r\u0131r.<br><br>Marker Creative olarak, dijital i\u00e7erik tasar\u0131m\u0131n\u0131 markalar\u0131n ileti\u015fim stratejisinin \u00f6nemli bir par\u00e7as\u0131 olarak ele al\u0131yoruz. Sosyal medya i\u00e7eriklerinden kampanya kreatiflerine kadar t\u00fcm tasar\u0131m s\u00fcre\u00e7lerini markan\u0131n hedefleri, hedef kitlesi ve platform dinamikleri do\u011frultusunda geli\u015ftiriyoruz.<span class=\"gspb_heading_subtitle\"><br>Unutmay\u0131n, ba\u015far\u0131l\u0131 bir etkinlik yaln\u0131zca iyi organize edilmi\u015f bir programdan de\u011fil, kat\u0131l\u0131mc\u0131lar\u0131n haf\u0131zas\u0131nda yer eden g\u00fc\u00e7l\u00fc bir deneyimden olu\u015fur. Bizimle ileti\u015fime ge\u00e7in ve markan\u0131z\u0131n etkinlik sahnesini birlikte tasarlayal\u0131m.<\/span><\/p>\n\n\n<style>#gspb_button-id-gsbp-e8c2c65{display:flex;justify-content:flex-start;}#gspb_button-id-gsbp-e8c2c65 .gspb-buttonbox-text{display:flex;flex-direction:column;}#gspb_button-id-gsbp-e8c2c65 > .gspb-buttonbox{box-sizing:border-box}#gspb_button-id-gsbp-e8c2c65{justify-content:center;}<\/style>\n<div class=\"gspb_button_wrapper gspb_button-id-gsbp-e8c2c65\" id=\"gspb_button-id-gsbp-e8c2c65\"><a class=\"wp-block-greenshift-blocks-buttonbox gspb-buttonbox wp-element-button\" href=\"https:\/\/www.markergroupe.com\/tr\/iletisim\/\" rel=\"noopener\"><span class=\"gspb-buttonbox-textwrap\"><span class=\"gspb-buttonbox-text\"><span class=\"gspb-buttonbox-title\">Bize Ula\u015f\u0131n!<\/span><\/span><\/span><\/a><\/div>\n<\/div>\n <\/div><\/div>\n","protected":false},"excerpt":{"rendered":"","protected":false},"author":2,"featured_media":4803,"parent":2961,"menu_order":0,"comment_status":"closed","ping_status":"closed","template":"","meta":{"_gspb_post_css":"","content-type":"","footnotes":""},"class_list":["post-7461","page","type-page","status-publish","has-post-thumbnail","hentry"],"blocksy_meta":[],"_links":{"self":[{"href":"https:\/\/www.markergroupe.com\/tr\/wp-json\/wp\/v2\/pages\/7461","targetHints":{"allow":["GET"]}}],"collection":[{"href":"https:\/\/www.markergroupe.com\/tr\/wp-json\/wp\/v2\/pages"}],"about":[{"href":"https:\/\/www.markergroupe.com\/tr\/wp-json\/wp\/v2\/types\/page"}],"author":[{"embeddable":true,"href":"https:\/\/www.markergroupe.com\/tr\/wp-json\/wp\/v2\/users\/2"}],"replies":[{"embeddable":true,"href":"https:\/\/www.markergroupe.com\/tr\/wp-json\/wp\/v2\/comments?post=7461"}],"version-history":[{"count":0,"href":"https:\/\/www.markergroupe.com\/tr\/wp-json\/wp\/v2\/pages\/7461\/revisions"}],"up":[{"embeddable":true,"href":"https:\/\/www.markergroupe.com\/tr\/wp-json\/wp\/v2\/pages\/2961"}],"wp:featuredmedia":[{"embeddable":true,"href":"https:\/\/www.markergroupe.com\/tr\/wp-json\/wp\/v2\/media\/4803"}],"wp:attachment":[{"href":"https:\/\/www.markergroupe.com\/tr\/wp-json\/wp\/v2\/media?parent=7461"}],"curies":[{"name":"wp","href":"https:\/\/api.w.org\/{rel}","templated":true}]}}