{"id":7449,"date":"2026-03-18T09:33:23","date_gmt":"2026-03-18T09:33:23","guid":{"rendered":"https:\/\/www.markergroupe.com\/?page_id=7449"},"modified":"2026-03-18T13:31:38","modified_gmt":"2026-03-18T13:31:38","slug":"etkinlik-sahne-tasarimi","status":"publish","type":"page","link":"https:\/\/www.markergroupe.com\/tr\/marker-creative\/etkinlik-sahne-tasarimi\/","title":{"rendered":"Etkinlik &amp; Sahne Tasar\u0131m\u0131"},"content":{"rendered":"<style>#gspb_row-id-gsbp-2377592{justify-content:space-between;margin-top:0px;margin-bottom:0px;display:flex;flex-wrap:wrap;}#gspb_row-id-gsbp-2377592 > .gspb_row__content{display:flex;justify-content:space-between;margin:0 auto;width:100%;flex-wrap:wrap;}.gspb_row{position:relative;}div[id^=gspb_col-id]{box-sizing:border-box;position:relative;}div[id^=gspb_col-id]{padding:var(--gs-row-column-padding,15px min(3vw,20px));}@media (max-width:689.98px){#gspb_row-id-gsbp-2377592 > .gspb_row__content{row-gap:21px;}}body.gspb-bodyfront #gspb_row-id-gsbp-2377592 > .gspb_row__content{width:var(--theme-container-width,1200px);}body.gspb-bodyfront #gspb_row-id-gsbp-2377592 > .gspb_row__content{max-width:var(--theme-normal-container-max-width,1200px);}#gspb_row-id-gsbp-2377592{margin-top:60px;margin-bottom:30px;}@media (max-width:999.98px){#gspb_row-id-gsbp-2377592{margin-top:50px;margin-bottom:50px;}}@media (max-width:689.98px){#gspb_row-id-gsbp-2377592{margin-top:20px;margin-bottom:40px;}}<\/style>\n<div class=\"wp-block-greenshift-blocks-row gspb_row gspb_row-id-gsbp-2377592 gspb_row--gutter-custom-0\" id=\"gspb_row-id-gsbp-2377592\"><div class=\"gspb_row__content\"> <style>#gspb_col-id-gsbp-4532281.gspb_row__col--3{width:calc(25% - 14px);}@media (max-width:999.98px){#gspb_col-id-gsbp-4532281.gspb_row__col--3{width:calc(25% - 8.5px);}}@media (max-width:689.98px){#gspb_col-id-gsbp-4532281.gspb_row__col--3{width:calc(25% - 8.5px);}}@media (max-width:689.98px){#gspb_col-id-gsbp-4532281.gspb_row__col--3{width:100%;}}@media (min-width:1000px){body.gspb-bodyfront #gspb_col-id-gsbp-4532281.gspb_row__col--3{width:calc(100% - 0px - 14px)}}@media (min-width:690px) and (max-width:999.98px){body.gspb-bodyfront #gspb_col-id-gsbp-4532281.gspb_row__col--3{width:calc(100% - 0px - 8.5px)}}@media (max-width:689.98px){.gspb_row #gspb_col-id-gsbp-4532281.gspb_row__col--3{padding-right:0px;padding-left:0px;}}body #gspb_col-id-gsbp-4532281.gspb_row__col--3{display:flex;flex-direction:column;align-content:center;align-items:center;}<\/style>\n<div class=\"wp-block-greenshift-blocks-row-column gspb_row__col--3 gspb_col-id-gsbp-4532281\" id=\"gspb_col-id-gsbp-4532281\"><style>.gspb_container-id-gsbp-b1c0cf4{flex-direction:column;box-sizing:border-box;}#gspb_container-id-gsbp-b1c0cf4.gspb_container > p:last-of-type{margin-bottom:0}#gspb_container-id-gsbp-b1c0cf4.gspb_container{position:relative;}#gspb_container-id-gsbp-b1c0cf4.gspb_container{box-sizing:border-box;}body.gspb-bodyfront #gspb_container-id-gsbp-b1c0cf4.gspb_container{max-width:191px;}<\/style>\n<div class=\"wp-block-greenshift-blocks-container gspb_container gspb_container-gsbp-b1c0cf4\" id=\"gspb_container-id-gsbp-b1c0cf4\"><style>#gspb_heading-id-gsbp-5775886{font-size:19px;}#gspb_heading-id-gsbp-5775886,#gspb_heading-id-gsbp-5775886 .gsap-g-line{text-align:center!important;}#gspb_heading-id-gsbp-5775886{font-weight:500!important;}@media (max-width:999.98px){#gspb_heading-id-gsbp-5775886{font-weight:500!important;}}@media (max-width:689.98px){#gspb_heading-id-gsbp-5775886{font-weight:500!important;}}@media (max-width:689.98px){#gspb_heading-id-gsbp-5775886{font-weight:500!important;}}#gspb_heading-id-gsbp-5775886{padding-top:6px;padding-right:25px;padding-bottom:6px;padding-left:25px;}#gspb_heading-id-gsbp-5775886{border-top-left-radius:20px;border-top-right-radius:20px;border-bottom-right-radius:20px;border-bottom-left-radius:20px;}#gspb_heading-id-gsbp-5775886{background-color:var(--wp--preset--color--palette-color-1,var(--theme-palette-color-1,#F4CE0B));}@media (max-width:999.98px){#gspb_heading-id-gsbp-5775886{background-color:var(--wp--preset--color--palette-color-1,var(--theme-palette-color-1,#F4CE0B));}}@media (max-width:689.98px){#gspb_heading-id-gsbp-5775886{background-color:var(--wp--preset--color--palette-color-1,var(--theme-palette-color-1,#F4CE0B));}}@media (max-width:689.98px){#gspb_heading-id-gsbp-5775886{background-color:var(--wp--preset--color--palette-color-1,var(--theme-palette-color-1,#F4CE0B));}}<\/style>\n<p id=\"gspb_heading-id-gsbp-5775886\" class=\"gspb_heading gspb_heading-id-gsbp-5775886 \">Hizmetlerimiz<\/p>\n<\/div>\n\n\n<style>#gspb_heading-id-gsbp-d274f09{font-size:56px;}@media (max-width:689.98px){#gspb_heading-id-gsbp-d274f09{font-size:32px;}}#gspb_heading-id-gsbp-d274f09,#gspb_heading-id-gsbp-d274f09 .gsap-g-line{text-align:center!important;}#gspb_heading-id-gsbp-d274f09{margin-top:0px;margin-bottom:0px;}<\/style>\n<h1 id=\"gspb_heading-id-gsbp-d274f09\" class=\"gspb_heading gspb_heading-id-gsbp-d274f09 \"><strong><strong>Etkinlik &amp; Sahne Tasar\u0131m\u0131<\/strong><\/strong><\/h1>\n\n\n<style>.gspb_text-id-gsbp-3abb9bc,.gspb_text-id-gsbp-3abb9bc .gsap-g-line{text-align:center!important;}.gspb_text-id-gsbp-3abb9bc{margin-top:20px!important;}@media (max-width:999.98px){.gspb_text-id-gsbp-3abb9bc{margin-top:20px!important;}}@media (max-width:689.98px){.gspb_text-id-gsbp-3abb9bc{margin-top:20px!important;}}body.gspb-bodyfront .gspb_text-id-gsbp-3abb9bc{right:0;left:0;}<\/style>\n<div id=\"gspb_text-id-gsbp-3abb9bc\" class=\"gspb_text gspb_text-id-gsbp-3abb9bc \">Etkinlikler, markalar\u0131n hedef kitleleriyle do\u011frudan ba\u011f kurdu\u011fu en g\u00fc\u00e7l\u00fc deneyim alanlar\u0131ndan biridir. Marker Creative\u2019in <strong>Etkinlik &amp; Sahne Tasar\u0131m\u0131<\/strong> hizmeti; markalar\u0131n etkinlik, lansman ve \u00f6zel organizasyonlar\u0131nda g\u00fc\u00e7l\u00fc bir g\u00f6rsel atmosfer ve unutulmaz bir deneyim yaratmas\u0131n\u0131 sa\u011flar.<br><br>Sahne tasar\u0131m\u0131ndan sahne arkas\u0131ndaki g\u00f6rsel kurgulara, LED ekran i\u00e7eriklerinden mek\u00e2nsal tasar\u0131m detaylar\u0131na kadar t\u00fcm s\u00fcre\u00e7ler markan\u0131n kimli\u011fi ve etkinli\u011fin konsepti do\u011frultusunda planlan\u0131r. B\u00f6ylece etkinlik alanlar\u0131 yaln\u0131zca bir sahne de\u011fil, <strong>marka hik\u00e2yesinin g\u00fc\u00e7l\u00fc bir \u015fekilde sahnelendi\u011fi deneyim alanlar\u0131na d\u00f6n\u00fc\u015f\u00fcr.<\/strong><\/div>\n<\/div>\n <\/div><\/div>\n\n\n<style>#gspb_row-id-gsbp-607a6fb{justify-content:space-between;margin-top:0px;margin-bottom:0px;display:flex;flex-wrap:wrap;}#gspb_row-id-gsbp-607a6fb > .gspb_row__content{display:flex;justify-content:space-between;margin:0 auto;width:100%;flex-wrap:wrap;}.gspb_row{position:relative;}div[id^=gspb_col-id]{box-sizing:border-box;position:relative;}div[id^=gspb_col-id]{padding:var(--gs-row-column-padding,15px min(3vw,20px));}#gspb_row-id-gsbp-607a6fb > .gspb_row__content{row-gap:40px;}body.gspb-bodyfront #gspb_row-id-gsbp-607a6fb > .gspb_row__content{width:var(--theme-container-width,1200px);}body.gspb-bodyfront #gspb_row-id-gsbp-607a6fb > .gspb_row__content{max-width:var(--theme-normal-container-max-width,1200px);}#gspb_row-id-gsbp-607a6fb{margin-bottom:50px;}<\/style>\n<div class=\"wp-block-greenshift-blocks-row gspb_row gspb_row-id-gsbp-607a6fb gspb_row--gutter-custom-0\" id=\"gspb_row-id-gsbp-607a6fb\"><div class=\"gspb_row__content\"> <style>#gspb_col-id-gsbp-aeae188.gspb_row__col--6{width:50%;}@media (max-width:689.98px){#gspb_col-id-gsbp-aeae188.gspb_row__col--6{width:100%;}}@media (min-width:1000px){body.gspb-bodyfront #gspb_col-id-gsbp-aeae188.gspb_row__col--6{width:calc(48% - 0px - 0px)}}.gspb_row #gspb_col-id-gsbp-aeae188.gspb_row__col--6{padding-top:30px;padding-right:30px;padding-bottom:30px;padding-left:30px;}@media (max-width:689.98px){.gspb_row #gspb_col-id-gsbp-aeae188.gspb_row__col--6{padding-top:15px;padding-right:15px;padding-bottom:15px;padding-left:15px;}}#gspb_col-id-gsbp-aeae188.gspb_row__col--6{box-shadow:0 15px 25px 0 rgba(0,0,0,0.1);}#gspb_col-id-gsbp-aeae188.gspb_row__col--6{border-top-left-radius:20px;border-top-right-radius:20px;border-bottom-right-radius:20px;border-bottom-left-radius:20px;}#gspb_col-id-gsbp-aeae188.gspb_row__col--6{border-bottom-style:solid;border-bottom-width:1px;border-bottom-color:var(--wp--preset--color--palette-color-1,var(--theme-palette-color-1,#F4CE0B));}#gspb_col-id-gsbp-aeae188.gspb_row__col--6 > .gspb_backgroundOverlay{border-top-left-radius:20px;border-top-right-radius:20px;border-bottom-right-radius:20px;border-bottom-left-radius:20px;}<\/style>\n<div class=\"wp-block-greenshift-blocks-row-column gspb_row__col--6 gspb_col-id-gsbp-aeae188\" id=\"gspb_col-id-gsbp-aeae188\"><style>#gspb_image-id-gsbp-557529f img{object-fit:cover;}#gspb_image-id-gsbp-557529f img{vertical-align:top;}#gspb_image-id-gsbp-557529f img{display:inline-block;box-sizing:border-box;max-width:100%;height:auto;}#gspb_image-id-gsbp-557529f img{border-top-left-radius:20px;border-top-right-radius:20px;border-bottom-right-radius:20px;border-bottom-left-radius:20px;}#gspb_image-id-gsbp-557529f img{width:100%;}#gspb_image-id-gsbp-557529f,#gspb_image-id-gsbp-557529f img{height:350px;}@media (max-width:999.98px){#gspb_image-id-gsbp-557529f,#gspb_image-id-gsbp-557529f img{height:2px;}}@media (max-width:689.98px){#gspb_image-id-gsbp-557529f,#gspb_image-id-gsbp-557529f img{height:200px;}}<\/style>\n<div class=\"wp-block-greenshift-blocks-image gspb_image gspb_image-id-gsbp-557529f\" id=\"gspb_image-id-gsbp-557529f\"><img decoding=\"async\" src=\"https:\/\/www.markergroupe.com\/wp-content\/uploads\/2026\/03\/Sahne-gosterisi.webp\" data-src=\"\" alt=\"\" loading=\"lazy\" width=\"100%\" height=\"350\" title=\"\"><\/div>\n\n\n<style>#gspb_heading-id-gsbp-e22baaa{font-size:30px;}@media (max-width:689.98px){#gspb_heading-id-gsbp-e22baaa{font-size:22px;}}#gspb_heading-id-gsbp-e22baaa{margin-top:30px;}@media (max-width:689.98px){#gspb_heading-id-gsbp-e22baaa{margin-top:20px;}}<\/style>\n<h2 id=\"gspb_heading-id-gsbp-e22baaa\" class=\"gspb_heading gspb_heading-id-gsbp-e22baaa \"><strong><strong>Sahne Konsept Tasar\u0131m\u0131<\/strong><\/strong><\/h2>\n\n\n\n<div id=\"gspb_text-id-gsbp-fec7c8c\" class=\"gspb_text gspb_text-id-gsbp-fec7c8c \"><strong>Markaya \u00d6zel Sahne Kurgusu:<br><\/strong>Etkinli\u011fin amac\u0131 ve marka kimli\u011fi do\u011frultusunda \u00f6zg\u00fcn sahne konseptleri geli\u015ftirilir.<br><br><strong>Deneyim Odakl\u0131 Tasar\u0131m:<br><\/strong>Sahne tasar\u0131mlar\u0131 yaln\u0131zca estetik de\u011fil, izleyici deneyimini g\u00fc\u00e7lendiren bir yakla\u015f\u0131mla kurgulan\u0131r.<br><br><strong>Marka Hik\u00e2yesini Yans\u0131tan Sahne:<br><\/strong>Sahne tasar\u0131m\u0131, markan\u0131n mesaj\u0131n\u0131 ve etkinli\u011fin temas\u0131n\u0131 g\u00fc\u00e7l\u00fc \u015fekilde yans\u0131tacak \u015fekilde planlan\u0131r.<\/div>\n<\/div>\n\n\n<style>#gspb_col-id-gsbp-b7ae22f.gspb_row__col--6{width:50%;}@media (max-width:689.98px){#gspb_col-id-gsbp-b7ae22f.gspb_row__col--6{width:100%;}}@media (min-width:1000px){body.gspb-bodyfront #gspb_col-id-gsbp-b7ae22f.gspb_row__col--6{width:calc(48% - 0px - 0px)}}.gspb_row #gspb_col-id-gsbp-b7ae22f.gspb_row__col--6{padding-top:30px;padding-right:30px;padding-bottom:30px;padding-left:30px;}@media (max-width:689.98px){.gspb_row #gspb_col-id-gsbp-b7ae22f.gspb_row__col--6{padding-top:15px;padding-right:15px;padding-bottom:15px;padding-left:15px;}}#gspb_col-id-gsbp-b7ae22f.gspb_row__col--6{box-shadow:0 15px 25px 0 rgba(0,0,0,0.1);}#gspb_col-id-gsbp-b7ae22f.gspb_row__col--6{border-top-left-radius:20px;border-top-right-radius:20px;border-bottom-right-radius:20px;border-bottom-left-radius:20px;}#gspb_col-id-gsbp-b7ae22f.gspb_row__col--6{border-bottom-style:solid;border-bottom-width:1px;border-bottom-color:var(--wp--preset--color--palette-color-1,var(--theme-palette-color-1,#F4CE0B));}#gspb_col-id-gsbp-b7ae22f.gspb_row__col--6 > .gspb_backgroundOverlay{border-top-left-radius:20px;border-top-right-radius:20px;border-bottom-right-radius:20px;border-bottom-left-radius:20px;}<\/style>\n<div class=\"wp-block-greenshift-blocks-row-column gspb_row__col--6 gspb_col-id-gsbp-b7ae22f\" id=\"gspb_col-id-gsbp-b7ae22f\"><style>#gspb_image-id-gsbp-ad1da77 img{object-fit:cover;}#gspb_image-id-gsbp-ad1da77 img{vertical-align:top;}#gspb_image-id-gsbp-ad1da77 img{display:inline-block;box-sizing:border-box;max-width:100%;height:auto;}#gspb_image-id-gsbp-ad1da77 img{border-top-left-radius:20px;border-top-right-radius:20px;border-bottom-right-radius:20px;border-bottom-left-radius:20px;}#gspb_image-id-gsbp-ad1da77 img{width:100%;}#gspb_image-id-gsbp-ad1da77,#gspb_image-id-gsbp-ad1da77 img{height:350px;}@media (max-width:689.98px){#gspb_image-id-gsbp-ad1da77,#gspb_image-id-gsbp-ad1da77 img{height:200px;}}<\/style>\n<div class=\"wp-block-greenshift-blocks-image gspb_image gspb_image-id-gsbp-ad1da77\" id=\"gspb_image-id-gsbp-ad1da77\"><img decoding=\"async\" src=\"https:\/\/www.markergroupe.com\/wp-content\/uploads\/2026\/03\/1745846937991.webp\" data-src=\"\" alt=\"\" loading=\"lazy\" width=\"100%\" height=\"350\" title=\"\"><\/div>\n\n\n<style>#gspb_heading-id-gsbp-fd8f296{font-size:30px;}@media (max-width:689.98px){#gspb_heading-id-gsbp-fd8f296{font-size:22px;}}#gspb_heading-id-gsbp-fd8f296{margin-top:30px;}@media (max-width:689.98px){#gspb_heading-id-gsbp-fd8f296{margin-top:20px;}}<\/style>\n<h2 id=\"gspb_heading-id-gsbp-fd8f296\" class=\"gspb_heading gspb_heading-id-gsbp-fd8f296 \"><strong><strong>LED Ekran ve Sahne G\u00f6rselleri<\/strong><\/strong><\/h2>\n\n\n\n<div id=\"gspb_text-id-gsbp-cde13e4\" class=\"gspb_text gspb_text-id-gsbp-cde13e4 \"><strong>Dinamik Sahne \u0130\u00e7erikleri:<br><\/strong>LED ekranlar, arka plan g\u00f6rselleri ve sahne grafik i\u00e7erikleri etkinli\u011fin atmosferini g\u00fc\u00e7lendirecek \u015fekilde tasarlan\u0131r.<br><br><strong>Sunum ve Konu\u015fma \u0130\u00e7erikleri:<br><\/strong>Etkinlikte kullan\u0131lacak sunum g\u00f6rselleri ve sahne i\u00e7erikleri profesyonel bir g\u00f6rsel dil ile haz\u0131rlan\u0131r.<br><br><strong>Sahne ile Uyumlu Tasar\u0131m:<br><\/strong>T\u00fcm ekran i\u00e7erikleri sahne tasar\u0131m\u0131 ile b\u00fct\u00fcnle\u015fecek \u015fekilde kurgulan\u0131r.<\/div>\n<\/div>\n\n\n<style>#gspb_col-id-gsbp-84572f4.gspb_row__col--6{width:50%;}@media (max-width:689.98px){#gspb_col-id-gsbp-84572f4.gspb_row__col--6{width:100%;}}@media (min-width:1000px){body.gspb-bodyfront #gspb_col-id-gsbp-84572f4.gspb_row__col--6{width:calc(48% - 0px - 0px)}}.gspb_row #gspb_col-id-gsbp-84572f4.gspb_row__col--6{padding-top:30px;padding-right:30px;padding-bottom:30px;padding-left:30px;}@media (max-width:689.98px){.gspb_row #gspb_col-id-gsbp-84572f4.gspb_row__col--6{padding-top:15px;padding-right:15px;padding-bottom:15px;padding-left:15px;}}#gspb_col-id-gsbp-84572f4.gspb_row__col--6{box-shadow:0 15px 25px 0 rgba(0,0,0,0.1);}#gspb_col-id-gsbp-84572f4.gspb_row__col--6{border-top-left-radius:20px;border-top-right-radius:20px;border-bottom-right-radius:20px;border-bottom-left-radius:20px;}#gspb_col-id-gsbp-84572f4.gspb_row__col--6{border-bottom-style:solid;border-bottom-width:1px;border-bottom-color:var(--wp--preset--color--palette-color-1,var(--theme-palette-color-1,#F4CE0B));}#gspb_col-id-gsbp-84572f4.gspb_row__col--6 > .gspb_backgroundOverlay{border-top-left-radius:20px;border-top-right-radius:20px;border-bottom-right-radius:20px;border-bottom-left-radius:20px;}<\/style>\n<div class=\"wp-block-greenshift-blocks-row-column gspb_row__col--6 gspb_col-id-gsbp-84572f4\" id=\"gspb_col-id-gsbp-84572f4\"><style>#gspb_image-id-gsbp-ecb4c7e img{object-fit:cover;}#gspb_image-id-gsbp-ecb4c7e img{vertical-align:top;}#gspb_image-id-gsbp-ecb4c7e img{display:inline-block;box-sizing:border-box;max-width:100%;height:auto;}#gspb_image-id-gsbp-ecb4c7e img{border-top-left-radius:20px;border-top-right-radius:20px;border-bottom-right-radius:20px;border-bottom-left-radius:20px;}#gspb_image-id-gsbp-ecb4c7e img{width:100%;}#gspb_image-id-gsbp-ecb4c7e,#gspb_image-id-gsbp-ecb4c7e img{height:350px;}@media (max-width:689.98px){#gspb_image-id-gsbp-ecb4c7e,#gspb_image-id-gsbp-ecb4c7e img{height:200px;}}<\/style>\n<div class=\"wp-block-greenshift-blocks-image gspb_image gspb_image-id-gsbp-ecb4c7e\" id=\"gspb_image-id-gsbp-ecb4c7e\"><img decoding=\"async\" src=\"https:\/\/www.markergroupe.com\/wp-content\/uploads\/2026\/03\/Scene_Arts_Hallituspaikka_pieni_16.webp\" data-src=\"\" alt=\"\" loading=\"lazy\" width=\"100%\" height=\"350\" title=\"\"><\/div>\n\n\n<style>#gspb_heading-id-gsbp-86c2705{font-size:30px;}@media (max-width:689.98px){#gspb_heading-id-gsbp-86c2705{font-size:22px;}}#gspb_heading-id-gsbp-86c2705{margin-top:30px;}@media (max-width:689.98px){#gspb_heading-id-gsbp-86c2705{margin-top:20px;}}<\/style>\n<h2 id=\"gspb_heading-id-gsbp-86c2705\" class=\"gspb_heading gspb_heading-id-gsbp-86c2705 \"><strong><strong>Lansman ve Marka Etkinli\u011fi Tasar\u0131m\u0131<\/strong><\/strong><\/h2>\n\n\n\n<div id=\"gspb_text-id-gsbp-d0dd9b7\" class=\"gspb_text gspb_text-id-gsbp-d0dd9b7 \"><strong>G\u00fc\u00e7l\u00fc \u0130lk \u0130zlenim:<br><\/strong>\u00dcr\u00fcn lansmanlar\u0131 ve marka etkinlikleri i\u00e7in dikkat \u00e7ekici sahne tasar\u0131mlar\u0131 haz\u0131rlan\u0131r.<br><br><strong>Konsept Odakl\u0131 Kurgular:<br><\/strong>Etkinli\u011fin temas\u0131na uygun dekor, g\u00f6rsel ve sahne detaylar\u0131 planlan\u0131r.<br><br><strong>Marka Deneyimi Olu\u015fturma:<br><\/strong>Kat\u0131l\u0131mc\u0131lar\u0131n etkinlik boyunca markay\u0131 g\u00fc\u00e7l\u00fc \u015fekilde deneyimlemesini sa\u011flayan sahne tasar\u0131m \u00e7\u00f6z\u00fcmleri geli\u015ftirilir.<\/div>\n<\/div>\n\n\n<style>#gspb_col-id-gsbp-b93a826.gspb_row__col--6{width:50%;}@media (max-width:689.98px){#gspb_col-id-gsbp-b93a826.gspb_row__col--6{width:100%;}}@media (min-width:1000px){body.gspb-bodyfront #gspb_col-id-gsbp-b93a826.gspb_row__col--6{width:calc(48% - 0px - 0px)}}.gspb_row #gspb_col-id-gsbp-b93a826.gspb_row__col--6{padding-top:30px;padding-right:30px;padding-bottom:30px;padding-left:30px;}@media (max-width:689.98px){.gspb_row #gspb_col-id-gsbp-b93a826.gspb_row__col--6{padding-top:15px;padding-right:15px;padding-bottom:15px;padding-left:15px;}}#gspb_col-id-gsbp-b93a826.gspb_row__col--6{box-shadow:0 15px 25px 0 rgba(0,0,0,0.1);}#gspb_col-id-gsbp-b93a826.gspb_row__col--6{border-top-left-radius:20px;border-top-right-radius:20px;border-bottom-right-radius:20px;border-bottom-left-radius:20px;}#gspb_col-id-gsbp-b93a826.gspb_row__col--6{border-bottom-style:solid;border-bottom-width:1px;border-bottom-color:var(--wp--preset--color--palette-color-1,var(--theme-palette-color-1,#F4CE0B));}#gspb_col-id-gsbp-b93a826.gspb_row__col--6 > .gspb_backgroundOverlay{border-top-left-radius:20px;border-top-right-radius:20px;border-bottom-right-radius:20px;border-bottom-left-radius:20px;}<\/style>\n<div class=\"wp-block-greenshift-blocks-row-column gspb_row__col--6 gspb_col-id-gsbp-b93a826\" id=\"gspb_col-id-gsbp-b93a826\"><style>#gspb_image-id-gsbp-02db528 img{object-fit:cover;}#gspb_image-id-gsbp-02db528 img{vertical-align:top;}#gspb_image-id-gsbp-02db528 img{display:inline-block;box-sizing:border-box;max-width:100%;height:auto;}#gspb_image-id-gsbp-02db528 img{border-top-left-radius:20px;border-top-right-radius:20px;border-bottom-right-radius:20px;border-bottom-left-radius:20px;}#gspb_image-id-gsbp-02db528 img{width:100%;}#gspb_image-id-gsbp-02db528,#gspb_image-id-gsbp-02db528 img{height:350px;}@media (max-width:689.98px){#gspb_image-id-gsbp-02db528,#gspb_image-id-gsbp-02db528 img{height:200px;}}<\/style>\n<div class=\"wp-block-greenshift-blocks-image gspb_image gspb_image-id-gsbp-02db528\" id=\"gspb_image-id-gsbp-02db528\"><img decoding=\"async\" src=\"https:\/\/www.markergroupe.com\/wp-content\/uploads\/2026\/03\/evenementiel-premium-slide1.webp\" data-src=\"\" alt=\"\" loading=\"lazy\" width=\"100%\" height=\"350\" title=\"\"><\/div>\n\n\n<style>#gspb_heading-id-gsbp-0285508{font-size:30px;}@media (max-width:689.98px){#gspb_heading-id-gsbp-0285508{font-size:22px;}}#gspb_heading-id-gsbp-0285508{margin-top:30px;}@media (max-width:689.98px){#gspb_heading-id-gsbp-0285508{margin-top:20px;}}<\/style>\n<h2 id=\"gspb_heading-id-gsbp-0285508\" class=\"gspb_heading gspb_heading-id-gsbp-0285508 \"><strong><strong>Mek\u00e2nsal G\u00f6rsel Tasar\u0131m<\/strong><\/strong><\/h2>\n\n\n\n<div id=\"gspb_text-id-gsbp-097f242\" class=\"gspb_text gspb_text-id-gsbp-097f242 \"><strong>Alan B\u00fct\u00fcnl\u00fc\u011f\u00fc:<br><\/strong>Sahne tasar\u0131m\u0131 etkinlik alan\u0131n\u0131n genel g\u00f6rsel kurgusu ile uyumlu olacak \u015fekilde planlan\u0131r.<br><br><strong>Y\u00f6nlendirme ve Marka Alanlar\u0131:<br><\/strong>Etkinlik alan\u0131nda yer alan y\u00f6nlendirme panolar\u0131, marka alanlar\u0131 ve dekoratif g\u00f6rseller tasarlan\u0131r.<br><br><strong>Etkileyici Atmosfer:<br><\/strong>Mek\u00e2nsal tasar\u0131m unsurlar\u0131 sayesinde etkinlik alan\u0131 g\u00fc\u00e7l\u00fc bir g\u00f6rsel atmosfer kazan\u0131r.<\/div>\n<\/div>\n <\/div><\/div>\n\n\n<style>#gspb_row-id-gsbp-ced57e4{justify-content:space-between;margin-top:0px;margin-bottom:0px;display:flex;flex-wrap:wrap;}#gspb_row-id-gsbp-ced57e4 > .gspb_row__content{display:flex;justify-content:space-between;margin:0 auto;width:100%;flex-wrap:wrap;}.gspb_row{position:relative;}div[id^=gspb_col-id]{box-sizing:border-box;position:relative;}div[id^=gspb_col-id]{padding:var(--gs-row-column-padding,15px min(3vw,20px));}body.gspb-bodyfront #gspb_row-id-gsbp-ced57e4 > .gspb_row__content{width:var(--theme-container-width,1200px);}body.gspb-bodyfront #gspb_row-id-gsbp-ced57e4 > .gspb_row__content{max-width:var(--theme-normal-container-max-width,1200px);}#gspb_row-id-gsbp-ced57e4{margin-bottom:100px;}@media (max-width:689.98px){#gspb_row-id-gsbp-ced57e4{margin-bottom:50px;}}<\/style>\n<div class=\"wp-block-greenshift-blocks-row gspb_row gspb_row-id-gsbp-ced57e4\" id=\"gspb_row-id-gsbp-ced57e4\"><div class=\"gspb_row__content\"> <style>#gspb_col-id-gsbp-5844278.gspb_row__col--12{width:100%;}@media (max-width:689.98px){#gspb_col-id-gsbp-5844278.gspb_row__col--12{width:100%;}}<\/style>\n<div class=\"wp-block-greenshift-blocks-row-column gspb_row__col--12 gspb_col-id-gsbp-5844278\" id=\"gspb_col-id-gsbp-5844278\"><style>#gspb_heading-id-gsbp-f3220b3{font-size:20px;}@media (max-width:689.98px){#gspb_heading-id-gsbp-f3220b3{font-size:20px;}}#gspb_heading-id-gsbp-f3220b3,#gspb_heading-id-gsbp-f3220b3 .gsap-g-line{text-align:center!important;}#gspb_heading-id-gsbp-f3220b3{font-weight:normal!important;}@media (max-width:999.98px){#gspb_heading-id-gsbp-f3220b3{font-weight:normal!important;}}@media (max-width:689.98px){#gspb_heading-id-gsbp-f3220b3{font-weight:normal!important;}}@media (max-width:689.98px){#gspb_heading-id-gsbp-f3220b3{font-weight:normal!important;}}#gspb_heading-id-gsbp-f3220b3 .gspb_heading_subtitle,#gspb_subheading-id-gsbp-f3220b3{display:block;font-size:17px;line-height:22px;margin-top:5px}#gspb_heading-id-gsbp-f3220b3 .gspb_heading_subtitle,#gspb_subheading-id-gsbp-f3220b3{font-weight:normal!important;}@media (max-width:999.98px){#gspb_heading-id-gsbp-f3220b3 .gspb_heading_subtitle,#gspb_subheading-id-gsbp-f3220b3{font-weight:normal!important;}}@media (max-width:689.98px){#gspb_heading-id-gsbp-f3220b3 .gspb_heading_subtitle,#gspb_subheading-id-gsbp-f3220b3{font-weight:normal!important;}}@media (max-width:689.98px){#gspb_heading-id-gsbp-f3220b3 .gspb_heading_subtitle,#gspb_subheading-id-gsbp-f3220b3{font-weight:normal!important;}}<\/style>\n<p id=\"gspb_heading-id-gsbp-f3220b3\" class=\"gspb_heading gspb_heading-id-gsbp-f3220b3 \">Etkinlik sahne tasar\u0131m\u0131, markalar\u0131n hik\u00e2yelerini fiziksel bir deneyime d\u00f6n\u00fc\u015ft\u00fcrd\u00fc\u011f\u00fc en g\u00fc\u00e7l\u00fc ileti\u015fim alanlar\u0131ndan biridir. Do\u011fru tasarlanm\u0131\u015f bir sahne ve g\u00f6rsel atmosfer, kat\u0131l\u0131mc\u0131lar\u0131n etkinli\u011fi yaln\u0131zca izlemesini de\u011fil, ayn\u0131 zamanda <strong>markay\u0131 deneyimlemesini<\/strong> sa\u011flar.<br><br>Marker Creative olarak, etkinlik sahne tasar\u0131m\u0131n\u0131 yaln\u0131zca estetik bir dekor olarak de\u011fil; marka hik\u00e2yesini sahneye ta\u015f\u0131yan stratejik bir ileti\u015fim arac\u0131 olarak ele al\u0131yoruz. Sahne konseptinden g\u00f6rsel i\u00e7eriklere kadar t\u00fcm tasar\u0131m s\u00fcre\u00e7lerini etkinli\u011fin amac\u0131 ve markan\u0131n kimli\u011fi do\u011frultusunda geli\u015ftiriyoruz.<span class=\"gspb_heading_subtitle\"><br>Unutmay\u0131n, ba\u015far\u0131l\u0131 bir etkinlik yaln\u0131zca iyi organize edilmi\u015f bir programdan de\u011fil, kat\u0131l\u0131mc\u0131lar\u0131n haf\u0131zas\u0131nda yer eden g\u00fc\u00e7l\u00fc bir deneyimden olu\u015fur. Bizimle ileti\u015fime ge\u00e7in ve markan\u0131z\u0131n etkinlik sahnesini birlikte tasarlayal\u0131m.<\/span><\/p>\n\n\n<style>#gspb_button-id-gsbp-e8c2c65{display:flex;justify-content:flex-start;}#gspb_button-id-gsbp-e8c2c65 .gspb-buttonbox-text{display:flex;flex-direction:column;}#gspb_button-id-gsbp-e8c2c65 > .gspb-buttonbox{box-sizing:border-box}#gspb_button-id-gsbp-e8c2c65{justify-content:center;}<\/style>\n<div class=\"gspb_button_wrapper gspb_button-id-gsbp-e8c2c65\" id=\"gspb_button-id-gsbp-e8c2c65\"><a class=\"wp-block-greenshift-blocks-buttonbox gspb-buttonbox wp-element-button\" href=\"https:\/\/www.markergroupe.com\/tr\/iletisim\/\" rel=\"noopener\"><span class=\"gspb-buttonbox-textwrap\"><span class=\"gspb-buttonbox-text\"><span class=\"gspb-buttonbox-title\">Bize Ula\u015f\u0131n!<\/span><\/span><\/span><\/a><\/div>\n<\/div>\n <\/div><\/div>\n","protected":false},"excerpt":{"rendered":"","protected":false},"author":2,"featured_media":4803,"parent":2961,"menu_order":0,"comment_status":"closed","ping_status":"closed","template":"","meta":{"_gspb_post_css":"","content-type":"","footnotes":""},"class_list":["post-7449","page","type-page","status-publish","has-post-thumbnail","hentry"],"blocksy_meta":[],"_links":{"self":[{"href":"https:\/\/www.markergroupe.com\/tr\/wp-json\/wp\/v2\/pages\/7449","targetHints":{"allow":["GET"]}}],"collection":[{"href":"https:\/\/www.markergroupe.com\/tr\/wp-json\/wp\/v2\/pages"}],"about":[{"href":"https:\/\/www.markergroupe.com\/tr\/wp-json\/wp\/v2\/types\/page"}],"author":[{"embeddable":true,"href":"https:\/\/www.markergroupe.com\/tr\/wp-json\/wp\/v2\/users\/2"}],"replies":[{"embeddable":true,"href":"https:\/\/www.markergroupe.com\/tr\/wp-json\/wp\/v2\/comments?post=7449"}],"version-history":[{"count":0,"href":"https:\/\/www.markergroupe.com\/tr\/wp-json\/wp\/v2\/pages\/7449\/revisions"}],"up":[{"embeddable":true,"href":"https:\/\/www.markergroupe.com\/tr\/wp-json\/wp\/v2\/pages\/2961"}],"wp:featuredmedia":[{"embeddable":true,"href":"https:\/\/www.markergroupe.com\/tr\/wp-json\/wp\/v2\/media\/4803"}],"wp:attachment":[{"href":"https:\/\/www.markergroupe.com\/tr\/wp-json\/wp\/v2\/media?parent=7449"}],"curies":[{"name":"wp","href":"https:\/\/api.w.org\/{rel}","templated":true}]}}