{"id":7435,"date":"2026-03-18T09:26:42","date_gmt":"2026-03-18T09:26:42","guid":{"rendered":"https:\/\/www.markergroupe.com\/?page_id=7435"},"modified":"2026-03-18T13:05:53","modified_gmt":"2026-03-18T13:05:53","slug":"ai-kreatif","status":"publish","type":"page","link":"https:\/\/www.markergroupe.com\/tr\/marker-creative\/ai-kreatif\/","title":{"rendered":"AI Kreatif"},"content":{"rendered":"<style>#gspb_row-id-gsbp-2377592{justify-content:space-between;margin-top:0px;margin-bottom:0px;display:flex;flex-wrap:wrap;}#gspb_row-id-gsbp-2377592 > .gspb_row__content{display:flex;justify-content:space-between;margin:0 auto;width:100%;flex-wrap:wrap;}.gspb_row{position:relative;}div[id^=gspb_col-id]{box-sizing:border-box;position:relative;}div[id^=gspb_col-id]{padding:var(--gs-row-column-padding,15px min(3vw,20px));}@media (max-width:689.98px){#gspb_row-id-gsbp-2377592 > .gspb_row__content{row-gap:21px;}}body.gspb-bodyfront #gspb_row-id-gsbp-2377592 > .gspb_row__content{width:var(--theme-container-width,1200px);}body.gspb-bodyfront #gspb_row-id-gsbp-2377592 > .gspb_row__content{max-width:var(--theme-normal-container-max-width,1200px);}#gspb_row-id-gsbp-2377592{margin-top:60px;margin-bottom:30px;}@media (max-width:999.98px){#gspb_row-id-gsbp-2377592{margin-top:50px;margin-bottom:50px;}}@media (max-width:689.98px){#gspb_row-id-gsbp-2377592{margin-top:20px;margin-bottom:40px;}}<\/style>\n<div class=\"wp-block-greenshift-blocks-row gspb_row gspb_row-id-gsbp-2377592 gspb_row--gutter-custom-0\" id=\"gspb_row-id-gsbp-2377592\"><div class=\"gspb_row__content\"> <style>#gspb_col-id-gsbp-4532281.gspb_row__col--3{width:calc(25% - 14px);}@media (max-width:999.98px){#gspb_col-id-gsbp-4532281.gspb_row__col--3{width:calc(25% - 8.5px);}}@media (max-width:689.98px){#gspb_col-id-gsbp-4532281.gspb_row__col--3{width:calc(25% - 8.5px);}}@media (max-width:689.98px){#gspb_col-id-gsbp-4532281.gspb_row__col--3{width:100%;}}@media (min-width:1000px){body.gspb-bodyfront #gspb_col-id-gsbp-4532281.gspb_row__col--3{width:calc(100% - 0px - 14px)}}@media (min-width:690px) and (max-width:999.98px){body.gspb-bodyfront #gspb_col-id-gsbp-4532281.gspb_row__col--3{width:calc(100% - 0px - 8.5px)}}@media (max-width:689.98px){.gspb_row #gspb_col-id-gsbp-4532281.gspb_row__col--3{padding-right:0px;padding-left:0px;}}body #gspb_col-id-gsbp-4532281.gspb_row__col--3{display:flex;flex-direction:column;align-content:center;align-items:center;}<\/style>\n<div class=\"wp-block-greenshift-blocks-row-column gspb_row__col--3 gspb_col-id-gsbp-4532281\" id=\"gspb_col-id-gsbp-4532281\"><style>.gspb_container-id-gsbp-b1c0cf4{flex-direction:column;box-sizing:border-box;}#gspb_container-id-gsbp-b1c0cf4.gspb_container > p:last-of-type{margin-bottom:0}#gspb_container-id-gsbp-b1c0cf4.gspb_container{position:relative;}#gspb_container-id-gsbp-b1c0cf4.gspb_container{box-sizing:border-box;}body.gspb-bodyfront #gspb_container-id-gsbp-b1c0cf4.gspb_container{max-width:191px;}<\/style>\n<div class=\"wp-block-greenshift-blocks-container gspb_container gspb_container-gsbp-b1c0cf4\" id=\"gspb_container-id-gsbp-b1c0cf4\"><style>#gspb_heading-id-gsbp-5775886{font-size:19px;}#gspb_heading-id-gsbp-5775886,#gspb_heading-id-gsbp-5775886 .gsap-g-line{text-align:center!important;}#gspb_heading-id-gsbp-5775886{font-weight:500!important;}@media (max-width:999.98px){#gspb_heading-id-gsbp-5775886{font-weight:500!important;}}@media (max-width:689.98px){#gspb_heading-id-gsbp-5775886{font-weight:500!important;}}@media (max-width:689.98px){#gspb_heading-id-gsbp-5775886{font-weight:500!important;}}#gspb_heading-id-gsbp-5775886{padding-top:6px;padding-right:25px;padding-bottom:6px;padding-left:25px;}#gspb_heading-id-gsbp-5775886{border-top-left-radius:20px;border-top-right-radius:20px;border-bottom-right-radius:20px;border-bottom-left-radius:20px;}#gspb_heading-id-gsbp-5775886{background-color:var(--wp--preset--color--palette-color-1,var(--theme-palette-color-1,#F4CE0B));}@media (max-width:999.98px){#gspb_heading-id-gsbp-5775886{background-color:var(--wp--preset--color--palette-color-1,var(--theme-palette-color-1,#F4CE0B));}}@media (max-width:689.98px){#gspb_heading-id-gsbp-5775886{background-color:var(--wp--preset--color--palette-color-1,var(--theme-palette-color-1,#F4CE0B));}}@media (max-width:689.98px){#gspb_heading-id-gsbp-5775886{background-color:var(--wp--preset--color--palette-color-1,var(--theme-palette-color-1,#F4CE0B));}}<\/style>\n<p id=\"gspb_heading-id-gsbp-5775886\" class=\"gspb_heading gspb_heading-id-gsbp-5775886 \">Hizmetlerimiz<\/p>\n<\/div>\n\n\n<style>#gspb_heading-id-gsbp-d274f09{font-size:56px;}@media (max-width:689.98px){#gspb_heading-id-gsbp-d274f09{font-size:32px;}}#gspb_heading-id-gsbp-d274f09,#gspb_heading-id-gsbp-d274f09 .gsap-g-line{text-align:center!important;}#gspb_heading-id-gsbp-d274f09{margin-top:0px;margin-bottom:0px;}<\/style>\n<h1 id=\"gspb_heading-id-gsbp-d274f09\" class=\"gspb_heading gspb_heading-id-gsbp-d274f09 \"><strong>AI Kreatif<\/strong><\/h1>\n\n\n<style>.gspb_text-id-gsbp-3abb9bc,.gspb_text-id-gsbp-3abb9bc .gsap-g-line{text-align:center!important;}.gspb_text-id-gsbp-3abb9bc{margin-top:20px!important;}@media (max-width:999.98px){.gspb_text-id-gsbp-3abb9bc{margin-top:20px!important;}}@media (max-width:689.98px){.gspb_text-id-gsbp-3abb9bc{margin-top:20px!important;}}body.gspb-bodyfront .gspb_text-id-gsbp-3abb9bc{right:0;left:0;}<\/style>\n<div id=\"gspb_text-id-gsbp-3abb9bc\" class=\"gspb_text gspb_text-id-gsbp-3abb9bc \">Yapay zeka destekli kreatif \u00e7\u00f6z\u00fcmlerle markalar\u0131n i\u00e7erik \u00fcretim, reklam ve ileti\u015fim s\u00fcre\u00e7lerini yeniden tan\u0131ml\u0131yoruz. Marker Creative\u2019in <strong>AI Kreatif<\/strong> hizmeti; h\u0131z, \u00f6l\u00e7eklenebilirlik ve yarat\u0131c\u0131l\u0131\u011f\u0131 bir araya getirerek y\u00fcksek etki sunar. Sosyal medyadan reklama, prod\u00fcksiyondan influencer projelerine kadar t\u00fcm kreatif s\u00fcre\u00e7leri yapay zek\u00e2 ile g\u00fc\u00e7lendiriyoruz.<\/div>\n<\/div>\n <\/div><\/div>\n\n\n<style>#gspb_row-id-gsbp-607a6fb{justify-content:space-between;margin-top:0px;margin-bottom:0px;display:flex;flex-wrap:wrap;}#gspb_row-id-gsbp-607a6fb > .gspb_row__content{display:flex;justify-content:space-between;margin:0 auto;width:100%;flex-wrap:wrap;}.gspb_row{position:relative;}div[id^=gspb_col-id]{box-sizing:border-box;position:relative;}div[id^=gspb_col-id]{padding:var(--gs-row-column-padding,15px min(3vw,20px));}#gspb_row-id-gsbp-607a6fb > .gspb_row__content{row-gap:40px;}body.gspb-bodyfront #gspb_row-id-gsbp-607a6fb > .gspb_row__content{width:var(--theme-container-width,1200px);}body.gspb-bodyfront #gspb_row-id-gsbp-607a6fb > .gspb_row__content{max-width:var(--theme-normal-container-max-width,1200px);}#gspb_row-id-gsbp-607a6fb{margin-bottom:50px;}<\/style>\n<div class=\"wp-block-greenshift-blocks-row gspb_row gspb_row-id-gsbp-607a6fb gspb_row--gutter-custom-0\" id=\"gspb_row-id-gsbp-607a6fb\"><div class=\"gspb_row__content\"> <style>#gspb_col-id-gsbp-aeae188.gspb_row__col--6{width:50%;}@media (max-width:689.98px){#gspb_col-id-gsbp-aeae188.gspb_row__col--6{width:100%;}}@media (min-width:1000px){body.gspb-bodyfront #gspb_col-id-gsbp-aeae188.gspb_row__col--6{width:calc(48% - 0px - 0px)}}.gspb_row #gspb_col-id-gsbp-aeae188.gspb_row__col--6{padding-top:30px;padding-right:30px;padding-bottom:30px;padding-left:30px;}@media (max-width:689.98px){.gspb_row #gspb_col-id-gsbp-aeae188.gspb_row__col--6{padding-top:15px;padding-right:15px;padding-bottom:15px;padding-left:15px;}}#gspb_col-id-gsbp-aeae188.gspb_row__col--6{box-shadow:0 15px 25px 0 rgba(0,0,0,0.1);}#gspb_col-id-gsbp-aeae188.gspb_row__col--6{border-top-left-radius:20px;border-top-right-radius:20px;border-bottom-right-radius:20px;border-bottom-left-radius:20px;}#gspb_col-id-gsbp-aeae188.gspb_row__col--6{border-bottom-style:solid;border-bottom-width:1px;border-bottom-color:var(--wp--preset--color--palette-color-1,var(--theme-palette-color-1,#F4CE0B));}#gspb_col-id-gsbp-aeae188.gspb_row__col--6 > .gspb_backgroundOverlay{border-top-left-radius:20px;border-top-right-radius:20px;border-bottom-right-radius:20px;border-bottom-left-radius:20px;}<\/style>\n<div class=\"wp-block-greenshift-blocks-row-column gspb_row__col--6 gspb_col-id-gsbp-aeae188\" id=\"gspb_col-id-gsbp-aeae188\"><style>#gspb_image-id-gsbp-557529f img{object-fit:cover;}#gspb_image-id-gsbp-557529f img{vertical-align:top;}#gspb_image-id-gsbp-557529f img{display:inline-block;box-sizing:border-box;max-width:100%;height:auto;}#gspb_image-id-gsbp-557529f img{border-top-left-radius:20px;border-top-right-radius:20px;border-bottom-right-radius:20px;border-bottom-left-radius:20px;}#gspb_image-id-gsbp-557529f img{width:100%;}#gspb_image-id-gsbp-557529f,#gspb_image-id-gsbp-557529f img{height:350px;}@media (max-width:999.98px){#gspb_image-id-gsbp-557529f,#gspb_image-id-gsbp-557529f img{height:2px;}}@media (max-width:689.98px){#gspb_image-id-gsbp-557529f,#gspb_image-id-gsbp-557529f img{height:200px;}}<\/style>\n<div class=\"wp-block-greenshift-blocks-image gspb_image gspb_image-id-gsbp-557529f\" id=\"gspb_image-id-gsbp-557529f\"><img decoding=\"async\" src=\"https:\/\/www.markergroupe.com\/wp-content\/uploads\/2026\/03\/AI-Kreatif-Uretim-3.webp\" data-src=\"\" alt=\"\" loading=\"lazy\" width=\"100%\" height=\"350\" title=\"\"><\/div>\n\n\n<style>#gspb_heading-id-gsbp-e22baaa{font-size:30px;}@media (max-width:689.98px){#gspb_heading-id-gsbp-e22baaa{font-size:22px;}}#gspb_heading-id-gsbp-e22baaa{margin-top:30px;}@media (max-width:689.98px){#gspb_heading-id-gsbp-e22baaa{margin-top:20px;}}<\/style>\n<h2 id=\"gspb_heading-id-gsbp-e22baaa\" class=\"gspb_heading gspb_heading-id-gsbp-e22baaa \"><strong>AI Destekli Sosyal Medya \u0130\u00e7erikleri<\/strong><\/h2>\n\n\n\n<div id=\"gspb_text-id-gsbp-fec7c8c\" class=\"gspb_text gspb_text-id-gsbp-fec7c8c \"><strong>Y\u00fcksek Etkile\u015fim:<br><\/strong>Yapay zeka ile \u00fcretilen g\u00f6rsel ve video i\u00e7erikler, platform algoritmalar\u0131na ve kullan\u0131c\u0131 davran\u0131\u015flar\u0131na uygun \u015fekilde optimize edilerek daha fazla etkile\u015fim sa\u011flar.<br><br><strong>S\u00fcrekli ve H\u0131zl\u0131 \u0130\u00e7erik \u00dcretimi:<br><\/strong>Markalar\u0131n sosyal medyada s\u00fcreklilik ihtiyac\u0131n\u0131 kar\u015f\u0131lamak i\u00e7in y\u00fcksek hacimli ve tutarl\u0131 i\u00e7erikler k\u0131sa s\u00fcrede \u00fcretilebilir.<br><br><strong>Platforma \u00d6zel Kreatifler:<br><\/strong>Her mecra i\u00e7in farkl\u0131 format ve anlat\u0131m diliyle haz\u0131rlanan AI i\u00e7erikler, mesaj\u0131n do\u011fru kitleye do\u011fru \u015fekilde ula\u015fmas\u0131n\u0131 sa\u011flar.<\/div>\n<\/div>\n\n\n<style>#gspb_col-id-gsbp-b7ae22f.gspb_row__col--6{width:50%;}@media (max-width:689.98px){#gspb_col-id-gsbp-b7ae22f.gspb_row__col--6{width:100%;}}@media (min-width:1000px){body.gspb-bodyfront #gspb_col-id-gsbp-b7ae22f.gspb_row__col--6{width:calc(48% - 0px - 0px)}}.gspb_row #gspb_col-id-gsbp-b7ae22f.gspb_row__col--6{padding-top:30px;padding-right:30px;padding-bottom:30px;padding-left:30px;}@media (max-width:689.98px){.gspb_row #gspb_col-id-gsbp-b7ae22f.gspb_row__col--6{padding-top:15px;padding-right:15px;padding-bottom:15px;padding-left:15px;}}#gspb_col-id-gsbp-b7ae22f.gspb_row__col--6{box-shadow:0 15px 25px 0 rgba(0,0,0,0.1);}#gspb_col-id-gsbp-b7ae22f.gspb_row__col--6{border-top-left-radius:20px;border-top-right-radius:20px;border-bottom-right-radius:20px;border-bottom-left-radius:20px;}#gspb_col-id-gsbp-b7ae22f.gspb_row__col--6{border-bottom-style:solid;border-bottom-width:1px;border-bottom-color:var(--wp--preset--color--palette-color-1,var(--theme-palette-color-1,#F4CE0B));}#gspb_col-id-gsbp-b7ae22f.gspb_row__col--6 > .gspb_backgroundOverlay{border-top-left-radius:20px;border-top-right-radius:20px;border-bottom-right-radius:20px;border-bottom-left-radius:20px;}<\/style>\n<div class=\"wp-block-greenshift-blocks-row-column gspb_row__col--6 gspb_col-id-gsbp-b7ae22f\" id=\"gspb_col-id-gsbp-b7ae22f\"><style>#gspb_image-id-gsbp-ad1da77 img{object-fit:cover;}#gspb_image-id-gsbp-ad1da77 img{vertical-align:top;}#gspb_image-id-gsbp-ad1da77 img{display:inline-block;box-sizing:border-box;max-width:100%;height:auto;}#gspb_image-id-gsbp-ad1da77 img{border-top-left-radius:20px;border-top-right-radius:20px;border-bottom-right-radius:20px;border-bottom-left-radius:20px;}#gspb_image-id-gsbp-ad1da77 img{width:100%;}#gspb_image-id-gsbp-ad1da77,#gspb_image-id-gsbp-ad1da77 img{height:350px;}@media (max-width:689.98px){#gspb_image-id-gsbp-ad1da77,#gspb_image-id-gsbp-ad1da77 img{height:200px;}}<\/style>\n<div class=\"wp-block-greenshift-blocks-image gspb_image gspb_image-id-gsbp-ad1da77\" id=\"gspb_image-id-gsbp-ad1da77\"><img decoding=\"async\" src=\"https:\/\/www.markergroupe.com\/wp-content\/uploads\/2026\/03\/AI-Produksiyon-3.webp\" data-src=\"\" alt=\"\" loading=\"lazy\" width=\"100%\" height=\"350\" title=\"\"><\/div>\n\n\n<style>#gspb_heading-id-gsbp-fd8f296{font-size:30px;}@media (max-width:689.98px){#gspb_heading-id-gsbp-fd8f296{font-size:22px;}}#gspb_heading-id-gsbp-fd8f296{margin-top:30px;}@media (max-width:689.98px){#gspb_heading-id-gsbp-fd8f296{margin-top:20px;}}<\/style>\n<h2 id=\"gspb_heading-id-gsbp-fd8f296\" class=\"gspb_heading gspb_heading-id-gsbp-fd8f296 \"><strong>AI Prod\u00fcksiyon<\/strong><\/h2>\n\n\n\n<div id=\"gspb_text-id-gsbp-cde13e4\" class=\"gspb_text gspb_text-id-gsbp-cde13e4 \"><strong>S\u0131n\u0131rs\u0131z Prod\u00fcksiyon \u0130mk\u00e2n\u0131:<br><\/strong>Mekan, zaman, oyuncu veya fiziksel set k\u0131s\u0131tlamas\u0131 olmadan hayal edilen her sahne yapay zeka ile \u00fcretilebilir.<br><br><strong>H\u0131zl\u0131 Teslim S\u00fcreci:<br><\/strong>Geleneksel prod\u00fcksiyonlara k\u0131yasla \u00e7ok daha k\u0131sa s\u00fcrede tamamlanan AI prod\u00fcksiyonlar, kampanya s\u00fcre\u00e7lerini h\u0131zland\u0131r\u0131r.<br><br><strong>Global Kampanyalara Uygunluk:<br><\/strong>AI prod\u00fcksiyonlar, farkl\u0131 dil, k\u00fclt\u00fcr ve pazarlara kolayca uyarlanarak global \u00f6l\u00e7ekte kullan\u0131m avantaj\u0131 sunar.<\/div>\n<\/div>\n\n\n<style>#gspb_col-id-gsbp-84572f4.gspb_row__col--6{width:50%;}@media (max-width:689.98px){#gspb_col-id-gsbp-84572f4.gspb_row__col--6{width:100%;}}@media (min-width:1000px){body.gspb-bodyfront #gspb_col-id-gsbp-84572f4.gspb_row__col--6{width:calc(48% - 0px - 0px)}}.gspb_row #gspb_col-id-gsbp-84572f4.gspb_row__col--6{padding-top:30px;padding-right:30px;padding-bottom:30px;padding-left:30px;}@media (max-width:689.98px){.gspb_row #gspb_col-id-gsbp-84572f4.gspb_row__col--6{padding-top:15px;padding-right:15px;padding-bottom:15px;padding-left:15px;}}#gspb_col-id-gsbp-84572f4.gspb_row__col--6{box-shadow:0 15px 25px 0 rgba(0,0,0,0.1);}#gspb_col-id-gsbp-84572f4.gspb_row__col--6{border-top-left-radius:20px;border-top-right-radius:20px;border-bottom-right-radius:20px;border-bottom-left-radius:20px;}#gspb_col-id-gsbp-84572f4.gspb_row__col--6{border-bottom-style:solid;border-bottom-width:1px;border-bottom-color:var(--wp--preset--color--palette-color-1,var(--theme-palette-color-1,#F4CE0B));}#gspb_col-id-gsbp-84572f4.gspb_row__col--6 > .gspb_backgroundOverlay{border-top-left-radius:20px;border-top-right-radius:20px;border-bottom-right-radius:20px;border-bottom-left-radius:20px;}<\/style>\n<div class=\"wp-block-greenshift-blocks-row-column gspb_row__col--6 gspb_col-id-gsbp-84572f4\" id=\"gspb_col-id-gsbp-84572f4\"><style>#gspb_image-id-gsbp-ecb4c7e img{object-fit:cover;}#gspb_image-id-gsbp-ecb4c7e img{vertical-align:top;}#gspb_image-id-gsbp-ecb4c7e img{display:inline-block;box-sizing:border-box;max-width:100%;height:auto;}#gspb_image-id-gsbp-ecb4c7e img{border-top-left-radius:20px;border-top-right-radius:20px;border-bottom-right-radius:20px;border-bottom-left-radius:20px;}#gspb_image-id-gsbp-ecb4c7e img{width:100%;}#gspb_image-id-gsbp-ecb4c7e,#gspb_image-id-gsbp-ecb4c7e img{height:350px;}@media (max-width:689.98px){#gspb_image-id-gsbp-ecb4c7e,#gspb_image-id-gsbp-ecb4c7e img{height:200px;}}<\/style>\n<div class=\"wp-block-greenshift-blocks-image gspb_image gspb_image-id-gsbp-ecb4c7e\" id=\"gspb_image-id-gsbp-ecb4c7e\"><img decoding=\"async\" src=\"https:\/\/www.markergroupe.com\/wp-content\/uploads\/2026\/03\/AI-Reklam-Kreatifleri-Performans-2-1.webp\" data-src=\"\" alt=\"\" loading=\"lazy\" width=\"100%\" height=\"350\" title=\"\"><\/div>\n\n\n<style>#gspb_heading-id-gsbp-86c2705{font-size:30px;}@media (max-width:689.98px){#gspb_heading-id-gsbp-86c2705{font-size:22px;}}#gspb_heading-id-gsbp-86c2705{margin-top:30px;}@media (max-width:689.98px){#gspb_heading-id-gsbp-86c2705{margin-top:20px;}}<\/style>\n<h2 id=\"gspb_heading-id-gsbp-86c2705\" class=\"gspb_heading gspb_heading-id-gsbp-86c2705 \"><strong>AI Reklam Kreatifleri<\/strong><\/h2>\n\n\n\n<div id=\"gspb_text-id-gsbp-d0dd9b7\" class=\"gspb_text gspb_text-id-gsbp-d0dd9b7 \"><strong>Veri Odakl\u0131 Yarat\u0131c\u0131l\u0131k:<br><\/strong>Yapay zeka destekli kreatifler, kullan\u0131c\u0131 davran\u0131\u015flar\u0131 ve performans verileri do\u011frultusunda \u015fekillendirilerek daha y\u00fcksek d\u00f6n\u00fc\u015f\u00fcm sa\u011flar.<br><br><strong>A\/B Test ve Optimizasyon:<br><\/strong>Farkl\u0131 kreatif varyasyonlar h\u0131zl\u0131ca \u00fcretilerek test edilir, en iyi performans g\u00f6steren i\u00e7erikler \u00f6l\u00e7eklendirilir.<br><br><strong>Daha G\u00fc\u00e7l\u00fc Reklam Etkisi:<br><\/strong>Dikkat \u00e7ekici g\u00f6rsel dil ve g\u00fc\u00e7l\u00fc mesaj kurgusu sayesinde reklamlar\u0131n fark edilme ve hat\u0131rlanma oran\u0131 artar.<\/div>\n<\/div>\n\n\n<style>#gspb_col-id-gsbp-b93a826.gspb_row__col--6{width:50%;}@media (max-width:689.98px){#gspb_col-id-gsbp-b93a826.gspb_row__col--6{width:100%;}}@media (min-width:1000px){body.gspb-bodyfront #gspb_col-id-gsbp-b93a826.gspb_row__col--6{width:calc(48% - 0px - 0px)}}.gspb_row #gspb_col-id-gsbp-b93a826.gspb_row__col--6{padding-top:30px;padding-right:30px;padding-bottom:30px;padding-left:30px;}@media (max-width:689.98px){.gspb_row #gspb_col-id-gsbp-b93a826.gspb_row__col--6{padding-top:15px;padding-right:15px;padding-bottom:15px;padding-left:15px;}}#gspb_col-id-gsbp-b93a826.gspb_row__col--6{box-shadow:0 15px 25px 0 rgba(0,0,0,0.1);}#gspb_col-id-gsbp-b93a826.gspb_row__col--6{border-top-left-radius:20px;border-top-right-radius:20px;border-bottom-right-radius:20px;border-bottom-left-radius:20px;}#gspb_col-id-gsbp-b93a826.gspb_row__col--6{border-bottom-style:solid;border-bottom-width:1px;border-bottom-color:var(--wp--preset--color--palette-color-1,var(--theme-palette-color-1,#F4CE0B));}#gspb_col-id-gsbp-b93a826.gspb_row__col--6 > .gspb_backgroundOverlay{border-top-left-radius:20px;border-top-right-radius:20px;border-bottom-right-radius:20px;border-bottom-left-radius:20px;}<\/style>\n<div class=\"wp-block-greenshift-blocks-row-column gspb_row__col--6 gspb_col-id-gsbp-b93a826\" id=\"gspb_col-id-gsbp-b93a826\"><style>#gspb_image-id-gsbp-02db528 img{object-fit:cover;}#gspb_image-id-gsbp-02db528 img{vertical-align:top;}#gspb_image-id-gsbp-02db528 img{display:inline-block;box-sizing:border-box;max-width:100%;height:auto;}#gspb_image-id-gsbp-02db528 img{border-top-left-radius:20px;border-top-right-radius:20px;border-bottom-right-radius:20px;border-bottom-left-radius:20px;}#gspb_image-id-gsbp-02db528 img{width:100%;}#gspb_image-id-gsbp-02db528,#gspb_image-id-gsbp-02db528 img{height:350px;}@media (max-width:689.98px){#gspb_image-id-gsbp-02db528,#gspb_image-id-gsbp-02db528 img{height:200px;}}<\/style>\n<div class=\"wp-block-greenshift-blocks-image gspb_image gspb_image-id-gsbp-02db528\" id=\"gspb_image-id-gsbp-02db528\"><img decoding=\"async\" src=\"https:\/\/www.markergroupe.com\/wp-content\/uploads\/2026\/03\/AI-Influencer-Dijital-Karakter-Tasarimi-2.webp\" data-src=\"\" alt=\"\" loading=\"lazy\" width=\"100%\" height=\"350\" title=\"\"><\/div>\n\n\n<style>#gspb_heading-id-gsbp-0285508{font-size:30px;}@media (max-width:689.98px){#gspb_heading-id-gsbp-0285508{font-size:22px;}}#gspb_heading-id-gsbp-0285508{margin-top:30px;}@media (max-width:689.98px){#gspb_heading-id-gsbp-0285508{margin-top:20px;}}<\/style>\n<h2 id=\"gspb_heading-id-gsbp-0285508\" class=\"gspb_heading gspb_heading-id-gsbp-0285508 \"><strong>AI Influencer (Yapay Zek\u00e2 Influencer)<\/strong><\/h2>\n\n\n\n<div id=\"gspb_text-id-gsbp-097f242\" class=\"gspb_text gspb_text-id-gsbp-097f242 \"><strong>Tam Kontrol ve S\u00fcrd\u00fcr\u00fclebilirlik:<br><\/strong>AI influencer\u2019lar markaya \u00f6zel tasarlan\u0131r, her zaman eri\u015filebilir olur ve ileti\u015fim dili tamamen markan\u0131n kontrol\u00fcndedir.<br><br><strong>Yenilik\u00e7i Marka Alg\u0131s\u0131:<br><\/strong>Yapay zeka influencer\u2019lar, markalar\u0131n yenilik\u00e7i, teknolojik ve vizyoner bir alg\u0131 olu\u015fturmas\u0131n\u0131 sa\u011flar.<br><br><strong>Global ve \u00d6l\u00e7eklenebilir Etki:<br><\/strong>Farkl\u0131 pazarlara, dillere ve platformlara kolayca uyarlanabilen AI influencer\u2019lar, uzun vadeli ve s\u00fcrd\u00fcr\u00fclebilir bir ileti\u015fim modeli sunar.<\/div>\n<\/div>\n <\/div><\/div>\n\n\n<style>#gspb_row-id-gsbp-ced57e4{justify-content:space-between;margin-top:0px;margin-bottom:0px;display:flex;flex-wrap:wrap;}#gspb_row-id-gsbp-ced57e4 > .gspb_row__content{display:flex;justify-content:space-between;margin:0 auto;width:100%;flex-wrap:wrap;}.gspb_row{position:relative;}div[id^=gspb_col-id]{box-sizing:border-box;position:relative;}div[id^=gspb_col-id]{padding:var(--gs-row-column-padding,15px min(3vw,20px));}body.gspb-bodyfront #gspb_row-id-gsbp-ced57e4 > .gspb_row__content{width:var(--theme-container-width,1200px);}body.gspb-bodyfront #gspb_row-id-gsbp-ced57e4 > .gspb_row__content{max-width:var(--theme-normal-container-max-width,1200px);}#gspb_row-id-gsbp-ced57e4{margin-bottom:100px;}@media (max-width:689.98px){#gspb_row-id-gsbp-ced57e4{margin-bottom:50px;}}<\/style>\n<div class=\"wp-block-greenshift-blocks-row gspb_row gspb_row-id-gsbp-ced57e4\" id=\"gspb_row-id-gsbp-ced57e4\"><div class=\"gspb_row__content\"> <style>#gspb_col-id-gsbp-5844278.gspb_row__col--12{width:100%;}@media (max-width:689.98px){#gspb_col-id-gsbp-5844278.gspb_row__col--12{width:100%;}}<\/style>\n<div class=\"wp-block-greenshift-blocks-row-column gspb_row__col--12 gspb_col-id-gsbp-5844278\" id=\"gspb_col-id-gsbp-5844278\"><style>#gspb_heading-id-gsbp-f3220b3{font-size:25px;}@media (max-width:689.98px){#gspb_heading-id-gsbp-f3220b3{font-size:20px;}}#gspb_heading-id-gsbp-f3220b3,#gspb_heading-id-gsbp-f3220b3 .gsap-g-line{text-align:center!important;}#gspb_heading-id-gsbp-f3220b3{font-weight:normal!important;}@media (max-width:999.98px){#gspb_heading-id-gsbp-f3220b3{font-weight:normal!important;}}@media (max-width:689.98px){#gspb_heading-id-gsbp-f3220b3{font-weight:normal!important;}}@media (max-width:689.98px){#gspb_heading-id-gsbp-f3220b3{font-weight:normal!important;}}#gspb_heading-id-gsbp-f3220b3 .gspb_heading_subtitle,#gspb_subheading-id-gsbp-f3220b3{display:block;font-size:17px;line-height:22px;margin-top:5px}#gspb_heading-id-gsbp-f3220b3 .gspb_heading_subtitle,#gspb_subheading-id-gsbp-f3220b3{font-weight:normal!important;}@media (max-width:999.98px){#gspb_heading-id-gsbp-f3220b3 .gspb_heading_subtitle,#gspb_subheading-id-gsbp-f3220b3{font-weight:normal!important;}}@media (max-width:689.98px){#gspb_heading-id-gsbp-f3220b3 .gspb_heading_subtitle,#gspb_subheading-id-gsbp-f3220b3{font-weight:normal!important;}}@media (max-width:689.98px){#gspb_heading-id-gsbp-f3220b3 .gspb_heading_subtitle,#gspb_subheading-id-gsbp-f3220b3{font-weight:normal!important;}}<\/style>\n<p id=\"gspb_heading-id-gsbp-f3220b3\" class=\"gspb_heading gspb_heading-id-gsbp-f3220b3 \">AI Kreatif, dijital d\u00fcnyada markalar\u0131n yarat\u0131c\u0131l\u0131k s\u0131n\u0131rlar\u0131n\u0131 geni\u015fleten ve ileti\u015fim g\u00fcc\u00fcn\u00fc ileriye ta\u015f\u0131yan yenilik\u00e7i bir \u00e7\u00f6z\u00fcmd\u00fcr. Marker Groupe olarak, yapay zeka destekli kreatif \u00e7\u00f6z\u00fcmlerimizle markalar\u0131n i\u00e7erik \u00fcretiminden reklama, prod\u00fcksiyondan influencer ileti\u015fimine kadar t\u00fcm kreatif s\u00fcre\u00e7lerini daha h\u0131zl\u0131, daha etkili ve daha s\u00fcrd\u00fcr\u00fclebilir hale getiriyoruz.<span class=\"gspb_heading_subtitle\"><br>Unutmay\u0131n, dijital d\u00fcnyada fark yaratmak i\u00e7in yaln\u0131zca g\u00f6r\u00fcn\u00fcr olmak yeterli de\u011fildir; do\u011fru mesaj\u0131, do\u011fru g\u00f6rsellikle ve do\u011fru teknolojiyle sunmak gerekir. Bizimle ileti\u015fime ge\u00e7in ve markan\u0131z\u0131n yapay zeka destekli kreatif g\u00fcc\u00fcn\u00fc birlikte ortaya \u00e7\u0131karal\u0131m.<\/span><\/p>\n\n\n<style>#gspb_button-id-gsbp-e8c2c65{display:flex;justify-content:flex-start;}#gspb_button-id-gsbp-e8c2c65 .gspb-buttonbox-text{display:flex;flex-direction:column;}#gspb_button-id-gsbp-e8c2c65 > .gspb-buttonbox{box-sizing:border-box}#gspb_button-id-gsbp-e8c2c65{justify-content:center;}<\/style>\n<div class=\"gspb_button_wrapper gspb_button-id-gsbp-e8c2c65\" id=\"gspb_button-id-gsbp-e8c2c65\"><a class=\"wp-block-greenshift-blocks-buttonbox gspb-buttonbox wp-element-button\" href=\"https:\/\/www.markergroupe.com\/tr\/iletisim\/\" rel=\"noopener\"><span class=\"gspb-buttonbox-textwrap\"><span class=\"gspb-buttonbox-text\"><span class=\"gspb-buttonbox-title\">Bize Ula\u015f\u0131n!<\/span><\/span><\/span><\/a><\/div>\n<\/div>\n <\/div><\/div>\n","protected":false},"excerpt":{"rendered":"","protected":false},"author":2,"featured_media":4803,"parent":2961,"menu_order":0,"comment_status":"closed","ping_status":"closed","template":"","meta":{"_gspb_post_css":"","content-type":"","footnotes":""},"class_list":["post-7435","page","type-page","status-publish","has-post-thumbnail","hentry"],"blocksy_meta":[],"_links":{"self":[{"href":"https:\/\/www.markergroupe.com\/tr\/wp-json\/wp\/v2\/pages\/7435","targetHints":{"allow":["GET"]}}],"collection":[{"href":"https:\/\/www.markergroupe.com\/tr\/wp-json\/wp\/v2\/pages"}],"about":[{"href":"https:\/\/www.markergroupe.com\/tr\/wp-json\/wp\/v2\/types\/page"}],"author":[{"embeddable":true,"href":"https:\/\/www.markergroupe.com\/tr\/wp-json\/wp\/v2\/users\/2"}],"replies":[{"embeddable":true,"href":"https:\/\/www.markergroupe.com\/tr\/wp-json\/wp\/v2\/comments?post=7435"}],"version-history":[{"count":0,"href":"https:\/\/www.markergroupe.com\/tr\/wp-json\/wp\/v2\/pages\/7435\/revisions"}],"up":[{"embeddable":true,"href":"https:\/\/www.markergroupe.com\/tr\/wp-json\/wp\/v2\/pages\/2961"}],"wp:featuredmedia":[{"embeddable":true,"href":"https:\/\/www.markergroupe.com\/tr\/wp-json\/wp\/v2\/media\/4803"}],"wp:attachment":[{"href":"https:\/\/www.markergroupe.com\/tr\/wp-json\/wp\/v2\/media?parent=7435"}],"curies":[{"name":"wp","href":"https:\/\/api.w.org\/{rel}","templated":true}]}}