{"id":6474,"date":"2025-10-23T13:40:53","date_gmt":"2025-10-23T13:40:53","guid":{"rendered":"https:\/\/www.markergroupe.com\/?page_id=6474"},"modified":"2025-10-23T14:34:07","modified_gmt":"2025-10-23T14:34:07","slug":"genoka-seo-ve-icerik-optimizasyonu-ile-dijital-basarinin-hikayesi","status":"publish","type":"page","link":"https:\/\/www.markergroupe.com\/tr\/basari-hikayeleri\/genoka-seo-ve-icerik-optimizasyonu-ile-dijital-basarinin-hikayesi\/","title":{"rendered":"Genoka | SEO ve \u0130\u00e7erik Optimizasyonu ile Dijital Ba\u015far\u0131n\u0131n Hikayesi"},"content":{"rendered":"<style>#gspb_row-id-gsbp-38de82c{justify-content:space-between;margin-top:0px;margin-bottom:0px;display:flex;flex-wrap:wrap;}#gspb_row-id-gsbp-38de82c > .gspb_row__content{display:flex;justify-content:space-between;margin:0 auto;width:100%;flex-wrap:wrap;}.gspb_row{position:relative;}div[id^=gspb_col-id]{box-sizing:border-box;position:relative;}div[id^=gspb_col-id]{padding:var(--gs-row-column-padding,15px min(3vw,20px));}body.gspb-bodyfront #gspb_row-id-gsbp-38de82c > .gspb_row__content{width:var(--theme-container-width,1200px);}body.gspb-bodyfront #gspb_row-id-gsbp-38de82c > .gspb_row__content{max-width:var(--theme-normal-container-max-width,1200px);}#gspb_row-id-gsbp-38de82c{margin-bottom:60px;padding-top:80px;padding-bottom:80px;}@media (max-width:689.98px){#gspb_row-id-gsbp-38de82c{margin-bottom:30px;padding-top:50px;padding-bottom:50px;}}#gspb_row-id-gsbp-38de82c{background-color:var(--wp--preset--color--palette-color-1,var(--theme-palette-color-1,#F4CE0B));}<\/style>\n<div class=\"wp-block-greenshift-blocks-row alignfull gspb_row gspb_row-id-gsbp-38de82c\" id=\"gspb_row-id-gsbp-38de82c\"><div class=\"gspb_row__content\"> <style>#gspb_col-id-gsbp-099db26.gspb_row__col--12{width:100%;}@media (max-width:689.98px){#gspb_col-id-gsbp-099db26.gspb_row__col--12{width:100%;}}<\/style>\n<div class=\"wp-block-greenshift-blocks-row-column gspb_row__col--12 gspb_col-id-gsbp-099db26\" id=\"gspb_col-id-gsbp-099db26\"><style>@media (max-width:689.98px){#gspb_heading-id-gsbp-d8ae530{font-size:18px;}}#gspb_heading-id-gsbp-d8ae530,#gspb_heading-id-gsbp-d8ae530 .gsap-g-line{text-align:center!important;}#gspb_heading-id-gsbp-d8ae530{margin-bottom:0px;}<\/style>\n<h1 id=\"gspb_heading-id-gsbp-d8ae530\" class=\"gspb_heading gspb_heading-id-gsbp-d8ae530 \"><strong><strong>Genoka | SEO ve \u0130\u00e7erik Optimizasyonu ile Dijital Ba\u015far\u0131n\u0131n Hikayesi<\/strong><br><\/strong><\/h1>\n<\/div>\n <\/div><\/div>\n\n\n\n<p>Genoka, kurumsal siber g\u00fcvenlik \u00e7\u00f6z\u00fcmleri sunan, \u00f6zellikle Acronis Siber G\u00fcvenlik alan\u0131nda yetkinli\u011fiyle \u00f6ne \u00e7\u0131kan bir markad\u0131r. Kurumlara veri yedekleme, felaket kurtarma ve u\u00e7tan uca siber g\u00fcvenlik \u00e7\u00f6z\u00fcmleri sa\u011flayan Genoka, dijital g\u00f6r\u00fcn\u00fcrl\u00fc\u011f\u00fcn\u00fc art\u0131rmak, organik trafik elde etmek ve markan\u0131n g\u00fcvenilirli\u011fini g\u00fc\u00e7lendirmek amac\u0131yla bizimle i\u015f birli\u011fi yapm\u0131\u015ft\u0131r.<\/p>\n\n\n\n<h2 class=\"wp-block-heading\" id=\"stratejimiz\"><strong>Stratejimiz<\/strong><\/h2>\n\n\n\n<p>Markan\u0131n dijitaldeki g\u00f6r\u00fcn\u00fcrl\u00fc\u011f\u00fcn\u00fc art\u0131rmak ve alan\u0131nda otorite bir konuma gelmesini sa\u011flamak amac\u0131yla a\u015fa\u011f\u0131daki stratejik ad\u0131mlar planlanm\u0131\u015ft\u0131r:<\/p>\n\n\n\n<ul class=\"wp-block-list\">\n<li>Web sitesindeki teknik SEO unsurlar\u0131n\u0131n (H1, H2, meta a\u00e7\u0131klamalar\u0131, ba\u015fl\u0131k yap\u0131lar\u0131) analizi ve yeniden yap\u0131land\u0131r\u0131lmas\u0131,<br><\/li>\n\n\n\n<li>Google Search Console \u00fczerinden tespit edilen 404 hata sayfalar\u0131n\u0131n y\u00f6nlendirilmesi,<br><\/li>\n\n\n\n<li>Kaliteli ve ilgili web sitelerinden backlink \u00e7al\u0131\u015fmas\u0131 yap\u0131larak domain otoritesinin art\u0131r\u0131lmas\u0131,<br><\/li>\n\n\n\n<li>Acronis Siber G\u00fcvenlik \u00fcr\u00fcnlerine \u00f6zel anahtar kelime optimizasyonu ve i\u00e7erik geli\u015ftirme \u00e7al\u0131\u015fmalar\u0131,<br><\/li>\n\n\n\n<li>Markan\u0131n Acronis T\u00fcrkiye Partneri kimli\u011fini \u00f6ne \u00e7\u0131karan semantik SEO stratejisinin uygulanmas\u0131.<\/li>\n<\/ul>\n\n\n<style>#gspb_image-id-gsbp-0bfe548 img{vertical-align:top;}#gspb_image-id-gsbp-0bfe548 img{display:inline-block;box-sizing:border-box;max-width:100%;height:auto;}<\/style>\n<div class=\"wp-block-greenshift-blocks-image gspb_image gspb_image-id-gsbp-0bfe548\" id=\"gspb_image-id-gsbp-0bfe548\"><img decoding=\"async\" src=\"https:\/\/www.markergroupe.com\/wp-content\/uploads\/2025\/10\/genoka-seo.webp\" data-src=\"\" alt=\"\" loading=\"lazy\" width=\"958\" height=\"673\" title=\"\"><\/div>\n\n\n\n<h2 class=\"wp-block-heading\" id=\"marka-icin-gerceklestirilen-faaliyetler\"><strong>Marka \u0130\u00e7in Ger\u00e7ekle\u015ftirilen Faaliyetler<\/strong><\/h2>\n\n\n\n<ul class=\"wp-block-list\">\n<li>Web sitesindeki t\u00fcm sayfalar\u0131n <strong>H1 ve H2 ba\u015fl\u0131klar\u0131 SEO uyumlu hale getirildi.<\/strong><strong><br><\/strong><\/li>\n\n\n\n<li><strong>Meta description<\/strong> alanlar\u0131, hedeflenen anahtar kelimeler ve kullan\u0131c\u0131 niyetine uygun \u015fekilde yeniden yaz\u0131ld\u0131.<br><\/li>\n\n\n\n<li><strong>Google Search Console<\/strong> \u00fczerinde tespit edilen t\u00fcm <strong>404 hata sayfalar\u0131 y\u00f6nlendirildi<\/strong> ve bozuk ba\u011flant\u0131lar giderildi.<br><\/li>\n\n\n\n<li><strong>Backlink \u00e7al\u0131\u015fmas\u0131<\/strong> y\u00fcr\u00fct\u00fclerek Genoka\u2019n\u0131n <strong>domain otoritesi g\u00fc\u00e7lendirildi.<\/strong><strong><br><\/strong><\/li>\n\n\n\n<li>Acronis \u00e7\u00f6z\u00fcmleriyle ilgili sayfalar i\u00e7in <strong>anahtar kelime bazl\u0131 i\u00e7erik optimizasyonu<\/strong> ger\u00e7ekle\u015ftirildi.<br><\/li>\n\n\n\n<li>Web sitesine <strong>blog i\u00e7erikleri<\/strong> eklenerek d\u00fczenli i\u00e7erik \u00fcretimi sa\u011fland\u0131 ve uzun kuyruklu (long-tail) kelimelerde g\u00f6r\u00fcn\u00fcrl\u00fck art\u0131r\u0131ld\u0131.<br><\/li>\n\n\n\n<li>Web sitesinin genelinde <strong>teknik SEO iyile\u015ftirmeleri<\/strong> yap\u0131larak arama motoru uyumlulu\u011fu art\u0131r\u0131ld\u0131.<br><\/li>\n\n\n\n<li>Kullan\u0131c\u0131 deneyimini geli\u015ftirmek amac\u0131yla <strong>sayfa yap\u0131lar\u0131 ve i\u00e7erik ak\u0131\u015f\u0131<\/strong> yeniden d\u00fczenlendi.<\/li>\n<\/ul>\n\n\n\n<h2 class=\"wp-block-heading\" id=\"sonuclar\"><strong>Sonu\u00e7lar<\/strong><\/h2>\n\n\n\n<ul class=\"wp-block-list\">\n<li>Genoka.com\u2019un domain otoritesi ve domain rating de\u011ferlerinde belirgin bir art\u0131\u015f elde edildi.<br><\/li>\n\n\n\n<li>Yap\u0131lan backlink \u00e7al\u0131\u015fmalar\u0131 sayesinde web sitesi, sekt\u00f6rle ilgili y\u00fcksek otoriteli kaynaklardan ba\u011flant\u0131lar alarak arama motorlar\u0131 nezdinde g\u00fcvenilirlik kazand\u0131.<br><\/li>\n\n\n\n<li>Blog i\u00e7erikleri, organik trafik art\u0131\u015f\u0131nda \u00f6nemli rol oynad\u0131; markan\u0131n bilgi liderli\u011fi ve i\u00e7erik otoritesi g\u00fc\u00e7lendirildi.<br><\/li>\n\n\n\n<li>Acronis Siber G\u00fcvenlik ve ilgili \u00e7\u00f6z\u00fcmlerle alakal\u0131 hedeflenen anahtar kelimelerde \u00fcst s\u0131ralarda konumlanma sa\u011fland\u0131.<br><\/li>\n\n\n\n<li>Web sitesinin organik trafi\u011fi %60 oran\u0131nda art\u0131\u015f g\u00f6sterdi.<br><\/li>\n\n\n\n<li>Google Search Console \u00fczerinde t\u00fcm sayfalar ba\u015far\u0131l\u0131 \u015fekilde indekslenmeye ba\u015flad\u0131.<br><\/li>\n\n\n\n<li>Web sitesinin teknik SEO puan\u0131 y\u00fckseltildi ve site performans\u0131 iyile\u015ftirildi.<\/li>\n<\/ul>\n\n\n\n<h2 class=\"wp-block-heading\" id=\"genel-degerlendirme\"><strong>Genel De\u011ferlendirme<\/strong><\/h2>\n\n\n\n<p>Uygulanan SEO stratejileri ve teknik d\u00fczenlemeler sonucunda, Genoka dijital ortamda daha g\u00fc\u00e7l\u00fc bir otorite haline gelmi\u015f, hedef kitlesi taraf\u0131ndan daha kolay bulunur hale gelmi\u015ftir.<br>Markan\u0131n Acronis Siber G\u00fcvenlik \u00e7\u00f6z\u00fcmleriyle ilgili sayfalar\u0131n\u0131n arama motoru performans\u0131 belirgin \u015fekilde artm\u0131\u015f, organik trafik ve marka g\u00fcvenilirli\u011fi \u00f6nemli \u00f6l\u00e7\u00fcde y\u00fckselmi\u015ftir.<\/p>\n","protected":false},"excerpt":{"rendered":"<p>Genoka, kurumsal siber g\u00fcvenlik \u00e7\u00f6z\u00fcmleri sunan, \u00f6zellikle Acronis Siber G\u00fcvenlik alan\u0131nda yetkinli\u011fiyle \u00f6ne \u00e7\u0131kan bir markad\u0131r. Kurumlara veri yedekleme, felaket kurtarma ve u\u00e7tan uca siber g\u00fcvenlik \u00e7\u00f6z\u00fcmleri sa\u011flayan Genoka, dijital g\u00f6r\u00fcn\u00fcrl\u00fc\u011f\u00fcn\u00fc art\u0131rmak, organik trafik elde etmek ve markan\u0131n g\u00fcvenilirli\u011fini g\u00fc\u00e7lendirmek amac\u0131yla bizimle i\u015f birli\u011fi yapm\u0131\u015ft\u0131r. Stratejimiz Markan\u0131n dijitaldeki g\u00f6r\u00fcn\u00fcrl\u00fc\u011f\u00fcn\u00fc art\u0131rmak ve alan\u0131nda otorite bir konuma [&hellip;]<\/p>\n","protected":false},"author":5,"featured_media":0,"parent":3454,"menu_order":0,"comment_status":"closed","ping_status":"closed","template":"","meta":{"_gspb_post_css":"","content-type":"","footnotes":""},"class_list":["post-6474","page","type-page","status-publish","hentry"],"blocksy_meta":[],"_links":{"self":[{"href":"https:\/\/www.markergroupe.com\/tr\/wp-json\/wp\/v2\/pages\/6474","targetHints":{"allow":["GET"]}}],"collection":[{"href":"https:\/\/www.markergroupe.com\/tr\/wp-json\/wp\/v2\/pages"}],"about":[{"href":"https:\/\/www.markergroupe.com\/tr\/wp-json\/wp\/v2\/types\/page"}],"author":[{"embeddable":true,"href":"https:\/\/www.markergroupe.com\/tr\/wp-json\/wp\/v2\/users\/5"}],"replies":[{"embeddable":true,"href":"https:\/\/www.markergroupe.com\/tr\/wp-json\/wp\/v2\/comments?post=6474"}],"version-history":[{"count":0,"href":"https:\/\/www.markergroupe.com\/tr\/wp-json\/wp\/v2\/pages\/6474\/revisions"}],"up":[{"embeddable":true,"href":"https:\/\/www.markergroupe.com\/tr\/wp-json\/wp\/v2\/pages\/3454"}],"wp:attachment":[{"href":"https:\/\/www.markergroupe.com\/tr\/wp-json\/wp\/v2\/media?parent=6474"}],"curies":[{"name":"wp","href":"https:\/\/api.w.org\/{rel}","templated":true}]}}