{"id":4079,"date":"2024-11-29T11:37:13","date_gmt":"2024-11-29T11:37:13","guid":{"rendered":"https:\/\/www.markergroupe.com\/our-affiliates\/"},"modified":"2026-03-16T12:08:47","modified_gmt":"2026-03-16T12:08:47","slug":"istiraklerimiz","status":"publish","type":"page","link":"https:\/\/www.markergroupe.com\/tr\/istiraklerimiz\/","title":{"rendered":"\u0130\u015ftiraklerimiz"},"content":{"rendered":"<style>#gspb_row-id-gsbp-60fecfc{justify-content:space-between;margin-top:0px;margin-bottom:0px;display:flex;flex-wrap:wrap;}#gspb_row-id-gsbp-60fecfc > .gspb_row__content{display:flex;justify-content:space-between;margin:0 auto;width:100%;flex-wrap:wrap;}.gspb_row{position:relative;}div[id^=gspb_col-id]{box-sizing:border-box;position:relative;}div[id^=gspb_col-id]{padding:var(--gs-row-column-padding,15px min(3vw,20px));}@media (max-width:689.98px){#gspb_row-id-gsbp-60fecfc{min-height:;}}#gspb_row-id-gsbp-60fecfc > .gspb_row__content{align-items:center;}body.gspb-bodyfront #gspb_row-id-gsbp-60fecfc > .gspb_row__content{width:var(--theme-container-width,1200px);}body.gspb-bodyfront #gspb_row-id-gsbp-60fecfc > .gspb_row__content{max-width:var(--theme-normal-container-max-width,1200px);}#gspb_row-id-gsbp-60fecfc{align-content:center;}#gspb_row-id-gsbp-60fecfc{margin-bottom:50px;padding-top:50px;}@media (max-width:689.98px){#gspb_row-id-gsbp-60fecfc{margin-bottom:20px;padding-top:20px;}}<\/style>\n<div class=\"wp-block-greenshift-blocks-row gspb_row gspb_row-id-gsbp-60fecfc\" id=\"gspb_row-id-gsbp-60fecfc\"><div class=\"gspb_row__content\"> <style>#gspb_col-id-gsbp-d60b9e3.gspb_row__col--6{width:50%;}@media (max-width:689.98px){#gspb_col-id-gsbp-d60b9e3.gspb_row__col--6{width:100%;}}@media (min-width:690px) and (max-width:999.98px){body.gspb-bodyfront #gspb_col-id-gsbp-d60b9e3.gspb_row__col--6{width:calc(100% - 0px - 0px)}}@media (max-width:689.98px){#gspb_col-id-gsbp-d60b9e3.gspb_row__col--6{order:2;}}.gspb_row #gspb_col-id-gsbp-d60b9e3.gspb_row__col--6{padding-top:0px;padding-left:0px;}<\/style>\n<div class=\"wp-block-greenshift-blocks-row-column gspb_row__col--6 gspb_col-id-gsbp-d60b9e3\" id=\"gspb_col-id-gsbp-d60b9e3\"><style>#gspb_heading-id-gsbp-f0fcab6{font-size:55px;}@media (max-width:689.98px){#gspb_heading-id-gsbp-f0fcab6{font-size:40px;}}#gspb_heading-id-gsbp-f0fcab6{margin-top:0px;margin-bottom:0px;}<\/style>\n<h1 id=\"gspb_heading-id-gsbp-f0fcab6\" class=\"gspb_heading gspb_heading-id-gsbp-f0fcab6 \">\u0130\u015eT\u0130RAKLER\u0130M\u0130Z<\/h1>\n<\/div>\n\n\n<style>#gspb_col-id-gsbp-db6c3f8.gspb_row__col--6{width:50%;}@media (max-width:689.98px){#gspb_col-id-gsbp-db6c3f8.gspb_row__col--6{width:100%;}}@media (min-width:690px) and (max-width:999.98px){body.gspb-bodyfront #gspb_col-id-gsbp-db6c3f8.gspb_row__col--6{width:calc(100% - 0px - 0px)}}@media (max-width:689.98px){#gspb_col-id-gsbp-db6c3f8.gspb_row__col--6{order:2;}}.gspb_row #gspb_col-id-gsbp-db6c3f8.gspb_row__col--6{padding-top:0px;padding-left:0px;}<\/style>\n<div class=\"wp-block-greenshift-blocks-row-column gspb_row__col--6 gspb_col-id-gsbp-db6c3f8\" id=\"gspb_col-id-gsbp-db6c3f8\"><style>.gspb_text-id-gsbp-047246d{margin-top:0px!important;}@media (max-width:689.98px){.gspb_text-id-gsbp-047246d{margin-top:0px!important;padding-top:0px!important;}}body.gspb-bodyfront .gspb_text-id-gsbp-047246d{z-index:9;}<\/style>\n<div id=\"gspb_text-id-gsbp-047246d\" class=\"gspb_text gspb_text-id-gsbp-047246d \">Marker Groupe, \u00e7e\u015fitli sekt\u00f6rlerde faaliyet g\u00f6steren dinamik partnerleriyle, dijital pazarlama, teknoloji, perakende gibi alanlarda m\u00fc\u015fterilere benzersiz deneyimler sunar.<\/div>\n<\/div>\n <\/div><\/div>\n\n\n<style>#gspb_row-id-gsbp-a82c373{justify-content:space-between;margin-top:0px;margin-bottom:0px;display:flex;flex-wrap:wrap;}#gspb_row-id-gsbp-a82c373 > .gspb_row__content{display:flex;justify-content:space-between;margin:0 auto;width:100%;flex-wrap:wrap;}.gspb_row{position:relative;}div[id^=gspb_col-id]{box-sizing:border-box;position:relative;}div[id^=gspb_col-id]{padding:var(--gs-row-column-padding,15px min(3vw,20px));}body.gspb-bodyfront #gspb_row-id-gsbp-a82c373 > .gspb_row__content{width:var(--theme-container-width,1200px);}body.gspb-bodyfront #gspb_row-id-gsbp-a82c373 > .gspb_row__content{max-width:var(--theme-normal-container-max-width,1200px);}#gspb_row-id-gsbp-a82c373{padding-bottom:100px;}<\/style>\n<div class=\"wp-block-greenshift-blocks-row gspb_row gspb_row-id-gsbp-a82c373\" id=\"gspb_row-id-gsbp-a82c373\"><div class=\"gspb_row__content\"> <style>#gspb_col-id-gsbp-329be9b.gspb_row__col--12{width:100%;}@media (max-width:689.98px){#gspb_col-id-gsbp-329be9b.gspb_row__col--12{width:100%;}}.gspb_row #gspb_col-id-gsbp-329be9b.gspb_row__col--12{padding-right:0px;padding-left:0px;}<\/style>\n<div class=\"wp-block-greenshift-blocks-row-column gspb_row__col--12 gspb_col-id-gsbp-329be9b\" id=\"gspb_col-id-gsbp-329be9b\"><style>#gspb_accordion-id-gsbp-e75f6da .gs-accordion-item.gsclose > .gs-accordion-item__content{overflow:hidden;opacity:0;}#gspb_accordion-id-gsbp-e75f6da .gs-accordion-item.gsopen > .gs-accordion-item__content{opacity:1;max-height:5000px}#gspb_accordion-id-gsbp-e75f6da .gs-accordion-item > .gs-accordion-item__title > .gs-accordion-item__heading{outline:0;text-decoration:none;margin:0 !important;padding:0!important;flex-grow:1}#gspb_accordion-id-gsbp-e75f6da .gs-accordion-item > .gs-accordion-item__title{z-index:1;margin:0;cursor:pointer;transition:all .3s ease-in-out;position:relative;display:flex;justify-content:space-between;align-items:center;flex-wrap:nowrap}#gspb_accordion-id-gsbp-e75f6da .gs-accordion-item > .gs-accordion-item__content{z-index:0;position:relative;max-height:0;will-change:max-height;transition:all 0.25s ease-out;}#gspb_accordion-id-gsbp-e75f6da .gs-accordion-item > .gs-accordion-item__title{background-color:#f9f9f9;}@media (max-width:999.98px){#gspb_accordion-id-gsbp-e75f6da .gs-accordion-item > .gs-accordion-item__title{background-color:#f9f9f9;}}@media (max-width:689.98px){#gspb_accordion-id-gsbp-e75f6da .gs-accordion-item > .gs-accordion-item__title{background-color:#f9f9f9;}}@media (max-width:689.98px){#gspb_accordion-id-gsbp-e75f6da .gs-accordion-item > .gs-accordion-item__title{background-color:#f9f9f9;}}#gspb_accordion-id-gsbp-e75f6da .gs-accordion-item > .gs-accordion-item__title{border-top-left-radius:40px;border-top-right-radius:40px;border-bottom-right-radius:40px;border-bottom-left-radius:40px;}#gspb_accordion-id-gsbp-e75f6da .gs-accordion-item > .gs-accordion-item__title{border-style:solid;border-width:1px;border-color:#00000012;}#gspb_accordion-id-gsbp-e75f6da .gs-accordion-item > .gs-accordion-item__content{background-color:#ffffff;}@media (max-width:999.98px){#gspb_accordion-id-gsbp-e75f6da .gs-accordion-item > .gs-accordion-item__content{background-color:#ffffff;}}@media (max-width:689.98px){#gspb_accordion-id-gsbp-e75f6da .gs-accordion-item > .gs-accordion-item__content{background-color:#ffffff;}}@media (max-width:689.98px){#gspb_accordion-id-gsbp-e75f6da .gs-accordion-item > .gs-accordion-item__content{background-color:#ffffff;}}#gspb_accordion-id-gsbp-e75f6da .gs-accordion-item > .gs-accordion-item__content{border-style:solid;border-color:var(--wp--preset--color--palette-color-8,var(--theme-palette-color-8,#ffffff));}#gspb_accordion-id-gsbp-e75f6da .gs-accordion-item > .gs-accordion-item__content{border-top-style:solid;border-top-width:1px;border-top-color:#00000000;}#gspb_accordion-id-gsbp-e75f6da .gs-accordion-item > .gs-accordion-item__title span.iconfortoggle{margin-left:15px;}#gspb_accordion-id-gsbp-e75f6da .gs-accordion-item{margin-bottom:10px;}#gspb_accordion-id-gsbp-e75f6da .gs-accordion-item > .gs-accordion-item__title{padding-top:15px;padding-right:20px;padding-bottom:15px;padding-left:20px;}#gspb_accordion-id-gsbp-e75f6da .gs-accordion-item > .gs-accordion-item__content > .gs-accordion-item__text{padding-top:15px;padding-right:20px;padding-bottom:15px;padding-left:20px;}#gspb_accordion-id-gsbp-e75f6da .gs-accordion-item > .gs-accordion-item__title span.iconfortoggle{display:inline-block;height:14px;width:14px;position:relative}.gs-accordion .gs-accordion-item.gsopen .gs-accordion-item__title .gs-iconafter{transform:rotate(0)}.gs-accordion .gs-accordion-item__title span.iconfortoggle .gs-iconbefore{content:'';width:14px;height:2px;border-radius:2px;background-color:#111;position:absolute;top:6px;left:0}.gs-accordion .gs-accordion-item__title span.iconfortoggle .gs-iconafter{content:'';width:14px;height:2px;border-radius:2px;background-color:#111;position:absolute;top:6px;transform:rotate(90deg);transition:all .3s ease-in-out;left:0}<\/style>\n<div class=\"wp-block-greenshift-blocks-accordion gs-accordion gspb_accordion-id-gsbp-e75f6da togglelogic\" id=\"gspb_accordion-id-gsbp-e75f6da\" itemscope itemtype=\"https:\/\/schema.org\/FAQPage\">\n<div class=\"wp-block-greenshift-blocks-accordionitem gs-accordion-item gspb_accordionitem-gsbp-e8855a1 gsopen\" id=\"gspb_accordionitem-gsbp-e8855a1\" itemscope itemprop=\"mainEntity\" itemtype=\"https:\/\/schema.org\/Question\"><div id=\"gs-trigger-gsbp-e75f6da-0\" class=\"gs-accordion-item__title\" aria-expanded=\"true\" role=\"button\" tabindex=\"0\" aria-controls=\"gspb-accordion-item-content-gsbp-e8855a1\"><div class=\"gs-accordion-item__heading\">Medya Grubu<\/div><meta itemprop=\"name\" content=\"Medya Grubu\"\/><span class=\"iconfortoggle\"><span class=\"gs-iconbefore\"><\/span><span class=\"gs-iconafter\"><\/span><\/span><\/div><div aria-labelledby=\"gs-trigger-gsbp-e75f6da-0\" class=\"gs-accordion-item__content\" itemscope itemprop=\"acceptedAnswer\" itemtype=\"https:\/\/schema.org\/Answer\" id=\"gspb-accordion-item-content-gsbp-e8855a1\" ><div class=\"gs-accordion-item__text\" itemprop=\"text\"><style>.gspb_container-id-gsbp-9eb7723{flex-direction:column;box-sizing:border-box;}#gspb_container-id-gsbp-9eb7723.gspb_container > p:last-of-type{margin-bottom:0}#gspb_container-id-gsbp-9eb7723.gspb_container{position:relative;}#gspb_container-id-gsbp-9eb7723.gspb_container{display:flex;flex-direction:row;flex-wrap:wrap;justify-content:flex-start;row-gap:40px;column-gap:30px;}@media (max-width:689.98px){#gspb_container-id-gsbp-9eb7723.gspb_container{flex-direction:column;row-gap:42px;}}#gspb_container-id-gsbp-9eb7723.gspb_container{box-sizing:border-box;}<\/style>\n<div class=\"wp-block-greenshift-blocks-container gspb_container gspb_container-gsbp-9eb7723\" id=\"gspb_container-id-gsbp-9eb7723\"><style>.gspb_container-id-gsbp-233666c{flex-direction:column;box-sizing:border-box;}#gspb_container-id-gsbp-233666c.gspb_container > p:last-of-type{margin-bottom:0}#gspb_container-id-gsbp-233666c.gspb_container{position:relative;}#gspb_container-id-gsbp-233666c.gspb_container{box-sizing:border-box;}<\/style>\n<div class=\"wp-block-greenshift-blocks-container gspb_container gspb_container-gsbp-233666c\" id=\"gspb_container-id-gsbp-233666c\"><style>#gspb_image-id-gsbp-7a41ee2 img{vertical-align:top;}#gspb_image-id-gsbp-7a41ee2 img{display:inline-block;box-sizing:border-box;max-width:100%;height:auto;}#gspb_image-id-gsbp-7a41ee2 img{border-top-left-radius:20px;border-top-right-radius:20px;border-bottom-right-radius:20px;border-bottom-left-radius:20px;}#gspb_image-id-gsbp-7a41ee2 img{border-style:solid;border-width:1px;border-color:#ebebeb;}<\/style>\n<div class=\"wp-block-greenshift-blocks-image gspb_image gspb_image-id-gsbp-7a41ee2\" id=\"gspb_image-id-gsbp-7a41ee2\"><img decoding=\"async\" src=\"https:\/\/www.markergroupe.com\/wp-content\/uploads\/2025\/02\/o-fikir-ologo.webp\" data-src=\"\" alt=\"\" loading=\"lazy\" width=\"250\" height=\"250\" title=\"\"><\/div>\n\n\n<style>#gspb_button-id-gsbp-044d164{display:flex;justify-content:flex-start;}#gspb_button-id-gsbp-044d164 .gspb-buttonbox-text{display:flex;flex-direction:column;}#gspb_button-id-gsbp-044d164 > .gspb-buttonbox{box-sizing:border-box}#gspb_button-id-gsbp-044d164{justify-content:center;}#gspb_button-id-gsbp-044d164 > .gspb-buttonbox{margin-top:16px;}<\/style>\n<div class=\"gspb_button_wrapper gspb_button-id-gsbp-044d164\" id=\"gspb_button-id-gsbp-044d164\"><a class=\"wp-block-greenshift-blocks-buttonbox gspb-buttonbox wp-element-button\" href=\"https:\/\/ofikir.net\/\" target=\"_blank\" rel=\"noopener nofollow\"><span class=\"gspb-buttonbox-textwrap\"><span class=\"gspb-buttonbox-text\"><span class=\"gspb-buttonbox-title\">Web Sitesi<\/span><\/span><\/span><\/a><\/div>\n<\/div>\n\n\n<style>.gspb_container-id-gsbp-1b5ca95{flex-direction:column;box-sizing:border-box;}#gspb_container-id-gsbp-1b5ca95.gspb_container > p:last-of-type{margin-bottom:0}#gspb_container-id-gsbp-1b5ca95.gspb_container{position:relative;}#gspb_container-id-gsbp-1b5ca95.gspb_container{box-sizing:border-box;}<\/style>\n<div class=\"wp-block-greenshift-blocks-container gspb_container gspb_container-gsbp-1b5ca95\" id=\"gspb_container-id-gsbp-1b5ca95\"><style>#gspb_image-id-gsbp-f327361 img{vertical-align:top;}#gspb_image-id-gsbp-f327361 img{display:inline-block;box-sizing:border-box;max-width:100%;height:auto;}#gspb_image-id-gsbp-f327361{margin-bottom:16px;}#gspb_image-id-gsbp-f327361 img{border-top-left-radius:20px;border-top-right-radius:20px;border-bottom-right-radius:20px;border-bottom-left-radius:20px;}#gspb_image-id-gsbp-f327361 img{border-style:solid;border-width:1px;border-color:#ebebeb;}<\/style>\n<div class=\"wp-block-greenshift-blocks-image gspb_image gspb_image-id-gsbp-f327361\" id=\"gspb_image-id-gsbp-f327361\"><img decoding=\"async\" src=\"https:\/\/www.markergroupe.com\/wp-content\/uploads\/2024\/11\/prnewsmarket-logo-1.webp\" data-src=\"\" alt=\"\" loading=\"lazy\" width=\"250\" height=\"250\" title=\"\"><\/div>\n\n\n<style>#gspb_button-id-gsbp-337cd2b{display:flex;justify-content:flex-start;}#gspb_button-id-gsbp-337cd2b .gspb-buttonbox-text{display:flex;flex-direction:column;}#gspb_button-id-gsbp-337cd2b > .gspb-buttonbox{box-sizing:border-box}#gspb_button-id-gsbp-337cd2b{justify-content:center;}<\/style>\n<div class=\"gspb_button_wrapper gspb_button-id-gsbp-337cd2b\" id=\"gspb_button-id-gsbp-337cd2b\"><a class=\"wp-block-greenshift-blocks-buttonbox gspb-buttonbox wp-element-button\" href=\"https:\/\/prnewsmarket.com\/\" target=\"_blank\" rel=\"noopener nofollow\"><span class=\"gspb-buttonbox-textwrap\"><span class=\"gspb-buttonbox-text\"><span class=\"gspb-buttonbox-title\">Web Sitesi<\/span><\/span><\/span><\/a><\/div>\n<\/div>\n<\/div>\n<\/div><\/div><\/div>\n\n\n\n<div class=\"wp-block-greenshift-blocks-accordionitem gs-accordion-item gspb_accordionitem-gsbp-6f158d1 gsclose\" id=\"gspb_accordionitem-gsbp-6f158d1\" itemscope><div id=\"gs-trigger-gsbp-e75f6da-1\" class=\"gs-accordion-item__title\" aria-expanded=\"false\" role=\"button\" tabindex=\"0\" aria-controls=\"gspb-accordion-item-content-gsbp-6f158d1\"><div class=\"gs-accordion-item__heading\">Gayrimenkul<\/div><span class=\"iconfortoggle\"><span class=\"gs-iconbefore\"><\/span><span class=\"gs-iconafter\"><\/span><\/span><\/div><div aria-labelledby=\"gs-trigger-gsbp-e75f6da-1\" class=\"gs-accordion-item__content\" itemscope id=\"gspb-accordion-item-content-gsbp-6f158d1\" ><div class=\"gs-accordion-item__text\"><style>.gspb_container-id-gsbp-a1b5673{flex-direction:column;box-sizing:border-box;}#gspb_container-id-gsbp-a1b5673.gspb_container > p:last-of-type{margin-bottom:0}#gspb_container-id-gsbp-a1b5673.gspb_container{position:relative;}#gspb_container-id-gsbp-a1b5673.gspb_container{display:flex;flex-direction:row;justify-content:flex-start;column-gap:30px;}@media (max-width:689.98px){#gspb_container-id-gsbp-a1b5673.gspb_container{flex-direction:column;row-gap:42px;}}#gspb_container-id-gsbp-a1b5673.gspb_container{box-sizing:border-box;}<\/style>\n<div class=\"wp-block-greenshift-blocks-container gspb_container gspb_container-gsbp-a1b5673\" id=\"gspb_container-id-gsbp-a1b5673\"><style>.gspb_container-id-gsbp-8ff8f58{flex-direction:column;box-sizing:border-box;}#gspb_container-id-gsbp-8ff8f58.gspb_container > p:last-of-type{margin-bottom:0}#gspb_container-id-gsbp-8ff8f58.gspb_container{position:relative;}#gspb_container-id-gsbp-8ff8f58.gspb_container{box-sizing:border-box;}<\/style>\n<div class=\"wp-block-greenshift-blocks-container gspb_container gspb_container-gsbp-8ff8f58\" id=\"gspb_container-id-gsbp-8ff8f58\"><style>#gspb_image-id-gsbp-ef33a11 img{vertical-align:top;}#gspb_image-id-gsbp-ef33a11 img{display:inline-block;box-sizing:border-box;max-width:100%;height:auto;}#gspb_image-id-gsbp-ef33a11{margin-bottom:16px;}#gspb_image-id-gsbp-ef33a11 img{border-top-left-radius:20px;border-top-right-radius:20px;border-bottom-right-radius:20px;border-bottom-left-radius:20px;}#gspb_image-id-gsbp-ef33a11 img{border-style:solid;border-width:1px;border-color:#ebebeb;}<\/style>\n<div class=\"wp-block-greenshift-blocks-image gspb_image gspb_image-id-gsbp-ef33a11\" id=\"gspb_image-id-gsbp-ef33a11\"><img decoding=\"async\" src=\"https:\/\/www.markergroupe.com\/wp-content\/uploads\/2024\/11\/marker-invest-logo-1.webp\" data-src=\"\" alt=\"\" loading=\"lazy\" width=\"250\" height=\"250\" title=\"\"><\/div>\n\n\n<style>#gspb_button-id-gsbp-588c4c6{display:flex;justify-content:flex-start;}#gspb_button-id-gsbp-588c4c6 .gspb-buttonbox-text{display:flex;flex-direction:column;}#gspb_button-id-gsbp-588c4c6 > .gspb-buttonbox{box-sizing:border-box}#gspb_button-id-gsbp-588c4c6{justify-content:center;}<\/style>\n<div class=\"gspb_button_wrapper gspb_button-id-gsbp-588c4c6\" id=\"gspb_button-id-gsbp-588c4c6\"><a class=\"wp-block-greenshift-blocks-buttonbox gspb-buttonbox wp-element-button\" href=\"https:\/\/www.investmentmarker.com\/\" target=\"_blank\" rel=\"noopener nofollow\"><span class=\"gspb-buttonbox-textwrap\"><span class=\"gspb-buttonbox-text\"><span class=\"gspb-buttonbox-title\">Web Sitesi<\/span><\/span><\/span><\/a><\/div>\n<\/div>\n<\/div>\n<\/div><\/div><\/div>\n\n\n\n<div class=\"wp-block-greenshift-blocks-accordionitem gs-accordion-item gspb_accordionitem-gsbp-58a48bf gsclose\" id=\"gspb_accordionitem-gsbp-58a48bf\" itemscope><div id=\"gs-trigger-gsbp-e75f6da-2\" class=\"gs-accordion-item__title\" aria-expanded=\"false\" role=\"button\" tabindex=\"0\" aria-controls=\"gspb-accordion-item-content-gsbp-58a48bf\"><div class=\"gs-accordion-item__heading\">Teknoloji<\/div><span class=\"iconfortoggle\"><span class=\"gs-iconbefore\"><\/span><span class=\"gs-iconafter\"><\/span><\/span><\/div><div aria-labelledby=\"gs-trigger-gsbp-e75f6da-2\" class=\"gs-accordion-item__content\" itemscope id=\"gspb-accordion-item-content-gsbp-58a48bf\" ><div class=\"gs-accordion-item__text\"><style>.gspb_container-id-gsbp-0933911{flex-direction:column;box-sizing:border-box;}#gspb_container-id-gsbp-0933911.gspb_container > p:last-of-type{margin-bottom:0}#gspb_container-id-gsbp-0933911.gspb_container{position:relative;}#gspb_container-id-gsbp-0933911.gspb_container{display:flex;flex-direction:row;justify-content:flex-start;column-gap:30px;}@media (max-width:689.98px){#gspb_container-id-gsbp-0933911.gspb_container{flex-direction:column;row-gap:42px;}}#gspb_container-id-gsbp-0933911.gspb_container{box-sizing:border-box;}<\/style>\n<div class=\"wp-block-greenshift-blocks-container gspb_container gspb_container-gsbp-0933911\" id=\"gspb_container-id-gsbp-0933911\"><style>.gspb_container-id-gsbp-03fe3fc{flex-direction:column;box-sizing:border-box;}#gspb_container-id-gsbp-03fe3fc.gspb_container > p:last-of-type{margin-bottom:0}#gspb_container-id-gsbp-03fe3fc.gspb_container{position:relative;}#gspb_container-id-gsbp-03fe3fc.gspb_container{box-sizing:border-box;}<\/style>\n<div class=\"wp-block-greenshift-blocks-container gspb_container gspb_container-gsbp-03fe3fc\" id=\"gspb_container-id-gsbp-03fe3fc\"><style>#gspb_image-id-gsbp-0139d22 img{vertical-align:top;}#gspb_image-id-gsbp-0139d22 img{display:inline-block;box-sizing:border-box;max-width:100%;height:auto;}#gspb_image-id-gsbp-0139d22{margin-bottom:16px;}#gspb_image-id-gsbp-0139d22 img{border-top-left-radius:20px;border-top-right-radius:20px;border-bottom-right-radius:20px;border-bottom-left-radius:20px;}#gspb_image-id-gsbp-0139d22 img{border-style:solid;border-width:1px;border-color:#ebebeb;}<\/style>\n<div class=\"wp-block-greenshift-blocks-image gspb_image gspb_image-id-gsbp-0139d22\" id=\"gspb_image-id-gsbp-0139d22\"><img decoding=\"async\" src=\"https:\/\/www.markergroupe.com\/wp-content\/uploads\/2024\/11\/mmp-logo-1.webp\" data-src=\"\" alt=\"\" loading=\"lazy\" width=\"250\" height=\"250\" title=\"\"><\/div>\n\n\n<style>#gspb_button-id-gsbp-db071c8{display:flex;justify-content:flex-start;}#gspb_button-id-gsbp-db071c8 .gspb-buttonbox-text{display:flex;flex-direction:column;}#gspb_button-id-gsbp-db071c8 > .gspb-buttonbox{box-sizing:border-box}#gspb_button-id-gsbp-db071c8{justify-content:center;}<\/style>\n<div class=\"gspb_button_wrapper gspb_button-id-gsbp-db071c8\" id=\"gspb_button-id-gsbp-db071c8\"><a class=\"wp-block-greenshift-blocks-buttonbox gspb-buttonbox wp-element-button\" href=\"https:\/\/markermarketingplatform.com\/\" target=\"_blank\" rel=\"noopener nofollow\"><span class=\"gspb-buttonbox-textwrap\"><span class=\"gspb-buttonbox-text\"><span class=\"gspb-buttonbox-title\">Web Sitesi<\/span><\/span><\/span><\/a><\/div>\n<\/div>\n\n\n<style>.gspb_container-id-gsbp-b6b1ec9{flex-direction:column;box-sizing:border-box;}#gspb_container-id-gsbp-b6b1ec9.gspb_container > p:last-of-type{margin-bottom:0}#gspb_container-id-gsbp-b6b1ec9.gspb_container{position:relative;}#gspb_container-id-gsbp-b6b1ec9.gspb_container{box-sizing:border-box;}<\/style>\n<div class=\"wp-block-greenshift-blocks-container gspb_container gspb_container-gsbp-b6b1ec9\" id=\"gspb_container-id-gsbp-b6b1ec9\"><style>#gspb_image-id-gsbp-7a3a764 img{vertical-align:top;}#gspb_image-id-gsbp-7a3a764 img{display:inline-block;box-sizing:border-box;max-width:100%;height:auto;}#gspb_image-id-gsbp-7a3a764 img{border-top-left-radius:20px;border-top-right-radius:20px;border-bottom-right-radius:20px;border-bottom-left-radius:20px;}#gspb_image-id-gsbp-7a3a764 img{border-style:solid;border-width:1px;border-color:#ebebeb;}<\/style>\n<div class=\"wp-block-greenshift-blocks-image gspb_image gspb_image-id-gsbp-7a3a764\" id=\"gspb_image-id-gsbp-7a3a764\"><img decoding=\"async\" src=\"https:\/\/www.markergroupe.com\/wp-content\/uploads\/2024\/11\/genoka-200x200-logo-1.webp\" data-src=\"\" alt=\"\" loading=\"lazy\" width=\"250\" height=\"250\" title=\"\"><\/div>\n\n\n<style>#gspb_button-id-gsbp-27a3fbf{display:flex;justify-content:flex-start;}#gspb_button-id-gsbp-27a3fbf .gspb-buttonbox-text{display:flex;flex-direction:column;}#gspb_button-id-gsbp-27a3fbf > .gspb-buttonbox{box-sizing:border-box}#gspb_button-id-gsbp-27a3fbf{justify-content:center;}#gspb_button-id-gsbp-27a3fbf > .gspb-buttonbox{margin-top:16px;}<\/style>\n<div class=\"gspb_button_wrapper gspb_button-id-gsbp-27a3fbf\" id=\"gspb_button-id-gsbp-27a3fbf\"><a class=\"wp-block-greenshift-blocks-buttonbox gspb-buttonbox wp-element-button\" href=\"https:\/\/genoka.com\/\" target=\"_blank\" rel=\"noopener nofollow\"><span class=\"gspb-buttonbox-textwrap\"><span class=\"gspb-buttonbox-text\"><span class=\"gspb-buttonbox-title\">Web Sitesi<\/span><\/span><\/span><\/a><\/div>\n<\/div>\n<\/div>\n<\/div><\/div><\/div>\n<\/div>\n<\/div>\n <\/div><\/div>\n","protected":false},"excerpt":{"rendered":"","protected":false},"author":1,"featured_media":4803,"parent":0,"menu_order":0,"comment_status":"closed","ping_status":"closed","template":"","meta":{"_gspb_post_css":"","content-type":"","footnotes":""},"class_list":["post-4079","page","type-page","status-publish","has-post-thumbnail","hentry"],"blocksy_meta":[],"_links":{"self":[{"href":"https:\/\/www.markergroupe.com\/tr\/wp-json\/wp\/v2\/pages\/4079","targetHints":{"allow":["GET"]}}],"collection":[{"href":"https:\/\/www.markergroupe.com\/tr\/wp-json\/wp\/v2\/pages"}],"about":[{"href":"https:\/\/www.markergroupe.com\/tr\/wp-json\/wp\/v2\/types\/page"}],"author":[{"embeddable":true,"href":"https:\/\/www.markergroupe.com\/tr\/wp-json\/wp\/v2\/users\/1"}],"replies":[{"embeddable":true,"href":"https:\/\/www.markergroupe.com\/tr\/wp-json\/wp\/v2\/comments?post=4079"}],"version-history":[{"count":0,"href":"https:\/\/www.markergroupe.com\/tr\/wp-json\/wp\/v2\/pages\/4079\/revisions"}],"wp:featuredmedia":[{"embeddable":true,"href":"https:\/\/www.markergroupe.com\/tr\/wp-json\/wp\/v2\/media\/4803"}],"wp:attachment":[{"href":"https:\/\/www.markergroupe.com\/tr\/wp-json\/wp\/v2\/media?parent=4079"}],"curies":[{"name":"wp","href":"https:\/\/api.w.org\/{rel}","templated":true}]}}