{"id":3765,"date":"2024-11-22T06:42:58","date_gmt":"2024-11-22T06:42:58","guid":{"rendered":"https:\/\/www.markergroupe.com\/basari-hikayeleri\/vitocco-excellent-seo-case-study\/"},"modified":"2025-06-30T14:23:07","modified_gmt":"2025-06-30T14:23:07","slug":"vitocco-seo-calismasi","status":"publish","type":"page","link":"https:\/\/www.markergroupe.com\/tr\/basari-hikayeleri\/vitocco-seo-calismasi\/","title":{"rendered":"Vitocco | SEO \u00c7al\u0131\u015fmas\u0131"},"content":{"rendered":"<style>#gspb_row-id-gsbp-38de82c{justify-content:space-between;margin-top:0px;margin-bottom:0px;display:flex;flex-wrap:wrap;}#gspb_row-id-gsbp-38de82c > .gspb_row__content{display:flex;justify-content:space-between;margin:0 auto;width:100%;flex-wrap:wrap;}.gspb_row{position:relative;}div[id^=gspb_col-id]{box-sizing:border-box;position:relative;}div[id^=gspb_col-id]{padding:var(--gs-row-column-padding,15px min(3vw,20px));}body.gspb-bodyfront #gspb_row-id-gsbp-38de82c > .gspb_row__content{width:var(--theme-container-width,1200px);}body.gspb-bodyfront #gspb_row-id-gsbp-38de82c > .gspb_row__content{max-width:var(--theme-normal-container-max-width,1200px);}#gspb_row-id-gsbp-38de82c{margin-bottom:60px;padding-top:80px;padding-bottom:80px;}@media (max-width:689.98px){#gspb_row-id-gsbp-38de82c{margin-bottom:30px;padding-top:50px;padding-bottom:50px;}}#gspb_row-id-gsbp-38de82c{background-color:var(--wp--preset--color--palette-color-1,var(--theme-palette-color-1,#F4CE0B));}<\/style>\n<div class=\"wp-block-greenshift-blocks-row alignfull gspb_row gspb_row-id-gsbp-38de82c\" id=\"gspb_row-id-gsbp-38de82c\"><div class=\"gspb_row__content\"> <style>#gspb_col-id-gsbp-099db26.gspb_row__col--12{width:100%;}@media (max-width:689.98px){#gspb_col-id-gsbp-099db26.gspb_row__col--12{width:100%;}}<\/style>\n<div class=\"wp-block-greenshift-blocks-row-column gspb_row__col--12 gspb_col-id-gsbp-099db26\" id=\"gspb_col-id-gsbp-099db26\"><style>@media (max-width:689.98px){#gspb_heading-id-gsbp-d8ae530{font-size:18px;}}#gspb_heading-id-gsbp-d8ae530,#gspb_heading-id-gsbp-d8ae530 .gsap-g-line{text-align:center!important;}#gspb_heading-id-gsbp-d8ae530{margin-bottom:0px;}<\/style>\n<h1 id=\"gspb_heading-id-gsbp-d8ae530\" class=\"gspb_heading gspb_heading-id-gsbp-d8ae530 \">Vitocco | SEO \u00c7al\u0131\u015fmas\u0131<\/h1>\n<\/div>\n <\/div><\/div>\n\n\n\n<p><strong>Vitocco;&nbsp;B kompleks vitaminleri, c vitamini, \u00e7inko ve magnezyum i\u00e7eren takviyeleri i\u00e7eren bir vitamin ve mineral \u00fcr\u00fcn\u00fcd\u00fcr.&nbsp;Abdi \u0130brahim\u2019e aittir.<\/strong><\/p>\n\n\n\n<h6 class=\"wp-block-heading\" id=\"markanin-bize-katilmadan-once-karsilastiklari-zorluklar\">MARKANIN B\u0130ZE KATILMADAN \u00d6NCE KAR\u015eILA\u015eTIKLARI ZORLUKLAR:<\/h6>\n\n\n\n<p>Marka bizimle ileti\u015fime ge\u00e7ti\u011finde;&nbsp;web sitesi Google Arama Motoru taraf\u0131ndan indekslenmiyor ve Google Search Console ve Google Analytics hesaplar\u0131na veri ak\u0131\u015f\u0131 sa\u011flanam\u0131yordu. SEO alan\u0131nda da geli\u015ftirilmesi gereken unsurlar vard\u0131.<\/p>\n\n\n\n<h6 class=\"wp-block-heading\" id=\"stratejimiz\">STRATEJ\u0130M\u0130Z<\/h6>\n\n\n\n<p>Sorunlar\u0131n tespiti ve \u00e7\u00f6z\u00fcm\u00fc i\u00e7in a\u015fa\u011f\u0131daki \u00e7al\u0131\u015fmalar\u0131 planlad\u0131k;&nbsp;<\/p>\n\n\n\n<ul class=\"wp-block-list\">\n<li>vitocco.com.tr\u2019nin neden indekslenmedi\u011fi ile ilgili analizlerin yap\u0131lmas\u0131,<\/li>\n\n\n\n<li>Google Search Console, Google Analytics ve Google Tag Manager hesaplar\u0131n\u0131n incelenmesi,<\/li>\n\n\n\n<li>Web sitesindeki Google Search Console, Google Analytics, Google Tag Manager kodlar\u0131n\u0131n incelenmesi,<\/li>\n\n\n\n<li>Google Search Console hatalar\u0131n\u0131n analiz edilmesi,<\/li>\n\n\n\n<li>SEO puan\u0131n\u0131 etkileyen fakt\u00f6rlerin belirlenmesi.<\/li>\n<\/ul>\n\n\n\n<h6 class=\"wp-block-heading\" id=\"marka-icin-gerceklestirdigimiz-faaliyetler\">MARKA \u0130\u00c7\u0130N GER\u00c7EKLE\u015eT\u0130RD\u0130\u011e\u0130M\u0130Z FAAL\u0130YETLER:<\/h6>\n\n\n\n<ul class=\"wp-block-list\">\n<li>Google Search Console do\u011frulamas\u0131 tamamland\u0131.<\/li>\n\n\n\n<li>Google Search Console hesap d\u00fczenlemeleri yap\u0131lm\u0131\u015ft\u0131r.<\/li>\n\n\n\n<li>Google Search Console revizyonundan sonra web sitesindeki ba\u015fl\u0131klar ve a\u00e7\u0131klamalar Google\u2019\u0131n yeni indeksleme stiline g\u00f6re d\u00fczenlendi.<\/li>\n\n\n\n<li>Web sitesindeki 404, 301 gibi hatalar d\u00fczeltildi.&nbsp;D\u00fczenlemelerin ard\u0131ndan sitedeki bozuk linkler temizlendi.<\/li>\n\n\n\n<li>Web sitesinin dizine eklenmesini engelleyen kod hatalar\u0131 d\u00fczeltildi.<\/li>\n\n\n\n<li>Web sitesinin Google Search Console \u00fczerinden indekslenmesi i\u00e7in indeksleme talebi g\u00f6nderildi.<\/li>\n\n\n\n<li>Web sitesindeki Google Analytics kodlar\u0131 kald\u0131r\u0131ld\u0131.<\/li>\n\n\n\n<li>Google Tag Manager hesab\u0131 olu\u015fturuldu ve siteye eklendi.<\/li>\n\n\n\n<li>Google Analytics hesaplar\u0131, Google Tag Manager kullan\u0131larak web sitesine eklendi.<\/li>\n\n\n\n<li>Veri ak\u0131\u015f\u0131n\u0131 analiz etmek i\u00e7in Google Analytics d\u00fczenlemeleri yap\u0131ld\u0131.<\/li>\n<\/ul>\n\n\n\n<h6 class=\"wp-block-heading\" id=\"sonuclar\">SONU\u00c7LAR:<\/h6>\n\n\n\n<ul class=\"wp-block-list\">\n<li>Google Search Console d\u00fczenlemelerinden sonra site Google\u2019a indexlenmeye ba\u015flad\u0131.<\/li>\n<\/ul>\n\n\n<style>#gspb_image-id-gsbp-7aeacb7{text-align:center;}#gspb_image-id-gsbp-7aeacb7 img{vertical-align:top;}#gspb_image-id-gsbp-7aeacb7 img{display:inline-block;box-sizing:border-box;max-width:100%;height:auto;}<\/style>\n<div class=\"wp-block-greenshift-blocks-image gspb_image gspb_image-id-gsbp-7aeacb7\" id=\"gspb_image-id-gsbp-7aeacb7\"><img decoding=\"async\" src=\"https:\/\/www.markergroupe.com\/wp-content\/uploads\/2024\/11\/vitocco-indexleme-1024x629-1.webp\" data-src=\"\" alt=\"\" loading=\"lazy\" width=\"1024\" height=\"629\" title=\"\"><\/div>\n\n\n\n<ul class=\"wp-block-list\">\n<li>Google Search Console ve Google Analytics hesaplar\u0131na veri ak\u0131\u015f\u0131 ba\u015flad\u0131.<\/li>\n\n\n\n<li>SEO \u00e7al\u0131\u015fmas\u0131 sayesinde organik trafik artt\u0131r\u0131ld\u0131.<\/li>\n\n\n\n<li>Web sitesindeki bo\u015fta kalan kodlar temizlendi ve web sitesinin y\u00fcklenme h\u0131z\u0131 art\u0131r\u0131ld\u0131.<\/li>\n\n\n\n<li>SEO puan\u0131 %100\u2019e y\u00fckseldi.<\/li>\n<\/ul>\n\n\n\n<p><\/p>\n\n\n\n<p><\/p>\n\n\n\n<p><\/p>\n\n\n\n<p><\/p>\n","protected":false},"excerpt":{"rendered":"<p>Vitocco;&nbsp;B kompleks vitaminleri, c vitamini, \u00e7inko ve magnezyum i\u00e7eren takviyeleri i\u00e7eren bir vitamin ve mineral \u00fcr\u00fcn\u00fcd\u00fcr.&nbsp;Abdi \u0130brahim\u2019e aittir. MARKANIN B\u0130ZE KATILMADAN \u00d6NCE KAR\u015eILA\u015eTIKLARI ZORLUKLAR: Marka bizimle ileti\u015fime ge\u00e7ti\u011finde;&nbsp;web sitesi Google Arama Motoru taraf\u0131ndan indekslenmiyor ve Google Search Console ve Google Analytics hesaplar\u0131na veri ak\u0131\u015f\u0131 sa\u011flanam\u0131yordu. SEO alan\u0131nda da geli\u015ftirilmesi gereken unsurlar vard\u0131. STRATEJ\u0130M\u0130Z Sorunlar\u0131n tespiti [&hellip;]<\/p>\n","protected":false},"author":1,"featured_media":2559,"parent":3454,"menu_order":0,"comment_status":"closed","ping_status":"closed","template":"","meta":{"_gspb_post_css":"","content-type":"","footnotes":""},"class_list":["post-3765","page","type-page","status-publish","has-post-thumbnail","hentry"],"blocksy_meta":[],"_links":{"self":[{"href":"https:\/\/www.markergroupe.com\/tr\/wp-json\/wp\/v2\/pages\/3765","targetHints":{"allow":["GET"]}}],"collection":[{"href":"https:\/\/www.markergroupe.com\/tr\/wp-json\/wp\/v2\/pages"}],"about":[{"href":"https:\/\/www.markergroupe.com\/tr\/wp-json\/wp\/v2\/types\/page"}],"author":[{"embeddable":true,"href":"https:\/\/www.markergroupe.com\/tr\/wp-json\/wp\/v2\/users\/1"}],"replies":[{"embeddable":true,"href":"https:\/\/www.markergroupe.com\/tr\/wp-json\/wp\/v2\/comments?post=3765"}],"version-history":[{"count":0,"href":"https:\/\/www.markergroupe.com\/tr\/wp-json\/wp\/v2\/pages\/3765\/revisions"}],"up":[{"embeddable":true,"href":"https:\/\/www.markergroupe.com\/tr\/wp-json\/wp\/v2\/pages\/3454"}],"wp:featuredmedia":[{"embeddable":true,"href":"https:\/\/www.markergroupe.com\/tr\/wp-json\/wp\/v2\/media\/2559"}],"wp:attachment":[{"href":"https:\/\/www.markergroupe.com\/tr\/wp-json\/wp\/v2\/media?parent=3765"}],"curies":[{"name":"wp","href":"https:\/\/api.w.org\/{rel}","templated":true}]}}