{"id":3761,"date":"2024-11-22T06:37:15","date_gmt":"2024-11-22T06:37:15","guid":{"rendered":"https:\/\/www.markergroupe.com\/basari-hikayeleri\/kuyem-grew-by-800-with-marker-groupes-digital-marketing-strategies\/"},"modified":"2025-09-02T06:59:53","modified_gmt":"2025-09-02T06:59:53","slug":"kuyem-marker-groupe-dijital-pazarlama-stratejileri-ile-buyudu","status":"publish","type":"page","link":"https:\/\/www.markergroupe.com\/tr\/basari-hikayeleri\/kuyem-marker-groupe-dijital-pazarlama-stratejileri-ile-buyudu\/","title":{"rendered":"KUYEM | Marker Groupe&#8217;un Dijital Pazarlama Stratejileri ile %800 B\u00fcy\u00fcd\u00fc!"},"content":{"rendered":"<style>#gspb_row-id-gsbp-38de82c{justify-content:space-between;margin-top:0px;margin-bottom:0px;display:flex;flex-wrap:wrap;}#gspb_row-id-gsbp-38de82c > .gspb_row__content{display:flex;justify-content:space-between;margin:0 auto;width:100%;flex-wrap:wrap;}.gspb_row{position:relative;}div[id^=gspb_col-id]{box-sizing:border-box;position:relative;}div[id^=gspb_col-id]{padding:var(--gs-row-column-padding,15px min(3vw,20px));}body.gspb-bodyfront #gspb_row-id-gsbp-38de82c > .gspb_row__content{width:var(--theme-container-width,1200px);}body.gspb-bodyfront #gspb_row-id-gsbp-38de82c > .gspb_row__content{max-width:var(--theme-normal-container-max-width,1200px);}#gspb_row-id-gsbp-38de82c{margin-bottom:60px;padding-top:80px;padding-bottom:80px;}@media (max-width:689.98px){#gspb_row-id-gsbp-38de82c{margin-bottom:30px;padding-top:50px;padding-bottom:50px;}}#gspb_row-id-gsbp-38de82c{background-color:var(--wp--preset--color--palette-color-1,var(--theme-palette-color-1,#F4CE0B));}<\/style>\n<div class=\"wp-block-greenshift-blocks-row alignfull gspb_row gspb_row-id-gsbp-38de82c\" id=\"gspb_row-id-gsbp-38de82c\"><div class=\"gspb_row__content\"> <style>#gspb_col-id-gsbp-099db26.gspb_row__col--12{width:100%;}@media (max-width:689.98px){#gspb_col-id-gsbp-099db26.gspb_row__col--12{width:100%;}}<\/style>\n<div class=\"wp-block-greenshift-blocks-row-column gspb_row__col--12 gspb_col-id-gsbp-099db26\" id=\"gspb_col-id-gsbp-099db26\"><style>@media (max-width:689.98px){#gspb_heading-id-gsbp-d8ae530{font-size:18px;}}#gspb_heading-id-gsbp-d8ae530,#gspb_heading-id-gsbp-d8ae530 .gsap-g-line{text-align:center!important;}#gspb_heading-id-gsbp-d8ae530{margin-bottom:0px;}<\/style>\n<h1 id=\"gspb_heading-id-gsbp-d8ae530\" class=\"gspb_heading gspb_heading-id-gsbp-d8ae530 \">KUYEM | Marker Groupe&#8217;un Dijital Pazarlama Stratejileri ile %800 B\u00fcy\u00fcd\u00fc!<\/h1>\n<\/div>\n <\/div><\/div>\n\n\n\n<p><strong>Kent \u00dcniversitesi S\u00fcrekli E\u011fitim Merkezi (K\u00dcYEM), sertifikal\u0131 ve onayl\u0131 e\u011fitimleri ile bireylerin sekt\u00f6rde ve kariyerlerindeki konumlar\u0131n\u0131 g\u00fc\u00e7lendirmeyi ama\u00e7layan bir e\u011fitim kurumu.<\/strong><\/p>\n\n\n\n<p>Marker Groupe, K\u00dcYEM\u2019in hedef kitlesini belirleyip onlarla etkile\u015fim kurmak i\u00e7in Meta, LinkedIn, Google Ads ve Programatik kampanyalar\u0131 kullanarak \u00f6zel bir dijital pazarlama stratejisi geli\u015ftirdi. Bu strateji, odakl\u0131 trafiklerle kullan\u0131c\u0131lara K\u00dcYEM\u2019in e\u011fitimleri ve kapsamlar\u0131 hakk\u0131nda \u00f6n bilgi sa\u011flamay\u0131 ama\u00e7l\u0131yorduk.<\/p>\n\n\n<style>#gspb_image-id-gsbp-23e130e{text-align:center;}#gspb_image-id-gsbp-23e130e img{vertical-align:top;}#gspb_image-id-gsbp-23e130e img{display:inline-block;box-sizing:border-box;max-width:100%;height:auto;}<\/style>\n<div class=\"wp-block-greenshift-blocks-image gspb_image gspb_image-id-gsbp-23e130e\" id=\"gspb_image-id-gsbp-23e130e\"><img decoding=\"async\" src=\"https:\/\/www.markergroupe.com\/wp-content\/uploads\/2024\/11\/KUYEM.webp\" data-src=\"\" alt=\"\" loading=\"lazy\" width=\"1287\" height=\"454\" title=\"\"><\/div>\n\n\n\n<p><strong>Stratejik Ad\u0131mlar:<\/strong><\/p>\n\n\n\n<p>Do\u011fru Hedef Kitlesi Belirleme: Meta, LinkedIn, Programatik ve Google Ads \u00fczerinden hedef kitlesini belirleyerek K\u00dcYEM\u2019i ilgili ki\u015filerle bulu\u015fturduk.<\/p>\n\n\n\n<p>\u0130\u00e7erik Odakl\u0131 Trafik: E\u011fitim ve i\u00e7eriklere odaklanan reklamlar arac\u0131l\u0131\u011f\u0131yla kullan\u0131c\u0131lara K\u00dcYEM\u2019in sundu\u011fu avantajlar\u0131 vurgulad\u0131k.<\/p>\n\n\n\n<p>Lead Generation Kampanyalar\u0131: Meta platformunda ger\u00e7ekle\u015ftirilen lead generation kampanyalar\u0131 ile kullan\u0131c\u0131lar e\u011fitimlere ba\u015fvuruda bulunabildi ve detayl\u0131 bilgi alabildi.<\/p>\n\n\n\n<p>G\u00f6rsel ve Video Reklamlar: \u00d6zellikle Meta platformunda g\u00f6rsel ve video odakl\u0131 reklamlarla kaliteli formlar elde edildi. E\u011fitmenlerin e\u011fitim i\u00e7eri\u011fi hakk\u0131nda bilgilendirme yapt\u0131\u011f\u0131 videolar kullanarak ba\u015fvuru oranlar\u0131n\u0131 artt\u0131rd\u0131k.<\/p>\n\n\n\n<p>D\u00fc\u015f\u00fck Form Maliyeti ve Y\u00fcksek D\u00f6n\u00fc\u015f\u00fcm Oran\u0131: Form maliyetini d\u00fc\u015f\u00fck tutmak i\u00e7in \u00f6zellikle intent seviyesinde formlar belirledik ve gereksiz ba\u015fvurular\u0131 \u00f6nlemek ad\u0131na ek sorular ekledik.<\/p>\n\n\n\n<p><strong>Ba\u015far\u0131 \u00d6l\u00e7\u00fctleri:<\/strong><\/p>\n\n\n\n<p>Marker Groupe\u2019un dijital pazarlama stratejileri sayesinde K\u00dcYEM, %800\u2019\u00fcn \u00fczerinde bir b\u00fcy\u00fcme elde etti. D\u00fc\u015f\u00fck form maliyeti ve y\u00fcksek d\u00f6n\u00fc\u015f\u00fcm oranlar\u0131, stratejimizin etkili bir \u015fekilde uyguland\u0131\u011f\u0131n\u0131 g\u00f6steriyor.<\/p>\n\n\n\n<p><strong>Siz de Ba\u015far\u0131 Hikayemize Kat\u0131l\u0131n!<\/strong><\/p>\n\n\n\n<p>E\u011fitim sekt\u00f6r\u00fcnde dijital pazarlama stratejileriyle ba\u015far\u0131 elde etmek istiyorsan\u0131z, en do\u011fru adreste oldu\u011funuzu unutmay\u0131n. Marker Groupe, i\u015fletmenizi en ilgili kitleyle bulu\u015fturman\u0131za yard\u0131mc\u0131 olmaktad\u0131r. \u0130leti\u015fime ge\u00e7in ve dijital d\u00fcnyada b\u00fcy\u00fcmeye ba\u015flay\u0131n!<\/p>\n","protected":false},"excerpt":{"rendered":"<p>Kent \u00dcniversitesi S\u00fcrekli E\u011fitim Merkezi (K\u00dcYEM), sertifikal\u0131 ve onayl\u0131 e\u011fitimleri ile bireylerin sekt\u00f6rde ve kariyerlerindeki konumlar\u0131n\u0131 g\u00fc\u00e7lendirmeyi ama\u00e7layan bir e\u011fitim kurumu. Marker Groupe, K\u00dcYEM\u2019in hedef kitlesini belirleyip onlarla etkile\u015fim kurmak i\u00e7in Meta, LinkedIn, Google Ads ve Programatik kampanyalar\u0131 kullanarak \u00f6zel bir dijital pazarlama stratejisi geli\u015ftirdi. Bu strateji, odakl\u0131 trafiklerle kullan\u0131c\u0131lara K\u00dcYEM\u2019in e\u011fitimleri ve kapsamlar\u0131 hakk\u0131nda [&hellip;]<\/p>\n","protected":false},"author":1,"featured_media":5808,"parent":3454,"menu_order":0,"comment_status":"closed","ping_status":"closed","template":"","meta":{"_gspb_post_css":"","content-type":"","footnotes":""},"class_list":["post-3761","page","type-page","status-publish","has-post-thumbnail","hentry"],"blocksy_meta":[],"_links":{"self":[{"href":"https:\/\/www.markergroupe.com\/tr\/wp-json\/wp\/v2\/pages\/3761","targetHints":{"allow":["GET"]}}],"collection":[{"href":"https:\/\/www.markergroupe.com\/tr\/wp-json\/wp\/v2\/pages"}],"about":[{"href":"https:\/\/www.markergroupe.com\/tr\/wp-json\/wp\/v2\/types\/page"}],"author":[{"embeddable":true,"href":"https:\/\/www.markergroupe.com\/tr\/wp-json\/wp\/v2\/users\/1"}],"replies":[{"embeddable":true,"href":"https:\/\/www.markergroupe.com\/tr\/wp-json\/wp\/v2\/comments?post=3761"}],"version-history":[{"count":0,"href":"https:\/\/www.markergroupe.com\/tr\/wp-json\/wp\/v2\/pages\/3761\/revisions"}],"up":[{"embeddable":true,"href":"https:\/\/www.markergroupe.com\/tr\/wp-json\/wp\/v2\/pages\/3454"}],"wp:featuredmedia":[{"embeddable":true,"href":"https:\/\/www.markergroupe.com\/tr\/wp-json\/wp\/v2\/media\/5808"}],"wp:attachment":[{"href":"https:\/\/www.markergroupe.com\/tr\/wp-json\/wp\/v2\/media?parent=3761"}],"curies":[{"name":"wp","href":"https:\/\/api.w.org\/{rel}","templated":true}]}}