{"id":3755,"date":"2024-11-22T06:42:29","date_gmt":"2024-11-22T06:42:29","guid":{"rendered":"https:\/\/www.markergroupe.com\/basari-hikayeleri\/hometex-google-ads-issues\/"},"modified":"2025-06-30T14:47:17","modified_gmt":"2025-06-30T14:47:17","slug":"hometex-google-ads-sorunlari","status":"publish","type":"page","link":"https:\/\/www.markergroupe.com\/tr\/basari-hikayeleri\/hometex-google-ads-sorunlari\/","title":{"rendered":"Hometex | Google Ads Sorunlar\u0131"},"content":{"rendered":"<style>#gspb_row-id-gsbp-38de82c{justify-content:space-between;margin-top:0px;margin-bottom:0px;display:flex;flex-wrap:wrap;}#gspb_row-id-gsbp-38de82c > .gspb_row__content{display:flex;justify-content:space-between;margin:0 auto;width:100%;flex-wrap:wrap;}.gspb_row{position:relative;}div[id^=gspb_col-id]{box-sizing:border-box;position:relative;}div[id^=gspb_col-id]{padding:var(--gs-row-column-padding,15px min(3vw,20px));}body.gspb-bodyfront #gspb_row-id-gsbp-38de82c > .gspb_row__content{width:var(--theme-container-width,1200px);}body.gspb-bodyfront #gspb_row-id-gsbp-38de82c > .gspb_row__content{max-width:var(--theme-normal-container-max-width,1200px);}#gspb_row-id-gsbp-38de82c{margin-bottom:60px;padding-top:80px;padding-bottom:80px;}@media (max-width:689.98px){#gspb_row-id-gsbp-38de82c{margin-bottom:30px;padding-top:50px;padding-bottom:50px;}}#gspb_row-id-gsbp-38de82c{background-color:var(--wp--preset--color--palette-color-1,var(--theme-palette-color-1,#F4CE0B));}<\/style>\n<div class=\"wp-block-greenshift-blocks-row alignfull gspb_row gspb_row-id-gsbp-38de82c\" id=\"gspb_row-id-gsbp-38de82c\"><div class=\"gspb_row__content\"> <style>#gspb_col-id-gsbp-099db26.gspb_row__col--12{width:100%;}@media (max-width:689.98px){#gspb_col-id-gsbp-099db26.gspb_row__col--12{width:100%;}}<\/style>\n<div class=\"wp-block-greenshift-blocks-row-column gspb_row__col--12 gspb_col-id-gsbp-099db26\" id=\"gspb_col-id-gsbp-099db26\"><style>@media (max-width:689.98px){#gspb_heading-id-gsbp-d8ae530{font-size:18px;}}#gspb_heading-id-gsbp-d8ae530,#gspb_heading-id-gsbp-d8ae530 .gsap-g-line{text-align:center!important;}#gspb_heading-id-gsbp-d8ae530{margin-bottom:0px;}<\/style>\n<h1 id=\"gspb_heading-id-gsbp-d8ae530\" class=\"gspb_heading gspb_heading-id-gsbp-d8ae530 \">Hometex | Google Ads Sorunlar\u0131<\/h1>\n<\/div>\n <\/div><\/div>\n\n\n\n<p><strong>Ev tekstilinde d\u00fcnyan\u0131n en prestijli fuarlar\u0131ndan biri olan HOMETEX, sekt\u00f6r\u00fcn ulusal ve uluslararas\u0131 oyuncular\u0131n\u0131 \u0130stanbul\u2019da bulu\u015fturan bir organizasyondur.<\/strong><\/p>\n\n\n\n<p>Daha \u00f6nce Hometex internet sitesine yap\u0131lan sald\u0131r\u0131dan bahsetmi\u015ftik.&nbsp;Ayr\u0131nt\u0131lar\u0131&nbsp;<a href=\"https:\/\/www.markergroupe.com\/tr\/basari-hikayeleri\/hometex-basarili-bir-seo-analizi\/\">buradan<\/a>&nbsp;inceleyebilirsiniz&nbsp;.<\/p>\n\n\n\n<p>Web sitesini sald\u0131r\u0131n\u0131n etkilerinden kurtararak sorunlar\u0131 ortadan kald\u0131rd\u0131k.&nbsp;Ancak marka, Google Ads\u2019de domain kaynakl\u0131 olarak etkilendi ve kampanyalar\u0131n\u0131 yay\u0131nlayamad\u0131.<\/p>\n\n\n\n<p>Hometex, Google Ads ile ilgili sorunu \u00e7\u00f6zmek i\u00e7in Digital Marker ile ileti\u015fime ge\u00e7ti.<\/p>\n\n\n\n<p>Digital Marker web sitesini tekrar tarad\u0131 ve veritaban\u0131 dosyalar\u0131n\u0131 kontrol etti.&nbsp;Web sitesinde ve veritaban\u0131nda bir sorun tespit edilemedi.<\/p>\n\n\n\n<p>Google Ads ekibi ile yap\u0131lan g\u00f6r\u00fc\u015fmeler sonucunda herhangi bir sorun olmad\u0131\u011f\u0131 ve Google tarama botlar\u0131n\u0131n web sitesini d\u00fczg\u00fcn bir \u015fekilde tarayamad\u0131\u011f\u0131 belirtildi.<\/p>\n\n\n\n<p>Google Ads ekibi soruna bir \u00e7\u00f6z\u00fcm bulamay\u0131nca Hometex, Google kampanyalar\u0131na ara vermek zorunda kald\u0131.<\/p>\n\n\n\n<p><strong>B\u0130Z NE YAPTIK?<\/strong><\/p>\n\n\n\n<p>Fuara s\u0131n\u0131rl\u0131 bir s\u00fcre kalm\u0131\u015ft\u0131 ve markan\u0131n h\u0131zl\u0131 hareket etmesi gerekiyordu.<\/p>\n\n\n\n<p>Sorunu olabildi\u011fince \u00e7abuk \u00e7\u00f6zmek i\u00e7in farkl\u0131 bir domain \u00fczerinden one-page bir web sitesi haz\u0131rlad\u0131k.<\/p>\n\n\n\n<p>Haz\u0131rlad\u0131\u011f\u0131m\u0131z web sitesinin h\u0131zl\u0131 bir \u015fekilde Google\u2019a indekslenmesi i\u00e7in gerekli t\u00fcm d\u00fczenlemeleri Google Search Console kullanarak yapt\u0131k.<\/p>\n\n\n\n<p>Marka i\u00e7in yeni bir Google Ads hesab\u0131 ve \u00f6deme profili olu\u015fturarak reklamveren do\u011frulamas\u0131 yapt\u0131k.<\/p>\n\n\n\n<p>Reklamveren do\u011frulamas\u0131ndan sonra, yeni alan ad\u0131 ile test kampanyalar\u0131 olu\u015fturarak herhangi bir sorun olmad\u0131\u011f\u0131n\u0131 do\u011frulad\u0131k.<\/p>\n\n\n\n<p>Marka, Google Ads kampanyalar\u0131na yeni bir alan ad\u0131 ve web sitesi ile devam etti.<\/p>\n\n\n\n<p>Marker Groupe\u2019un sa\u011flad\u0131\u011f\u0131 hizmetler hakk\u0131nda bilgi edinmek i\u00e7in bizimle&nbsp;<strong><a href=\"https:\/\/www.markergroupe.com\/iletisim\">MarkerGroupe.com<\/a><\/strong>&nbsp;web sitesi \u00fczerinden veya&nbsp;<strong>hello@markergroupe.com<\/strong>&nbsp;e-mail adresi \u00fczerinden ileti\u015fime ge\u00e7ebilirsiniz.<\/p>\n","protected":false},"excerpt":{"rendered":"<p>Ev tekstilinde d\u00fcnyan\u0131n en prestijli fuarlar\u0131ndan biri olan HOMETEX, sekt\u00f6r\u00fcn ulusal ve uluslararas\u0131 oyuncular\u0131n\u0131 \u0130stanbul\u2019da bulu\u015fturan bir organizasyondur. Daha \u00f6nce Hometex internet sitesine yap\u0131lan sald\u0131r\u0131dan bahsetmi\u015ftik.&nbsp;Ayr\u0131nt\u0131lar\u0131&nbsp;buradan&nbsp;inceleyebilirsiniz&nbsp;. Web sitesini sald\u0131r\u0131n\u0131n etkilerinden kurtararak sorunlar\u0131 ortadan kald\u0131rd\u0131k.&nbsp;Ancak marka, Google Ads\u2019de domain kaynakl\u0131 olarak etkilendi ve kampanyalar\u0131n\u0131 yay\u0131nlayamad\u0131. Hometex, Google Ads ile ilgili sorunu \u00e7\u00f6zmek i\u00e7in Digital Marker ile [&hellip;]<\/p>\n","protected":false},"author":1,"featured_media":2608,"parent":3454,"menu_order":0,"comment_status":"closed","ping_status":"closed","template":"","meta":{"_gspb_post_css":"","content-type":"","footnotes":""},"class_list":["post-3755","page","type-page","status-publish","has-post-thumbnail","hentry"],"blocksy_meta":[],"_links":{"self":[{"href":"https:\/\/www.markergroupe.com\/tr\/wp-json\/wp\/v2\/pages\/3755","targetHints":{"allow":["GET"]}}],"collection":[{"href":"https:\/\/www.markergroupe.com\/tr\/wp-json\/wp\/v2\/pages"}],"about":[{"href":"https:\/\/www.markergroupe.com\/tr\/wp-json\/wp\/v2\/types\/page"}],"author":[{"embeddable":true,"href":"https:\/\/www.markergroupe.com\/tr\/wp-json\/wp\/v2\/users\/1"}],"replies":[{"embeddable":true,"href":"https:\/\/www.markergroupe.com\/tr\/wp-json\/wp\/v2\/comments?post=3755"}],"version-history":[{"count":0,"href":"https:\/\/www.markergroupe.com\/tr\/wp-json\/wp\/v2\/pages\/3755\/revisions"}],"up":[{"embeddable":true,"href":"https:\/\/www.markergroupe.com\/tr\/wp-json\/wp\/v2\/pages\/3454"}],"wp:featuredmedia":[{"embeddable":true,"href":"https:\/\/www.markergroupe.com\/tr\/wp-json\/wp\/v2\/media\/2608"}],"wp:attachment":[{"href":"https:\/\/www.markergroupe.com\/tr\/wp-json\/wp\/v2\/media?parent=3755"}],"curies":[{"name":"wp","href":"https:\/\/api.w.org\/{rel}","templated":true}]}}