{"id":3751,"date":"2024-11-22T06:41:59","date_gmt":"2024-11-22T06:41:59","guid":{"rendered":"https:\/\/www.markergroupe.com\/basari-hikayeleri\/hometex-a-successful-analysis-and-seo-case-study\/"},"modified":"2025-06-30T14:53:26","modified_gmt":"2025-06-30T14:53:26","slug":"hometex-basarili-bir-seo-analizi","status":"publish","type":"page","link":"https:\/\/www.markergroupe.com\/tr\/basari-hikayeleri\/hometex-basarili-bir-seo-analizi\/","title":{"rendered":"Hometex | Ba\u015far\u0131l\u0131 Bir Seo Analizi"},"content":{"rendered":"<style>#gspb_row-id-gsbp-38de82c{justify-content:space-between;margin-top:0px;margin-bottom:0px;display:flex;flex-wrap:wrap;}#gspb_row-id-gsbp-38de82c > .gspb_row__content{display:flex;justify-content:space-between;margin:0 auto;width:100%;flex-wrap:wrap;}.gspb_row{position:relative;}div[id^=gspb_col-id]{box-sizing:border-box;position:relative;}div[id^=gspb_col-id]{padding:var(--gs-row-column-padding,15px min(3vw,20px));}body.gspb-bodyfront #gspb_row-id-gsbp-38de82c > .gspb_row__content{width:var(--theme-container-width,1200px);}body.gspb-bodyfront #gspb_row-id-gsbp-38de82c > .gspb_row__content{max-width:var(--theme-normal-container-max-width,1200px);}#gspb_row-id-gsbp-38de82c{margin-bottom:60px;padding-top:80px;padding-bottom:80px;}@media (max-width:689.98px){#gspb_row-id-gsbp-38de82c{margin-bottom:30px;padding-top:50px;padding-bottom:50px;}}#gspb_row-id-gsbp-38de82c{background-color:var(--wp--preset--color--palette-color-1,var(--theme-palette-color-1,#F4CE0B));}<\/style>\n<div class=\"wp-block-greenshift-blocks-row alignfull gspb_row gspb_row-id-gsbp-38de82c\" id=\"gspb_row-id-gsbp-38de82c\"><div class=\"gspb_row__content\"> <style>#gspb_col-id-gsbp-099db26.gspb_row__col--12{width:100%;}@media (max-width:689.98px){#gspb_col-id-gsbp-099db26.gspb_row__col--12{width:100%;}}<\/style>\n<div class=\"wp-block-greenshift-blocks-row-column gspb_row__col--12 gspb_col-id-gsbp-099db26\" id=\"gspb_col-id-gsbp-099db26\"><style>@media (max-width:689.98px){#gspb_heading-id-gsbp-d8ae530{font-size:18px;}}#gspb_heading-id-gsbp-d8ae530,#gspb_heading-id-gsbp-d8ae530 .gsap-g-line{text-align:center!important;}#gspb_heading-id-gsbp-d8ae530{margin-bottom:0px;}<\/style>\n<h1 id=\"gspb_heading-id-gsbp-d8ae530\" class=\"gspb_heading gspb_heading-id-gsbp-d8ae530 \">Hometex | Ba\u015far\u0131l\u0131 Bir Seo Analizi<\/h1>\n<\/div>\n <\/div><\/div>\n\n\n\n<p><strong>Ev tekstilinde d\u00fcnyan\u0131n en prestijli fuarlar\u0131ndan biri olan HOMETEX, sekt\u00f6r\u00fcn ulusal ve uluslararas\u0131 markalar\u0131n\u0131 \u0130stanbul\u2019da bulu\u015fturan bir organizasyondur.<\/strong><\/p>\n\n\n\n<p><strong>HOMETEX\u2019\u0130N B\u0130ZE KATILMADAN \u00d6NCE KAR\u015eILA\u015eTIKLARI ZORLUKLAR:<\/strong><\/p>\n\n\n\n<ul class=\"wp-block-list\">\n<li>Site i\u00e7eri\u011finden ba\u011f\u0131ms\u0131z olarak hasarl\u0131 sayfalar\u0131n olu\u015fmas\u0131,<\/li>\n\n\n\n<li>\u00dcretilen hasarl\u0131 sayfalar\u0131n \u00e7oklu dil yap\u0131s\u0131na sahip olmas\u0131,<\/li>\n\n\n\n<li>Google taraf\u0131ndan \u00fcretilen hasarl\u0131 sayfalar\u0131n indexlenmesi ve m\u00fc\u015fteri g\u00fcveninin kayb\u0131,<\/li>\n\n\n\n<li>Veri s\u0131z\u0131nt\u0131s\u0131 endi\u015feleri.<\/li>\n\n\n\n<li><\/li>\n<\/ul>\n\n\n\n<p><strong>STRATEJ\u0130M\u0130Z:<\/strong><\/p>\n\n\n\n<p>hometex.com.tr domaininin t\u00fcm yap\u0131s\u0131n\u0131 detayl\u0131 bir \u015fekilde analiz edebilmek i\u00e7in a\u015fa\u011f\u0131daki i\u015f analizi a\u015famalar\u0131n\u0131 planlad\u0131k;<\/p>\n\n\n\n<ul class=\"wp-block-list\">\n<li>Kod yap\u0131s\u0131nda sorunu tetikleyen unsurlar\u0131 belirlemek,<\/li>\n\n\n\n<li>Sitede detayl\u0131 bir tarama yap\u0131ld\u0131ktan sonra zararl\u0131 eklentilerin tespit etmek,<\/li>\n\n\n\n<li>Veri s\u0131z\u0131nt\u0131s\u0131 durumunda veritabanlar\u0131n\u0131 incelenmek,<\/li>\n\n\n\n<li>Belirlenen sorunlar\u0131 \u00e7\u00f6zmeye odaklanan i\u015f s\u00fcrecini planlamak.<\/li>\n\n\n\n<li><\/li>\n<\/ul>\n\n\n\n<p>Bu \u00e7al\u0131\u015fmalar tamamland\u0131ktan sonra sitede \u00fcretilen sayfalar\u0131n temizlenmesi ve ayn\u0131 sorunun bir daha ya\u015fanmamas\u0131 i\u00e7in harekete ge\u00e7tik.<\/p>\n\n\n\n<p><strong>M\u00dc\u015eTER\u0130 \u0130\u00c7\u0130N YAPTI\u011eIMIZ FAAL\u0130YETLER:<\/strong><\/p>\n\n\n\n<ul class=\"wp-block-list\">\n<li>SEO analizi i\u00e7in 4 farkl\u0131 ara\u00e7 kulland\u0131k.<\/li>\n\n\n\n<li>T\u00fcm sunucu dosyalar\u0131n\u0131 inceledik.<\/li>\n\n\n\n<li>Yapt\u0131\u011f\u0131m\u0131z incelemeler sonucunda 198 adet hasarl\u0131 dosya tespit ettik.<\/li>\n\n\n\n<li>Hasarl\u0131 dosyalar\u0131n neden oldu\u011fu backend ve frontend sorunlar\u0131n\u0131 d\u00fczelttik.<\/li>\n\n\n\n<li>G\u00fcvenlik a\u00e7\u0131\u011f\u0131na neden olan tema dosyalar\u0131n\u0131 ve eklentileri temizledik.<\/li>\n\n\n\n<li>T\u00fcm hasarl\u0131 dosyalar\u0131 temizledik.<\/li>\n\n\n\n<li>Olu\u015fturulan sayfa URL\u2019leri i\u00e7in Search Console arac\u0131l\u0131\u011f\u0131yla URL kald\u0131rma i\u015flemlerini ger\u00e7ekle\u015ftirdik.<\/li>\n\n\n\n<li>URL kald\u0131rma i\u015fleminin ard\u0131ndan Search Console\u2019da dizine al\u0131nmayan videolar\u0131 Google\u2019a bildirdik ve dizine eklenmesini sa\u011flad\u0131k.<\/li>\n\n\n\n<li>Google Search Console ve Yandex Metrica ile anahtar kelime takibi, istatistiksel analiz ve web sitesi trafi\u011finin raporlanmas\u0131n\u0131 yapt\u0131k.<\/li>\n\n\n\n<li>Siteyi SEO kurallar\u0131na uygun hale getirmek i\u00e7in analizler ve raporlar haz\u0131rlad\u0131k.<\/li>\n\n\n\n<li>Anahtar kelime yo\u011funlu\u011funu, \u00e7e\u015fitlili\u011fini \u00f6l\u00e7t\u00fck ve yeniden d\u00fczenledik.<\/li>\n\n\n\n<li>Site i\u00e7erisindeki bozuk yap\u0131y\u0131 d\u00fczeltmek i\u00e7in Ba\u015fl\u0131k\/A\u00e7\u0131klama\/Anahtar Kelime d\u00fczenlemeleri yapt\u0131k.<\/li>\n\n\n\n<li>D\u0131\u015f ba\u011flant\u0131lar\u0131n\u0131 web sitesi ba\u011flant\u0131 yap\u0131s\u0131yla birlikte d\u00fczenledik.<\/li>\n\n\n\n<li><\/li>\n<\/ul>\n\n\n\n<p><strong>SONU\u00c7LAR:<\/strong><\/p>\n\n\n\n<ul class=\"wp-block-list\">\n<li>Kullan\u0131c\u0131lar\u0131n endi\u015fe duymadan kullanabilecekleri sorunsuz bir web sitesine yap\u0131land\u0131r\u0131ld\u0131.<\/li>\n\n\n\n<li>G\u00fcvenlik a\u00e7\u0131klar\u0131 kapat\u0131ld\u0131 ve markan\u0131n endi\u015feleri giderildi.<\/li>\n\n\n\n<li>Kullan\u0131c\u0131 deneyimi do\u011frultusunda backend ve frontend \u00e7al\u0131\u015fmalarla kullan\u0131c\u0131 ziyaret s\u00fcresi uzat\u0131ld\u0131.<\/li>\n\n\n\n<li>Google arama sonu\u00e7lar\u0131ndaki alakas\u0131z sayfalar temizlendi ve kullan\u0131c\u0131 g\u00fcveni yeniden sa\u011fland\u0131.<\/li>\n\n\n\n<li>\u00c7al\u0131\u015fmam\u0131z\u0131n ilerleyen aylar\u0131nda organik trafik artt\u0131.<\/li>\n\n\n\n<li><\/li>\n<\/ul>\n\n\n\n<p>Marker Groupe\u2019un sa\u011flad\u0131\u011f\u0131 hizmetler hakk\u0131nda bilgi edinmek i\u00e7in bizimle&nbsp;<strong><a href=\"https:\/\/www.markergroupe.com\/iletisim\">MarkerGroupe.com<\/a>&nbsp;<\/strong>web sitesi \u00fczerinden veya&nbsp;<strong>hello@markergroupe.com<\/strong>&nbsp;e-mail adresi \u00fczerinden ileti\u015fime ge\u00e7ebilirsiniz.<\/p>\n\n\n\n<p><\/p>\n\n\n\n<p><\/p>\n","protected":false},"excerpt":{"rendered":"<p>Ev tekstilinde d\u00fcnyan\u0131n en prestijli fuarlar\u0131ndan biri olan HOMETEX, sekt\u00f6r\u00fcn ulusal ve uluslararas\u0131 markalar\u0131n\u0131 \u0130stanbul\u2019da bulu\u015fturan bir organizasyondur. HOMETEX\u2019\u0130N B\u0130ZE KATILMADAN \u00d6NCE KAR\u015eILA\u015eTIKLARI ZORLUKLAR: STRATEJ\u0130M\u0130Z: hometex.com.tr domaininin t\u00fcm yap\u0131s\u0131n\u0131 detayl\u0131 bir \u015fekilde analiz edebilmek i\u00e7in a\u015fa\u011f\u0131daki i\u015f analizi a\u015famalar\u0131n\u0131 planlad\u0131k; Bu \u00e7al\u0131\u015fmalar tamamland\u0131ktan sonra sitede \u00fcretilen sayfalar\u0131n temizlenmesi ve ayn\u0131 sorunun bir daha ya\u015fanmamas\u0131 i\u00e7in [&hellip;]<\/p>\n","protected":false},"author":1,"featured_media":2608,"parent":3454,"menu_order":0,"comment_status":"closed","ping_status":"closed","template":"","meta":{"_gspb_post_css":"","content-type":"","footnotes":""},"class_list":["post-3751","page","type-page","status-publish","has-post-thumbnail","hentry"],"blocksy_meta":[],"_links":{"self":[{"href":"https:\/\/www.markergroupe.com\/tr\/wp-json\/wp\/v2\/pages\/3751","targetHints":{"allow":["GET"]}}],"collection":[{"href":"https:\/\/www.markergroupe.com\/tr\/wp-json\/wp\/v2\/pages"}],"about":[{"href":"https:\/\/www.markergroupe.com\/tr\/wp-json\/wp\/v2\/types\/page"}],"author":[{"embeddable":true,"href":"https:\/\/www.markergroupe.com\/tr\/wp-json\/wp\/v2\/users\/1"}],"replies":[{"embeddable":true,"href":"https:\/\/www.markergroupe.com\/tr\/wp-json\/wp\/v2\/comments?post=3751"}],"version-history":[{"count":0,"href":"https:\/\/www.markergroupe.com\/tr\/wp-json\/wp\/v2\/pages\/3751\/revisions"}],"up":[{"embeddable":true,"href":"https:\/\/www.markergroupe.com\/tr\/wp-json\/wp\/v2\/pages\/3454"}],"wp:featuredmedia":[{"embeddable":true,"href":"https:\/\/www.markergroupe.com\/tr\/wp-json\/wp\/v2\/media\/2608"}],"wp:attachment":[{"href":"https:\/\/www.markergroupe.com\/tr\/wp-json\/wp\/v2\/media?parent=3751"}],"curies":[{"name":"wp","href":"https:\/\/api.w.org\/{rel}","templated":true}]}}