{"id":3749,"date":"2024-11-22T06:41:44","date_gmt":"2024-11-22T06:41:44","guid":{"rendered":"https:\/\/www.markergroupe.com\/basari-hikayeleri\/gratis-successful-geofencing-geolocation-footfall-ad-delivery\/"},"modified":"2025-06-30T14:55:20","modified_gmt":"2025-06-30T14:55:20","slug":"gratis-geofencing-geolocation-footfall-reklam-calismasi","status":"publish","type":"page","link":"https:\/\/www.markergroupe.com\/tr\/basari-hikayeleri\/gratis-geofencing-geolocation-footfall-reklam-calismasi\/","title":{"rendered":"Gratis | Geofencing (Geolocation &amp; Footfall) Reklam \u00c7al\u0131\u015fmas\u0131"},"content":{"rendered":"<style>#gspb_row-id-gsbp-38de82c{justify-content:space-between;margin-top:0px;margin-bottom:0px;display:flex;flex-wrap:wrap;}#gspb_row-id-gsbp-38de82c > .gspb_row__content{display:flex;justify-content:space-between;margin:0 auto;width:100%;flex-wrap:wrap;}.gspb_row{position:relative;}div[id^=gspb_col-id]{box-sizing:border-box;position:relative;}div[id^=gspb_col-id]{padding:var(--gs-row-column-padding,15px min(3vw,20px));}body.gspb-bodyfront #gspb_row-id-gsbp-38de82c > .gspb_row__content{width:var(--theme-container-width,1200px);}body.gspb-bodyfront #gspb_row-id-gsbp-38de82c > .gspb_row__content{max-width:var(--theme-normal-container-max-width,1200px);}#gspb_row-id-gsbp-38de82c{margin-bottom:60px;padding-top:80px;padding-bottom:80px;}@media (max-width:689.98px){#gspb_row-id-gsbp-38de82c{margin-bottom:30px;padding-top:50px;padding-bottom:50px;}}#gspb_row-id-gsbp-38de82c{background-color:var(--wp--preset--color--palette-color-1,var(--theme-palette-color-1,#F4CE0B));}<\/style>\n<div class=\"wp-block-greenshift-blocks-row alignfull gspb_row gspb_row-id-gsbp-38de82c\" id=\"gspb_row-id-gsbp-38de82c\"><div class=\"gspb_row__content\"> <style>#gspb_col-id-gsbp-099db26.gspb_row__col--12{width:100%;}@media (max-width:689.98px){#gspb_col-id-gsbp-099db26.gspb_row__col--12{width:100%;}}<\/style>\n<div class=\"wp-block-greenshift-blocks-row-column gspb_row__col--12 gspb_col-id-gsbp-099db26\" id=\"gspb_col-id-gsbp-099db26\"><style>@media (max-width:689.98px){#gspb_heading-id-gsbp-d8ae530{font-size:18px;}}#gspb_heading-id-gsbp-d8ae530,#gspb_heading-id-gsbp-d8ae530 .gsap-g-line{text-align:center!important;}#gspb_heading-id-gsbp-d8ae530{margin-bottom:0px;}<\/style>\n<h1 id=\"gspb_heading-id-gsbp-d8ae530\" class=\"gspb_heading gspb_heading-id-gsbp-d8ae530 \">Gratis | Geofencing (Geolocation &amp; Footfall) Reklam \u00c7al\u0131\u015fmas\u0131<\/h1>\n<\/div>\n <\/div><\/div>\n\n\n\n<p><strong>Gratis, m\u00fc\u015fterilerinin sa\u011fl\u0131k ve ya\u015fam kalitelerini art\u0131rmak i\u00e7in ihtiya\u00e7 duyacaklar\u0131 her t\u00fcrl\u00fc marka ve \u00fcr\u00fcn\u00fc sunan bir ki\u015fisel bak\u0131m marketidir.<\/strong><\/p>\n\n\n\n<p>Gratis i\u00e7in Digital Marker, yak\u0131ndaki m\u00fc\u015fterileri fiziksel ma\u011fazalar\u0131na \u00e7ekmek ve sat\u0131\u015flar\u0131 art\u0131rmak i\u00e7in Geofencing yay\u0131n format\u0131 kulland\u0131.<\/p>\n\n\n\n<p>Digital Marker, Gratis\u2019in \u0130zmir\u2019deki 2 ma\u011faza etraf\u0131nda \u00e7izilen sanal bir s\u0131n\u0131r\u0131 ge\u00e7en uygulama kullan\u0131c\u0131lar\u0131na tavsiyeler, ma\u011faza haberleri, ki\u015fisel teklifler veya sat\u0131n alma ge\u00e7mi\u015fini g\u00f6stermesine olanak tan\u0131yan bir kampanya olu\u015fturdu. Kampanya ile ma\u011fazaya gelen kullan\u0131c\u0131lar\u0131 takibe ald\u0131.<\/p>\n\n\n\n<p><strong>GEOFENCING YAYINLARININ SA\u011eLADI\u011eI AVANTAJLAR:<\/strong><\/p>\n\n\n\n<p>Kullan\u0131c\u0131lara do\u011fru yerde ve do\u011fru zamanda ula\u015fmak: Belirli bir co\u011frafi konumun \u00e7evresinde geofence olu\u015fturabildi\u011finiz i\u00e7in bu parametre dahilinde potansiyel m\u00fc\u015fterileri hedefleyebilir ve ziyaret \u015fanslar\u0131n\u0131 art\u0131rabilirsiniz.<br>Daha h\u0131zl\u0131 d\u00f6n\u00fc\u015f\u00fcmler: Geofencing, yukar\u0131da belirtilen nedenle yerel sat\u0131\u015flar\u0131 art\u0131rmaya yard\u0131mc\u0131 olabilir. E\u015fle\u015fen reklamlar ve konumlar alaka d\u00fczeyini art\u0131r\u0131r; bu nedenle, i\u015fletme kap\u0131s\u0131ndan yak\u0131ndaki potansiyel m\u00fc\u015fterilerle an\u0131nda etkile\u015fime ge\u00e7ebilir.<br>Daha iyi m\u00fc\u015fteri deneyimi: Geofencing reklamc\u0131l\u0131\u011f\u0131n\u0131n sundu\u011fu y\u00fcksek alaka d\u00fczeyi ve ki\u015fiselle\u015ftirme, onu markalar i\u00e7in bu kadar de\u011ferli k\u0131lan \u015feydir.&nbsp;<\/p>\n\n\n\n<p><strong>SONU\u00c7LAR:<\/strong><\/p>\n\n\n\n<p>5 g\u00fcn s\u00fcren yay\u0131nlar\u0131n izlenebilirlik oran\u0131 %93 olarak \u00f6l\u00e7\u00fcld\u00fc. Genel g\u00f6r\u00fcnt\u00fclenebilirlik oranlar\u0131 %60-%70 aras\u0131ndad\u0131r, ancak Digital Marker bu oran\u0131 a\u015fm\u0131\u015ft\u0131r.<br>TO oran\u0131n\u0131n sekt\u00f6rel bazda %0,24 olmas\u0131 bekleniyordu. Ancak kampanyadaki CTR oran\u0131 sekt\u00f6rel kriteri %0,60 a\u015ft\u0131.<br>Kampanyay\u0131 g\u00f6ren 6 ki\u015fiden 1\u2019i fiziksel ma\u011fazay\u0131 ziyaret etti.<\/p>\n\n\n\n<p>Marker Groupe\u2019un sa\u011flad\u0131\u011f\u0131 hizmetler hakk\u0131nda bilgi edinmek i\u00e7in bizimle&nbsp;<strong><a href=\"https:\/\/www.markergroupe.com\/iletisim\">MarkerGroupe.com<\/a><\/strong>&nbsp;web sitesi \u00fczerinden veya&nbsp;<strong>hello@markergroupe.com<\/strong>&nbsp;e-mail adresi \u00fczerinden ileti\u015fime ge\u00e7ebilirsiniz.<\/p>\n","protected":false},"excerpt":{"rendered":"<p>Gratis, m\u00fc\u015fterilerinin sa\u011fl\u0131k ve ya\u015fam kalitelerini art\u0131rmak i\u00e7in ihtiya\u00e7 duyacaklar\u0131 her t\u00fcrl\u00fc marka ve \u00fcr\u00fcn\u00fc sunan bir ki\u015fisel bak\u0131m marketidir. Gratis i\u00e7in Digital Marker, yak\u0131ndaki m\u00fc\u015fterileri fiziksel ma\u011fazalar\u0131na \u00e7ekmek ve sat\u0131\u015flar\u0131 art\u0131rmak i\u00e7in Geofencing yay\u0131n format\u0131 kulland\u0131. Digital Marker, Gratis\u2019in \u0130zmir\u2019deki 2 ma\u011faza etraf\u0131nda \u00e7izilen sanal bir s\u0131n\u0131r\u0131 ge\u00e7en uygulama kullan\u0131c\u0131lar\u0131na tavsiyeler, ma\u011faza haberleri, ki\u015fisel [&hellip;]<\/p>\n","protected":false},"author":1,"featured_media":5790,"parent":3454,"menu_order":0,"comment_status":"closed","ping_status":"closed","template":"","meta":{"_gspb_post_css":"","content-type":"","footnotes":""},"class_list":["post-3749","page","type-page","status-publish","has-post-thumbnail","hentry"],"blocksy_meta":[],"_links":{"self":[{"href":"https:\/\/www.markergroupe.com\/tr\/wp-json\/wp\/v2\/pages\/3749","targetHints":{"allow":["GET"]}}],"collection":[{"href":"https:\/\/www.markergroupe.com\/tr\/wp-json\/wp\/v2\/pages"}],"about":[{"href":"https:\/\/www.markergroupe.com\/tr\/wp-json\/wp\/v2\/types\/page"}],"author":[{"embeddable":true,"href":"https:\/\/www.markergroupe.com\/tr\/wp-json\/wp\/v2\/users\/1"}],"replies":[{"embeddable":true,"href":"https:\/\/www.markergroupe.com\/tr\/wp-json\/wp\/v2\/comments?post=3749"}],"version-history":[{"count":0,"href":"https:\/\/www.markergroupe.com\/tr\/wp-json\/wp\/v2\/pages\/3749\/revisions"}],"up":[{"embeddable":true,"href":"https:\/\/www.markergroupe.com\/tr\/wp-json\/wp\/v2\/pages\/3454"}],"wp:featuredmedia":[{"embeddable":true,"href":"https:\/\/www.markergroupe.com\/tr\/wp-json\/wp\/v2\/media\/5790"}],"wp:attachment":[{"href":"https:\/\/www.markergroupe.com\/tr\/wp-json\/wp\/v2\/media?parent=3749"}],"curies":[{"name":"wp","href":"https:\/\/api.w.org\/{rel}","templated":true}]}}