{"id":3733,"date":"2024-11-22T06:39:58","date_gmt":"2024-11-22T06:39:58","guid":{"rendered":"https:\/\/www.markergroupe.com\/basari-hikayeleri\/ciragan-palace-kempinski-new-high-performance-creative\/"},"modified":"2025-06-30T15:30:22","modified_gmt":"2025-06-30T15:30:22","slug":"ciragan-palace-kempinski-yuksek-performansli-kreatif","status":"publish","type":"page","link":"https:\/\/www.markergroupe.com\/tr\/basari-hikayeleri\/ciragan-palace-kempinski-yuksek-performansli-kreatif\/","title":{"rendered":"\u00c7\u0131ra\u011fan Palace Kempinski | Y\u00fcksek Performansl\u0131 Kreatif"},"content":{"rendered":"<style>#gspb_row-id-gsbp-38de82c{justify-content:space-between;margin-top:0px;margin-bottom:0px;display:flex;flex-wrap:wrap;}#gspb_row-id-gsbp-38de82c > .gspb_row__content{display:flex;justify-content:space-between;margin:0 auto;width:100%;flex-wrap:wrap;}.gspb_row{position:relative;}div[id^=gspb_col-id]{box-sizing:border-box;position:relative;}div[id^=gspb_col-id]{padding:var(--gs-row-column-padding,15px min(3vw,20px));}body.gspb-bodyfront #gspb_row-id-gsbp-38de82c > .gspb_row__content{width:var(--theme-container-width,1200px);}body.gspb-bodyfront #gspb_row-id-gsbp-38de82c > .gspb_row__content{max-width:var(--theme-normal-container-max-width,1200px);}#gspb_row-id-gsbp-38de82c{margin-bottom:60px;padding-top:80px;padding-bottom:80px;}@media (max-width:689.98px){#gspb_row-id-gsbp-38de82c{margin-bottom:30px;padding-top:50px;padding-bottom:50px;}}#gspb_row-id-gsbp-38de82c{background-color:var(--wp--preset--color--palette-color-1,var(--theme-palette-color-1,#F4CE0B));}<\/style>\n<div class=\"wp-block-greenshift-blocks-row alignfull gspb_row gspb_row-id-gsbp-38de82c\" id=\"gspb_row-id-gsbp-38de82c\"><div class=\"gspb_row__content\"> <style>#gspb_col-id-gsbp-099db26.gspb_row__col--12{width:100%;}@media (max-width:689.98px){#gspb_col-id-gsbp-099db26.gspb_row__col--12{width:100%;}}<\/style>\n<div class=\"wp-block-greenshift-blocks-row-column gspb_row__col--12 gspb_col-id-gsbp-099db26\" id=\"gspb_col-id-gsbp-099db26\"><style>@media (max-width:689.98px){#gspb_heading-id-gsbp-d8ae530{font-size:18px;}}#gspb_heading-id-gsbp-d8ae530,#gspb_heading-id-gsbp-d8ae530 .gsap-g-line{text-align:center!important;}#gspb_heading-id-gsbp-d8ae530{margin-bottom:0px;}<\/style>\n<h1 id=\"gspb_heading-id-gsbp-d8ae530\" class=\"gspb_heading gspb_heading-id-gsbp-d8ae530 \">\u00c7\u0131ra\u011fan Palace Kempinski | Y\u00fcksek Performansl\u0131 Kreatif<\/h1>\n<\/div>\n <\/div><\/div>\n\n\n\n<p><strong>Uluslararas\u0131 l\u00fcks oteller zinciri Kempinski\u2019nin i\u015fletti\u011fi oteller i\u00e7inde yer alan \u00c7\u0131ra\u011fan Palace Kempinski; T\u00fcrkiye\u2019nin \u0130stanbul ilinin Be\u015fikta\u015f il\u00e7esinde, \u00c7\u0131ra\u011fan Caddesi \u00fczerinde deniz kenar\u0131nda bulunan tarihi bir saray ve 5 y\u0131ld\u0131zl\u0131 bir oteldir.<\/strong><\/p>\n\n\n\n<p><strong>MARKANIN B\u0130ZDEN TALEB\u0130:<\/strong><\/p>\n\n\n\n<p>Marka \u00fccretli reklam yay\u0131nlar\u0131nda kullanmak i\u00e7in; g\u00f6rsel a\u00e7\u0131dan zengin, daha dinamik ve dikkat \u00e7ekici yeni bir HTML banner format\u0131 talep ediyordu.<\/p>\n\n\n\n<p>*HTML banner; resimler, metin, ba\u011flant\u0131lar, HTML ve CSS3 kodunun birle\u015fiminden olu\u015fur.<\/p>\n\n\n\n<p><strong>MARKA \u0130\u00c7\u0130N YAPTI\u011eIMIZ \u00c7ALI\u015eMALAR:<\/strong><\/p>\n\n\n\n<p>\u00c7\u0131ra\u011fan Palace Kempinski markas\u0131n\u0131n kurumsal kimli\u011fine uygun yeni bir HTML banner format\u0131 haz\u0131rlad\u0131k.<\/p>\n\n\n\n<p>Yeni HTML banner format\u0131nda kullan\u0131lacak g\u00f6rselleri ve ge\u00e7i\u015f efektlerini belirledik.<\/p>\n\n\n\n<p>T\u0131klamalar\u0131 takip etmek i\u00e7in Click Tag script kodu HTML bannera eklenmi\u015ftir.<\/p>\n\n\n\n<p>G\u00f6rsel a\u00e7\u0131dan zengin, dinamik, daha ak\u0131lda kal\u0131c\u0131 ve dikkat \u00e7ekici bir tasar\u0131m geli\u015ftirdik.<\/p>\n\n\n\n<p><strong>SONU\u00c7LAR:<\/strong><\/p>\n\n\n\n<p>Prestijli bir kreatif HTML banner tasar\u0131m\u0131 elde ettik.<\/p>\n\n\n\n<p>Hem mobil cihazlarda hem de masa\u00fcst\u00fc cihazlarda uyumlu bir kreatif banner tasar\u0131m\u0131 oldu.<\/p>\n\n\n\n<p>\u00dccretli reklam d\u00f6n\u00fc\u015f\u00fcmleri, statik bannerlara oranla %85 daha ba\u015far\u0131l\u0131 sonu\u00e7lar elde etti.<\/p>\n\n\n\n<p>Bonus: Kempinski Global Creative Art Director\u2019\u00fcnden onay ve tebrik \ud83d\ude42<\/p>\n\n\n<style>#gspb_image-id-gsbp-c345c95{text-align:center;}#gspb_image-id-gsbp-c345c95 img{vertical-align:top;}#gspb_image-id-gsbp-c345c95 img{display:inline-block;box-sizing:border-box;max-width:100%;height:auto;}<\/style>\n<div class=\"wp-block-greenshift-blocks-image gspb_image gspb_image-id-gsbp-c345c95\" id=\"gspb_image-id-gsbp-c345c95\"><img decoding=\"async\" src=\"https:\/\/www.markergroupe.com\/wp-content\/uploads\/2024\/11\/Ciragan-Palace.webp\" data-src=\"\" alt=\"\" loading=\"lazy\" width=\"1008\" height=\"519\" title=\"\"><\/div>\n\n\n\n<p><strong>Marker Groupe\u2019un sa\u011flad\u0131\u011f\u0131 hizmetler hakk\u0131nda bilgi edinmek i\u00e7in bizimle&nbsp;<a href=\"https:\/\/www.markergroupe.com\/tr\/\"><strong>MarkerGroupe.com<\/strong><\/a>&nbsp;web sitesi \u00fczerinden veya&nbsp;<strong>hello@markergroupe.com<\/strong>&nbsp;e-mail adresi \u00fczerinden ileti\u015fime ge\u00e7ebilirsiniz.<br><\/strong><\/p>\n\n\n\n<p><\/p>\n\n\n\n<p><\/p>\n\n\n\n<p><\/p>\n\n\n\n<p><\/p>\n\n\n\n<p><\/p>\n","protected":false},"excerpt":{"rendered":"<p>Uluslararas\u0131 l\u00fcks oteller zinciri Kempinski\u2019nin i\u015fletti\u011fi oteller i\u00e7inde yer alan \u00c7\u0131ra\u011fan Palace Kempinski; T\u00fcrkiye\u2019nin \u0130stanbul ilinin Be\u015fikta\u015f il\u00e7esinde, \u00c7\u0131ra\u011fan Caddesi \u00fczerinde deniz kenar\u0131nda bulunan tarihi bir saray ve 5 y\u0131ld\u0131zl\u0131 bir oteldir. MARKANIN B\u0130ZDEN TALEB\u0130: Marka \u00fccretli reklam yay\u0131nlar\u0131nda kullanmak i\u00e7in; g\u00f6rsel a\u00e7\u0131dan zengin, daha dinamik ve dikkat \u00e7ekici yeni bir HTML banner format\u0131 talep [&hellip;]<\/p>\n","protected":false},"author":1,"featured_media":5777,"parent":3454,"menu_order":0,"comment_status":"closed","ping_status":"closed","template":"","meta":{"_gspb_post_css":"","content-type":"","footnotes":""},"class_list":["post-3733","page","type-page","status-publish","has-post-thumbnail","hentry"],"blocksy_meta":[],"_links":{"self":[{"href":"https:\/\/www.markergroupe.com\/tr\/wp-json\/wp\/v2\/pages\/3733","targetHints":{"allow":["GET"]}}],"collection":[{"href":"https:\/\/www.markergroupe.com\/tr\/wp-json\/wp\/v2\/pages"}],"about":[{"href":"https:\/\/www.markergroupe.com\/tr\/wp-json\/wp\/v2\/types\/page"}],"author":[{"embeddable":true,"href":"https:\/\/www.markergroupe.com\/tr\/wp-json\/wp\/v2\/users\/1"}],"replies":[{"embeddable":true,"href":"https:\/\/www.markergroupe.com\/tr\/wp-json\/wp\/v2\/comments?post=3733"}],"version-history":[{"count":0,"href":"https:\/\/www.markergroupe.com\/tr\/wp-json\/wp\/v2\/pages\/3733\/revisions"}],"up":[{"embeddable":true,"href":"https:\/\/www.markergroupe.com\/tr\/wp-json\/wp\/v2\/pages\/3454"}],"wp:featuredmedia":[{"embeddable":true,"href":"https:\/\/www.markergroupe.com\/tr\/wp-json\/wp\/v2\/media\/5777"}],"wp:attachment":[{"href":"https:\/\/www.markergroupe.com\/tr\/wp-json\/wp\/v2\/media?parent=3733"}],"curies":[{"name":"wp","href":"https:\/\/api.w.org\/{rel}","templated":true}]}}