{"id":3727,"date":"2024-11-22T06:37:42","date_gmt":"2024-11-22T06:37:42","guid":{"rendered":"https:\/\/www.markergroupe.com\/basari-hikayeleri\/arifoglu-600-increase-in-revenue-and-roas-google-ads-ga4-review\/"},"modified":"2025-06-30T15:32:11","modified_gmt":"2025-06-30T15:32:11","slug":"arifogu-gelir-ve-roasta-%600-artis-sagladi-google-ads-ga4-incelemesi","status":"publish","type":"page","link":"https:\/\/www.markergroupe.com\/tr\/basari-hikayeleri\/arifogu-gelir-ve-roasta-%600-artis-sagladi-google-ads-ga4-incelemesi\/","title":{"rendered":"Arifo\u011fu | Gelir Ve Roas\u2019ta %600 Art\u0131\u015f Sa\u011flad\u0131 | Google Ads &amp; Ga4 \u0130ncelemesi"},"content":{"rendered":"<style>#gspb_row-id-gsbp-38de82c{justify-content:space-between;margin-top:0px;margin-bottom:0px;display:flex;flex-wrap:wrap;}#gspb_row-id-gsbp-38de82c > .gspb_row__content{display:flex;justify-content:space-between;margin:0 auto;width:100%;flex-wrap:wrap;}.gspb_row{position:relative;}div[id^=gspb_col-id]{box-sizing:border-box;position:relative;}div[id^=gspb_col-id]{padding:var(--gs-row-column-padding,15px min(3vw,20px));}body.gspb-bodyfront #gspb_row-id-gsbp-38de82c > .gspb_row__content{width:var(--theme-container-width,1200px);}body.gspb-bodyfront #gspb_row-id-gsbp-38de82c > .gspb_row__content{max-width:var(--theme-normal-container-max-width,1200px);}#gspb_row-id-gsbp-38de82c{margin-bottom:60px;padding-top:80px;padding-bottom:80px;}@media (max-width:689.98px){#gspb_row-id-gsbp-38de82c{margin-bottom:30px;padding-top:50px;padding-bottom:50px;}}#gspb_row-id-gsbp-38de82c{background-color:var(--wp--preset--color--palette-color-1,var(--theme-palette-color-1,#F4CE0B));}<\/style>\n<div class=\"wp-block-greenshift-blocks-row alignfull gspb_row gspb_row-id-gsbp-38de82c\" id=\"gspb_row-id-gsbp-38de82c\"><div class=\"gspb_row__content\"> <style>#gspb_col-id-gsbp-099db26.gspb_row__col--12{width:100%;}@media (max-width:689.98px){#gspb_col-id-gsbp-099db26.gspb_row__col--12{width:100%;}}<\/style>\n<div class=\"wp-block-greenshift-blocks-row-column gspb_row__col--12 gspb_col-id-gsbp-099db26\" id=\"gspb_col-id-gsbp-099db26\"><style>@media (max-width:689.98px){#gspb_heading-id-gsbp-d8ae530{font-size:18px;}}#gspb_heading-id-gsbp-d8ae530,#gspb_heading-id-gsbp-d8ae530 .gsap-g-line{text-align:center!important;}#gspb_heading-id-gsbp-d8ae530{margin-bottom:0px;}<\/style>\n<h1 id=\"gspb_heading-id-gsbp-d8ae530\" class=\"gspb_heading gspb_heading-id-gsbp-d8ae530 \">Arifo\u011fu | Gelir Ve Roas\u2019ta %600 Art\u0131\u015f Sa\u011flad\u0131 | Google Ads &amp; Ga4 \u0130ncelemesi<\/h1>\n<\/div>\n <\/div><\/div>\n\n\n\n<p><strong>Arifo\u011flu; 1944 y\u0131l\u0131nda M\u0131s\u0131r \u00c7ar\u015f\u0131s\u0131\u2019nda kurulan, kendi \u00fcretim tesisleri ile do\u011fal ve organik g\u0131da sekt\u00f6r\u00fcnde hizmet veren lider bir markad\u0131r. Y\u00fczlerce ma\u011fazas\u0131 ve e-ticaret platformlar\u0131 ile hem T\u00fcrkiye\u2019de hem de yurt d\u0131\u015f\u0131nda hizmet vermektedir.<\/strong><\/p>\n\n\n\n<p>Arifo\u011flu ile yapm\u0131\u015f oldu\u011fumuz \u00e7al\u0131\u015fma kapsam\u0131nda, Shopify altyap\u0131s\u0131na ge\u00e7i\u015f sa\u011flad\u0131k. Shopify\u2019\u0131n sa\u011flad\u0131\u011f\u0131 \u00fcst\u00fcn entegrasyon imkanlar\u0131 ve kullan\u0131c\u0131 dostu aray\u00fcz\u00fc sayesinde, datalayer ve d\u00f6n\u00fc\u015f\u00fcm etiketleri kurgular\u0131n\u0131n do\u011fru \u015fekilde takip edilmesi i\u00e7in gerekli d\u00fczenlemeleri h\u0131zla ger\u00e7ekle\u015ftirebildik.<\/p>\n\n\n\n<p>Shopify altyap\u0131s\u0131 \u00fczerine in\u015fa edilen web sitesinde, datalayer kurgular\u0131 yap\u0131land\u0131r\u0131ld\u0131 ve GA4 hesab\u0131 \u00fczerinde verilerin do\u011fru \u015fekilde yans\u0131mas\u0131 i\u00e7in gerekli d\u00fczenlemeler tamamland\u0131. Shopify\u2019\u0131n sa\u011flad\u0131\u011f\u0131 kolayl\u0131klar sayesinde, veri takibi ve analiz s\u00fcre\u00e7leri \u00e7ok daha etkin ve verimli bir hale geldi. Bu sayede, performans kampanyalar\u0131m\u0131z\u0131n etkisini maksimum d\u00fczeye \u00e7\u0131karma imkan\u0131na sahip olduk.<\/p>\n\n\n<style>#gspb_image-id-gsbp-d488347{text-align:center;}#gspb_image-id-gsbp-d488347 img{vertical-align:top;}#gspb_image-id-gsbp-d488347 img{display:inline-block;box-sizing:border-box;max-width:100%;height:auto;}<\/style>\n<div class=\"wp-block-greenshift-blocks-image gspb_image gspb_image-id-gsbp-d488347\" id=\"gspb_image-id-gsbp-d488347\"><img decoding=\"async\" src=\"https:\/\/www.markergroupe.com\/wp-content\/uploads\/2024\/11\/1.webp\" data-src=\"\" alt=\"\" loading=\"lazy\" width=\"958\" height=\"316\" title=\"\"><\/div>\n\n\n\n<p class=\"has-text-align-center has-palette-color-1-color has-text-color has-link-color wp-elements-ef3dee37c0e0111171685a997531d015\">BU SAYEDE E-T\u0130CARET ODAKLI MAK\u0130NE \u00d6\u011eREN\u0130MLER\u0130 VE RAPORLAMALARI \u0130LE B\u0130RL\u0130KTE MAKS\u0130MUM GEL\u0130R STRATEJ\u0130S\u0130N\u0130 ORTAYA KOYDUK.<\/p>\n\n\n\n<h2 class=\"wp-block-heading\" id=\"sonuclar\">Sonu\u00e7lar<\/h2>\n\n\n\n<h4 class=\"wp-block-heading has-palette-color-1-color has-text-color has-link-color wp-elements-cd67a3848c690dca5a44c5162173cd03\" id=\"1-conversion-value\">1. CONVERSION VALUE<\/h4>\n\n\n<style>#gspb_row-id-gsbp-463a789{justify-content:space-between;margin-top:0px;margin-bottom:0px;display:flex;flex-wrap:wrap;}#gspb_row-id-gsbp-463a789 > .gspb_row__content{display:flex;justify-content:space-between;margin:0 auto;width:100%;flex-wrap:wrap;}.gspb_row{position:relative;}div[id^=gspb_col-id]{box-sizing:border-box;position:relative;}div[id^=gspb_col-id]{padding:var(--gs-row-column-padding,15px min(3vw,20px));}body.gspb-bodyfront #gspb_row-id-gsbp-463a789 > .gspb_row__content{width:var(--theme-container-width,1200px);}body.gspb-bodyfront #gspb_row-id-gsbp-463a789 > .gspb_row__content{max-width:var(--theme-normal-container-max-width,1200px);}<\/style>\n<div class=\"wp-block-greenshift-blocks-row gspb_row gspb_row-id-gsbp-463a789\" id=\"gspb_row-id-gsbp-463a789\"><div class=\"gspb_row__content\"> <style>#gspb_col-id-gsbp-0bd497b.gspb_row__col--6{width:50%;}@media (max-width:689.98px){#gspb_col-id-gsbp-0bd497b.gspb_row__col--6{width:100%;}}<\/style>\n<div class=\"wp-block-greenshift-blocks-row-column gspb_row__col--6 gspb_col-id-gsbp-0bd497b\" id=\"gspb_col-id-gsbp-0bd497b\"><style>#gspb_image-id-gsbp-8e76a57 img{vertical-align:top;}#gspb_image-id-gsbp-8e76a57 img{display:inline-block;box-sizing:border-box;max-width:100%;height:auto;}<\/style>\n<div class=\"wp-block-greenshift-blocks-image gspb_image gspb_image-id-gsbp-8e76a57\" id=\"gspb_image-id-gsbp-8e76a57\"><img decoding=\"async\" src=\"https:\/\/www.markergroupe.com\/wp-content\/uploads\/2024\/11\/2.webp\" data-src=\"\" alt=\"\" loading=\"lazy\" width=\"768\" height=\"503\" title=\"\"><\/div>\n<\/div>\n\n\n<style>#gspb_col-id-gsbp-09427c4.gspb_row__col--6{width:50%;}@media (max-width:689.98px){#gspb_col-id-gsbp-09427c4.gspb_row__col--6{width:100%;}}<\/style>\n<div class=\"wp-block-greenshift-blocks-row-column gspb_row__col--6 gspb_col-id-gsbp-09427c4\" id=\"gspb_col-id-gsbp-09427c4\">\n<div id=\"gspb_text-id-gsbp-42c270d\" class=\"gspb_text gspb_text-id-gsbp-42c270d \"><br><br><br><br><br>Tarih Aral\u0131\u011f\u0131 Kar\u015f\u0131la\u015ft\u0131r\u0131lmas\u0131<br>12.03.2023 \u2013 17.04.2023 (\u00d6nceki D\u00f6nem)<br>18.04.2023 \u2013 24.05.2023 (Sonraki D\u00f6nem)<br>D\u00f6n\u00fc\u015f\u00fcm de\u011feri yani sipari\u015f gelirinin sa\u011fl\u0131kl\u0131\u00a0 \u015fekilde takip edilmesi ve e-ticaret odakl\u0131 stratejilerle birlikte hesab\u0131n makine \u00f6\u011frenimi sonu\u00e7lar\u0131 tablodaki gibidir.<\/div>\n<\/div>\n <\/div><\/div>\n\n\n\n<h4 class=\"wp-block-heading has-palette-color-1-color has-text-color has-link-color wp-elements-c4804523a75ed2e8070b98c74261407b\" id=\"2-roas\">2. ROAS<\/h4>\n\n\n<style>#gspb_row-id-gsbp-30c416f{justify-content:space-between;margin-top:0px;margin-bottom:0px;display:flex;flex-wrap:wrap;}#gspb_row-id-gsbp-30c416f > .gspb_row__content{display:flex;justify-content:space-between;margin:0 auto;width:100%;flex-wrap:wrap;}.gspb_row{position:relative;}div[id^=gspb_col-id]{box-sizing:border-box;position:relative;}div[id^=gspb_col-id]{padding:var(--gs-row-column-padding,15px min(3vw,20px));}body.gspb-bodyfront #gspb_row-id-gsbp-30c416f > .gspb_row__content{width:var(--theme-container-width,1200px);}body.gspb-bodyfront #gspb_row-id-gsbp-30c416f > .gspb_row__content{max-width:var(--theme-normal-container-max-width,1200px);}<\/style>\n<div class=\"wp-block-greenshift-blocks-row gspb_row gspb_row-id-gsbp-30c416f\" id=\"gspb_row-id-gsbp-30c416f\"><div class=\"gspb_row__content\"> <style>#gspb_col-id-gsbp-d5693c5.gspb_row__col--6{width:50%;}@media (max-width:689.98px){#gspb_col-id-gsbp-d5693c5.gspb_row__col--6{width:100%;}}<\/style>\n<div class=\"wp-block-greenshift-blocks-row-column gspb_row__col--6 gspb_col-id-gsbp-d5693c5\" id=\"gspb_col-id-gsbp-d5693c5\"><style>#gspb_image-id-gsbp-fc51fb9 img{vertical-align:top;}#gspb_image-id-gsbp-fc51fb9 img{display:inline-block;box-sizing:border-box;max-width:100%;height:auto;}<\/style>\n<div class=\"wp-block-greenshift-blocks-image gspb_image gspb_image-id-gsbp-fc51fb9\" id=\"gspb_image-id-gsbp-fc51fb9\"><img decoding=\"async\" src=\"https:\/\/www.markergroupe.com\/wp-content\/uploads\/2024\/11\/3.webp\" data-src=\"\" alt=\"\" loading=\"lazy\" width=\"768\" height=\"533\" title=\"\"><\/div>\n<\/div>\n\n\n<style>#gspb_col-id-gsbp-7d51e99.gspb_row__col--6{width:50%;}@media (max-width:689.98px){#gspb_col-id-gsbp-7d51e99.gspb_row__col--6{width:100%;}}<\/style>\n<div class=\"wp-block-greenshift-blocks-row-column gspb_row__col--6 gspb_col-id-gsbp-7d51e99\" id=\"gspb_col-id-gsbp-7d51e99\">\n<div id=\"gspb_text-id-gsbp-461beea\" class=\"gspb_text gspb_text-id-gsbp-461beea \"><br><br><br><br>Tarih Aral\u0131\u011f\u0131 Kar\u015f\u0131la\u015ft\u0131r\u0131lmas\u0131<br>12.03.2023 \u2013 17.04.2023 (\u00d6nceki D\u00f6nem)<br>18.04.2023 \u2013 24.05.2023 (Sonraki D\u00f6nem)<br>ROAS yani reklam harcmalar\u0131n\u0131n kar\u015f\u0131s\u0131nda gelir ortalama\u00a0<strong>6X<\/strong>\u00a0olarak sonu\u00e7lanm\u0131\u015ft\u0131r.<br>Ek olarak \u00f6nceki d\u00f6nemde 2X alt\u0131nda olan ROAS, sonraki d\u00f6nemde 14X oranlar\u0131na y\u00fckselmi\u015ftir.<\/div>\n<\/div>\n <\/div><\/div>\n\n\n\n<h4 class=\"wp-block-heading has-palette-color-1-color has-text-color has-link-color wp-elements-2e3fee7d22ca569b184447de2e9911f1\" id=\"3-audience-analysis\">3. AUDIENCE ANALYSIS<\/h4>\n\n\n<style>#gspb_row-id-gsbp-a691275{justify-content:space-between;margin-top:0px;margin-bottom:0px;display:flex;flex-wrap:wrap;}#gspb_row-id-gsbp-a691275 > .gspb_row__content{display:flex;justify-content:space-between;margin:0 auto;width:100%;flex-wrap:wrap;}.gspb_row{position:relative;}div[id^=gspb_col-id]{box-sizing:border-box;position:relative;}div[id^=gspb_col-id]{padding:var(--gs-row-column-padding,15px min(3vw,20px));}body.gspb-bodyfront #gspb_row-id-gsbp-a691275 > .gspb_row__content{width:var(--theme-container-width,1200px);}body.gspb-bodyfront #gspb_row-id-gsbp-a691275 > .gspb_row__content{max-width:var(--theme-normal-container-max-width,1200px);}<\/style>\n<div class=\"wp-block-greenshift-blocks-row gspb_row gspb_row-id-gsbp-a691275\" id=\"gspb_row-id-gsbp-a691275\"><div class=\"gspb_row__content\"> <style>#gspb_col-id-gsbp-149df2c.gspb_row__col--6{width:50%;}@media (max-width:689.98px){#gspb_col-id-gsbp-149df2c.gspb_row__col--6{width:100%;}}<\/style>\n<div class=\"wp-block-greenshift-blocks-row-column gspb_row__col--6 gspb_col-id-gsbp-149df2c\" id=\"gspb_col-id-gsbp-149df2c\"><style>#gspb_image-id-gsbp-4ca17dc img{vertical-align:top;}#gspb_image-id-gsbp-4ca17dc img{display:inline-block;box-sizing:border-box;max-width:100%;height:auto;}<\/style>\n<div class=\"wp-block-greenshift-blocks-image gspb_image gspb_image-id-gsbp-4ca17dc\" id=\"gspb_image-id-gsbp-4ca17dc\"><img decoding=\"async\" src=\"https:\/\/www.markergroupe.com\/wp-content\/uploads\/2024\/11\/4.webp\" data-src=\"\" alt=\"\" loading=\"lazy\" width=\"1024\" height=\"470\" title=\"\"><\/div>\n<\/div>\n\n\n<style>#gspb_col-id-gsbp-ed70d0a.gspb_row__col--6{width:50%;}@media (max-width:689.98px){#gspb_col-id-gsbp-ed70d0a.gspb_row__col--6{width:100%;}}<\/style>\n<div class=\"wp-block-greenshift-blocks-row-column gspb_row__col--6 gspb_col-id-gsbp-ed70d0a\" id=\"gspb_col-id-gsbp-ed70d0a\">\n<div id=\"gspb_text-id-gsbp-94b7eca\" class=\"gspb_text gspb_text-id-gsbp-94b7eca \"><br><br>T\u0131klama paylar\u0131na sahip hedef kitlelerimizi bu listede g\u00f6rebilirsiniz. Do\u011fal \u00fcr\u00fcnlere nazaran g\u00fczellik ve kozmetik ile ilgilenen kitlenin daha fazla olmas\u0131 da tercih edilen \u00fcr\u00fcn kategorisini belirlemektedir.<br><\/div>\n<\/div>\n <\/div><\/div>\n\n\n\n<h4 class=\"wp-block-heading has-palette-color-1-color has-text-color has-link-color wp-elements-b89c6b0319c62cf3c1195696fbfb6fba\" id=\"4-search-competitor\">4. SEARCH COMPETITOR<\/h4>\n\n\n<style>#gspb_row-id-gsbp-52767dc{justify-content:space-between;margin-top:0px;margin-bottom:0px;display:flex;flex-wrap:wrap;}#gspb_row-id-gsbp-52767dc > .gspb_row__content{display:flex;justify-content:space-between;margin:0 auto;width:100%;flex-wrap:wrap;}.gspb_row{position:relative;}div[id^=gspb_col-id]{box-sizing:border-box;position:relative;}div[id^=gspb_col-id]{padding:var(--gs-row-column-padding,15px min(3vw,20px));}body.gspb-bodyfront #gspb_row-id-gsbp-52767dc > .gspb_row__content{width:var(--theme-container-width,1200px);}body.gspb-bodyfront #gspb_row-id-gsbp-52767dc > .gspb_row__content{max-width:var(--theme-normal-container-max-width,1200px);}<\/style>\n<div class=\"wp-block-greenshift-blocks-row gspb_row gspb_row-id-gsbp-52767dc\" id=\"gspb_row-id-gsbp-52767dc\"><div class=\"gspb_row__content\"> <style>#gspb_col-id-gsbp-1e356a6.gspb_row__col--6{width:50%;}@media (max-width:689.98px){#gspb_col-id-gsbp-1e356a6.gspb_row__col--6{width:100%;}}<\/style>\n<div class=\"wp-block-greenshift-blocks-row-column gspb_row__col--6 gspb_col-id-gsbp-1e356a6\" id=\"gspb_col-id-gsbp-1e356a6\"><style>#gspb_image-id-gsbp-0b27b33 img{vertical-align:top;}#gspb_image-id-gsbp-0b27b33 img{display:inline-block;box-sizing:border-box;max-width:100%;height:auto;}<\/style>\n<div class=\"wp-block-greenshift-blocks-image gspb_image gspb_image-id-gsbp-0b27b33\" id=\"gspb_image-id-gsbp-0b27b33\"><img decoding=\"async\" src=\"https:\/\/www.markergroupe.com\/wp-content\/uploads\/2024\/11\/5.webp\" data-src=\"\" alt=\"\" loading=\"lazy\" width=\"1163\" height=\"634\" title=\"\"><\/div>\n<\/div>\n\n\n<style>#gspb_col-id-gsbp-a3112f7.gspb_row__col--6{width:50%;}@media (max-width:689.98px){#gspb_col-id-gsbp-a3112f7.gspb_row__col--6{width:100%;}}<\/style>\n<div class=\"wp-block-greenshift-blocks-row-column gspb_row__col--6 gspb_col-id-gsbp-a3112f7\" id=\"gspb_col-id-gsbp-a3112f7\">\n<div id=\"gspb_text-id-gsbp-8db7d56\" class=\"gspb_text gspb_text-id-gsbp-8db7d56 \"><br><br>Search Competitor: Arama a\u011f\u0131 reklamlar\u0131nda ayn\u0131 anahtar kelimelerde hangi rakiplerle listelendi\u011finizi ve b\u00fct\u00e7eye oranla ilk sayfada ka\u00e7\u0131nc\u0131 s\u0131rada g\u00f6r\u00fcnd\u00fc\u011f\u00fcn\u00fcz\u00fc belirler.<br>B\u00fct\u00e7e ve tekliflerimize nazaran Arifo\u011flu\u2019nun genel s\u0131ras\u0131n\u0131n ilk 4\u2019de oldu\u011funu ve pazaryerleri ile rekabet etti\u011fini g\u00f6r\u00fcnt\u00fclemekteyiz.<\/div>\n<\/div>\n <\/div><\/div>\n\n\n\n<h4 class=\"wp-block-heading has-palette-color-1-color has-text-color has-link-color wp-elements-8419a1a676272a168c733c8c0ca8c146\" id=\"5-ga4-overview\">5. GA4 OVERVIEW<\/h4>\n\n\n<style>#gspb_row-id-gsbp-2ccee3d{justify-content:space-between;margin-top:0px;margin-bottom:0px;display:flex;flex-wrap:wrap;}#gspb_row-id-gsbp-2ccee3d > .gspb_row__content{display:flex;justify-content:space-between;margin:0 auto;width:100%;flex-wrap:wrap;}.gspb_row{position:relative;}div[id^=gspb_col-id]{box-sizing:border-box;position:relative;}div[id^=gspb_col-id]{padding:var(--gs-row-column-padding,15px min(3vw,20px));}body.gspb-bodyfront #gspb_row-id-gsbp-2ccee3d > .gspb_row__content{width:var(--theme-container-width,1200px);}body.gspb-bodyfront #gspb_row-id-gsbp-2ccee3d > .gspb_row__content{max-width:var(--theme-normal-container-max-width,1200px);}<\/style>\n<div class=\"wp-block-greenshift-blocks-row gspb_row gspb_row-id-gsbp-2ccee3d\" id=\"gspb_row-id-gsbp-2ccee3d\"><div class=\"gspb_row__content\"> <style>#gspb_col-id-gsbp-854be68.gspb_row__col--6{width:50%;}@media (max-width:689.98px){#gspb_col-id-gsbp-854be68.gspb_row__col--6{width:100%;}}<\/style>\n<div class=\"wp-block-greenshift-blocks-row-column gspb_row__col--6 gspb_col-id-gsbp-854be68\" id=\"gspb_col-id-gsbp-854be68\"><style>#gspb_image-id-gsbp-a363244 img{vertical-align:top;}#gspb_image-id-gsbp-a363244 img{display:inline-block;box-sizing:border-box;max-width:100%;height:auto;}<\/style>\n<div class=\"wp-block-greenshift-blocks-image gspb_image gspb_image-id-gsbp-a363244\" id=\"gspb_image-id-gsbp-a363244\"><img decoding=\"async\" src=\"https:\/\/www.markergroupe.com\/wp-content\/uploads\/2024\/11\/6.webp\" data-src=\"\" alt=\"\" loading=\"lazy\" width=\"1165\" height=\"501\" title=\"\"><\/div>\n<\/div>\n\n\n<style>#gspb_col-id-gsbp-120c31b.gspb_row__col--6{width:50%;}@media (max-width:689.98px){#gspb_col-id-gsbp-120c31b.gspb_row__col--6{width:100%;}}<\/style>\n<div class=\"wp-block-greenshift-blocks-row-column gspb_row__col--6 gspb_col-id-gsbp-120c31b\" id=\"gspb_col-id-gsbp-120c31b\">\n<div id=\"gspb_text-id-gsbp-3e4bbd8\" class=\"gspb_text gspb_text-id-gsbp-3e4bbd8 \"><br><br>GA4 \u00fczerinden d\u00f6n\u00fc\u015f\u00fcm event\u2019lerinin daha anlaml\u0131 say\u0131ld\u0131\u011f\u0131n\u0131 g\u00f6r\u00fcnt\u00fclemekteyiz.<br>Geli\u015ftirmeler ile beraber gelir beklentisinde %66 \u00fczerinde art\u0131\u015f oldu\u011funu g\u00f6r\u00fcnt\u00fclemekteyiz.<\/div>\n<\/div>\n <\/div><\/div>\n\n\n\n<h4 class=\"wp-block-heading has-palette-color-1-color has-text-color has-link-color wp-elements-49cb4485ab6f6a1afe666390f1753fd6\" id=\"6-event-optimization\">6. EVENT OPTIMIZATION<\/h4>\n\n\n<style>#gspb_row-id-gsbp-319a17d{justify-content:space-between;margin-top:0px;margin-bottom:0px;display:flex;flex-wrap:wrap;}#gspb_row-id-gsbp-319a17d > .gspb_row__content{display:flex;justify-content:space-between;margin:0 auto;width:100%;flex-wrap:wrap;}.gspb_row{position:relative;}div[id^=gspb_col-id]{box-sizing:border-box;position:relative;}div[id^=gspb_col-id]{padding:var(--gs-row-column-padding,15px min(3vw,20px));}body.gspb-bodyfront #gspb_row-id-gsbp-319a17d > .gspb_row__content{width:var(--theme-container-width,1200px);}body.gspb-bodyfront #gspb_row-id-gsbp-319a17d > .gspb_row__content{max-width:var(--theme-normal-container-max-width,1200px);}<\/style>\n<div class=\"wp-block-greenshift-blocks-row gspb_row gspb_row-id-gsbp-319a17d\" id=\"gspb_row-id-gsbp-319a17d\"><div class=\"gspb_row__content\"> <style>#gspb_col-id-gsbp-7cc9a67.gspb_row__col--6{width:50%;}@media (max-width:689.98px){#gspb_col-id-gsbp-7cc9a67.gspb_row__col--6{width:100%;}}<\/style>\n<div class=\"wp-block-greenshift-blocks-row-column gspb_row__col--6 gspb_col-id-gsbp-7cc9a67\" id=\"gspb_col-id-gsbp-7cc9a67\"><style>#gspb_image-id-gsbp-2c05d64 img{vertical-align:top;}#gspb_image-id-gsbp-2c05d64 img{display:inline-block;box-sizing:border-box;max-width:100%;height:auto;}<\/style>\n<div class=\"wp-block-greenshift-blocks-image gspb_image gspb_image-id-gsbp-2c05d64\" id=\"gspb_image-id-gsbp-2c05d64\"><img decoding=\"async\" src=\"https:\/\/www.markergroupe.com\/wp-content\/uploads\/2024\/11\/7.webp\" data-src=\"\" alt=\"\" loading=\"lazy\" width=\"1206\" height=\"559\" title=\"\"><\/div>\n<\/div>\n\n\n<style>#gspb_col-id-gsbp-934acb9.gspb_row__col--6{width:50%;}@media (max-width:689.98px){#gspb_col-id-gsbp-934acb9.gspb_row__col--6{width:100%;}}<\/style>\n<div class=\"wp-block-greenshift-blocks-row-column gspb_row__col--6 gspb_col-id-gsbp-934acb9\" id=\"gspb_col-id-gsbp-934acb9\">\n<div id=\"gspb_text-id-gsbp-9c4ee24\" class=\"gspb_text gspb_text-id-gsbp-9c4ee24 \"><br><br><br>Event optimization ile sat\u0131n alma, sepete \u00fcr\u00fcn ekleme, \u00fcr\u00fcn g\u00f6r\u00fcnt\u00fcleme gibi bir\u00e7ok etkinli\u011fi daha ileri d\u00fczeyde raporlanmas\u0131 sa\u011flanm\u0131\u015ft\u0131r.<br><\/div>\n<\/div>\n <\/div><\/div>\n\n\n\n<h4 class=\"wp-block-heading has-palette-color-1-color has-text-color has-link-color wp-elements-01c091bfd397164f93341c7a0e643ee0\" id=\"7-basket-funnel\">7. BASKET FUNNEL<\/h4>\n\n\n<style>#gspb_row-id-gsbp-856f18a{justify-content:space-between;margin-top:0px;margin-bottom:0px;display:flex;flex-wrap:wrap;}#gspb_row-id-gsbp-856f18a > .gspb_row__content{display:flex;justify-content:space-between;margin:0 auto;width:100%;flex-wrap:wrap;}.gspb_row{position:relative;}div[id^=gspb_col-id]{box-sizing:border-box;position:relative;}div[id^=gspb_col-id]{padding:var(--gs-row-column-padding,15px min(3vw,20px));}body.gspb-bodyfront #gspb_row-id-gsbp-856f18a > .gspb_row__content{width:var(--theme-container-width,1200px);}body.gspb-bodyfront #gspb_row-id-gsbp-856f18a > .gspb_row__content{max-width:var(--theme-normal-container-max-width,1200px);}<\/style>\n<div class=\"wp-block-greenshift-blocks-row gspb_row gspb_row-id-gsbp-856f18a\" id=\"gspb_row-id-gsbp-856f18a\"><div class=\"gspb_row__content\"> <style>#gspb_col-id-gsbp-84f9639.gspb_row__col--6{width:50%;}@media (max-width:689.98px){#gspb_col-id-gsbp-84f9639.gspb_row__col--6{width:100%;}}<\/style>\n<div class=\"wp-block-greenshift-blocks-row-column gspb_row__col--6 gspb_col-id-gsbp-84f9639\" id=\"gspb_col-id-gsbp-84f9639\"><style>#gspb_image-id-gsbp-2b6c63d img{vertical-align:top;}#gspb_image-id-gsbp-2b6c63d img{display:inline-block;box-sizing:border-box;max-width:100%;height:auto;}<\/style>\n<div class=\"wp-block-greenshift-blocks-image gspb_image gspb_image-id-gsbp-2b6c63d\" id=\"gspb_image-id-gsbp-2b6c63d\"><img decoding=\"async\" src=\"https:\/\/www.markergroupe.com\/wp-content\/uploads\/2024\/11\/8.webp\" data-src=\"\" alt=\"\" loading=\"lazy\" width=\"1195\" height=\"526\" title=\"\"><\/div>\n<\/div>\n\n\n<style>#gspb_col-id-gsbp-2104878.gspb_row__col--6{width:50%;}@media (max-width:689.98px){#gspb_col-id-gsbp-2104878.gspb_row__col--6{width:100%;}}<\/style>\n<div class=\"wp-block-greenshift-blocks-row-column gspb_row__col--6 gspb_col-id-gsbp-2104878\" id=\"gspb_col-id-gsbp-2104878\">\n<div id=\"gspb_text-id-gsbp-d21bd49\" class=\"gspb_text gspb_text-id-gsbp-d21bd49 \">Basket Funnel: \u00dcr\u00fcn g\u00f6r\u00fcnt\u00fcleyenlerin ka\u00e7\u0131n\u0131n sepete ekledi\u011fi, sapete ekleyen kullan\u0131c\u0131lar\u0131n ka\u00e7\u0131n\u0131n \u00fcr\u00fcn sat\u0131n ald\u0131\u011f\u0131n\u0131 g\u00f6steren sepet hunisidir.<br>\u00dcr\u00fcn g\u00f6r\u00fcnt\u00fcleyenlerin %13\u2019\u00fc sepete eklerken, sepete ekleyenlerin ise %23\u2019\u00fc sat\u0131n alma i\u015flemi ger\u00e7ekle\u015ftiriyor.<br>\u00d6rne\u011fin 100 ki\u015fiden 13\u2019\u00fc sepete \u00fcr\u00fcn ekliyor ve 13 ki\u015fiden 3 ki\u015fi sat\u0131n alma i\u015flemini tamaml\u0131yor. Bu do\u011frultuda sat\u0131\u015f oran\u0131 %3\u2019d\u00fcr ve ba\u015far\u0131l\u0131 sat\u0131\u015flar genellikle %1 \u00fczerinde ger\u00e7ekle\u015fir.<\/div>\n<\/div>\n <\/div><\/div>\n\n\n\n<p><strong>Marker Groupe\u2019un sa\u011flad\u0131\u011f\u0131 hizmetler hakk\u0131nda bilgi edinmek i\u00e7in bizimle&nbsp;<strong><a href=\"https:\/\/www.markergroupe.com\/iletisim\">MarkerGroupe.com<\/a><\/strong>&nbsp;web sitesi \u00fczerinden veya&nbsp;hello@markergroupe.com&nbsp;e-mail adresi \u00fczerinden ileti\u015fime ge\u00e7ebilirsiniz.<br><\/strong><\/p>\n\n\n\n<p><\/p>\n","protected":false},"excerpt":{"rendered":"<p>Arifo\u011flu; 1944 y\u0131l\u0131nda M\u0131s\u0131r \u00c7ar\u015f\u0131s\u0131\u2019nda kurulan, kendi \u00fcretim tesisleri ile do\u011fal ve organik g\u0131da sekt\u00f6r\u00fcnde hizmet veren lider bir markad\u0131r. Y\u00fczlerce ma\u011fazas\u0131 ve e-ticaret platformlar\u0131 ile hem T\u00fcrkiye\u2019de hem de yurt d\u0131\u015f\u0131nda hizmet vermektedir. Arifo\u011flu ile yapm\u0131\u015f oldu\u011fumuz \u00e7al\u0131\u015fma kapsam\u0131nda, Shopify altyap\u0131s\u0131na ge\u00e7i\u015f sa\u011flad\u0131k. Shopify\u2019\u0131n sa\u011flad\u0131\u011f\u0131 \u00fcst\u00fcn entegrasyon imkanlar\u0131 ve kullan\u0131c\u0131 dostu aray\u00fcz\u00fc sayesinde, datalayer [&hellip;]<\/p>\n","protected":false},"author":1,"featured_media":5781,"parent":3454,"menu_order":0,"comment_status":"closed","ping_status":"closed","template":"","meta":{"_gspb_post_css":"","content-type":"","footnotes":""},"class_list":["post-3727","page","type-page","status-publish","has-post-thumbnail","hentry"],"blocksy_meta":[],"_links":{"self":[{"href":"https:\/\/www.markergroupe.com\/tr\/wp-json\/wp\/v2\/pages\/3727","targetHints":{"allow":["GET"]}}],"collection":[{"href":"https:\/\/www.markergroupe.com\/tr\/wp-json\/wp\/v2\/pages"}],"about":[{"href":"https:\/\/www.markergroupe.com\/tr\/wp-json\/wp\/v2\/types\/page"}],"author":[{"embeddable":true,"href":"https:\/\/www.markergroupe.com\/tr\/wp-json\/wp\/v2\/users\/1"}],"replies":[{"embeddable":true,"href":"https:\/\/www.markergroupe.com\/tr\/wp-json\/wp\/v2\/comments?post=3727"}],"version-history":[{"count":0,"href":"https:\/\/www.markergroupe.com\/tr\/wp-json\/wp\/v2\/pages\/3727\/revisions"}],"up":[{"embeddable":true,"href":"https:\/\/www.markergroupe.com\/tr\/wp-json\/wp\/v2\/pages\/3454"}],"wp:featuredmedia":[{"embeddable":true,"href":"https:\/\/www.markergroupe.com\/tr\/wp-json\/wp\/v2\/media\/5781"}],"wp:attachment":[{"href":"https:\/\/www.markergroupe.com\/tr\/wp-json\/wp\/v2\/media?parent=3727"}],"curies":[{"name":"wp","href":"https:\/\/api.w.org\/{rel}","templated":true}]}}