{"id":3724,"date":"2024-11-22T06:36:28","date_gmt":"2024-11-22T06:36:28","guid":{"rendered":"https:\/\/www.markergroupe.com\/basari-hikayeleri\/aodo-successful-website-seo-case-study\/"},"modified":"2025-06-30T22:13:58","modified_gmt":"2025-06-30T22:13:58","slug":"aodo-web-sitesi-ve-seo-calismasi","status":"publish","type":"page","link":"https:\/\/www.markergroupe.com\/tr\/basari-hikayeleri\/aodo-web-sitesi-ve-seo-calismasi\/","title":{"rendered":"AODO | Web Sitesi ve SEO \u00c7al\u0131\u015fmas\u0131"},"content":{"rendered":"<style>#gspb_row-id-gsbp-38de82c{justify-content:space-between;margin-top:0px;margin-bottom:0px;display:flex;flex-wrap:wrap;}#gspb_row-id-gsbp-38de82c > .gspb_row__content{display:flex;justify-content:space-between;margin:0 auto;width:100%;flex-wrap:wrap;}.gspb_row{position:relative;}div[id^=gspb_col-id]{box-sizing:border-box;position:relative;}div[id^=gspb_col-id]{padding:var(--gs-row-column-padding,15px min(3vw,20px));}body.gspb-bodyfront #gspb_row-id-gsbp-38de82c > .gspb_row__content{width:var(--theme-container-width,1200px);}body.gspb-bodyfront #gspb_row-id-gsbp-38de82c > .gspb_row__content{max-width:var(--theme-normal-container-max-width,1200px);}#gspb_row-id-gsbp-38de82c{margin-bottom:60px;padding-top:80px;padding-bottom:80px;}@media (max-width:689.98px){#gspb_row-id-gsbp-38de82c{margin-bottom:30px;padding-top:50px;padding-bottom:50px;}}#gspb_row-id-gsbp-38de82c{background-color:var(--wp--preset--color--palette-color-1,var(--theme-palette-color-1,#F4CE0B));}<\/style>\n<div class=\"wp-block-greenshift-blocks-row alignfull gspb_row gspb_row-id-gsbp-38de82c\" id=\"gspb_row-id-gsbp-38de82c\"><div class=\"gspb_row__content\"> <style>#gspb_col-id-gsbp-099db26.gspb_row__col--12{width:100%;}@media (max-width:689.98px){#gspb_col-id-gsbp-099db26.gspb_row__col--12{width:100%;}}<\/style>\n<div class=\"wp-block-greenshift-blocks-row-column gspb_row__col--12 gspb_col-id-gsbp-099db26\" id=\"gspb_col-id-gsbp-099db26\"><style>@media (max-width:689.98px){#gspb_heading-id-gsbp-d8ae530{font-size:18px;}}#gspb_heading-id-gsbp-d8ae530,#gspb_heading-id-gsbp-d8ae530 .gsap-g-line{text-align:center!important;}#gspb_heading-id-gsbp-d8ae530{margin-bottom:0px;}<\/style>\n<h1 id=\"gspb_heading-id-gsbp-d8ae530\" class=\"gspb_heading gspb_heading-id-gsbp-d8ae530 \">AODO | Web Sitesi ve SEO \u00c7al\u0131\u015fmas\u0131<\/h1>\n<\/div>\n <\/div><\/div>\n\n\n\n<p><strong>T\u00fcrk ila\u00e7 sekt\u00f6r\u00fcn\u00fcn lideri Abdi \u0130brahim, toplumda s\u0131kl\u0131kla g\u00f6r\u00fclen demir eksikli\u011fi konusunda fark\u0131ndal\u0131k yaratmak amac\u0131yla \u201c<a href=\"http:\/\/anemikolmadinamikol.com\/\" rel=\"noreferrer noopener nofollow\" target=\"_blank\">anemikolmadinamikol.com<\/a>\u201d internet sitesini hayata ge\u00e7irdi.&nbsp;<\/strong><\/p>\n\n\n\n<h6 class=\"wp-block-heading\" id=\"markanin-yasadigi-sorunlari\">MARKANIN YA\u015eADI\u011eI SORUNLARI:<\/h6>\n\n\n\n<p>Web sitenin aray\u00fcz\u00fc kullan\u0131c\u0131 deneyimine uygun de\u011fildi. Web&nbsp; site alt yap\u0131s\u0131nda kullan\u0131lan teknolojiler g\u00fcncel de\u011fildi. Website h\u0131z\u0131 \u00e7ok yava\u015ft\u0131 ve kullan\u0131c\u0131 say\u0131s\u0131 art\u0131nca sunucu hatas\u0131 al\u0131n\u0131yordu. Web siteden hemen \u00e7\u0131kma oranlar\u0131 y\u00fcksekti ve SEO \u00e7al\u0131\u015fmalar\u0131 yeterli olmad\u0131\u011f\u0131 i\u00e7in web site Google\u2019da \u00f6ne \u00e7\u0131km\u0131yordu.<\/p>\n\n\n\n<h6 class=\"wp-block-heading\" id=\"stratejimiz\">STRATEJ\u0130M\u0130Z:<\/h6>\n\n\n\n<ul class=\"wp-block-list\">\n<li>Markan\u0131n kolay kullanabilece\u011fi bir altyap\u0131 belirlemek,<\/li>\n\n\n\n<li>Website mimarisini g\u00fcncel teknolojilere uyarlayarak yeniden in\u015fa etmek,<\/li>\n\n\n\n<li>Website\u2019de kullan\u0131lacak aray\u00fcz ve teman\u0131n marka kimli\u011fine uyarlanmas\u0131,<\/li>\n\n\n\n<li>Sunucu bar\u0131nd\u0131rma d\u00fczenlemelerinin yap\u0131lmas\u0131,<\/li>\n\n\n\n<li>Web sitenin yeni aray\u00fcz ve altyap\u0131ya ta\u015f\u0131nmas\u0131,<\/li>\n\n\n\n<li>Yeni web site i\u00e7in SEO \u00e7al\u0131\u015fmalar\u0131n\u0131n yap\u0131lmas\u0131,<\/li>\n\n\n\n<li>Yeni web site i\u00e7in h\u0131z optimizasyonunun yap\u0131lmas\u0131.<\/li>\n<\/ul>\n\n\n\n<h6 class=\"wp-block-heading\" id=\"sonuclar\">SONU\u00c7LAR:<\/h6>\n\n\n\n<ul class=\"wp-block-list\">\n<li>Markan\u0131n kolay kullan\u0131m\u0131na uygun altyap\u0131 belirlenerek aray\u00fcz \u00e7al\u0131\u015fmalar\u0131na ba\u015flad\u0131k.<\/li>\n\n\n\n<li>Belirlenen tema \u00fczerinden marka kimli\u011fine uygun aray\u00fcz \u00e7al\u0131\u015fmalar\u0131 yapt\u0131k.<\/li>\n\n\n\n<li>Haz\u0131rlanan aray\u00fcze markan\u0131n eski sitesini uyarlayarak ortaya yeni bir website \u00e7\u0131kartt\u0131k.<\/li>\n\n\n\n<li>Kullan\u0131c\u0131 deneyimine uygun yeni websitesi ile siteden hemen \u00e7\u0131kma oran\u0131n\u0131 %34\u2019e d\u00fc\u015f\u00fcrd\u00fck.<\/li>\n\n\n\n<li>Domain oteritesini sa\u011flamak i\u00e7in i\u00e7erik giri\u015fleri yapt\u0131k.<\/li>\n\n\n\n<li>Websitenin SEO skorunu %98\u2019e \u00e7\u0131kartt\u0131k.<\/li>\n\n\n\n<li>Google\u2019\u0131n \u00f6nem verdi\u011fi benzersiz i\u00e7erik kriterine uygun i\u00e7erikler yay\u0131nlad\u0131k.&nbsp;<\/li>\n\n\n\n<li>Sitede bulunan videolar\u0131 Google\u2019a indexledik.<\/li>\n<\/ul>\n\n\n\n<p><em>Marker Groupe\u2019un sa\u011flad\u0131\u011f\u0131 hizmetler hakk\u0131nda bilgi edinmek i\u00e7in bizimle&nbsp;<a href=\"https:\/\/www.markergroupe.com\/iletisim\">MarkerGroupe.com<\/a>&nbsp;web sitesi \u00fczerinden veya&nbsp;hello@markergroupe.com&nbsp;e-mail adresi \u00fczerinden ileti\u015fime ge\u00e7ebilirsiniz.<\/em><\/p>\n\n\n\n<p><\/p>\n\n\n\n<p><\/p>\n","protected":false},"excerpt":{"rendered":"<p>T\u00fcrk ila\u00e7 sekt\u00f6r\u00fcn\u00fcn lideri Abdi \u0130brahim, toplumda s\u0131kl\u0131kla g\u00f6r\u00fclen demir eksikli\u011fi konusunda fark\u0131ndal\u0131k yaratmak amac\u0131yla \u201canemikolmadinamikol.com\u201d internet sitesini hayata ge\u00e7irdi.&nbsp; MARKANIN YA\u015eADI\u011eI SORUNLARI: Web sitenin aray\u00fcz\u00fc kullan\u0131c\u0131 deneyimine uygun de\u011fildi. Web&nbsp; site alt yap\u0131s\u0131nda kullan\u0131lan teknolojiler g\u00fcncel de\u011fildi. Website h\u0131z\u0131 \u00e7ok yava\u015ft\u0131 ve kullan\u0131c\u0131 say\u0131s\u0131 art\u0131nca sunucu hatas\u0131 al\u0131n\u0131yordu. Web siteden hemen \u00e7\u0131kma oranlar\u0131 y\u00fcksekti [&hellip;]<\/p>\n","protected":false},"author":1,"featured_media":2565,"parent":3454,"menu_order":0,"comment_status":"closed","ping_status":"closed","template":"","meta":{"_gspb_post_css":"","content-type":"","footnotes":""},"class_list":["post-3724","page","type-page","status-publish","has-post-thumbnail","hentry"],"blocksy_meta":[],"_links":{"self":[{"href":"https:\/\/www.markergroupe.com\/tr\/wp-json\/wp\/v2\/pages\/3724","targetHints":{"allow":["GET"]}}],"collection":[{"href":"https:\/\/www.markergroupe.com\/tr\/wp-json\/wp\/v2\/pages"}],"about":[{"href":"https:\/\/www.markergroupe.com\/tr\/wp-json\/wp\/v2\/types\/page"}],"author":[{"embeddable":true,"href":"https:\/\/www.markergroupe.com\/tr\/wp-json\/wp\/v2\/users\/1"}],"replies":[{"embeddable":true,"href":"https:\/\/www.markergroupe.com\/tr\/wp-json\/wp\/v2\/comments?post=3724"}],"version-history":[{"count":0,"href":"https:\/\/www.markergroupe.com\/tr\/wp-json\/wp\/v2\/pages\/3724\/revisions"}],"up":[{"embeddable":true,"href":"https:\/\/www.markergroupe.com\/tr\/wp-json\/wp\/v2\/pages\/3454"}],"wp:featuredmedia":[{"embeddable":true,"href":"https:\/\/www.markergroupe.com\/tr\/wp-json\/wp\/v2\/media\/2565"}],"wp:attachment":[{"href":"https:\/\/www.markergroupe.com\/tr\/wp-json\/wp\/v2\/media?parent=3724"}],"curies":[{"name":"wp","href":"https:\/\/api.w.org\/{rel}","templated":true}]}}