{"id":3568,"date":"2024-11-22T14:17:44","date_gmt":"2024-11-22T14:17:44","guid":{"rendered":"https:\/\/www.markergroupe.com\/privacy-policy\/"},"modified":"2024-12-05T07:37:13","modified_gmt":"2024-12-05T07:37:13","slug":"kvkk-ve-gizlilik-politikasi","status":"publish","type":"page","link":"https:\/\/www.markergroupe.com\/tr\/kvkk-ve-gizlilik-politikasi\/","title":{"rendered":"KVKK ve Gizlilik Politikas\u0131"},"content":{"rendered":"<style>#gspb_row-id-gsbp-206b800{justify-content:space-between;margin-top:0px;margin-bottom:0px;display:flex;flex-wrap:wrap;}#gspb_row-id-gsbp-206b800 > .gspb_row__content{display:flex;justify-content:space-between;margin:0 auto;width:100%;flex-wrap:wrap;}.gspb_row{position:relative;}div[id^=gspb_col-id]{box-sizing:border-box;position:relative;}div[id^=gspb_col-id]{padding:15px min(3vw,20px);}#gspb_row-id-gsbp-206b800{min-height:100vh;}body.gspb-bodyfront #gspb_row-id-gsbp-206b800 > .gspb_row__content{width:var(--theme-container-width,1200px);}body.gspb-bodyfront #gspb_row-id-gsbp-206b800 > .gspb_row__content{max-width:var(--theme-normal-container-max-width,1200px);}#gspb_row-id-gsbp-206b800{padding-top:60px;padding-bottom:100px;}@media (max-width:689.98px){#gspb_row-id-gsbp-206b800{padding-bottom:40px;}}<\/style>\n<div class=\"wp-block-greenshift-blocks-row gspb_row gspb_row-id-gsbp-206b800\" id=\"gspb_row-id-gsbp-206b800\"><div class=\"gspb_row__content\"> <style>#gspb_col-id-gsbp-a48ad7c.gspb_row__col--12{width:100%;}@media (max-width:689.98px){#gspb_col-id-gsbp-a48ad7c.gspb_row__col--12{width:100%;}}<\/style>\n<div class=\"wp-block-greenshift-blocks-row-column gspb_row__col--12 gspb_col-id-gsbp-a48ad7c\" id=\"gspb_col-id-gsbp-a48ad7c\"><style>#gspb_heading-id-gsbp-d0bbff7,#gspb_heading-id-gsbp-d0bbff7 .gsap-g-line{text-align:center!important;}<\/style>\n<h2 id=\"gspb_heading-id-gsbp-d0bbff7\" class=\"gspb_heading gspb_heading-id-gsbp-d0bbff7 \">KVKK ve Gizlilik Politikas\u0131<\/h2>\n\n\n\n<p>Marker Groupe LTD olarak gizlili\u011finize \u00f6nem veriyoruz. Bu Gizlilik Politikas\u0131, ki\u015fisel verilerinizi nas\u0131l toplad\u0131\u011f\u0131m\u0131z\u0131, kulland\u0131\u011f\u0131m\u0131z\u0131 ve korudu\u011fumuzu a\u00e7\u0131klamakta ve UK GDPR ve di\u011fer ilgili veri koruma yasalar\u0131na uygun olarak haz\u0131rlanm\u0131\u015ft\u0131r.<\/p>\n\n\n\n<p>Adresimiz: Office 15, 23 King Street, Cambridge, CB1 1AH, UK<\/p>\n\n\n\n<p><strong>1. Toplanan Ki\u015fisel Veriler<\/strong><\/p>\n\n\n\n<p>Sizden a\u015fa\u011f\u0131daki t\u00fcrde verileri toplayabiliriz:<\/p>\n\n\n\n<ul class=\"wp-block-list\">\n<li>Kimlik Bilgileri: Ad, soyad, unvan<\/li>\n\n\n\n<li>\u0130leti\u015fim Bilgileri: E-posta, telefon, adres<\/li>\n\n\n\n<li>Teknik Bilgiler: IP adresi, cihaz bilgileri<\/li>\n\n\n\n<li>Kullan\u0131m Verileri: Web sitesi etkile\u015fimleriniz<\/li>\n<\/ul>\n\n\n\n<p><strong>2. Ki\u015fisel Verilerin Kullan\u0131m Ama\u00e7lar\u0131<\/strong><\/p>\n\n\n\n<p>Ki\u015fisel verileriniz a\u015fa\u011f\u0131daki ama\u00e7larla i\u015flenir:<\/p>\n\n\n\n<ul class=\"wp-block-list\">\n<li>Hizmet sunumu ve geli\u015ftirme<\/li>\n\n\n\n<li>S\u00f6zle\u015fme s\u00fcre\u00e7lerinin y\u00f6netimi<\/li>\n\n\n\n<li>M\u00fc\u015fteri deste\u011fi sa\u011flama<\/li>\n\n\n\n<li>Pazarlama ileti\u015fimleri<\/li>\n\n\n\n<li>G\u00fcvenlik ve doland\u0131r\u0131c\u0131l\u0131k \u00f6nleme<\/li>\n<\/ul>\n\n\n\n<p><strong>3. Hukuki Dayanak<\/strong><\/p>\n\n\n\n<p>Veri i\u015fleme faaliyetlerimiz \u015fu hukuki dayanaklara dayanmaktad\u0131r:<\/p>\n\n\n\n<ul class=\"wp-block-list\">\n<li>S\u00f6zle\u015fmenin ifas\u0131<\/li>\n\n\n\n<li>Yasal y\u00fck\u00fcml\u00fcl\u00fckler<\/li>\n\n\n\n<li>Me\u015fru menfaatler<\/li>\n\n\n\n<li>R\u0131za<\/li>\n<\/ul>\n\n\n\n<p><strong>4. Ki\u015fisel Verilerin Payla\u015f\u0131lmas\u0131<\/strong><\/p>\n\n\n\n<p>Verileriniz \u015fu taraflarla payla\u015f\u0131labilir:<\/p>\n\n\n\n<ul class=\"wp-block-list\">\n<li>\u0130\u015f ortaklar\u0131 ve hizmet sa\u011flay\u0131c\u0131lar<\/li>\n\n\n\n<li>Yetkili kamu kurumlar\u0131<\/li>\n\n\n\n<li>Yasal dan\u0131\u015fmanlar<\/li>\n<\/ul>\n\n\n\n<p><strong>5. Uluslararas\u0131 Veri Aktar\u0131mlar\u0131<\/strong><\/p>\n\n\n\n<p>Verileriniz Birle\u015fik Krall\u0131k d\u0131\u015f\u0131na aktar\u0131labilir. Bu durumda, veri g\u00fcvenli\u011fini sa\u011flamak i\u00e7in gerekli \u00f6nlemler al\u0131nacakt\u0131r.<\/p>\n\n\n\n<p><strong>6. Veri Saklama S\u00fcresi<\/strong><\/p>\n\n\n\n<p>Verilerinizi yaln\u0131zca gerekli oldu\u011fu s\u00fcrece saklar\u0131z. Yasal y\u00fck\u00fcml\u00fcl\u00fckler bu s\u00fcreyi etkileyebilir.<\/p>\n\n\n\n<p><strong>7. Veri G\u00fcvenli\u011fi<\/strong><\/p>\n\n\n\n<p>Verilerinizi korumak i\u00e7in g\u00fcncel teknik ve organizasyonel \u00f6nlemler al\u0131yoruz.<\/p>\n\n\n\n<p><strong>8. Haklar\u0131n\u0131z<\/strong><\/p>\n\n\n\n<p>UK GDPR kapsam\u0131nda \u015fu haklara sahipsiniz:<\/p>\n\n\n\n<ul class=\"wp-block-list\">\n<li>Verilerinize eri\u015fim<\/li>\n\n\n\n<li>D\u00fczeltme talebi<\/li>\n\n\n\n<li>Silme talebi<\/li>\n\n\n\n<li>\u0130\u015flemeye itiraz<\/li>\n\n\n\n<li>Veri ta\u015f\u0131nabilirli\u011fi<\/li>\n<\/ul>\n\n\n\n<p>Haklar\u0131n\u0131z\u0131 kullanmak i\u00e7in bizimle ileti\u015fime ge\u00e7in:<\/p>\n\n\n\n<ul class=\"wp-block-list\">\n<li>E-posta: [E-posta adresinizi ekleyin]<\/li>\n\n\n\n<li>Telefon: [Telefon numaran\u0131z\u0131 ekleyin]<\/li>\n<\/ul>\n\n\n\n<p><strong>9. \u00c7erezler<\/strong><\/p>\n\n\n\n<p>Web sitemiz, \u00e7erezler kullanmaktad\u0131r.&nbsp;<\/p>\n\n\n\n<p>Bu politikay\u0131 d\u00fczenli olarak g\u00fcncelliyoruz. <\/p>\n<\/div>\n <\/div><\/div>\n","protected":false},"excerpt":{"rendered":"","protected":false},"author":1,"featured_media":4803,"parent":0,"menu_order":0,"comment_status":"closed","ping_status":"closed","template":"","meta":{"_gspb_post_css":"#gspb_heading-id-gsbp-d0bbff7,#gspb_heading-id-gsbp-d0bbff7 .gsap-g-line{text-align:center!important}#gspb_row-id-gsbp-206b800{justify-content:space-between;margin-top:0;margin-bottom:0;display:flex;flex-wrap:wrap;min-height:100vh;padding-top:60px;padding-bottom:100px}#gspb_row-id-gsbp-206b800>.gspb_row__content{display:flex;justify-content:space-between;margin:0 auto;width:100%;flex-wrap:wrap}.gspb_row{position:relative}div[id^=gspb_col-id]{box-sizing:border-box;position:relative;padding:15px min(3vw,20px)}body.gspb-bodyfront #gspb_row-id-gsbp-206b800>.gspb_row__content{width:var(--theme-container-width, 1200px);max-width:var(--theme-normal-container-max-width, 1200px)}@media (max-width:575.98px){#gspb_row-id-gsbp-206b800{padding-bottom:40px}}#gspb_col-id-gsbp-a48ad7c.gspb_row__col--12{width:100%}@media (max-width:575.98px){#gspb_col-id-gsbp-a48ad7c.gspb_row__col--12{width:100%}}","content-type":"","footnotes":""},"class_list":["post-3568","page","type-page","status-publish","has-post-thumbnail","hentry"],"blocksy_meta":[],"_links":{"self":[{"href":"https:\/\/www.markergroupe.com\/tr\/wp-json\/wp\/v2\/pages\/3568","targetHints":{"allow":["GET"]}}],"collection":[{"href":"https:\/\/www.markergroupe.com\/tr\/wp-json\/wp\/v2\/pages"}],"about":[{"href":"https:\/\/www.markergroupe.com\/tr\/wp-json\/wp\/v2\/types\/page"}],"author":[{"embeddable":true,"href":"https:\/\/www.markergroupe.com\/tr\/wp-json\/wp\/v2\/users\/1"}],"replies":[{"embeddable":true,"href":"https:\/\/www.markergroupe.com\/tr\/wp-json\/wp\/v2\/comments?post=3568"}],"version-history":[{"count":0,"href":"https:\/\/www.markergroupe.com\/tr\/wp-json\/wp\/v2\/pages\/3568\/revisions"}],"wp:featuredmedia":[{"embeddable":true,"href":"https:\/\/www.markergroupe.com\/tr\/wp-json\/wp\/v2\/media\/4803"}],"wp:attachment":[{"href":"https:\/\/www.markergroupe.com\/tr\/wp-json\/wp\/v2\/media?parent=3568"}],"curies":[{"name":"wp","href":"https:\/\/api.w.org\/{rel}","templated":true}]}}