{"id":3461,"date":"2024-11-13T10:22:15","date_gmt":"2024-11-13T10:22:15","guid":{"rendered":"https:\/\/www.markergroupe.com\/about\/"},"modified":"2026-03-19T11:55:14","modified_gmt":"2026-03-19T11:55:14","slug":"hakkimizda","status":"publish","type":"page","link":"https:\/\/www.markergroupe.com\/tr\/hakkimizda\/","title":{"rendered":"Hakk\u0131m\u0131zda"},"content":{"rendered":"<style>#gspb_row-id-gsbp-60fecfc{justify-content:space-between;margin-top:0px;margin-bottom:0px;display:flex;flex-wrap:wrap;}#gspb_row-id-gsbp-60fecfc > .gspb_row__content{display:flex;justify-content:space-between;margin:0 auto;width:100%;flex-wrap:wrap;}.gspb_row{position:relative;}div[id^=gspb_col-id]{box-sizing:border-box;position:relative;}div[id^=gspb_col-id]{padding:var(--gs-row-column-padding,15px min(3vw,20px));}@media (max-width:689.98px){#gspb_row-id-gsbp-60fecfc{min-height:;}}body.gspb-bodyfront #gspb_row-id-gsbp-60fecfc > .gspb_row__content{width:var(--theme-container-width,1200px);}body.gspb-bodyfront #gspb_row-id-gsbp-60fecfc > .gspb_row__content{max-width:var(--theme-normal-container-max-width,1200px);}#gspb_row-id-gsbp-60fecfc{margin-top:50px;margin-bottom:40px;}@media (max-width:689.98px){#gspb_row-id-gsbp-60fecfc{margin-top:30px;margin-bottom:0px;}}<\/style>\n<div class=\"wp-block-greenshift-blocks-row gspb_row gspb_row-id-gsbp-60fecfc\" id=\"gspb_row-id-gsbp-60fecfc\"><div class=\"gspb_row__content\"> <style>#gspb_col-id-gsbp-d60b9e3.gspb_row__col--6{width:50%;}@media (max-width:689.98px){#gspb_col-id-gsbp-d60b9e3.gspb_row__col--6{width:100%;}}@media (min-width:690px) and (max-width:999.98px){body.gspb-bodyfront #gspb_col-id-gsbp-d60b9e3.gspb_row__col--6{width:calc(100% - 0px - 0px)}}@media (max-width:689.98px){#gspb_col-id-gsbp-d60b9e3.gspb_row__col--6{order:2;}}.gspb_row #gspb_col-id-gsbp-d60b9e3.gspb_row__col--6{padding-top:0px;padding-left:0px;}<\/style>\n<div class=\"wp-block-greenshift-blocks-row-column gspb_row__col--6 gspb_col-id-gsbp-d60b9e3\" id=\"gspb_col-id-gsbp-d60b9e3\"><style>#gspb_image-id-gsbp-fca4348 img{vertical-align:top;}#gspb_image-id-gsbp-fca4348 img{display:inline-block;box-sizing:border-box;max-width:100%;height:auto;}#gspb_image-id-gsbp-fca4348 img{border-top-left-radius:20px;border-top-right-radius:20px;border-bottom-right-radius:20px;border-bottom-left-radius:20px;}<\/style>\n<div class=\"wp-block-greenshift-blocks-image gspb_image gspb_image-id-gsbp-fca4348\" id=\"gspb_image-id-gsbp-fca4348\"><img decoding=\"async\" src=\"https:\/\/www.markergroupe.com\/wp-content\/uploads\/2024\/11\/marker-about-.webp\" data-src=\"\" alt=\"\" loading=\"lazy\" width=\"768\" height=\"512\" title=\"\"><\/div>\n<\/div>\n\n\n<style>#gspb_col-id-gsbp-e23de3b.gspb_row__col--6{width:50%;}@media (max-width:689.98px){#gspb_col-id-gsbp-e23de3b.gspb_row__col--6{width:100%;}}@media (min-width:690px) and (max-width:999.98px){body.gspb-bodyfront #gspb_col-id-gsbp-e23de3b.gspb_row__col--6{width:calc(100% - 0px - 0px)}}@media (max-width:999.98px){.gspb_row #gspb_col-id-gsbp-e23de3b.gspb_row__col--6{padding-right:0px;padding-left:0px;}}@media (max-width:689.98px){.gspb_row #gspb_col-id-gsbp-e23de3b.gspb_row__col--6{padding-top:0px;padding-right:0px;padding-left:0px;}}body #gspb_col-id-gsbp-e23de3b.gspb_row__col--6{display:flex;flex-direction:column;justify-content:center;}@media (max-width:689.98px){body #gspb_col-id-gsbp-e23de3b.gspb_row__col--6{row-gap:0px;}}<\/style>\n<div class=\"wp-block-greenshift-blocks-row-column gspb_row__col--6 gspb_col-id-gsbp-e23de3b\" id=\"gspb_col-id-gsbp-e23de3b\"><style>.gspb_container-id-gsbp-faf6af1{flex-direction:column;box-sizing:border-box;}#gspb_container-id-gsbp-faf6af1.gspb_container > p:last-of-type{margin-bottom:0}#gspb_container-id-gsbp-faf6af1.gspb_container{position:relative;}#gspb_container-id-gsbp-faf6af1.gspb_container{display:flex;flex-direction:column;justify-content:center;}#gspb_container-id-gsbp-faf6af1.gspb_container{margin-left:-120px;padding-left:45px;}@media (max-width:999.98px){#gspb_container-id-gsbp-faf6af1.gspb_container{margin-right:0px;margin-left:0px;padding-left:0px;}}@media (max-width:689.98px){#gspb_container-id-gsbp-faf6af1.gspb_container{margin-top:0px;margin-right:0px;margin-bottom:-13px;margin-left:0px;padding-left:0px;}}#gspb_container-id-gsbp-faf6af1.gspb_container{border-top-left-radius:20px;border-top-right-radius:20px;border-bottom-right-radius:20px;border-bottom-left-radius:20px;}#gspb_container-id-gsbp-faf6af1.gspb_container > .gspb_backgroundOverlay{border-top-left-radius:20px;border-top-right-radius:20px;border-bottom-right-radius:20px;border-bottom-left-radius:20px;}#gspb_container-id-gsbp-faf6af1.gspb_container{background-color:var(--wp--preset--color--palette-color-8,var(--theme-palette-color-8,#ffffff));}@media (max-width:999.98px){#gspb_container-id-gsbp-faf6af1.gspb_container{background-color:var(--wp--preset--color--palette-color-8,var(--theme-palette-color-8,#ffffff));}}@media (max-width:689.98px){#gspb_container-id-gsbp-faf6af1.gspb_container{background-color:var(--wp--preset--color--palette-color-8,var(--theme-palette-color-8,#ffffff));}}@media (max-width:689.98px){#gspb_container-id-gsbp-faf6af1.gspb_container{background-color:var(--wp--preset--color--palette-color-8,var(--theme-palette-color-8,#ffffff));}}#gspb_container-id-gsbp-faf6af1.gspb_container{box-sizing:border-box;}#gspb_container-id-gsbp-faf6af1.gspb_container{height:229px;}@media (max-width:689.98px){#gspb_container-id-gsbp-faf6af1.gspb_container{height:189px;}}<\/style>\n<div class=\"wp-block-greenshift-blocks-container gspb_container gspb_container-gsbp-faf6af1\" id=\"gspb_container-id-gsbp-faf6af1\"><style>#gspb_heading-id-gsbp-3689315{font-size:20px;}@media (max-width:689.98px){#gspb_heading-id-gsbp-3689315{font-size:17px;}}#gspb_heading-id-gsbp-3689315{font-weight:normal!important;}@media (max-width:999.98px){#gspb_heading-id-gsbp-3689315{font-weight:normal!important;}}@media (max-width:689.98px){#gspb_heading-id-gsbp-3689315{font-weight:normal!important;}}@media (max-width:689.98px){#gspb_heading-id-gsbp-3689315{font-weight:normal!important;}}#gspb_heading-id-gsbp-3689315 .gspb_heading_subtitle,#gspb_subheading-id-gsbp-3689315{display:block;font-size:17px;line-height:22px;margin-top:5px}#gspb_heading-id-gsbp-3689315 .gspb_heading_subtitle,#gspb_subheading-id-gsbp-3689315{font-size:55px;line-height:64px;}@media (max-width:689.98px){#gspb_heading-id-gsbp-3689315 .gspb_heading_subtitle,#gspb_subheading-id-gsbp-3689315{font-size:35px;line-height:41px;}}#gspb_heading-id-gsbp-3689315 .gspb_heading_subtitle,#gspb_subheading-id-gsbp-3689315{font-weight:normal!important;}@media (max-width:999.98px){#gspb_heading-id-gsbp-3689315 .gspb_heading_subtitle,#gspb_subheading-id-gsbp-3689315{font-weight:normal!important;}}@media (max-width:689.98px){#gspb_heading-id-gsbp-3689315 .gspb_heading_subtitle,#gspb_subheading-id-gsbp-3689315{font-weight:normal!important;}}@media (max-width:689.98px){#gspb_heading-id-gsbp-3689315 .gspb_heading_subtitle,#gspb_subheading-id-gsbp-3689315{font-weight:normal!important;}}<\/style>\n<h1 id=\"gspb_heading-id-gsbp-3689315\" class=\"gspb_heading gspb_heading-id-gsbp-3689315 \">B\u0130Z\u0130M H\u0130KAYEM\u0130Z<span class=\"gspb_heading_subtitle\">Dijitalde B\u00fcy\u00fcmenin Ad\u0131: Marker Groupe<\/span><\/h1>\n<\/div>\n\n\n<style>.gspb_text-id-gsbp-047246d{margin-top:20px!important;}@media (max-width:689.98px){.gspb_text-id-gsbp-047246d{margin-top:0px!important;padding-top:0px!important;}}body.gspb-bodyfront .gspb_text-id-gsbp-047246d{z-index:9;}<\/style>\n<div id=\"gspb_text-id-gsbp-047246d\" class=\"gspb_text gspb_text-id-gsbp-047246d \">Marker Groupe, dijital d\u00fcnyada benzersiz izler b\u0131rakan bir dijital pazarlama ajans\u0131d\u0131r. 2018 y\u0131l\u0131nda hayal g\u00fcc\u00fc ve stratejinin m\u00fckemmel bir birle\u015fimi ile kurulduk. Biz, sadece markalar olu\u015fturmakla kalm\u0131yor, ayn\u0131 zamanda onlar\u0131 dijital d\u00fcnyada unutulmaz k\u0131lacak hikayeler anlat\u0131yoruz.<\/div>\n<\/div>\n <\/div><\/div>\n\n\n<style>#gspb_row-id-gsbp-922759a{justify-content:space-between;margin-top:0px;margin-bottom:0px;display:flex;flex-wrap:wrap;}#gspb_row-id-gsbp-922759a > .gspb_row__content{display:flex;justify-content:space-between;margin:0 auto;width:100%;flex-wrap:wrap;}.gspb_row{position:relative;}div[id^=gspb_col-id]{box-sizing:border-box;position:relative;}div[id^=gspb_col-id]{padding:var(--gs-row-column-padding,15px min(3vw,20px));}body.gspb-bodyfront #gspb_row-id-gsbp-922759a > .gspb_row__content{width:var(--theme-container-width,1200px);}body.gspb-bodyfront #gspb_row-id-gsbp-922759a > .gspb_row__content{max-width:var(--theme-normal-container-max-width,1200px);}#gspb_row-id-gsbp-922759a{margin-bottom:50px;}<\/style>\n<div class=\"wp-block-greenshift-blocks-row gspb_row gspb_row-id-gsbp-922759a\" id=\"gspb_row-id-gsbp-922759a\"><div class=\"gspb_row__content\"> <style>#gspb_col-id-gsbp-3ca60de.gspb_row__col--6{width:50%;}@media (max-width:689.98px){#gspb_col-id-gsbp-3ca60de.gspb_row__col--6{width:100%;}}@media (min-width:690px) and (max-width:999.98px){body.gspb-bodyfront #gspb_col-id-gsbp-3ca60de.gspb_row__col--6{width:calc(100% - 0px - 0px)}}.gspb_row #gspb_col-id-gsbp-3ca60de.gspb_row__col--6{padding-left:0px;}<\/style>\n<div class=\"wp-block-greenshift-blocks-row-column gspb_row__col--6 gspb_col-id-gsbp-3ca60de\" id=\"gspb_col-id-gsbp-3ca60de\"><style>#gspb_heading-id-gsbp-5910151{font-size:22px;}#gspb_heading-id-gsbp-5910151{margin-bottom:0px;}<\/style>\n<h2 id=\"gspb_heading-id-gsbp-5910151\" class=\"gspb_heading gspb_heading-id-gsbp-5910151 \"><strong><strong>Vizyonumuz<\/strong><\/strong><\/h2>\n\n\n<style>#gspb_heading-id-gsbp-890eb5d{font-size:15px;}#gspb_heading-id-gsbp-890eb5d{margin-top:0px;}<\/style>\n<p id=\"gspb_heading-id-gsbp-890eb5d\" class=\"gspb_heading gspb_heading-id-gsbp-890eb5d \">Dijital \u00e7a\u011f\u0131n karma\u015f\u0131kl\u0131\u011f\u0131nda, \u00f6ne \u00e7\u0131kan bir marka olmak her zamankinden daha \u00f6nemli. Marker Groupe olarak, m\u00fc\u015fterilerimizin dijital d\u00fcnyada varl\u0131k g\u00f6stermelerine yard\u0131mc\u0131 oluyoruz. Vizyonumuz, sadece trendlere uymak de\u011fil, ayn\u0131 zamanda onlar\u0131 belirlemek ve d\u00f6n\u00fc\u015ft\u00fcrmektir.<\/p>\n\n\n<style>#gspb_heading-id-gsbp-e48474d{font-size:22px;}#gspb_heading-id-gsbp-e48474d{margin-bottom:0px;}<\/style>\n<h2 id=\"gspb_heading-id-gsbp-e48474d\" class=\"gspb_heading gspb_heading-id-gsbp-e48474d \"><strong><strong><strong>Misyonumuz<\/strong><\/strong><\/strong><\/h2>\n\n\n<style>#gspb_heading-id-gsbp-1c589b1{font-size:16px;}#gspb_heading-id-gsbp-1c589b1{margin-top:0px;}<\/style>\n<p id=\"gspb_heading-id-gsbp-1c589b1\" class=\"gspb_heading gspb_heading-id-gsbp-1c589b1 \">Misyonumuz, m\u00fc\u015fterilerimizin dijital d\u00fcnyada etkile\u015fimde bulunmalar\u0131n\u0131 sa\u011flamak, onlara \u00f6zg\u00fcn bir ses kazand\u0131rmak ve rakiplerinden ayr\u0131\u015ft\u0131rmakt\u0131r. Stratejik d\u00fc\u015f\u00fcnce ve yarat\u0131c\u0131l\u0131\u011f\u0131n birle\u015fimi ile dijital arenada \u00f6ne \u00e7\u0131kmak i\u00e7in buraday\u0131z.<\/p>\n\n\n<style>#gspb_heading-id-gsbp-0fcf131{font-size:22px;}#gspb_heading-id-gsbp-0fcf131{margin-bottom:0px;}<\/style>\n<h2 id=\"gspb_heading-id-gsbp-0fcf131\" class=\"gspb_heading gspb_heading-id-gsbp-0fcf131 \"><strong><strong><strong><strong>Yarat\u0131c\u0131l\u0131\u011f\u0131n G\u00fcc\u00fc<\/strong><\/strong><\/strong><\/strong><\/h2>\n\n\n<style>#gspb_heading-id-gsbp-e8db475{font-size:16px;}#gspb_heading-id-gsbp-e8db475{margin-top:0px;}<\/style>\n<p id=\"gspb_heading-id-gsbp-e8db475\" class=\"gspb_heading gspb_heading-id-gsbp-e8db475 \">Marker Groupe, sadece pazarlama de\u011fil, ayn\u0131 zamanda sanatla da ilgilenen bir ekibe sahiptir. Yarat\u0131c\u0131l\u0131k, bizim dijital stratejilerimizin temelini olu\u015fturur. S\u0131rad\u0131\u015f\u0131 fikirlerle dijital d\u00fcnyay\u0131 renklendiriyor ve markalar\u0131n\u0131z\u0131 unutulmaz k\u0131l\u0131yoruz.<\/p>\n\n\n<style>#gspb_heading-id-gsbp-37cb90a{font-size:22px;}#gspb_heading-id-gsbp-37cb90a{margin-bottom:0px;}<\/style>\n<h2 id=\"gspb_heading-id-gsbp-37cb90a\" class=\"gspb_heading gspb_heading-id-gsbp-37cb90a \"><strong><strong><strong><strong><strong>Ekip<\/strong><\/strong><\/strong><\/strong><\/strong><\/h2>\n\n\n<style>#gspb_heading-id-gsbp-6fc3758{font-size:16px;}#gspb_heading-id-gsbp-6fc3758{margin-top:0px;}<\/style>\n<p id=\"gspb_heading-id-gsbp-6fc3758\" class=\"gspb_heading gspb_heading-id-gsbp-6fc3758 \">Marker Groupe ekibi, farkl\u0131 beceri setlerine sahip tutkulu ve deneyimli profesyonellerden olu\u015fur. Dijital d\u00fcnyan\u0131n h\u0131z\u0131na ayak uydurmak i\u00e7in buraday\u0131z ve m\u00fc\u015fterilerimize en iyi hizmeti sunabilmek ad\u0131na s\u00fcrekli olarak kendimizi geli\u015ftiriyoruz.<\/p>\n\n\n<style>#gspb_heading-id-gsbp-f66d7fd{font-size:22px;}#gspb_heading-id-gsbp-f66d7fd{margin-bottom:0px;}<\/style>\n<h2 id=\"gspb_heading-id-gsbp-f66d7fd\" class=\"gspb_heading gspb_heading-id-gsbp-f66d7fd \"><strong><strong><strong><strong><strong><strong>Ba\u011flant\u0131 Kurun<\/strong><\/strong><\/strong><\/strong><\/strong><\/strong><\/h2>\n\n\n<style>#gspb_heading-id-gsbp-476441a{font-size:16px;}#gspb_heading-id-gsbp-476441a{margin-top:0px;}<\/style>\n<p id=\"gspb_heading-id-gsbp-476441a\" class=\"gspb_heading gspb_heading-id-gsbp-476441a \">Siz de dijital d\u00fcnyada iz b\u0131rakmak, etkile\u015fimi art\u0131rmak ve benzersiz hikayenizi anlatmak istiyorsan\u0131z, Marker Groupe sizin i\u00e7in burada. \u0130leti\u015fim kurun, birlikte dijital d\u00fcnyada b\u00fcy\u00fck bir etki yaratal\u0131m.<\/p>\n<\/div>\n\n\n<style>#gspb_col-id-gsbp-4b6bf52.gspb_row__col--6{width:50%;}@media (max-width:689.98px){#gspb_col-id-gsbp-4b6bf52.gspb_row__col--6{width:100%;}}@media (max-width:689.98px){body.gspb-bodyfront #gspb_col-id-gsbp-4b6bf52.gspb_row__col--6{display:none !important;}}@media (min-width:690px) and (max-width:999.98px){body.gspb-bodyfront #gspb_col-id-gsbp-4b6bf52.gspb_row__col--6{display:none !important;}}body #gspb_col-id-gsbp-4b6bf52.gspb_row__col--6{display:flex;flex-direction:column;justify-content:center;}<\/style>\n<div class=\"wp-block-greenshift-blocks-row-column gspb_row__col--6 gspb_col-id-gsbp-4b6bf52\" id=\"gspb_col-id-gsbp-4b6bf52\"><style>#gspb_image-id-gsbp-e111e11{text-align:center;}#gspb_image-id-gsbp-e111e11 img{vertical-align:top;}#gspb_image-id-gsbp-e111e11 img{display:inline-block;box-sizing:border-box;max-width:100%;height:auto;}#gspb_image-id-gsbp-e111e11 img{width:422px;}#gspb_image-id-gsbp-e111e11,#gspb_image-id-gsbp-e111e11 img{height:auto;}@media (max-width:999.98px){#gspb_image-id-gsbp-e111e11,#gspb_image-id-gsbp-e111e11 img{height:auto;}}@media (max-width:689.98px){#gspb_image-id-gsbp-e111e11,#gspb_image-id-gsbp-e111e11 img{height:auto;}}@media (max-width:689.98px){#gspb_image-id-gsbp-e111e11,#gspb_image-id-gsbp-e111e11 img{height:auto;}}<\/style>\n<div class=\"wp-block-greenshift-blocks-image gspb_image gspb_image-id-gsbp-e111e11\" id=\"gspb_image-id-gsbp-e111e11\"><img decoding=\"async\" src=\"https:\/\/www.markergroupe.com\/wp-content\/uploads\/2024\/11\/marker-logo.webp\" data-src=\"\" alt=\"\" loading=\"lazy\" width=\"422\" height=\"197\" title=\"\"><\/div>\n<\/div>\n <\/div><\/div>\n\n\n<style>#gspb_row-id-gsbp-63abbe5{justify-content:space-between;margin-top:0px;margin-bottom:0px;display:flex;flex-wrap:wrap;}#gspb_row-id-gsbp-63abbe5 > .gspb_row__content{display:flex;justify-content:space-between;margin:0 auto;width:100%;flex-wrap:wrap;}.gspb_row{position:relative;}div[id^=gspb_col-id]{box-sizing:border-box;position:relative;}div[id^=gspb_col-id]{padding:var(--gs-row-column-padding,15px min(3vw,20px));}body.gspb-bodyfront #gspb_row-id-gsbp-63abbe5 > .gspb_row__content{width:var(--theme-container-width,1200px);}body.gspb-bodyfront #gspb_row-id-gsbp-63abbe5 > .gspb_row__content{max-width:var(--theme-normal-container-max-width,1200px);}#gspb_row-id-gsbp-63abbe5{margin-bottom:100px;}@media (max-width:689.98px){#gspb_row-id-gsbp-63abbe5{margin-bottom:50px;}}<\/style>\n<div class=\"wp-block-greenshift-blocks-row gspb_row gspb_row-id-gsbp-63abbe5\" id=\"gspb_row-id-gsbp-63abbe5\"><div class=\"gspb_row__content\"> <style>#gspb_col-id-gsbp-f196c79.gspb_row__col--4{width:33.333333333333336%;}@media (max-width:689.98px){#gspb_col-id-gsbp-f196c79.gspb_row__col--4{width:100%;}}@media (min-width:1000px){body.gspb-bodyfront #gspb_col-id-gsbp-f196c79.gspb_row__col--4{width:calc(100% - 0px - 0px)}}<\/style>\n<div class=\"wp-block-greenshift-blocks-row-column gspb_row__col--4 gspb_col-id-gsbp-f196c79\" id=\"gspb_col-id-gsbp-f196c79\"><style>#gspb_heading-id-gsbp-1e8e3c2,#gspb_heading-id-gsbp-1e8e3c2 .gsap-g-line{text-align:center!important;}<\/style>\n<h2 id=\"gspb_heading-id-gsbp-1e8e3c2\" class=\"gspb_heading gspb_heading-id-gsbp-1e8e3c2 \">Rakamlarla Marker Groupe<\/h2>\n<\/div>\n\n\n<style>#gspb_col-id-gsbp-4b5ab40.gspb_row__col--4{width:33.333333333333336%;}@media (max-width:689.98px){#gspb_col-id-gsbp-4b5ab40.gspb_row__col--4{width:100%;}}<\/style>\n<div class=\"wp-block-greenshift-blocks-row-column gspb_row__col--4 gspb_col-id-gsbp-4b5ab40\" id=\"gspb_col-id-gsbp-4b5ab40\"><style>.gspb_counter-id-gsbp-b460292,.gspb_counter-id-gsbp-b460292 .gs-counterwrap{display:flex;align-items:center;}.gspb_counter-id-gsbp-b460292 .gs-counterdiv{display:flex;text-align:center;flex-direction:column;justify-content:center;align-items:center;}.gspb_counter-id-gsbp-b460292,.gspb_counter-id-gsbp-b460292 .gs-counterwrap{justify-content:center;}.gspb_counter-id-gsbp-b460292 .gs-counter{color:var(--wp--preset--color--palette-color-1,var(--theme-palette-color-1,#F4CE0B))}.gspb_counter-id-gsbp-b460292 .gs-counterdiv{border-radius:5px}.gspb_counter-id-gsbp-b460292 .gs-counter{font-size:80px;line-height:80px;font-weight:normal;margin-bottom:5px;}.gspb_counter-id-gsbp-b460292 .gs-counterlabel{font-size:16px;line-height:16px;}.gspb_counter-id-gsbp-b460292 .gs-counterdiv{min-width:200px;}<\/style>\n<div class=\"wp-block-greenshift-blocks-counter gs-counterwrap gspb_counter-id-gsbp-b460292\"><div class=\"gs-counterdiv\"><div class=\"gs-counter\" data-start=\"0\" data-end=\"400\" data-duration=\"1\" data-postfix=\"+\">0<\/div><div class=\"gs-counterlabel\">Marka<\/div><\/div><\/div>\n<\/div>\n\n\n<style>#gspb_col-id-gsbp-bc0a932.gspb_row__col--4{width:33.333333333333336%;}@media (max-width:689.98px){#gspb_col-id-gsbp-bc0a932.gspb_row__col--4{width:100%;}}<\/style>\n<div class=\"wp-block-greenshift-blocks-row-column gspb_row__col--4 gspb_col-id-gsbp-bc0a932\" id=\"gspb_col-id-gsbp-bc0a932\"><style>.gspb_counter-id-gsbp-3e3638a,.gspb_counter-id-gsbp-3e3638a .gs-counterwrap{display:flex;align-items:center;}.gspb_counter-id-gsbp-3e3638a .gs-counterdiv{display:flex;text-align:center;flex-direction:column;justify-content:center;align-items:center;}.gspb_counter-id-gsbp-3e3638a,.gspb_counter-id-gsbp-3e3638a .gs-counterwrap{justify-content:center;}.gspb_counter-id-gsbp-3e3638a .gs-counter{color:var(--wp--preset--color--palette-color-1,var(--theme-palette-color-1,#F4CE0B))}.gspb_counter-id-gsbp-3e3638a .gs-counterdiv{border-radius:5px}.gspb_counter-id-gsbp-3e3638a .gs-counter{font-size:80px;line-height:80px;font-weight:normal;margin-bottom:5px;}.gspb_counter-id-gsbp-3e3638a .gs-counterlabel{font-size:16px;line-height:16px;}.gspb_counter-id-gsbp-3e3638a .gs-counterdiv{min-width:200px;}<\/style>\n<div class=\"wp-block-greenshift-blocks-counter gs-counterwrap gspb_counter-id-gsbp-3e3638a\"><div class=\"gs-counterdiv\"><div class=\"gs-counter\" data-start=\"0\" data-end=\"40\" data-duration=\"1\" data-postfix=\"+\">0<\/div><div class=\"gs-counterlabel\">Sekt\u00f6r<\/div><\/div><\/div>\n<\/div>\n\n\n<style>#gspb_col-id-gsbp-b6bf5ca.gspb_row__col--4{width:33.333333333333336%;}@media (max-width:689.98px){#gspb_col-id-gsbp-b6bf5ca.gspb_row__col--4{width:100%;}}<\/style>\n<div class=\"wp-block-greenshift-blocks-row-column gspb_row__col--4 gspb_col-id-gsbp-b6bf5ca\" id=\"gspb_col-id-gsbp-b6bf5ca\"><style>.gspb_counter-id-gsbp-ee1c5bf,.gspb_counter-id-gsbp-ee1c5bf .gs-counterwrap{display:flex;align-items:center;}.gspb_counter-id-gsbp-ee1c5bf .gs-counterdiv{display:flex;text-align:center;flex-direction:column;justify-content:center;align-items:center;}.gspb_counter-id-gsbp-ee1c5bf,.gspb_counter-id-gsbp-ee1c5bf .gs-counterwrap{justify-content:center;}.gspb_counter-id-gsbp-ee1c5bf .gs-counter{color:var(--wp--preset--color--palette-color-1,var(--theme-palette-color-1,#F4CE0B))}.gspb_counter-id-gsbp-ee1c5bf .gs-counterdiv{border-radius:5px}.gspb_counter-id-gsbp-ee1c5bf .gs-counter{font-size:80px;line-height:80px;font-weight:normal;margin-bottom:5px;}.gspb_counter-id-gsbp-ee1c5bf .gs-counterlabel{font-size:16px;line-height:16px;}.gspb_counter-id-gsbp-ee1c5bf .gs-counterdiv{min-width:200px;}<\/style>\n<div class=\"wp-block-greenshift-blocks-counter gs-counterwrap gspb_counter-id-gsbp-ee1c5bf\"><div class=\"gs-counterdiv\"><div class=\"gs-counter\" data-start=\"0\" data-end=\"380\" data-duration=\"1\" data-postfix=\"+\">0<\/div><div class=\"gs-counterlabel\">Proje<\/div><\/div><\/div>\n<\/div>\n <\/div><\/div>\n","protected":false},"excerpt":{"rendered":"","protected":false},"author":1,"featured_media":4803,"parent":0,"menu_order":2,"comment_status":"closed","ping_status":"closed","template":"","meta":{"_gspb_post_css":"","content-type":"","footnotes":""},"class_list":["post-3461","page","type-page","status-publish","has-post-thumbnail","hentry"],"blocksy_meta":{"has_hero_section":"disabled","vertical_spacing_source":"custom","content_area_spacing":"none","styles_descriptor":{"styles":{"desktop":"","tablet":"","mobile":""},"google_fonts":[],"version":6}},"_links":{"self":[{"href":"https:\/\/www.markergroupe.com\/tr\/wp-json\/wp\/v2\/pages\/3461","targetHints":{"allow":["GET"]}}],"collection":[{"href":"https:\/\/www.markergroupe.com\/tr\/wp-json\/wp\/v2\/pages"}],"about":[{"href":"https:\/\/www.markergroupe.com\/tr\/wp-json\/wp\/v2\/types\/page"}],"author":[{"embeddable":true,"href":"https:\/\/www.markergroupe.com\/tr\/wp-json\/wp\/v2\/users\/1"}],"replies":[{"embeddable":true,"href":"https:\/\/www.markergroupe.com\/tr\/wp-json\/wp\/v2\/comments?post=3461"}],"version-history":[{"count":0,"href":"https:\/\/www.markergroupe.com\/tr\/wp-json\/wp\/v2\/pages\/3461\/revisions"}],"wp:featuredmedia":[{"embeddable":true,"href":"https:\/\/www.markergroupe.com\/tr\/wp-json\/wp\/v2\/media\/4803"}],"wp:attachment":[{"href":"https:\/\/www.markergroupe.com\/tr\/wp-json\/wp\/v2\/media?parent=3461"}],"curies":[{"name":"wp","href":"https:\/\/api.w.org\/{rel}","templated":true}]}}