{"id":2973,"date":"2024-11-13T11:28:57","date_gmt":"2024-11-13T11:28:57","guid":{"rendered":"https:\/\/www.markergroupe.com\/marker-creative\/2d-3d-animation\/"},"modified":"2026-03-19T10:40:48","modified_gmt":"2026-03-19T10:40:48","slug":"2d-3d-animasyon","status":"publish","type":"page","link":"https:\/\/www.markergroupe.com\/tr\/marker-creative\/2d-3d-animasyon\/","title":{"rendered":"2D &amp; 3D Animasyon"},"content":{"rendered":"<style>#gspb_row-id-gsbp-2377592{justify-content:space-between;margin-top:0px;margin-bottom:0px;display:flex;flex-wrap:wrap;}#gspb_row-id-gsbp-2377592 > .gspb_row__content{display:flex;justify-content:space-between;margin:0 auto;width:100%;flex-wrap:wrap;}.gspb_row{position:relative;}div[id^=gspb_col-id]{box-sizing:border-box;position:relative;}div[id^=gspb_col-id]{padding:var(--gs-row-column-padding,15px min(3vw,20px));}@media (max-width:689.98px){#gspb_row-id-gsbp-2377592 > .gspb_row__content{row-gap:21px;}}body.gspb-bodyfront #gspb_row-id-gsbp-2377592 > .gspb_row__content{width:var(--theme-container-width,1200px);}body.gspb-bodyfront #gspb_row-id-gsbp-2377592 > .gspb_row__content{max-width:var(--theme-normal-container-max-width,1200px);}#gspb_row-id-gsbp-2377592{margin-top:60px;margin-bottom:30px;}@media (max-width:999.98px){#gspb_row-id-gsbp-2377592{margin-top:50px;margin-bottom:50px;}}@media (max-width:689.98px){#gspb_row-id-gsbp-2377592{margin-top:20px;margin-bottom:40px;}}<\/style>\n<div class=\"wp-block-greenshift-blocks-row gspb_row gspb_row-id-gsbp-2377592 gspb_row--gutter-custom-0\" id=\"gspb_row-id-gsbp-2377592\"><div class=\"gspb_row__content\"> <style>#gspb_col-id-gsbp-4532281.gspb_row__col--3{width:calc(25% - 14px);}@media (max-width:999.98px){#gspb_col-id-gsbp-4532281.gspb_row__col--3{width:calc(25% - 8.5px);}}@media (max-width:689.98px){#gspb_col-id-gsbp-4532281.gspb_row__col--3{width:calc(25% - 8.5px);}}@media (max-width:689.98px){#gspb_col-id-gsbp-4532281.gspb_row__col--3{width:100%;}}@media (min-width:1000px){body.gspb-bodyfront #gspb_col-id-gsbp-4532281.gspb_row__col--3{width:calc(100% - 0px - 14px)}}@media (min-width:690px) and (max-width:999.98px){body.gspb-bodyfront #gspb_col-id-gsbp-4532281.gspb_row__col--3{width:calc(100% - 0px - 8.5px)}}@media (max-width:689.98px){.gspb_row #gspb_col-id-gsbp-4532281.gspb_row__col--3{padding-right:0px;padding-left:0px;}}body #gspb_col-id-gsbp-4532281.gspb_row__col--3{display:flex;flex-direction:column;align-content:center;align-items:center;}<\/style>\n<div class=\"wp-block-greenshift-blocks-row-column gspb_row__col--3 gspb_col-id-gsbp-4532281\" id=\"gspb_col-id-gsbp-4532281\"><style>.gspb_container-id-gsbp-b1c0cf4{flex-direction:column;box-sizing:border-box;}#gspb_container-id-gsbp-b1c0cf4.gspb_container > p:last-of-type{margin-bottom:0}#gspb_container-id-gsbp-b1c0cf4.gspb_container{position:relative;}#gspb_container-id-gsbp-b1c0cf4.gspb_container{box-sizing:border-box;}body.gspb-bodyfront #gspb_container-id-gsbp-b1c0cf4.gspb_container{max-width:191px;}<\/style>\n<div class=\"wp-block-greenshift-blocks-container gspb_container gspb_container-gsbp-b1c0cf4\" id=\"gspb_container-id-gsbp-b1c0cf4\"><style>#gspb_heading-id-gsbp-5775886{font-size:19px;}#gspb_heading-id-gsbp-5775886,#gspb_heading-id-gsbp-5775886 .gsap-g-line{text-align:center!important;}#gspb_heading-id-gsbp-5775886{font-weight:500!important;}@media (max-width:999.98px){#gspb_heading-id-gsbp-5775886{font-weight:500!important;}}@media (max-width:689.98px){#gspb_heading-id-gsbp-5775886{font-weight:500!important;}}@media (max-width:689.98px){#gspb_heading-id-gsbp-5775886{font-weight:500!important;}}#gspb_heading-id-gsbp-5775886{padding-top:6px;padding-right:25px;padding-bottom:6px;padding-left:25px;}#gspb_heading-id-gsbp-5775886{border-top-left-radius:20px;border-top-right-radius:20px;border-bottom-right-radius:20px;border-bottom-left-radius:20px;}#gspb_heading-id-gsbp-5775886{background-color:var(--wp--preset--color--palette-color-1,var(--theme-palette-color-1,#F4CE0B));}@media (max-width:999.98px){#gspb_heading-id-gsbp-5775886{background-color:var(--wp--preset--color--palette-color-1,var(--theme-palette-color-1,#F4CE0B));}}@media (max-width:689.98px){#gspb_heading-id-gsbp-5775886{background-color:var(--wp--preset--color--palette-color-1,var(--theme-palette-color-1,#F4CE0B));}}@media (max-width:689.98px){#gspb_heading-id-gsbp-5775886{background-color:var(--wp--preset--color--palette-color-1,var(--theme-palette-color-1,#F4CE0B));}}<\/style>\n<p id=\"gspb_heading-id-gsbp-5775886\" class=\"gspb_heading gspb_heading-id-gsbp-5775886 \">Hizmetlerimiz<\/p>\n<\/div>\n\n\n<style>#gspb_heading-id-gsbp-d274f09{font-size:56px;}@media (max-width:689.98px){#gspb_heading-id-gsbp-d274f09{font-size:32px;}}#gspb_heading-id-gsbp-d274f09,#gspb_heading-id-gsbp-d274f09 .gsap-g-line{text-align:center!important;}#gspb_heading-id-gsbp-d274f09{margin-top:0px;margin-bottom:0px;}<\/style>\n<h1 id=\"gspb_heading-id-gsbp-d274f09\" class=\"gspb_heading gspb_heading-id-gsbp-d274f09 \">2D &amp; 3D Animasyon<\/h1>\n\n\n<style>#gspb_heading-id-gsbp-7d8a1c9{font-size:20px;}@media (max-width:689.98px){#gspb_heading-id-gsbp-7d8a1c9{font-size:32px;}}#gspb_heading-id-gsbp-7d8a1c9,#gspb_heading-id-gsbp-7d8a1c9 .gsap-g-line{text-align:center!important;}#gspb_heading-id-gsbp-7d8a1c9{margin-top:0px;margin-bottom:0px;}<\/style>\n<p id=\"gspb_heading-id-gsbp-7d8a1c9\" class=\"gspb_heading gspb_heading-id-gsbp-7d8a1c9 \">Hikayenizi Canland\u0131r\u0131n<\/p>\n\n\n<style>.gspb_text-id-gsbp-3abb9bc,.gspb_text-id-gsbp-3abb9bc .gsap-g-line{text-align:center!important;}.gspb_text-id-gsbp-3abb9bc{margin-top:20px!important;}@media (max-width:999.98px){.gspb_text-id-gsbp-3abb9bc{margin-top:20px!important;}}@media (max-width:689.98px){.gspb_text-id-gsbp-3abb9bc{margin-top:20px!important;}}body.gspb-bodyfront .gspb_text-id-gsbp-3abb9bc{right:0;left:0;}<\/style>\n<div id=\"gspb_text-id-gsbp-3abb9bc\" class=\"gspb_text gspb_text-id-gsbp-3abb9bc \">Marker Groupe olarak, g\u00f6rsel hikayenizi hayata ge\u00e7irmek, \u00fcr\u00fcn ve hizmetlerinizi daha \u00e7ekici hale getirmek i\u00e7in 2D ve 3D animasyon hizmetleri sunuyoruz. Bu g\u00fc\u00e7l\u00fc ara\u00e7lar sayesinde, markan\u0131z\u0131n dijital d\u00fcnyadaki etkile\u015fimini art\u0131rabilir, m\u00fc\u015fterilerinizle daha derin bir ba\u011f kurabilirsiniz.<\/div>\n<\/div>\n <\/div><\/div>\n\n\n<style>#gspb_row-id-gsbp-607a6fb{justify-content:space-between;margin-top:0px;margin-bottom:0px;display:flex;flex-wrap:wrap;}#gspb_row-id-gsbp-607a6fb > .gspb_row__content{display:flex;justify-content:space-between;margin:0 auto;width:100%;flex-wrap:wrap;}.gspb_row{position:relative;}div[id^=gspb_col-id]{box-sizing:border-box;position:relative;}div[id^=gspb_col-id]{padding:var(--gs-row-column-padding,15px min(3vw,20px));}#gspb_row-id-gsbp-607a6fb > .gspb_row__content{row-gap:40px;}body.gspb-bodyfront #gspb_row-id-gsbp-607a6fb > .gspb_row__content{width:var(--theme-container-width,1200px);}body.gspb-bodyfront #gspb_row-id-gsbp-607a6fb > .gspb_row__content{max-width:var(--theme-normal-container-max-width,1200px);}#gspb_row-id-gsbp-607a6fb{margin-bottom:50px;}<\/style>\n<div class=\"wp-block-greenshift-blocks-row gspb_row gspb_row-id-gsbp-607a6fb gspb_row--gutter-custom-0\" id=\"gspb_row-id-gsbp-607a6fb\"><div class=\"gspb_row__content\"> <style>#gspb_col-id-gsbp-aeae188.gspb_row__col--6{width:50%;}@media (max-width:689.98px){#gspb_col-id-gsbp-aeae188.gspb_row__col--6{width:100%;}}@media (min-width:1000px){body.gspb-bodyfront #gspb_col-id-gsbp-aeae188.gspb_row__col--6{width:calc(48% - 0px - 0px)}}.gspb_row #gspb_col-id-gsbp-aeae188.gspb_row__col--6{padding-top:30px;padding-right:30px;padding-bottom:30px;padding-left:30px;}@media (max-width:689.98px){.gspb_row #gspb_col-id-gsbp-aeae188.gspb_row__col--6{padding-top:15px;padding-right:15px;padding-bottom:15px;padding-left:15px;}}#gspb_col-id-gsbp-aeae188.gspb_row__col--6{box-shadow:0 15px 25px 0 rgba(0,0,0,0.1);}#gspb_col-id-gsbp-aeae188.gspb_row__col--6{border-top-left-radius:20px;border-top-right-radius:20px;border-bottom-right-radius:20px;border-bottom-left-radius:20px;}#gspb_col-id-gsbp-aeae188.gspb_row__col--6{border-bottom-style:solid;border-bottom-width:1px;border-bottom-color:var(--wp--preset--color--palette-color-1,var(--theme-palette-color-1,#F4CE0B));}#gspb_col-id-gsbp-aeae188.gspb_row__col--6 > .gspb_backgroundOverlay{border-top-left-radius:20px;border-top-right-radius:20px;border-bottom-right-radius:20px;border-bottom-left-radius:20px;}<\/style>\n<div class=\"wp-block-greenshift-blocks-row-column gspb_row__col--6 gspb_col-id-gsbp-aeae188\" id=\"gspb_col-id-gsbp-aeae188\"><style>#gspb_image-id-gsbp-557529f img{object-fit:cover;}#gspb_image-id-gsbp-557529f img{vertical-align:top;}#gspb_image-id-gsbp-557529f img{display:inline-block;box-sizing:border-box;max-width:100%;height:auto;}#gspb_image-id-gsbp-557529f img{border-top-left-radius:20px;border-top-right-radius:20px;border-bottom-right-radius:20px;border-bottom-left-radius:20px;}#gspb_image-id-gsbp-557529f img{width:100%;}#gspb_image-id-gsbp-557529f,#gspb_image-id-gsbp-557529f img{height:350px;}@media (max-width:999.98px){#gspb_image-id-gsbp-557529f,#gspb_image-id-gsbp-557529f img{height:2px;}}@media (max-width:689.98px){#gspb_image-id-gsbp-557529f,#gspb_image-id-gsbp-557529f img{height:200px;}}<\/style>\n<div class=\"wp-block-greenshift-blocks-image gspb_image gspb_image-id-gsbp-557529f\" id=\"gspb_image-id-gsbp-557529f\"><img decoding=\"async\" src=\"https:\/\/www.markergroupe.com\/wp-content\/uploads\/2024\/11\/2D-3D-Animation-1.webp\" data-src=\"\" alt=\"\" loading=\"lazy\" width=\"100%\" height=\"350\" title=\"\"><\/div>\n\n\n<style>#gspb_heading-id-gsbp-e22baaa{font-size:30px;}@media (max-width:689.98px){#gspb_heading-id-gsbp-e22baaa{font-size:22px;}}#gspb_heading-id-gsbp-e22baaa{margin-top:30px;}@media (max-width:689.98px){#gspb_heading-id-gsbp-e22baaa{margin-top:20px;}}<\/style>\n<h2 id=\"gspb_heading-id-gsbp-e22baaa\" class=\"gspb_heading gspb_heading-id-gsbp-e22baaa \">Neden 2D &amp; 3D Animasyon?<\/h2>\n\n\n\n<div id=\"gspb_text-id-gsbp-fec7c8c\" class=\"gspb_text gspb_text-id-gsbp-fec7c8c \"><strong>Dikkat \u00c7ekici G\u00f6rsellik:<\/strong>\u00a0Animasyonlar, s\u0131radan bir mesaj\u0131 etkileyici ve dikkat \u00e7ekici bir g\u00f6rsel deneyime d\u00f6n\u00fc\u015ft\u00fcrerek izleyicilerin ilgisini \u00e7eker.<br><br><strong>\u00dcr\u00fcn ve Hizmet Tan\u0131t\u0131m\u0131:<\/strong>\u00a0Animasyonlar, karma\u015f\u0131k \u00fcr\u00fcn veya hizmetleri anlatmay\u0131 kolayla\u015ft\u0131r\u0131r ve izleyicilere somut bir g\u00f6rsel deneyim sunar.<br><br><strong>Marka Kimli\u011fi G\u00fc\u00e7lendirme:<\/strong>\u00a0\u00d6zelle\u015ftirilebilir animasyonlar, markan\u0131z\u0131n kimli\u011fini vurgulayarak ve hat\u0131rlanabilir bir imza olu\u015fturarak marka g\u00fcvenilirli\u011finizi art\u0131r\u0131r.<\/div>\n<\/div>\n\n\n<style>#gspb_col-id-gsbp-b7ae22f.gspb_row__col--6{width:50%;}@media (max-width:689.98px){#gspb_col-id-gsbp-b7ae22f.gspb_row__col--6{width:100%;}}@media (min-width:1000px){body.gspb-bodyfront #gspb_col-id-gsbp-b7ae22f.gspb_row__col--6{width:calc(48% - 0px - 0px)}}.gspb_row #gspb_col-id-gsbp-b7ae22f.gspb_row__col--6{padding-top:30px;padding-right:30px;padding-bottom:30px;padding-left:30px;}@media (max-width:689.98px){.gspb_row #gspb_col-id-gsbp-b7ae22f.gspb_row__col--6{padding-top:15px;padding-right:15px;padding-bottom:15px;padding-left:15px;}}#gspb_col-id-gsbp-b7ae22f.gspb_row__col--6{box-shadow:0 15px 25px 0 rgba(0,0,0,0.1);}#gspb_col-id-gsbp-b7ae22f.gspb_row__col--6{border-top-left-radius:20px;border-top-right-radius:20px;border-bottom-right-radius:20px;border-bottom-left-radius:20px;}#gspb_col-id-gsbp-b7ae22f.gspb_row__col--6{border-bottom-style:solid;border-bottom-width:1px;border-bottom-color:var(--wp--preset--color--palette-color-1,var(--theme-palette-color-1,#F4CE0B));}#gspb_col-id-gsbp-b7ae22f.gspb_row__col--6 > .gspb_backgroundOverlay{border-top-left-radius:20px;border-top-right-radius:20px;border-bottom-right-radius:20px;border-bottom-left-radius:20px;}<\/style>\n<div class=\"wp-block-greenshift-blocks-row-column gspb_row__col--6 gspb_col-id-gsbp-b7ae22f\" id=\"gspb_col-id-gsbp-b7ae22f\"><style>#gspb_image-id-gsbp-ad1da77 img{object-fit:cover;}#gspb_image-id-gsbp-ad1da77 img{vertical-align:top;}#gspb_image-id-gsbp-ad1da77 img{display:inline-block;box-sizing:border-box;max-width:100%;height:auto;}#gspb_image-id-gsbp-ad1da77 img{border-top-left-radius:20px;border-top-right-radius:20px;border-bottom-right-radius:20px;border-bottom-left-radius:20px;}#gspb_image-id-gsbp-ad1da77 img{width:100%;}#gspb_image-id-gsbp-ad1da77,#gspb_image-id-gsbp-ad1da77 img{height:350px;}@media (max-width:689.98px){#gspb_image-id-gsbp-ad1da77,#gspb_image-id-gsbp-ad1da77 img{height:200px;}}<\/style>\n<div class=\"wp-block-greenshift-blocks-image gspb_image gspb_image-id-gsbp-ad1da77\" id=\"gspb_image-id-gsbp-ad1da77\"><img decoding=\"async\" src=\"https:\/\/www.markergroupe.com\/wp-content\/uploads\/2024\/11\/2D-3D-Animation-2.webp\" data-src=\"\" alt=\"\" loading=\"lazy\" width=\"100%\" height=\"350\" title=\"\"><\/div>\n\n\n<style>#gspb_heading-id-gsbp-fd8f296{font-size:30px;}@media (max-width:689.98px){#gspb_heading-id-gsbp-fd8f296{font-size:22px;}}#gspb_heading-id-gsbp-fd8f296{margin-top:30px;}@media (max-width:689.98px){#gspb_heading-id-gsbp-fd8f296{margin-top:20px;}}<\/style>\n<h2 id=\"gspb_heading-id-gsbp-fd8f296\" class=\"gspb_heading gspb_heading-id-gsbp-fd8f296 \">Marker Groupe ile 2D &amp; 3D Animasyon<\/h2>\n\n\n\n<div id=\"gspb_text-id-gsbp-cde13e4\" class=\"gspb_text gspb_text-id-gsbp-cde13e4 \"><strong>\u00d6zelle\u015ftirilmi\u015f Animasyonlar:<\/strong>\u00a0Markan\u0131za \u00f6zel, \u00f6zg\u00fcn ve etkileyici 2D ve 3D animasyonlar \u00fcreterek hikayenizi benzersiz bir \u015fekilde anlat\u0131yoruz.<br><br><strong>\u00dcr\u00fcn ve Hizmet Animasyonlar\u0131:<\/strong>\u00a0\u00dcr\u00fcnlerinizi ve hizmetlerinizi izleyicilere detayl\u0131 bir \u015fekilde tan\u0131tan etkileyici animasyonlar haz\u0131rl\u0131yoruz.<br><br><strong>Reklam ve Tan\u0131t\u0131m Videolar\u0131:<\/strong>\u00a0Sosyal medya, web siteniz ve di\u011fer dijital platformlar i\u00e7in \u00e7arp\u0131c\u0131 reklam ve tan\u0131t\u0131m videolar\u0131 \u00fcreterek markan\u0131z\u0131n g\u00f6r\u00fcn\u00fcrl\u00fc\u011f\u00fcn\u00fc art\u0131r\u0131yoruz.<\/div>\n<\/div>\n\n\n<style>#gspb_col-id-gsbp-84572f4.gspb_row__col--6{width:50%;}@media (max-width:689.98px){#gspb_col-id-gsbp-84572f4.gspb_row__col--6{width:100%;}}@media (min-width:1000px){body.gspb-bodyfront #gspb_col-id-gsbp-84572f4.gspb_row__col--6{width:calc(48% - 0px - 0px)}}.gspb_row #gspb_col-id-gsbp-84572f4.gspb_row__col--6{padding-top:30px;padding-right:30px;padding-bottom:30px;padding-left:30px;}@media (max-width:689.98px){.gspb_row #gspb_col-id-gsbp-84572f4.gspb_row__col--6{padding-top:15px;padding-right:15px;padding-bottom:15px;padding-left:15px;}}#gspb_col-id-gsbp-84572f4.gspb_row__col--6{box-shadow:0 15px 25px 0 rgba(0,0,0,0.1);}#gspb_col-id-gsbp-84572f4.gspb_row__col--6{border-top-left-radius:20px;border-top-right-radius:20px;border-bottom-right-radius:20px;border-bottom-left-radius:20px;}#gspb_col-id-gsbp-84572f4.gspb_row__col--6{border-bottom-style:solid;border-bottom-width:1px;border-bottom-color:var(--wp--preset--color--palette-color-1,var(--theme-palette-color-1,#F4CE0B));}#gspb_col-id-gsbp-84572f4.gspb_row__col--6 > .gspb_backgroundOverlay{border-top-left-radius:20px;border-top-right-radius:20px;border-bottom-right-radius:20px;border-bottom-left-radius:20px;}<\/style>\n<div class=\"wp-block-greenshift-blocks-row-column gspb_row__col--6 gspb_col-id-gsbp-84572f4\" id=\"gspb_col-id-gsbp-84572f4\"><style>#gspb_image-id-gsbp-ecb4c7e img{object-fit:cover;}#gspb_image-id-gsbp-ecb4c7e img{vertical-align:top;}#gspb_image-id-gsbp-ecb4c7e img{display:inline-block;box-sizing:border-box;max-width:100%;height:auto;}#gspb_image-id-gsbp-ecb4c7e img{border-top-left-radius:20px;border-top-right-radius:20px;border-bottom-right-radius:20px;border-bottom-left-radius:20px;}#gspb_image-id-gsbp-ecb4c7e img{width:100%;}#gspb_image-id-gsbp-ecb4c7e,#gspb_image-id-gsbp-ecb4c7e img{height:350px;}@media (max-width:689.98px){#gspb_image-id-gsbp-ecb4c7e,#gspb_image-id-gsbp-ecb4c7e img{height:200px;}}<\/style>\n<div class=\"wp-block-greenshift-blocks-image gspb_image gspb_image-id-gsbp-ecb4c7e\" id=\"gspb_image-id-gsbp-ecb4c7e\"><img decoding=\"async\" src=\"https:\/\/www.markergroupe.com\/wp-content\/uploads\/2024\/11\/2D-3D-Animation-3.webp\" data-src=\"\" alt=\"\" loading=\"lazy\" width=\"100%\" height=\"350\" title=\"\"><\/div>\n\n\n<style>#gspb_heading-id-gsbp-86c2705{font-size:30px;}@media (max-width:689.98px){#gspb_heading-id-gsbp-86c2705{font-size:22px;}}#gspb_heading-id-gsbp-86c2705{margin-top:30px;}@media (max-width:689.98px){#gspb_heading-id-gsbp-86c2705{margin-top:20px;}}<\/style>\n<h2 id=\"gspb_heading-id-gsbp-86c2705\" class=\"gspb_heading gspb_heading-id-gsbp-86c2705 \">2D &amp; 3D Animasyon ile Hikayenizi Canland\u0131r\u0131n<\/h2>\n\n\n\n<div id=\"gspb_text-id-gsbp-d0dd9b7\" class=\"gspb_text gspb_text-id-gsbp-d0dd9b7 \"><strong>G\u00f6rsel Anlat\u0131:<\/strong>\u00a0Hikayenizi, duygular\u0131 ve mesaj\u0131n\u0131z\u0131 daha etkili bir \u015fekilde aktarmak i\u00e7in g\u00fc\u00e7l\u00fc bir g\u00f6rsel anlat\u0131 kullan\u0131yoruz.<br><br><strong>Teknolojik Yetenekler:<\/strong>\u00a0En son teknoloji ve yaz\u0131l\u0131mlar\u0131 kullanarak, animasyonlar\u0131n\u0131z\u0131 en y\u00fcksek kalitede ve etkile\u015fimli bir \u015fekilde \u00fcretiyoruz.<br><br><strong>\u0130zleyici Kat\u0131l\u0131m\u0131:<\/strong>\u00a0\u0130zleyicilerin etkile\u015fimde bulunmas\u0131n\u0131 sa\u011flamak i\u00e7in interaktif animasyonlar ve \u00f6zel efektler kullan\u0131yoruz.<\/div>\n<\/div>\n\n\n<style>#gspb_col-id-gsbp-b93a826.gspb_row__col--6{width:50%;}@media (max-width:689.98px){#gspb_col-id-gsbp-b93a826.gspb_row__col--6{width:100%;}}@media (min-width:1000px){body.gspb-bodyfront #gspb_col-id-gsbp-b93a826.gspb_row__col--6{width:calc(48% - 0px - 0px)}}.gspb_row #gspb_col-id-gsbp-b93a826.gspb_row__col--6{padding-top:30px;padding-right:30px;padding-bottom:30px;padding-left:30px;}@media (max-width:689.98px){.gspb_row #gspb_col-id-gsbp-b93a826.gspb_row__col--6{padding-top:15px;padding-right:15px;padding-bottom:15px;padding-left:15px;}}#gspb_col-id-gsbp-b93a826.gspb_row__col--6{box-shadow:0 15px 25px 0 rgba(0,0,0,0.1);}#gspb_col-id-gsbp-b93a826.gspb_row__col--6{border-top-left-radius:20px;border-top-right-radius:20px;border-bottom-right-radius:20px;border-bottom-left-radius:20px;}#gspb_col-id-gsbp-b93a826.gspb_row__col--6{border-bottom-style:solid;border-bottom-width:1px;border-bottom-color:var(--wp--preset--color--palette-color-1,var(--theme-palette-color-1,#F4CE0B));}#gspb_col-id-gsbp-b93a826.gspb_row__col--6 > .gspb_backgroundOverlay{border-top-left-radius:20px;border-top-right-radius:20px;border-bottom-right-radius:20px;border-bottom-left-radius:20px;}<\/style>\n<div class=\"wp-block-greenshift-blocks-row-column gspb_row__col--6 gspb_col-id-gsbp-b93a826\" id=\"gspb_col-id-gsbp-b93a826\"><style>#gspb_image-id-gsbp-02db528 img{object-fit:cover;}#gspb_image-id-gsbp-02db528 img{vertical-align:top;}#gspb_image-id-gsbp-02db528 img{display:inline-block;box-sizing:border-box;max-width:100%;height:auto;}#gspb_image-id-gsbp-02db528 img{border-top-left-radius:20px;border-top-right-radius:20px;border-bottom-right-radius:20px;border-bottom-left-radius:20px;}#gspb_image-id-gsbp-02db528 img{width:100%;}#gspb_image-id-gsbp-02db528,#gspb_image-id-gsbp-02db528 img{height:350px;}@media (max-width:689.98px){#gspb_image-id-gsbp-02db528,#gspb_image-id-gsbp-02db528 img{height:200px;}}<\/style>\n<div class=\"wp-block-greenshift-blocks-image gspb_image gspb_image-id-gsbp-02db528\" id=\"gspb_image-id-gsbp-02db528\"><img decoding=\"async\" src=\"https:\/\/www.markergroupe.com\/wp-content\/uploads\/2024\/11\/2D-3D-Animation-4.webp\" data-src=\"\" alt=\"\" loading=\"lazy\" width=\"100%\" height=\"350\" title=\"\"><\/div>\n\n\n<style>#gspb_heading-id-gsbp-0285508{font-size:30px;}@media (max-width:689.98px){#gspb_heading-id-gsbp-0285508{font-size:22px;}}#gspb_heading-id-gsbp-0285508{margin-top:30px;}@media (max-width:689.98px){#gspb_heading-id-gsbp-0285508{margin-top:20px;}}<\/style>\n<h2 id=\"gspb_heading-id-gsbp-0285508\" class=\"gspb_heading gspb_heading-id-gsbp-0285508 \">Marker Groupe ile Animasyonlar\u0131n G\u00fcc\u00fcn\u00fc Ke\u015ffedin<\/h2>\n\n\n\n<div id=\"gspb_text-id-gsbp-097f242\" class=\"gspb_text gspb_text-id-gsbp-097f242 \"><strong>Stratejik Planlama:<\/strong>\u00a0Markan\u0131z\u0131n ihtiya\u00e7lar\u0131na uygun stratejiler geli\u015ftirmek i\u00e7in kapsaml\u0131 bir analiz yapar\u0131z.<br><br><strong>S\u00fcrekli Destek:<\/strong>\u00a0Animasyonlar\u0131n\u0131z\u0131n etkisini art\u0131rmak ve projelerinizi g\u00fcncel tutmak i\u00e7in s\u00fcrekli destek sa\u011flar\u0131z.<br><br><strong>H\u0131zl\u0131 ve Etkili \u00dcretim:<\/strong>\u00a0\u0130htiya\u00e7lar\u0131n\u0131za h\u0131zl\u0131 ve etkili \u00e7\u00f6z\u00fcmler sunmak i\u00e7in profesyonel bir ekip ve g\u00fc\u00e7l\u00fc teknolojik altyap\u0131ya sahibiz.<\/div>\n<\/div>\n <\/div><\/div>\n\n\n<style>#gspb_row-id-gsbp-ced57e4{justify-content:space-between;margin-top:0px;margin-bottom:0px;display:flex;flex-wrap:wrap;}#gspb_row-id-gsbp-ced57e4 > .gspb_row__content{display:flex;justify-content:space-between;margin:0 auto;width:100%;flex-wrap:wrap;}.gspb_row{position:relative;}div[id^=gspb_col-id]{box-sizing:border-box;position:relative;}div[id^=gspb_col-id]{padding:var(--gs-row-column-padding,15px min(3vw,20px));}body.gspb-bodyfront #gspb_row-id-gsbp-ced57e4 > .gspb_row__content{width:var(--theme-container-width,1200px);}body.gspb-bodyfront #gspb_row-id-gsbp-ced57e4 > .gspb_row__content{max-width:var(--theme-normal-container-max-width,1200px);}#gspb_row-id-gsbp-ced57e4{margin-bottom:100px;}@media (max-width:689.98px){#gspb_row-id-gsbp-ced57e4{margin-bottom:50px;}}<\/style>\n<div class=\"wp-block-greenshift-blocks-row gspb_row gspb_row-id-gsbp-ced57e4\" id=\"gspb_row-id-gsbp-ced57e4\"><div class=\"gspb_row__content\"> <style>#gspb_col-id-gsbp-5844278.gspb_row__col--12{width:100%;}@media (max-width:689.98px){#gspb_col-id-gsbp-5844278.gspb_row__col--12{width:100%;}}<\/style>\n<div class=\"wp-block-greenshift-blocks-row-column gspb_row__col--12 gspb_col-id-gsbp-5844278\" id=\"gspb_col-id-gsbp-5844278\"><style>#gspb_heading-id-gsbp-819db43{font-size:37px;}@media (max-width:689.98px){#gspb_heading-id-gsbp-819db43{font-size:25px;}}#gspb_heading-id-gsbp-819db43,#gspb_heading-id-gsbp-819db43 .gsap-g-line{text-align:center!important;}#gspb_heading-id-gsbp-819db43{margin-bottom:0px;}<\/style>\n<h2 id=\"gspb_heading-id-gsbp-819db43\" class=\"gspb_heading gspb_heading-id-gsbp-819db43 \">Animasyonlarla Dijital D\u00fcnyada Fark Yarat\u0131n<\/h2>\n\n\n<style>#gspb_heading-id-gsbp-f3220b3{font-size:25px;}@media (max-width:689.98px){#gspb_heading-id-gsbp-f3220b3{font-size:20px;}}#gspb_heading-id-gsbp-f3220b3,#gspb_heading-id-gsbp-f3220b3 .gsap-g-line{text-align:center!important;}#gspb_heading-id-gsbp-f3220b3{font-weight:normal!important;}@media (max-width:999.98px){#gspb_heading-id-gsbp-f3220b3{font-weight:normal!important;}}@media (max-width:689.98px){#gspb_heading-id-gsbp-f3220b3{font-weight:normal!important;}}@media (max-width:689.98px){#gspb_heading-id-gsbp-f3220b3{font-weight:normal!important;}}#gspb_heading-id-gsbp-f3220b3 .gspb_heading_subtitle,#gspb_subheading-id-gsbp-f3220b3{display:block;font-size:17px;line-height:22px;margin-top:5px}#gspb_heading-id-gsbp-f3220b3 .gspb_heading_subtitle,#gspb_subheading-id-gsbp-f3220b3{font-weight:normal!important;}@media (max-width:999.98px){#gspb_heading-id-gsbp-f3220b3 .gspb_heading_subtitle,#gspb_subheading-id-gsbp-f3220b3{font-weight:normal!important;}}@media (max-width:689.98px){#gspb_heading-id-gsbp-f3220b3 .gspb_heading_subtitle,#gspb_subheading-id-gsbp-f3220b3{font-weight:normal!important;}}@media (max-width:689.98px){#gspb_heading-id-gsbp-f3220b3 .gspb_heading_subtitle,#gspb_subheading-id-gsbp-f3220b3{font-weight:normal!important;}}<\/style>\n<p id=\"gspb_heading-id-gsbp-f3220b3\" class=\"gspb_heading gspb_heading-id-gsbp-f3220b3 \">Animasyonlar, markan\u0131z\u0131n dijital varl\u0131\u011f\u0131n\u0131 g\u00fc\u00e7lendirmenin ve izleyicilerinizi etkilemenin g\u00fc\u00e7l\u00fc bir yoludur. Marker Groupe olarak, animasyonlarla hikayenizi\ncanland\u0131rman\u0131za ve markan\u0131z\u0131 daha etkili bir \u015fekilde tan\u0131tman\u0131za yard\u0131mc\u0131 olmaktan mutluluk duyuyoruz.<span class=\"gspb_heading_subtitle\"><br>Unutmay\u0131n, animasyonlarla markan\u0131z\u0131n hikayesini canland\u0131rabilir ve izleyicilerinizle daha derin bir ba\u011f kurabilirsiniz. Bizimle ileti\u015fime ge\u00e7in ve dijital d\u00fcnyada fark yaratmaya birlikte ba\u015flayal\u0131m!<\/span><\/p>\n\n\n<style>#gspb_button-id-gsbp-e8c2c65{display:flex;justify-content:flex-start;}#gspb_button-id-gsbp-e8c2c65 .gspb-buttonbox-text{display:flex;flex-direction:column;}#gspb_button-id-gsbp-e8c2c65 > .gspb-buttonbox{box-sizing:border-box}#gspb_button-id-gsbp-e8c2c65{justify-content:center;}<\/style>\n<div class=\"gspb_button_wrapper gspb_button-id-gsbp-e8c2c65\" id=\"gspb_button-id-gsbp-e8c2c65\"><a class=\"wp-block-greenshift-blocks-buttonbox gspb-buttonbox wp-element-button\" href=\"https:\/\/www.markergroupe.com\/tr\/iletisim\/\" rel=\"noopener\"><span class=\"gspb-buttonbox-textwrap\"><span class=\"gspb-buttonbox-text\"><span class=\"gspb-buttonbox-title\">Bize Ula\u015f\u0131n!<\/span><\/span><\/span><\/a><\/div>\n<\/div>\n <\/div><\/div>\n","protected":false},"excerpt":{"rendered":"","protected":false},"author":1,"featured_media":4803,"parent":2961,"menu_order":6,"comment_status":"closed","ping_status":"closed","template":"","meta":{"_gspb_post_css":"","content-type":"","footnotes":""},"class_list":["post-2973","page","type-page","status-publish","has-post-thumbnail","hentry"],"blocksy_meta":[],"_links":{"self":[{"href":"https:\/\/www.markergroupe.com\/tr\/wp-json\/wp\/v2\/pages\/2973","targetHints":{"allow":["GET"]}}],"collection":[{"href":"https:\/\/www.markergroupe.com\/tr\/wp-json\/wp\/v2\/pages"}],"about":[{"href":"https:\/\/www.markergroupe.com\/tr\/wp-json\/wp\/v2\/types\/page"}],"author":[{"embeddable":true,"href":"https:\/\/www.markergroupe.com\/tr\/wp-json\/wp\/v2\/users\/1"}],"replies":[{"embeddable":true,"href":"https:\/\/www.markergroupe.com\/tr\/wp-json\/wp\/v2\/comments?post=2973"}],"version-history":[{"count":0,"href":"https:\/\/www.markergroupe.com\/tr\/wp-json\/wp\/v2\/pages\/2973\/revisions"}],"up":[{"embeddable":true,"href":"https:\/\/www.markergroupe.com\/tr\/wp-json\/wp\/v2\/pages\/2961"}],"wp:featuredmedia":[{"embeddable":true,"href":"https:\/\/www.markergroupe.com\/tr\/wp-json\/wp\/v2\/media\/4803"}],"wp:attachment":[{"href":"https:\/\/www.markergroupe.com\/tr\/wp-json\/wp\/v2\/media?parent=2973"}],"curies":[{"name":"wp","href":"https:\/\/api.w.org\/{rel}","templated":true}]}}