{"id":2971,"date":"2024-11-13T11:28:49","date_gmt":"2024-11-13T11:28:49","guid":{"rendered":"https:\/\/www.markergroupe.com\/marker-creative\/social-media-management\/"},"modified":"2026-03-19T10:36:20","modified_gmt":"2026-03-19T10:36:20","slug":"sosyal-medya-yonetimi","status":"publish","type":"page","link":"https:\/\/www.markergroupe.com\/tr\/marker-creative\/sosyal-medya-yonetimi\/","title":{"rendered":"Sosyal Medya Y\u00f6netimi"},"content":{"rendered":"<style>#gspb_row-id-gsbp-2377592{justify-content:space-between;margin-top:0px;margin-bottom:0px;display:flex;flex-wrap:wrap;}#gspb_row-id-gsbp-2377592 > .gspb_row__content{display:flex;justify-content:space-between;margin:0 auto;width:100%;flex-wrap:wrap;}.gspb_row{position:relative;}div[id^=gspb_col-id]{box-sizing:border-box;position:relative;}div[id^=gspb_col-id]{padding:var(--gs-row-column-padding,15px min(3vw,20px));}@media (max-width:689.98px){#gspb_row-id-gsbp-2377592 > .gspb_row__content{row-gap:21px;}}body.gspb-bodyfront #gspb_row-id-gsbp-2377592 > .gspb_row__content{width:var(--theme-container-width,1200px);}body.gspb-bodyfront #gspb_row-id-gsbp-2377592 > .gspb_row__content{max-width:var(--theme-normal-container-max-width,1200px);}#gspb_row-id-gsbp-2377592{margin-top:60px;margin-bottom:30px;}@media (max-width:999.98px){#gspb_row-id-gsbp-2377592{margin-top:50px;margin-bottom:50px;}}@media (max-width:689.98px){#gspb_row-id-gsbp-2377592{margin-top:20px;margin-bottom:40px;}}<\/style>\n<div class=\"wp-block-greenshift-blocks-row gspb_row gspb_row-id-gsbp-2377592 gspb_row--gutter-custom-0\" id=\"gspb_row-id-gsbp-2377592\"><div class=\"gspb_row__content\"> <style>#gspb_col-id-gsbp-4532281.gspb_row__col--3{width:calc(25% - 14px);}@media (max-width:999.98px){#gspb_col-id-gsbp-4532281.gspb_row__col--3{width:calc(25% - 8.5px);}}@media (max-width:689.98px){#gspb_col-id-gsbp-4532281.gspb_row__col--3{width:calc(25% - 8.5px);}}@media (max-width:689.98px){#gspb_col-id-gsbp-4532281.gspb_row__col--3{width:100%;}}@media (min-width:1000px){body.gspb-bodyfront #gspb_col-id-gsbp-4532281.gspb_row__col--3{width:calc(100% - 0px - 14px)}}@media (min-width:690px) and (max-width:999.98px){body.gspb-bodyfront #gspb_col-id-gsbp-4532281.gspb_row__col--3{width:calc(100% - 0px - 8.5px)}}@media (max-width:689.98px){.gspb_row #gspb_col-id-gsbp-4532281.gspb_row__col--3{padding-right:0px;padding-left:0px;}}body #gspb_col-id-gsbp-4532281.gspb_row__col--3{display:flex;flex-direction:column;align-content:center;align-items:center;}<\/style>\n<div class=\"wp-block-greenshift-blocks-row-column gspb_row__col--3 gspb_col-id-gsbp-4532281\" id=\"gspb_col-id-gsbp-4532281\"><style>.gspb_container-id-gsbp-b1c0cf4{flex-direction:column;box-sizing:border-box;}#gspb_container-id-gsbp-b1c0cf4.gspb_container > p:last-of-type{margin-bottom:0}#gspb_container-id-gsbp-b1c0cf4.gspb_container{position:relative;}#gspb_container-id-gsbp-b1c0cf4.gspb_container{box-sizing:border-box;}body.gspb-bodyfront #gspb_container-id-gsbp-b1c0cf4.gspb_container{max-width:191px;}<\/style>\n<div class=\"wp-block-greenshift-blocks-container gspb_container gspb_container-gsbp-b1c0cf4\" id=\"gspb_container-id-gsbp-b1c0cf4\"><style>#gspb_heading-id-gsbp-5775886{font-size:19px;}#gspb_heading-id-gsbp-5775886,#gspb_heading-id-gsbp-5775886 .gsap-g-line{text-align:center!important;}#gspb_heading-id-gsbp-5775886{font-weight:500!important;}@media (max-width:999.98px){#gspb_heading-id-gsbp-5775886{font-weight:500!important;}}@media (max-width:689.98px){#gspb_heading-id-gsbp-5775886{font-weight:500!important;}}@media (max-width:689.98px){#gspb_heading-id-gsbp-5775886{font-weight:500!important;}}#gspb_heading-id-gsbp-5775886{padding-top:6px;padding-right:25px;padding-bottom:6px;padding-left:25px;}#gspb_heading-id-gsbp-5775886{border-top-left-radius:20px;border-top-right-radius:20px;border-bottom-right-radius:20px;border-bottom-left-radius:20px;}#gspb_heading-id-gsbp-5775886{background-color:var(--wp--preset--color--palette-color-1,var(--theme-palette-color-1,#F4CE0B));}@media (max-width:999.98px){#gspb_heading-id-gsbp-5775886{background-color:var(--wp--preset--color--palette-color-1,var(--theme-palette-color-1,#F4CE0B));}}@media (max-width:689.98px){#gspb_heading-id-gsbp-5775886{background-color:var(--wp--preset--color--palette-color-1,var(--theme-palette-color-1,#F4CE0B));}}@media (max-width:689.98px){#gspb_heading-id-gsbp-5775886{background-color:var(--wp--preset--color--palette-color-1,var(--theme-palette-color-1,#F4CE0B));}}<\/style>\n<p id=\"gspb_heading-id-gsbp-5775886\" class=\"gspb_heading gspb_heading-id-gsbp-5775886 \">Hizmetlerimiz<\/p>\n<\/div>\n\n\n<style>#gspb_heading-id-gsbp-d274f09{font-size:56px;}@media (max-width:689.98px){#gspb_heading-id-gsbp-d274f09{font-size:32px;}}#gspb_heading-id-gsbp-d274f09,#gspb_heading-id-gsbp-d274f09 .gsap-g-line{text-align:center!important;}#gspb_heading-id-gsbp-d274f09{margin-top:0px;margin-bottom:0px;}<\/style>\n<h1 id=\"gspb_heading-id-gsbp-d274f09\" class=\"gspb_heading gspb_heading-id-gsbp-d274f09 \">Sosyal Medya Y\u00f6netimi<\/h1>\n\n\n<style>#gspb_heading-id-gsbp-ad2dc0f{font-size:20px;}@media (max-width:689.98px){#gspb_heading-id-gsbp-ad2dc0f{font-size:32px;}}#gspb_heading-id-gsbp-ad2dc0f,#gspb_heading-id-gsbp-ad2dc0f .gsap-g-line{text-align:center!important;}#gspb_heading-id-gsbp-ad2dc0f{margin-top:0px;margin-bottom:0px;}<\/style>\n<p id=\"gspb_heading-id-gsbp-ad2dc0f\" class=\"gspb_heading gspb_heading-id-gsbp-ad2dc0f \">Markan\u0131z\u0131n Dijital Hikayesini Yaz\u0131n<\/p>\n\n\n<style>.gspb_text-id-gsbp-3abb9bc,.gspb_text-id-gsbp-3abb9bc .gsap-g-line{text-align:center!important;}.gspb_text-id-gsbp-3abb9bc{margin-top:20px!important;}@media (max-width:999.98px){.gspb_text-id-gsbp-3abb9bc{margin-top:20px!important;}}@media (max-width:689.98px){.gspb_text-id-gsbp-3abb9bc{margin-top:20px!important;}}body.gspb-bodyfront .gspb_text-id-gsbp-3abb9bc{right:0;left:0;}<\/style>\n<div id=\"gspb_text-id-gsbp-3abb9bc\" class=\"gspb_text gspb_text-id-gsbp-3abb9bc \">Sosyal medya, markalar\u0131n hedef kitleleriyle do\u011frudan ileti\u015fim kurdu\u011fu en dinamik ve en etkili platformlardan biridir. Marker Creative\u2019in <strong>Sosyal Medya Y\u00f6netimi<\/strong> hizmeti; strateji, i\u00e7erik ve performans\u0131 bir araya getirerek markalar\u0131n sosyal medyada g\u00fc\u00e7l\u00fc, s\u00fcrd\u00fcr\u00fclebilir ve etkili bir varl\u0131k olu\u015fturmas\u0131n\u0131 sa\u011flar.<br><br>\u0130\u00e7erik planlamas\u0131ndan kreatif \u00fcretime, topluluk y\u00f6netiminden performans analizine kadar t\u00fcm s\u00fcre\u00e7ler markan\u0131n ileti\u015fim dili ve hedef kitlesi do\u011frultusunda y\u00f6netilir. B\u00f6ylece markalar sosyal medyada yaln\u0131zca payla\u015f\u0131m yapan de\u011fil, <strong>etkile\u015fim yaratan ve marka de\u011feri olu\u015fturan bir ileti\u015fim modeli<\/strong> kurar.<\/div>\n<\/div>\n <\/div><\/div>\n\n\n<style>#gspb_row-id-gsbp-607a6fb{justify-content:space-between;margin-top:0px;margin-bottom:0px;display:flex;flex-wrap:wrap;}#gspb_row-id-gsbp-607a6fb > .gspb_row__content{display:flex;justify-content:space-between;margin:0 auto;width:100%;flex-wrap:wrap;}.gspb_row{position:relative;}div[id^=gspb_col-id]{box-sizing:border-box;position:relative;}div[id^=gspb_col-id]{padding:var(--gs-row-column-padding,15px min(3vw,20px));}#gspb_row-id-gsbp-607a6fb > .gspb_row__content{row-gap:40px;}body.gspb-bodyfront #gspb_row-id-gsbp-607a6fb > .gspb_row__content{width:var(--theme-container-width,1200px);}body.gspb-bodyfront #gspb_row-id-gsbp-607a6fb > .gspb_row__content{max-width:var(--theme-normal-container-max-width,1200px);}#gspb_row-id-gsbp-607a6fb{margin-bottom:50px;}<\/style>\n<div class=\"wp-block-greenshift-blocks-row gspb_row gspb_row-id-gsbp-607a6fb gspb_row--gutter-custom-0\" id=\"gspb_row-id-gsbp-607a6fb\"><div class=\"gspb_row__content\"> <style>#gspb_col-id-gsbp-aeae188.gspb_row__col--6{width:50%;}@media (max-width:689.98px){#gspb_col-id-gsbp-aeae188.gspb_row__col--6{width:100%;}}@media (min-width:1000px){body.gspb-bodyfront #gspb_col-id-gsbp-aeae188.gspb_row__col--6{width:calc(48% - 0px - 0px)}}.gspb_row #gspb_col-id-gsbp-aeae188.gspb_row__col--6{padding-top:30px;padding-right:30px;padding-bottom:30px;padding-left:30px;}@media (max-width:689.98px){.gspb_row #gspb_col-id-gsbp-aeae188.gspb_row__col--6{padding-top:15px;padding-right:15px;padding-bottom:15px;padding-left:15px;}}#gspb_col-id-gsbp-aeae188.gspb_row__col--6{box-shadow:0 15px 25px 0 rgba(0,0,0,0.1);}#gspb_col-id-gsbp-aeae188.gspb_row__col--6{border-top-left-radius:20px;border-top-right-radius:20px;border-bottom-right-radius:20px;border-bottom-left-radius:20px;}#gspb_col-id-gsbp-aeae188.gspb_row__col--6{border-bottom-style:solid;border-bottom-width:1px;border-bottom-color:var(--wp--preset--color--palette-color-1,var(--theme-palette-color-1,#F4CE0B));}#gspb_col-id-gsbp-aeae188.gspb_row__col--6 > .gspb_backgroundOverlay{border-top-left-radius:20px;border-top-right-radius:20px;border-bottom-right-radius:20px;border-bottom-left-radius:20px;}<\/style>\n<div class=\"wp-block-greenshift-blocks-row-column gspb_row__col--6 gspb_col-id-gsbp-aeae188\" id=\"gspb_col-id-gsbp-aeae188\"><style>#gspb_image-id-gsbp-557529f img{object-fit:cover;}#gspb_image-id-gsbp-557529f img{vertical-align:top;}#gspb_image-id-gsbp-557529f img{display:inline-block;box-sizing:border-box;max-width:100%;height:auto;}#gspb_image-id-gsbp-557529f img{border-top-left-radius:20px;border-top-right-radius:20px;border-bottom-right-radius:20px;border-bottom-left-radius:20px;}#gspb_image-id-gsbp-557529f img{width:100%;}#gspb_image-id-gsbp-557529f,#gspb_image-id-gsbp-557529f img{height:350px;}@media (max-width:999.98px){#gspb_image-id-gsbp-557529f,#gspb_image-id-gsbp-557529f img{height:2px;}}@media (max-width:689.98px){#gspb_image-id-gsbp-557529f,#gspb_image-id-gsbp-557529f img{height:200px;}}<\/style>\n<div class=\"wp-block-greenshift-blocks-image gspb_image gspb_image-id-gsbp-557529f\" id=\"gspb_image-id-gsbp-557529f\"><img decoding=\"async\" src=\"https:\/\/www.markergroupe.com\/wp-content\/uploads\/2024\/11\/Social-Media-Management-1-.webp\" data-src=\"\" alt=\"\" loading=\"lazy\" width=\"100%\" height=\"350\" title=\"\"><\/div>\n\n\n<style>#gspb_heading-id-gsbp-e22baaa{font-size:30px;}@media (max-width:689.98px){#gspb_heading-id-gsbp-e22baaa{font-size:22px;}}#gspb_heading-id-gsbp-e22baaa{margin-top:30px;}@media (max-width:689.98px){#gspb_heading-id-gsbp-e22baaa{margin-top:20px;}}<\/style>\n<h2 id=\"gspb_heading-id-gsbp-e22baaa\" class=\"gspb_heading gspb_heading-id-gsbp-e22baaa \"><strong>Sosyal Medya Stratejisi<\/strong><\/h2>\n\n\n\n<div id=\"gspb_text-id-gsbp-fec7c8c\" class=\"gspb_text gspb_text-id-gsbp-fec7c8c \"><strong>Markaya \u00d6zel Strateji:<br><\/strong>Her marka i\u00e7in hedef kitle, sekt\u00f6r dinamikleri ve ileti\u015fim hedefleri do\u011frultusunda \u00f6zel bir sosyal medya stratejisi olu\u015fturulur.<br><br><strong>Platform Se\u00e7imi ve Konumland\u0131rma:<br><\/strong>Instagram, LinkedIn, TikTok, LinkedIn ve di\u011fer platformlarda markan\u0131n do\u011fru konumland\u0131r\u0131lmas\u0131 sa\u011flan\u0131r.<br><br><strong>Uzun Vadeli \u0130leti\u015fim Plan\u0131:<br><\/strong>Sosyal medya ileti\u015fimi yaln\u0131zca g\u00fcnl\u00fck i\u00e7eriklerden de\u011fil, uzun vadeli bir marka hik\u00e2yesi ve stratejik plan \u00fczerinden y\u00f6netilir.<\/div>\n<\/div>\n\n\n<style>#gspb_col-id-gsbp-b7ae22f.gspb_row__col--6{width:50%;}@media (max-width:689.98px){#gspb_col-id-gsbp-b7ae22f.gspb_row__col--6{width:100%;}}@media (min-width:1000px){body.gspb-bodyfront #gspb_col-id-gsbp-b7ae22f.gspb_row__col--6{width:calc(48% - 0px - 0px)}}.gspb_row #gspb_col-id-gsbp-b7ae22f.gspb_row__col--6{padding-top:30px;padding-right:30px;padding-bottom:30px;padding-left:30px;}@media (max-width:689.98px){.gspb_row #gspb_col-id-gsbp-b7ae22f.gspb_row__col--6{padding-top:15px;padding-right:15px;padding-bottom:15px;padding-left:15px;}}#gspb_col-id-gsbp-b7ae22f.gspb_row__col--6{box-shadow:0 15px 25px 0 rgba(0,0,0,0.1);}#gspb_col-id-gsbp-b7ae22f.gspb_row__col--6{border-top-left-radius:20px;border-top-right-radius:20px;border-bottom-right-radius:20px;border-bottom-left-radius:20px;}#gspb_col-id-gsbp-b7ae22f.gspb_row__col--6{border-bottom-style:solid;border-bottom-width:1px;border-bottom-color:var(--wp--preset--color--palette-color-1,var(--theme-palette-color-1,#F4CE0B));}#gspb_col-id-gsbp-b7ae22f.gspb_row__col--6 > .gspb_backgroundOverlay{border-top-left-radius:20px;border-top-right-radius:20px;border-bottom-right-radius:20px;border-bottom-left-radius:20px;}<\/style>\n<div class=\"wp-block-greenshift-blocks-row-column gspb_row__col--6 gspb_col-id-gsbp-b7ae22f\" id=\"gspb_col-id-gsbp-b7ae22f\"><style>#gspb_image-id-gsbp-ad1da77 img{object-fit:cover;}#gspb_image-id-gsbp-ad1da77 img{vertical-align:top;}#gspb_image-id-gsbp-ad1da77 img{display:inline-block;box-sizing:border-box;max-width:100%;height:auto;}#gspb_image-id-gsbp-ad1da77 img{border-top-left-radius:20px;border-top-right-radius:20px;border-bottom-right-radius:20px;border-bottom-left-radius:20px;}#gspb_image-id-gsbp-ad1da77 img{width:100%;}#gspb_image-id-gsbp-ad1da77,#gspb_image-id-gsbp-ad1da77 img{height:350px;}@media (max-width:689.98px){#gspb_image-id-gsbp-ad1da77,#gspb_image-id-gsbp-ad1da77 img{height:200px;}}<\/style>\n<div class=\"wp-block-greenshift-blocks-image gspb_image gspb_image-id-gsbp-ad1da77\" id=\"gspb_image-id-gsbp-ad1da77\"><img decoding=\"async\" src=\"https:\/\/www.markergroupe.com\/wp-content\/uploads\/2024\/11\/Social-Media-Management-2.webp\" data-src=\"\" alt=\"\" loading=\"lazy\" width=\"100%\" height=\"350\" title=\"\"><\/div>\n\n\n<style>#gspb_heading-id-gsbp-fd8f296{font-size:30px;}@media (max-width:689.98px){#gspb_heading-id-gsbp-fd8f296{font-size:22px;}}#gspb_heading-id-gsbp-fd8f296{margin-top:30px;}@media (max-width:689.98px){#gspb_heading-id-gsbp-fd8f296{margin-top:20px;}}<\/style>\n<h2 id=\"gspb_heading-id-gsbp-fd8f296\" class=\"gspb_heading gspb_heading-id-gsbp-fd8f296 \"><strong>\u0130\u00e7erik Planlama ve Y\u00f6netim<\/strong><\/h2>\n\n\n\n<div id=\"gspb_text-id-gsbp-cde13e4\" class=\"gspb_text gspb_text-id-gsbp-cde13e4 \"><strong>Planl\u0131 \u0130\u00e7erik Ak\u0131\u015f\u0131:<br><\/strong>Ayl\u0131k i\u00e7erik takvimleri olu\u015fturularak markan\u0131n sosyal medyada d\u00fczenli ve tutarl\u0131 bir ileti\u015fim kurmas\u0131 sa\u011flan\u0131r.<br><br><strong>Marka Dilinin Korunmas\u0131:<br><\/strong>T\u00fcm i\u00e7erikler markan\u0131n ileti\u015fim dili ve g\u00f6rsel kimli\u011fi ile uyumlu \u015fekilde haz\u0131rlan\u0131r.<br><br><strong>Platforma Uygun \u0130\u00e7erikler:<br><\/strong>Her platformun format ve kullan\u0131c\u0131 al\u0131\u015fkanl\u0131klar\u0131na uygun i\u00e7erik planlamas\u0131 yap\u0131l\u0131r.<\/div>\n<\/div>\n\n\n<style>#gspb_col-id-gsbp-84572f4.gspb_row__col--6{width:50%;}@media (max-width:689.98px){#gspb_col-id-gsbp-84572f4.gspb_row__col--6{width:100%;}}@media (min-width:1000px){body.gspb-bodyfront #gspb_col-id-gsbp-84572f4.gspb_row__col--6{width:calc(48% - 0px - 0px)}}.gspb_row #gspb_col-id-gsbp-84572f4.gspb_row__col--6{padding-top:30px;padding-right:30px;padding-bottom:30px;padding-left:30px;}@media (max-width:689.98px){.gspb_row #gspb_col-id-gsbp-84572f4.gspb_row__col--6{padding-top:15px;padding-right:15px;padding-bottom:15px;padding-left:15px;}}#gspb_col-id-gsbp-84572f4.gspb_row__col--6{box-shadow:0 15px 25px 0 rgba(0,0,0,0.1);}#gspb_col-id-gsbp-84572f4.gspb_row__col--6{border-top-left-radius:20px;border-top-right-radius:20px;border-bottom-right-radius:20px;border-bottom-left-radius:20px;}#gspb_col-id-gsbp-84572f4.gspb_row__col--6{border-bottom-style:solid;border-bottom-width:1px;border-bottom-color:var(--wp--preset--color--palette-color-1,var(--theme-palette-color-1,#F4CE0B));}#gspb_col-id-gsbp-84572f4.gspb_row__col--6 > .gspb_backgroundOverlay{border-top-left-radius:20px;border-top-right-radius:20px;border-bottom-right-radius:20px;border-bottom-left-radius:20px;}<\/style>\n<div class=\"wp-block-greenshift-blocks-row-column gspb_row__col--6 gspb_col-id-gsbp-84572f4\" id=\"gspb_col-id-gsbp-84572f4\"><style>#gspb_image-id-gsbp-ecb4c7e img{object-fit:cover;}#gspb_image-id-gsbp-ecb4c7e img{vertical-align:top;}#gspb_image-id-gsbp-ecb4c7e img{display:inline-block;box-sizing:border-box;max-width:100%;height:auto;}#gspb_image-id-gsbp-ecb4c7e img{border-top-left-radius:20px;border-top-right-radius:20px;border-bottom-right-radius:20px;border-bottom-left-radius:20px;}#gspb_image-id-gsbp-ecb4c7e img{width:100%;}#gspb_image-id-gsbp-ecb4c7e,#gspb_image-id-gsbp-ecb4c7e img{height:350px;}@media (max-width:689.98px){#gspb_image-id-gsbp-ecb4c7e,#gspb_image-id-gsbp-ecb4c7e img{height:200px;}}<\/style>\n<div class=\"wp-block-greenshift-blocks-image gspb_image gspb_image-id-gsbp-ecb4c7e\" id=\"gspb_image-id-gsbp-ecb4c7e\"><img decoding=\"async\" src=\"https:\/\/www.markergroupe.com\/wp-content\/uploads\/2024\/11\/Social-Media-Management-3.webp\" data-src=\"\" alt=\"\" loading=\"lazy\" width=\"100%\" height=\"350\" title=\"\"><\/div>\n\n\n<style>#gspb_heading-id-gsbp-86c2705{font-size:30px;}@media (max-width:689.98px){#gspb_heading-id-gsbp-86c2705{font-size:22px;}}#gspb_heading-id-gsbp-86c2705{margin-top:30px;}@media (max-width:689.98px){#gspb_heading-id-gsbp-86c2705{margin-top:20px;}}<\/style>\n<h2 id=\"gspb_heading-id-gsbp-86c2705\" class=\"gspb_heading gspb_heading-id-gsbp-86c2705 \"><strong>Topluluk Y\u00f6netimi<\/strong><\/h2>\n\n\n\n<div id=\"gspb_text-id-gsbp-d0dd9b7\" class=\"gspb_text gspb_text-id-gsbp-d0dd9b7 \"><strong>H\u0131zl\u0131 ve Do\u011fru \u0130leti\u015fim:<br><\/strong>Kullan\u0131c\u0131 yorumlar\u0131, mesajlar ve etkile\u015fimler profesyonel \u015fekilde y\u00f6netilir.<br><br><strong>Marka \u0130maj\u0131n\u0131n Korunmas\u0131:<br><\/strong>Kullan\u0131c\u0131larla kurulan ileti\u015fimde markan\u0131n dili ve itibar\u0131 korunur.<br><br><strong>Etkile\u015fim Art\u0131\u015f\u0131:<br><\/strong>Topluluk y\u00f6netimi sayesinde marka ile kullan\u0131c\u0131lar aras\u0131nda daha g\u00fc\u00e7l\u00fc bir ba\u011f kurulur.<\/div>\n<\/div>\n\n\n<style>#gspb_col-id-gsbp-b93a826.gspb_row__col--6{width:50%;}@media (max-width:689.98px){#gspb_col-id-gsbp-b93a826.gspb_row__col--6{width:100%;}}@media (min-width:1000px){body.gspb-bodyfront #gspb_col-id-gsbp-b93a826.gspb_row__col--6{width:calc(48% - 0px - 0px)}}.gspb_row #gspb_col-id-gsbp-b93a826.gspb_row__col--6{padding-top:30px;padding-right:30px;padding-bottom:30px;padding-left:30px;}@media (max-width:689.98px){.gspb_row #gspb_col-id-gsbp-b93a826.gspb_row__col--6{padding-top:15px;padding-right:15px;padding-bottom:15px;padding-left:15px;}}#gspb_col-id-gsbp-b93a826.gspb_row__col--6{box-shadow:0 15px 25px 0 rgba(0,0,0,0.1);}#gspb_col-id-gsbp-b93a826.gspb_row__col--6{border-top-left-radius:20px;border-top-right-radius:20px;border-bottom-right-radius:20px;border-bottom-left-radius:20px;}#gspb_col-id-gsbp-b93a826.gspb_row__col--6{border-bottom-style:solid;border-bottom-width:1px;border-bottom-color:var(--wp--preset--color--palette-color-1,var(--theme-palette-color-1,#F4CE0B));}#gspb_col-id-gsbp-b93a826.gspb_row__col--6 > .gspb_backgroundOverlay{border-top-left-radius:20px;border-top-right-radius:20px;border-bottom-right-radius:20px;border-bottom-left-radius:20px;}<\/style>\n<div class=\"wp-block-greenshift-blocks-row-column gspb_row__col--6 gspb_col-id-gsbp-b93a826\" id=\"gspb_col-id-gsbp-b93a826\"><style>#gspb_image-id-gsbp-02db528 img{object-fit:cover;}#gspb_image-id-gsbp-02db528 img{vertical-align:top;}#gspb_image-id-gsbp-02db528 img{display:inline-block;box-sizing:border-box;max-width:100%;height:auto;}#gspb_image-id-gsbp-02db528 img{border-top-left-radius:20px;border-top-right-radius:20px;border-bottom-right-radius:20px;border-bottom-left-radius:20px;}#gspb_image-id-gsbp-02db528 img{width:100%;}#gspb_image-id-gsbp-02db528,#gspb_image-id-gsbp-02db528 img{height:350px;}@media (max-width:689.98px){#gspb_image-id-gsbp-02db528,#gspb_image-id-gsbp-02db528 img{height:200px;}}<\/style>\n<div class=\"wp-block-greenshift-blocks-image gspb_image gspb_image-id-gsbp-02db528\" id=\"gspb_image-id-gsbp-02db528\"><img decoding=\"async\" src=\"https:\/\/www.markergroupe.com\/wp-content\/uploads\/2024\/11\/Social-Media-Management-4.webp\" data-src=\"\" alt=\"\" loading=\"lazy\" width=\"100%\" height=\"350\" title=\"\"><\/div>\n\n\n<style>#gspb_heading-id-gsbp-0285508{font-size:30px;}@media (max-width:689.98px){#gspb_heading-id-gsbp-0285508{font-size:22px;}}#gspb_heading-id-gsbp-0285508{margin-top:30px;}@media (max-width:689.98px){#gspb_heading-id-gsbp-0285508{margin-top:20px;}}<\/style>\n<h2 id=\"gspb_heading-id-gsbp-0285508\" class=\"gspb_heading gspb_heading-id-gsbp-0285508 \"><strong>Sosyal Medya Performans Analizi<\/strong><\/h2>\n\n\n\n<div id=\"gspb_text-id-gsbp-097f242\" class=\"gspb_text gspb_text-id-gsbp-097f242 \"><strong>Veri Odakl\u0131 Yakla\u015f\u0131m:<br><\/strong>Payla\u015f\u0131mlar\u0131n performans\u0131 d\u00fczenli olarak analiz edilerek i\u00e7erik stratejisi optimize edilir.<br><br><strong>Raporlama ve \u0130\u00e7g\u00f6r\u00fc:<br><\/strong>Eri\u015fim, etkile\u015fim ve b\u00fcy\u00fcme metrikleri analiz edilerek markaya d\u00fczenli raporlar sunulur.<br><br><strong>S\u00fcrekli \u0130yile\u015ftirme:<br><\/strong>Elde edilen veriler do\u011frultusunda i\u00e7erik ve ileti\u015fim stratejileri s\u00fcrekli geli\u015ftirilir.<\/div>\n<\/div>\n <\/div><\/div>\n\n\n<style>#gspb_row-id-gsbp-ced57e4{justify-content:space-between;margin-top:0px;margin-bottom:0px;display:flex;flex-wrap:wrap;}#gspb_row-id-gsbp-ced57e4 > .gspb_row__content{display:flex;justify-content:space-between;margin:0 auto;width:100%;flex-wrap:wrap;}.gspb_row{position:relative;}div[id^=gspb_col-id]{box-sizing:border-box;position:relative;}div[id^=gspb_col-id]{padding:var(--gs-row-column-padding,15px min(3vw,20px));}body.gspb-bodyfront #gspb_row-id-gsbp-ced57e4 > .gspb_row__content{width:var(--theme-container-width,1200px);}body.gspb-bodyfront #gspb_row-id-gsbp-ced57e4 > .gspb_row__content{max-width:var(--theme-normal-container-max-width,1200px);}#gspb_row-id-gsbp-ced57e4{margin-bottom:100px;}@media (max-width:689.98px){#gspb_row-id-gsbp-ced57e4{margin-bottom:50px;}}<\/style>\n<div class=\"wp-block-greenshift-blocks-row gspb_row gspb_row-id-gsbp-ced57e4\" id=\"gspb_row-id-gsbp-ced57e4\"><div class=\"gspb_row__content\"> <style>#gspb_col-id-gsbp-5844278.gspb_row__col--12{width:100%;}@media (max-width:689.98px){#gspb_col-id-gsbp-5844278.gspb_row__col--12{width:100%;}}<\/style>\n<div class=\"wp-block-greenshift-blocks-row-column gspb_row__col--12 gspb_col-id-gsbp-5844278\" id=\"gspb_col-id-gsbp-5844278\"><style>#gspb_heading-id-gsbp-a3d3662{font-size:37px;}@media (max-width:689.98px){#gspb_heading-id-gsbp-a3d3662{font-size:25px;}}#gspb_heading-id-gsbp-a3d3662,#gspb_heading-id-gsbp-a3d3662 .gsap-g-line{text-align:center!important;}<\/style>\n<h2 id=\"gspb_heading-id-gsbp-a3d3662\" class=\"gspb_heading gspb_heading-id-gsbp-a3d3662 \">Sosyal Medya Y\u00f6netimi ile Dijital Hikayenizi Yaz\u0131n<\/h2>\n\n\n<style>#gspb_heading-id-gsbp-f3220b3{font-size:20px;}@media (max-width:689.98px){#gspb_heading-id-gsbp-f3220b3{font-size:20px;}}#gspb_heading-id-gsbp-f3220b3,#gspb_heading-id-gsbp-f3220b3 .gsap-g-line{text-align:center!important;}#gspb_heading-id-gsbp-f3220b3{font-weight:normal!important;}@media (max-width:999.98px){#gspb_heading-id-gsbp-f3220b3{font-weight:normal!important;}}@media (max-width:689.98px){#gspb_heading-id-gsbp-f3220b3{font-weight:normal!important;}}@media (max-width:689.98px){#gspb_heading-id-gsbp-f3220b3{font-weight:normal!important;}}#gspb_heading-id-gsbp-f3220b3 .gspb_heading_subtitle,#gspb_subheading-id-gsbp-f3220b3{display:block;font-size:17px;line-height:22px;margin-top:5px}#gspb_heading-id-gsbp-f3220b3 .gspb_heading_subtitle,#gspb_subheading-id-gsbp-f3220b3{font-weight:normal!important;}@media (max-width:999.98px){#gspb_heading-id-gsbp-f3220b3 .gspb_heading_subtitle,#gspb_subheading-id-gsbp-f3220b3{font-weight:normal!important;}}@media (max-width:689.98px){#gspb_heading-id-gsbp-f3220b3 .gspb_heading_subtitle,#gspb_subheading-id-gsbp-f3220b3{font-weight:normal!important;}}@media (max-width:689.98px){#gspb_heading-id-gsbp-f3220b3 .gspb_heading_subtitle,#gspb_subheading-id-gsbp-f3220b3{font-weight:normal!important;}}<\/style>\n<p id=\"gspb_heading-id-gsbp-f3220b3\" class=\"gspb_heading gspb_heading-id-gsbp-f3220b3 \">Sosyal medya y\u00f6netimi, markalar\u0131n hedef kitleleriyle kurdu\u011fu ili\u015fkinin en \u00f6nemli ileti\u015fim alanlar\u0131ndan biridir. Do\u011fru strateji, g\u00fc\u00e7l\u00fc i\u00e7erik ve etkili topluluk y\u00f6netimi sayesinde sosyal medya yaln\u0131zca bir payla\u015f\u0131m alan\u0131 de\u011fil, markalar i\u00e7in g\u00fc\u00e7l\u00fc bir ileti\u015fim ve marka de\u011feri olu\u015fturma platformuna d\u00f6n\u00fc\u015f\u00fcr.<br><br>Marker Creative olarak, sosyal medya y\u00f6netimini yaln\u0131zca i\u00e7erik payla\u015f\u0131m\u0131 olarak de\u011fil; strateji, kreatif \u00fcretim ve veri analizi ile desteklenen b\u00fct\u00fcnsel bir ileti\u015fim s\u00fcreci olarak ele al\u0131yoruz. Markalar\u0131n sosyal medya platformlar\u0131nda daha g\u00f6r\u00fcn\u00fcr, daha etkili ve daha s\u00fcrd\u00fcr\u00fclebilir bir ileti\u015fim kurmas\u0131na yard\u0131mc\u0131 oluyoruz.<span class=\"gspb_heading_subtitle\"><br>Unutmay\u0131n, sosyal medyada ba\u015far\u0131l\u0131 olmak i\u00e7in yaln\u0131zca i\u00e7erik \u00fcretmek yeterli de\u011fildir; do\u011fru strateji, do\u011fru i\u00e7erik ve do\u011fru etkile\u015fim y\u00f6netimi gerekir. Bizimle ileti\u015fime ge\u00e7in ve markan\u0131z\u0131n sosyal medyada g\u00fc\u00e7l\u00fc bir ileti\u015fim kurmas\u0131n\u0131 birlikte sa\u011flayal\u0131m.<\/span><\/p>\n\n\n<style>#gspb_button-id-gsbp-e8c2c65{display:flex;justify-content:flex-start;}#gspb_button-id-gsbp-e8c2c65 .gspb-buttonbox-text{display:flex;flex-direction:column;}#gspb_button-id-gsbp-e8c2c65 > .gspb-buttonbox{box-sizing:border-box}#gspb_button-id-gsbp-e8c2c65{justify-content:center;}<\/style>\n<div class=\"gspb_button_wrapper gspb_button-id-gsbp-e8c2c65\" id=\"gspb_button-id-gsbp-e8c2c65\"><a class=\"wp-block-greenshift-blocks-buttonbox gspb-buttonbox wp-element-button\" href=\"https:\/\/www.markergroupe.com\/tr\/iletisim\/\" rel=\"noopener\"><span class=\"gspb-buttonbox-textwrap\"><span class=\"gspb-buttonbox-text\"><span class=\"gspb-buttonbox-title\">Bize Ula\u015f\u0131n!<\/span><\/span><\/span><\/a><\/div>\n<\/div>\n <\/div><\/div>\n","protected":false},"excerpt":{"rendered":"","protected":false},"author":1,"featured_media":4803,"parent":2961,"menu_order":6,"comment_status":"closed","ping_status":"closed","template":"","meta":{"_gspb_post_css":"","content-type":"","footnotes":""},"class_list":["post-2971","page","type-page","status-publish","has-post-thumbnail","hentry"],"blocksy_meta":[],"_links":{"self":[{"href":"https:\/\/www.markergroupe.com\/tr\/wp-json\/wp\/v2\/pages\/2971","targetHints":{"allow":["GET"]}}],"collection":[{"href":"https:\/\/www.markergroupe.com\/tr\/wp-json\/wp\/v2\/pages"}],"about":[{"href":"https:\/\/www.markergroupe.com\/tr\/wp-json\/wp\/v2\/types\/page"}],"author":[{"embeddable":true,"href":"https:\/\/www.markergroupe.com\/tr\/wp-json\/wp\/v2\/users\/1"}],"replies":[{"embeddable":true,"href":"https:\/\/www.markergroupe.com\/tr\/wp-json\/wp\/v2\/comments?post=2971"}],"version-history":[{"count":0,"href":"https:\/\/www.markergroupe.com\/tr\/wp-json\/wp\/v2\/pages\/2971\/revisions"}],"up":[{"embeddable":true,"href":"https:\/\/www.markergroupe.com\/tr\/wp-json\/wp\/v2\/pages\/2961"}],"wp:featuredmedia":[{"embeddable":true,"href":"https:\/\/www.markergroupe.com\/tr\/wp-json\/wp\/v2\/media\/4803"}],"wp:attachment":[{"href":"https:\/\/www.markergroupe.com\/tr\/wp-json\/wp\/v2\/media?parent=2971"}],"curies":[{"name":"wp","href":"https:\/\/api.w.org\/{rel}","templated":true}]}}